{"id":1007344,"date":"2024-06-17T13:51:46","date_gmt":"2024-06-17T05:51:46","guid":{"rendered":"https:\/\/vimaterial.de\/product\/nitrure-daluminium\/"},"modified":"2024-11-06T17:15:27","modified_gmt":"2024-11-06T09:15:27","slug":"nitrure-daluminium","status":"publish","type":"product","link":"https:\/\/vimaterial.de\/fr\/product\/nitrure-daluminium\/","title":{"rendered":"Nitrure d\u2019aluminium"},"content":{"rendered":"<p>La c\u00e9ramique press\u00e9e \u00e0 sec au nitrure d\u2019aluminium est un mat\u00e9riau c\u00e9ramique haute performance connu pour son excellente conductivit\u00e9 thermique, son isolation \u00e9lectrique \u00e9lev\u00e9e et sa stabilit\u00e9 thermique. Les c\u00e9ramiques en nitrure d\u2019aluminium produites par pressage \u00e0 sec sont largement utilis\u00e9es dans les applications \u00e9lectroniques et de gestion thermique, o\u00f9 une dissipation thermique efficace et une isolation \u00e9lectrique sont essentielles. Le pressage \u00e0 sec est une m\u00e9thode de fabrication courante pour les c\u00e9ramiques AlN, qui permet de produire des formes pr\u00e9cises et des structures denses, ce qui la rend id\u00e9ale pour les substrats, les isolants et les composants des appareils haute puissance. <\/p>\n<p>&nbsp;<\/p>\n<h2><span style=\"font-size: 14pt;\">Composition et structure :<\/span><\/h2>\n<p>Nitrure d\u2019aluminium (AlN) : Compos\u00e9 d\u2019aluminium et d\u2019azote, l\u2019AlN est un compos\u00e9 li\u00e9 de mani\u00e8re covalente qui conf\u00e8re \u00e0 la c\u00e9ramique sa conductivit\u00e9 thermique \u00e9lev\u00e9e et ses excellentes propri\u00e9t\u00e9s d\u2019isolation \u00e9lectrique. Microstructure dense : Le pressage \u00e0 sec produit des c\u00e9ramiques denses et uniformes avec une porosit\u00e9 minimale, ce qui am\u00e9liore la r\u00e9sistance et la durabilit\u00e9.<\/p>\n<p>&nbsp;<\/p>\n<h2><span style=\"font-size: 14pt;\">Propri\u00e9t\u00e9s physiques&nbsp;:<\/span><\/h2>\n<p>Conductivit\u00e9 thermique \u00e9lev\u00e9e : Les c\u00e9ramiques press\u00e9es \u00e0 sec au nitrure d\u2019aluminium ont l\u2019une des conductivit\u00e9s thermiques les plus \u00e9lev\u00e9es parmi les mat\u00e9riaux c\u00e9ramiques, g\u00e9n\u00e9ralement autour de 170-200 W\/m\u00b7K. Cette propri\u00e9t\u00e9 le rend excellent pour la dissipation de la chaleur dans les appareils \u00e9lectroniques. Isolation \u00e9lectrique \u00e9lev\u00e9e : Avec une rigidit\u00e9 di\u00e9lectrique \u00e9lev\u00e9e, les c\u00e9ramiques AlN servent d\u2019isolants \u00e9lectriques efficaces, emp\u00eachant le flux de courant ind\u00e9sirable et les interf\u00e9rences \u00e9lectriques. Stabilit\u00e9 thermique : L\u2019AlN conserve ses propri\u00e9t\u00e9s \u00e0 des temp\u00e9ratures \u00e9lev\u00e9es (jusqu\u2019\u00e0 environ 1000\u00b0C dans des environnements inertes), ce qui le rend adapt\u00e9 aux applications \u00e0 haute temp\u00e9rature. <\/p>\n<p>&nbsp;<\/p>\n<h2><span style=\"font-size: 14pt;\">Propri\u00e9t\u00e9s chimiques :<\/span><\/h2>\n<p>Inertie \u00e0 de nombreux produits chimiques : L\u2019AlN est g\u00e9n\u00e9ralement r\u00e9sistant \u00e0 la corrosion par la plupart des produits chimiques, bien qu\u2019il puisse \u00eatre sensible \u00e0 l\u2019hydrolyse en pr\u00e9sence de vapeur d\u2019eau ou d\u2019environnements humides au fil du temps. Non oxydant : L\u2019AlN est stable dans les atmosph\u00e8res inertes et riches en azote, mais peut s\u2019oxyder \u00e0 tr\u00e8s haute temp\u00e9rature dans l\u2019air, formant une couche d\u2019oxyde d\u2019aluminium (Al\u2082O\u2083) \u00e0 la surface.<\/p>\n<p>&nbsp;<\/p>\n<h2><span style=\"font-size: 14pt;\">Fabrication par pressage \u00e0 sec :<\/span><\/h2>\n<p>Processus de pressage \u00e0 sec : Cette m\u00e9thode consiste \u00e0 presser la poudre d\u2019AlN dans un moule sous haute pression pour obtenir la forme souhait\u00e9e. Le compact est ensuite fritt\u00e9 \u00e0 haute temp\u00e9rature pour cr\u00e9er une c\u00e9ramique dense avec un retrait minimal. Avantages : Le pressage \u00e0 sec permet d\u2019obtenir des formes pr\u00e9cises, une densit\u00e9 uniforme et est rentable pour produire de grands volumes de composants avec une qualit\u00e9 constante. <\/p>\n<p>&nbsp;<\/p>\n<h2><span style=\"font-size: 14pt;\">Applications:<\/span><\/h2>\n<p>Substrats \u00e9lectroniques : En raison de leur conductivit\u00e9 thermique et de leur isolation \u00e9lectrique \u00e9lev\u00e9es, les c\u00e9ramiques AlN sont largement utilis\u00e9es comme substrats dans l\u2019\u00e9lectronique de puissance, les modules LED et d\u2019autres dispositifs \u00e9lectroniques haute performance. Dissipateurs thermiques et composants de gestion thermique : La conductivit\u00e9 thermique d\u2019AlN le rend id\u00e9al pour les composants qui dissipent la chaleur dans des dispositifs \u00e0 haute puissance, tels que les transistors, les thyristors et les circuits \u00e0 haute fr\u00e9quence. Composants isolants dans les applications haute tension : La rigidit\u00e9 di\u00e9lectrique et la stabilit\u00e9 d\u2019AlN le rendent adapt\u00e9 aux isolateurs dans les appareils fonctionnant \u00e0 haute tension. \u00c9quipement de traitement des semi-conducteurs : L\u2019AlN est utilis\u00e9 dans la fabrication de semi-conducteurs en raison de son inertie chimique et de sa stabilit\u00e9 thermique, ce qui en fait un mat\u00e9riau durable et r\u00e9sistant \u00e0 la chaleur pour les \u00e9quipements de traitement.<\/p>\n<p>&nbsp;<\/p>\n<h2><span style=\"font-size: 14pt;\">Manutention:<\/span><\/h2>\n<p>Fragilit\u00e9 : Bien que dense et r\u00e9sistante, la c\u00e9ramique press\u00e9e \u00e0 sec au nitrure d\u2019aluminium peut \u00eatre cassante, il est donc recommand\u00e9 de les manipuler avec soin pour \u00e9viter les fractures ou les \u00e9clats. Stockage&nbsp;: Pour \u00e9viter l\u2019hydrolyse ou la d\u00e9gradation, les c\u00e9ramiques press\u00e9es \u00e0 sec au nitrure d\u2019aluminium doivent id\u00e9alement \u00eatre stock\u00e9es dans des environnements secs et \u00e0 faible humidit\u00e9 si une exposition prolong\u00e9e \u00e0 l\u2019humidit\u00e9 est une pr\u00e9occupation.<\/p>\n","protected":false},"excerpt":{"rendered":"<p>La c\u00e9ramique press\u00e9e \u00e0 sec au nitrure d\u2019aluminium est un mat\u00e9riau c\u00e9ramique haute performance connu pour son excellente conductivit\u00e9 thermique, son isolation \u00e9lectrique \u00e9lev\u00e9e et sa stabilit\u00e9 thermique. Les c\u00e9ramiques en nitrure d\u2019aluminium produites par pressage \u00e0 sec sont largement utilis\u00e9es dans les applications \u00e9lectroniques et de gestion thermique, o\u00f9 une dissipation thermique efficace et [&hellip;]<\/p>\n","protected":false},"featured_media":998499,"comment_status":"open","ping_status":"closed","template":"","meta":{"_acf_changed":false},"product_brand":[],"product_cat":[236],"product_tag":[],"class_list":{"0":"post-1007344","1":"product","2":"type-product","3":"status-publish","4":"has-post-thumbnail","6":"product_cat-materiaux-devaporation","8":"first","9":"instock","10":"shipping-taxable","11":"product-type-variable"},"acf":[],"_links":{"self":[{"href":"https:\/\/vimaterial.de\/fr\/wp-json\/wp\/v2\/product\/1007344","targetHints":{"allow":["GET"]}}],"collection":[{"href":"https:\/\/vimaterial.de\/fr\/wp-json\/wp\/v2\/product"}],"about":[{"href":"https:\/\/vimaterial.de\/fr\/wp-json\/wp\/v2\/types\/product"}],"replies":[{"embeddable":true,"href":"https:\/\/vimaterial.de\/fr\/wp-json\/wp\/v2\/comments?post=1007344"}],"wp:featuredmedia":[{"embeddable":true,"href":"https:\/\/vimaterial.de\/fr\/wp-json\/wp\/v2\/media\/998499"}],"wp:attachment":[{"href":"https:\/\/vimaterial.de\/fr\/wp-json\/wp\/v2\/media?parent=1007344"}],"wp:term":[{"taxonomy":"product_brand","embeddable":true,"href":"https:\/\/vimaterial.de\/fr\/wp-json\/wp\/v2\/product_brand?post=1007344"},{"taxonomy":"product_cat","embeddable":true,"href":"https:\/\/vimaterial.de\/fr\/wp-json\/wp\/v2\/product_cat?post=1007344"},{"taxonomy":"product_tag","embeddable":true,"href":"https:\/\/vimaterial.de\/fr\/wp-json\/wp\/v2\/product_tag?post=1007344"}],"curies":[{"name":"wp","href":"https:\/\/api.w.org\/{rel}","templated":true}]}}