{"id":997719,"date":"2024-06-14T16:03:03","date_gmt":"2024-06-14T08:03:03","guid":{"rendered":"https:\/\/vimaterial.de\/impression\/"},"modified":"2025-07-18T14:31:40","modified_gmt":"2025-07-18T06:31:40","slug":"impression","status":"publish","type":"page","link":"https:\/\/vimaterial.de\/fr\/impression\/","title":{"rendered":"Empreinte"},"content":{"rendered":"\t\t<div data-elementor-type=\"wp-page\" data-elementor-id=\"997719\" class=\"elementor elementor-997719 elementor-997706\" data-elementor-post-type=\"page\">\n\t\t\t\t<div class=\"elementor-element elementor-element-4e49d38 e-flex e-con-boxed e-con e-parent\" data-id=\"4e49d38\" data-element_type=\"container\" data-e-type=\"container\">\n\t\t\t\t\t<div class=\"e-con-inner\">\n\t\t\t\t<div class=\"elementor-element elementor-element-88cb390 elementor-widget elementor-widget-heading\" data-id=\"88cb390\" data-element_type=\"widget\" data-e-type=\"widget\" data-widget_type=\"heading.default\">\n\t\t\t\t<div class=\"elementor-widget-container\">\n\t\t\t\t\t<h1 class=\"elementor-heading-title elementor-size-default\">Impression  <\/h1>\t\t\t\t<\/div>\n\t\t\t\t<\/div>\n\t\t\t\t<div class=\"elementor-element elementor-element-5cfd6de elementor-widget elementor-widget-text-editor\" data-id=\"5cfd6de\" data-element_type=\"widget\" data-e-type=\"widget\" data-widget_type=\"text-editor.default\">\n\t\t\t\t<div class=\"elementor-widget-container\">\n\t\t\t\t\t\t\t\t\t<p>VI HALBLEITERMATERIAL GMBH<\/p>\n<p>Bergener Stra\u00dfe 14.,<\/p>\n<p>30625 Hannover,<\/p>\n<p>Allemagne.<\/p>\n<p>Tel : +49 (0) 162 6484175<\/p>\n<p>Fax : +49 (0) 162 6484175<\/p>\n<p>Courriel : <span style=\"color: #0000ff;\"><a style=\"color: #0000ff;\" href=\"mailto:info@vimaterial.de\">info@vimaterial.de<\/a><\/span><\/p>\n<p>Directeur g\u00e9n\u00e9ral: Dr.Tielu Du<\/p>\n<p>Site web : www.vimaterial.de<\/p>\n<p>Num\u00e9ro du registre du commerce<\/p>\n<p>HRB 224949, Hanovre<\/p>\n<p>Num\u00e9ro de TVA : DE 358 796 383<\/p>\t\t\t\t\t\t\t\t<\/div>\n\t\t\t\t<\/div>\n\t\t\t\t<div class=\"elementor-element elementor-element-63da83a elementor-widget elementor-widget-spacer\" data-id=\"63da83a\" data-element_type=\"widget\" data-e-type=\"widget\" data-widget_type=\"spacer.default\">\n\t\t\t\t<div class=\"elementor-widget-container\">\n\t\t\t\t\t\t\t<div class=\"elementor-spacer\">\n\t\t\t<div class=\"elementor-spacer-inner\"><\/div>\n\t\t<\/div>\n\t\t\t\t\t\t<\/div>\n\t\t\t\t<\/div>\n\t\t\t\t<div class=\"elementor-element elementor-element-a02fcba elementor-widget elementor-widget-heading\" data-id=\"a02fcba\" data-element_type=\"widget\" data-e-type=\"widget\" data-widget_type=\"heading.default\">\n\t\t\t\t<div class=\"elementor-widget-container\">\n\t\t\t\t\t<h2 class=\"elementor-heading-title elementor-size-default\">AVIS :  <\/h2>\t\t\t\t<\/div>\n\t\t\t\t<\/div>\n\t\t\t\t<div class=\"elementor-element elementor-element-b26330d elementor-widget elementor-widget-text-editor\" data-id=\"b26330d\" data-element_type=\"widget\" data-e-type=\"widget\" data-widget_type=\"text-editor.default\">\n\t\t\t\t<div class=\"elementor-widget-container\">\n\t\t\t\t\t\t\t\t\t<p>VI HALBLEITERMATERIAL GMBH d\u00e9cline toute responsabilit\u00e9 ou garantie quant \u00e0 l&#8217;exactitude, l&#8217;exhaustivit\u00e9 et l&#8217;actualit\u00e9 des informations fournies sur ce site web. Toutes les informations figurant sur le site web de VI HALBLEITERMATERIAL GMBH sont donn\u00e9es \u00e0 titre indicatif. Cette disposition s&#8217;applique \u00e9galement \u00e0 tous les sites Internet auxquels il est fait r\u00e9f\u00e9rence au moyen d&#8217;hyperliens sur le site.<\/p>\n<p>VI HALBLEITERMATERIAL GMBH n&#8217;est pas responsable du contenu de ces pages. En outre, VI HALBLEITERMATERIAL GMBH se r\u00e9serve le droit de modifier ou de compl\u00e9ter les informations fournies.<\/p>\n<p>Nous tenons \u00e0 vous signaler que l&#8217;envoi d&#8217;un courrier \u00e9lectronique ne constitue pas une relation de client\u00e8le. En tout \u00e9tat de cause, une relation client n&#8217;est \u00e9tablie que lorsque nous avons confirm\u00e9 l&#8217;acceptation de la commande.<\/p>\n<p>Nous tenons \u00e0 vous expliquer que tous les courriers \u00e9lectroniques entrants et sortants sont stock\u00e9s et archiv\u00e9s localement sur un serveur interne de l&#8217;entreprise pour des raisons fiscales et op\u00e9rationnelles.<\/p>\n<p>VI HALBLEITERMATERIAL GMBH traitera vos donn\u00e9es de mani\u00e8re strictement confidentielle et ne les transmettra pas \u00e0 des tiers, sauf si la loi l&#8217;exige.<\/p>\n\t\t\t\t\t\t\t\t<\/div>\n\t\t\t\t<\/div>\n\t\t\t\t\t<\/div>\n\t\t\t\t<\/div>\n\t\t\t\t<\/div>\n\t\t","protected":false},"excerpt":{"rendered":"<p>Impression VI HALBLEITERMATERIAL GMBH Bergener Stra\u00dfe 14., 30625 Hannover, Allemagne. Tel : +49 (0) 162 6484175 Fax : +49 (0) 162 6484175 Courriel : info@vimaterial.de Directeur g\u00e9n\u00e9ral: Dr.Tielu Du Site web : www.vimaterial.de Num\u00e9ro du registre du commerce HRB 224949, Hanovre Num\u00e9ro de TVA : DE 358 796 383 AVIS : VI HALBLEITERMATERIAL GMBH d\u00e9cline [&hellip;]<\/p>\n","protected":false},"author":1,"featured_media":0,"parent":0,"menu_order":0,"comment_status":"closed","ping_status":"closed","template":"","meta":{"_acf_changed":false,"footnotes":""},"class_list":["post-997719","page","type-page","status-publish","hentry"],"acf":[],"_links":{"self":[{"href":"https:\/\/vimaterial.de\/fr\/wp-json\/wp\/v2\/pages\/997719","targetHints":{"allow":["GET"]}}],"collection":[{"href":"https:\/\/vimaterial.de\/fr\/wp-json\/wp\/v2\/pages"}],"about":[{"href":"https:\/\/vimaterial.de\/fr\/wp-json\/wp\/v2\/types\/page"}],"author":[{"embeddable":true,"href":"https:\/\/vimaterial.de\/fr\/wp-json\/wp\/v2\/users\/1"}],"replies":[{"embeddable":true,"href":"https:\/\/vimaterial.de\/fr\/wp-json\/wp\/v2\/comments?post=997719"}],"version-history":[{"count":14,"href":"https:\/\/vimaterial.de\/fr\/wp-json\/wp\/v2\/pages\/997719\/revisions"}],"predecessor-version":[{"id":1043810,"href":"https:\/\/vimaterial.de\/fr\/wp-json\/wp\/v2\/pages\/997719\/revisions\/1043810"}],"wp:attachment":[{"href":"https:\/\/vimaterial.de\/fr\/wp-json\/wp\/v2\/media?parent=997719"}],"curies":[{"name":"wp","href":"https:\/\/api.w.org\/{rel}","templated":true}]}}