{"id":998011,"date":"2024-06-17T13:45:21","date_gmt":"2024-06-17T05:45:21","guid":{"rendered":"https:\/\/vimaterial.de\/product\/aluminio-metalico\/"},"modified":"2024-10-18T13:40:10","modified_gmt":"2024-10-18T05:40:10","slug":"aluminio-metalico","status":"publish","type":"product","link":"https:\/\/vimaterial.de\/es\/product\/aluminio-metalico\/","title":{"rendered":"Aluminio met\u00e1lico"},"content":{"rendered":"<p>El objetivo aluminio met\u00e1lico es un tipo de objetivo de pulverizaci\u00f3n cat\u00f3dica utilizado en la industria del recubrimiento al vac\u00edo. Es un producto de aluminio de alta pureza despu\u00e9s de una serie de procesamientos. Tiene un tama\u00f1o y forma espec\u00edficos de material de aluminio de alta pureza. Se instala en una m\u00e1quina de recubrimiento al vac\u00edo y se pulveriza para formar una pel\u00edcula.<\/p>\n<p>&nbsp;<\/p>\n<p>El aluminio met\u00e1lico es un metal ligero de color blanco plateado. Es d\u00factil. Por lo general, se hace en columnas, varillas, l\u00e1minas, l\u00e1minas, polvos, tiras y alambres. Su punto de fusi\u00f3n es de 660 \u00b0C y su punto de ebullici\u00f3n es de 2327 \u00b0C.<\/p>\n<p>&nbsp;<\/p>\n<h3>Clasificaci\u00f3n<\/h3>\n<p>Los objetivos aluminio met\u00e1lico se dividen en objetivos planos de aluminio y objetivos de aluminio giratorios: Los objetivos planos de aluminio tienen forma de l\u00e1minas, como redondas y cuadradas. Los objetivos giratorios de aluminio son tubulares, con alta eficiencia de utilizaci\u00f3n, pero dif\u00edciles de procesar. Requieren extrusi\u00f3n de aluminio de alta pureza, estiramiento, enderezamiento, tratamiento t\u00e9rmico, mecanizado y otros pasos de procesamiento para finalmente producir objetivos giratorios de aluminio.<\/p>\n<p>&nbsp;<\/p>\n<h3>Aplicaciones<\/h3>\n<p>Aplicable a la pulverizaci\u00f3n cat\u00f3dica de diodos de CC, pulverizaci\u00f3n cat\u00f3dica de triodo, pulverizaci\u00f3n cat\u00f3dica de cuadrupolo, pulverizaci\u00f3n cat\u00f3dica de RF, pulverizaci\u00f3n cat\u00f3dica de objetivo opuesto, pulverizaci\u00f3n cat\u00f3dica de haz de iones, pulverizaci\u00f3n cat\u00f3dica de magnetr\u00f3n, etc., y se puede utilizar para placas de pel\u00edculas reflectantes, pel\u00edculas conductoras, pel\u00edculas semiconductoras, pel\u00edculas de condensadores, pel\u00edculas decorativas, pel\u00edculas protectoras, circuitos integrados, pantallas, etc. En comparaci\u00f3n con otros materiales objetivo, el precio de los materiales objetivo de aluminio es m\u00e1s bajo, por lo que los materiales objetivo de aluminio son los materiales objetivo preferidos bajo la premisa de cumplir con la funci\u00f3n de la capa de pel\u00edcula.<\/p>\n<p>&nbsp;<\/p>\n","protected":false},"excerpt":{"rendered":"<p>El objetivo aluminio met\u00e1lico es un tipo de objetivo de pulverizaci\u00f3n cat\u00f3dica utilizado en la industria del recubrimiento al vac\u00edo. Es un producto de aluminio de alta pureza despu\u00e9s de una serie de procesamientos. Tiene un tama\u00f1o y forma espec\u00edficos de material de aluminio de alta pureza. Se instala en una m\u00e1quina de recubrimiento al [&hellip;]<\/p>\n","protected":false},"featured_media":997844,"comment_status":"open","ping_status":"closed","template":"","meta":{"_acf_changed":false},"product_brand":[],"product_cat":[178],"product_tag":[],"class_list":{"0":"post-998011","1":"product","2":"type-product","3":"status-publish","4":"has-post-thumbnail","6":"product_cat-catodos-para-sputtering-planar","8":"first","9":"instock","10":"shipping-taxable","11":"purchasable","12":"product-type-variable"},"acf":[],"_links":{"self":[{"href":"https:\/\/vimaterial.de\/es\/wp-json\/wp\/v2\/product\/998011","targetHints":{"allow":["GET"]}}],"collection":[{"href":"https:\/\/vimaterial.de\/es\/wp-json\/wp\/v2\/product"}],"about":[{"href":"https:\/\/vimaterial.de\/es\/wp-json\/wp\/v2\/types\/product"}],"replies":[{"embeddable":true,"href":"https:\/\/vimaterial.de\/es\/wp-json\/wp\/v2\/comments?post=998011"}],"wp:featuredmedia":[{"embeddable":true,"href":"https:\/\/vimaterial.de\/es\/wp-json\/wp\/v2\/media\/997844"}],"wp:attachment":[{"href":"https:\/\/vimaterial.de\/es\/wp-json\/wp\/v2\/media?parent=998011"}],"wp:term":[{"taxonomy":"product_brand","embeddable":true,"href":"https:\/\/vimaterial.de\/es\/wp-json\/wp\/v2\/product_brand?post=998011"},{"taxonomy":"product_cat","embeddable":true,"href":"https:\/\/vimaterial.de\/es\/wp-json\/wp\/v2\/product_cat?post=998011"},{"taxonomy":"product_tag","embeddable":true,"href":"https:\/\/vimaterial.de\/es\/wp-json\/wp\/v2\/product_tag?post=998011"}],"curies":[{"name":"wp","href":"https:\/\/api.w.org\/{rel}","templated":true}]}}