{"id":1051285,"date":"2024-06-17T15:26:19","date_gmt":"2024-06-17T07:26:19","guid":{"rendered":"https:\/\/vimaterial.de\/product\/oxido-de-molibdeno-3\/"},"modified":"2024-06-17T15:26:19","modified_gmt":"2024-06-17T07:26:19","slug":"oxido-de-molibdeno-3","status":"publish","type":"product","link":"https:\/\/vimaterial.de\/es\/product\/oxido-de-molibdeno-3\/","title":{"rendered":"\u00d3xido de molibdeno"},"content":{"rendered":"<p><span style=\"color: #0000ff;\"><a style=\"color: #0000ff;\" href=\"https:\/\/vimaterial.de\/es\/search\/?type=element&#038;keyword=moo2\">Di\u00f3xido de molibdeno<\/a><\/span> polvo es un azul-negro, propiedades f\u00edsico-qu\u00edmicas especiales, a trav\u00e9s de una variedad de m\u00e9todos de preparaci\u00f3n y en la metalurgia del hierro y el acero, la industria electr\u00f3nica, catalizadores qu\u00edmicos y otras aplicaciones importantes en muchas \u00e1reas del polvo de di\u00f3xido.<\/p>\n<p>VIMATERIAL ofrece polvo de di\u00f3xido de molibdeno de alta pureza, con tama\u00f1os de part\u00edcula personalizables para satisfacer sus necesidades. Tambi\u00e9n realizamos pruebas para terceros. Si tiene alg\u00fan requisito, no dude en <span style=\"color: #0000ff;\"><a style=\"color: #0000ff;\" href=\"https:\/\/vimaterial.de\/es\/contacto\/\">ponerse en contacto con nosotros<\/a><\/span>.<\/p>\n<h2><span style=\"font-size: 14pt;\">Propiedades<\/span><\/h2>\n<p>F\u00f3rmula qu\u00edmica: MoO\u2082.<\/p>\n<p>Aspecto: Polvo negro azulado.<\/p>\n<p>Estructura cristalina: Cristal monocl\u00ednico.<\/p>\n<p>Densidad: aprox. 6,44 g\/cm\u00b3.<\/p>\n<p>Punto de fusi\u00f3n: Aproximadamente 1800 \u2103.<\/p>\n<p>Dureza: Dureza Mohs de alrededor de 5,5.<\/p>\n<p>Propiedades oxidantes y reductoras: El di\u00f3xido de molibdeno tiene ciertas propiedades de reducibilidad y puede reducirse a molibdeno met\u00e1lico en determinadas condiciones. Al mismo tiempo, tambi\u00e9n muestra cierta oxidabilidad, y puede oxidarse a \u00f3xidos de molibdeno de mayor valencia, como el tri\u00f3xido de molibdeno, en presencia de agentes oxidantes fuertes.<\/p>\n<p>\u00c1cido-base: Es un \u00f3xido anf\u00f3tero que reacciona con \u00e1cidos para formar las sales correspondientes y agua, y tambi\u00e9n con bases fuertes para formar molibdatos y agua. Por ejemplo, reacciona con \u00e1cido clorh\u00eddrico para formar cloruro de molibdeno y agua, y con hidr\u00f3xido de sodio para formar molibdato de sodio y agua.<\/p>\n<h2><span style=\"font-size: 14pt;\">Aplicaciones del di\u00f3xido de molibdeno en polvo<\/span><\/h2>\n<p><strong>Producci\u00f3n de acero:<\/strong> Mejora la resistencia, la dureza, la tenacidad, el desgaste, la corrosi\u00f3n y la resistencia al calor del acero. Se utiliza en aleaciones de alta resistencia, acero inoxidable y acero para herramientas.<\/p>\n<p><strong>Electr\u00f3nica:<\/strong> Por su conductividad el\u00e9ctrica y t\u00e9rmica, se utiliza en componentes electr\u00f3nicos como electrodos, pasta conductora y materiales de embalaje. Es clave en la fabricaci\u00f3n de transistores de pel\u00edcula fina y circuitos integrados.<\/p>\n<p><strong>Cat\u00e1lisis qu\u00edmica:<\/strong> Se utiliza como catalizador en procesos petroqu\u00edmicos (por ejemplo, hidrodesulfuraci\u00f3n, desnitrificaci\u00f3n) y reacciones org\u00e1nicas (por ejemplo, oxidaci\u00f3n, deshidrogenaci\u00f3n). Aumenta la eficacia de las reacciones y reduce los costes de producci\u00f3n.<\/p>\n<p><strong>Cer\u00e1mica:<\/strong> Mejora las propiedades mec\u00e1nicas, el\u00e9ctricas y t\u00e9rmicas de la cer\u00e1mica, utilizada para herramientas, sensores y condensadores, mejorando su durabilidad y fiabilidad.<\/p>\n<p><strong>Almacenamiento de energ\u00eda:<\/strong> Se utiliza en bater\u00edas de iones de litio como material de electrodos, permitiendo mejores ciclos de carga\/descarga con gran capacidad y estabilidad.<\/p>\n<h2><span style=\"font-size: 14pt;\">Embalaje y almacenamiento<\/span><\/h2>\n<p>El polvo de di\u00f3xido de molibdeno suele envasarse en bolsas o bidones sellados a prueba de humedad para evitar la humedad y la contaminaci\u00f3n. Los materiales de envasado deben tener buenas propiedades a prueba de humedad, y el nombre del producto, el n\u00famero de lote, la fecha de producci\u00f3n y las precauciones deben estar claramente etiquetados en las bolsas o contenedores. Para los productos a granel, se suele utilizar el doble sellado con bolsas de pl\u00e1stico forradas con bolsas interiores de polietileno o bolsas de papel de aluminio para garantizar la estabilidad y la seguridad durante el transporte.<\/p>\n<p>El di\u00f3xido de molibdeno debe almacenarse en un ambiente seco, ventilado y fresco, evitando el contacto directo con la humedad, el ox\u00edgeno y la luz intensa. La temperatura de almacenamiento debe mantenerse a temperatura ambiente, evitando temperaturas extremadamente altas o bajas. Los almacenes deben mantenerse alejados de \u00e1cidos fuertes, \u00e1lcalis fuertes y otros productos qu\u00edmicos, y las zonas de almacenamiento deben mantenerse limpias para evitar cualquier contaminaci\u00f3n o reacci\u00f3n.<\/p>\n<h2><span style=\"font-size: 14pt;\">Preguntas m\u00e1s frecuentes (FAQ)<\/span><\/h2>\n<p><strong>P1: \u00bfQu\u00e9 es el MoO2?<\/strong><\/p>\n<p>R: El di\u00f3xido de molibdeno (MoO2) es un \u00f3xido de molibdeno que se utiliza habitualmente en la fabricaci\u00f3n de aleaciones, componentes electr\u00f3nicos, catalizadores qu\u00edmicos y dispositivos de almacenamiento de energ\u00eda. Tiene una excelente conductividad el\u00e9ctrica y t\u00e9rmica y sirve como catalizador eficaz en varias reacciones qu\u00edmicas.<\/p>\n<p><strong>P2: \u00bfPara qu\u00e9 sirve el \u00f3xido de molibdeno?<\/strong><\/p>\n<p>R: Industria sider\u00fargica: Mejora la resistencia, la dureza, la resistencia al desgaste y la resistencia a la corrosi\u00f3n del acero.<br \/>\nIndustria electr\u00f3nica: Se utiliza como material conductor en componentes electr\u00f3nicos, transistores de pel\u00edcula fina y circuitos integrados.<br \/>\nCat\u00e1lisis qu\u00edmica: Se utiliza en reacciones de desulfuraci\u00f3n, desnitrificaci\u00f3n y s\u00edntesis org\u00e1nica para mejorar la velocidad y la eficacia de las reacciones.<br \/>\nMateriales cer\u00e1micos: Mejora las propiedades mec\u00e1nicas, t\u00e9rmicas y el\u00e9ctricas de la cer\u00e1mica.<br \/>\nAlmacenamiento de energ\u00eda: Se utiliza como material de electrodo en bater\u00edas de iones de litio, ofreciendo una alta capacidad te\u00f3rica y una excelente estabilidad de ciclo.<\/p>\n<p><strong>P3: \u00bfDe qu\u00e9 color es el di\u00f3xido de molibdeno?<\/strong><\/p>\n<p>R: El di\u00f3xido de molibdeno (MoO2) suele ser un polvo negro azulado o gris oscuro. Su color puede variar dependiendo de su estructura cristalina, pureza o condiciones externas; en su estado de grano fino, se inclina m\u00e1s hacia un color negro azulado.<\/p>\n<p><strong>P4: \u00bfCu\u00e1les son las propiedades qu\u00edmicas del di\u00f3xido de molibdeno?<\/strong><\/p>\n<p>R: El di\u00f3xido de molibdeno es un buen conductor de la electricidad y tiene una gran estabilidad t\u00e9rmica. Permanece estable a temperatura ambiente, pero puede reaccionar con otras sustancias a altas temperaturas. En determinadas reacciones qu\u00edmicas, act\u00faa como catalizador, aumentando la velocidad y la eficacia de la reacci\u00f3n.<\/p>\n","protected":false},"excerpt":{"rendered":"<p>Di\u00f3xido de molibdeno polvo es un azul-negro, propiedades f\u00edsico-qu\u00edmicas especiales, a trav\u00e9s de una variedad de m\u00e9todos de preparaci\u00f3n y en la metalurgia del hierro y el acero, la industria electr\u00f3nica, catalizadores qu\u00edmicos y otras aplicaciones importantes en muchas \u00e1reas del polvo de di\u00f3xido. VIMATERIAL ofrece polvo de di\u00f3xido de molibdeno de alta pureza, con [&hellip;]<\/p>\n","protected":false},"featured_media":1051147,"comment_status":"open","ping_status":"closed","template":"","meta":{"_acf_changed":false},"product_brand":[],"product_cat":[186],"product_tag":[],"class_list":{"0":"post-1051285","1":"product","2":"type-product","3":"status-publish","4":"has-post-thumbnail","6":"product_cat-materiales-de-oxido-hidroxido","8":"first","9":"instock","10":"shipping-taxable","11":"purchasable","12":"product-type-variable"},"acf":[],"_links":{"self":[{"href":"https:\/\/vimaterial.de\/es\/wp-json\/wp\/v2\/product\/1051285","targetHints":{"allow":["GET"]}}],"collection":[{"href":"https:\/\/vimaterial.de\/es\/wp-json\/wp\/v2\/product"}],"about":[{"href":"https:\/\/vimaterial.de\/es\/wp-json\/wp\/v2\/types\/product"}],"replies":[{"embeddable":true,"href":"https:\/\/vimaterial.de\/es\/wp-json\/wp\/v2\/comments?post=1051285"}],"wp:featuredmedia":[{"embeddable":true,"href":"https:\/\/vimaterial.de\/es\/wp-json\/wp\/v2\/media\/1051147"}],"wp:attachment":[{"href":"https:\/\/vimaterial.de\/es\/wp-json\/wp\/v2\/media?parent=1051285"}],"wp:term":[{"taxonomy":"product_brand","embeddable":true,"href":"https:\/\/vimaterial.de\/es\/wp-json\/wp\/v2\/product_brand?post=1051285"},{"taxonomy":"product_cat","embeddable":true,"href":"https:\/\/vimaterial.de\/es\/wp-json\/wp\/v2\/product_cat?post=1051285"},{"taxonomy":"product_tag","embeddable":true,"href":"https:\/\/vimaterial.de\/es\/wp-json\/wp\/v2\/product_tag?post=1051285"}],"curies":[{"name":"wp","href":"https:\/\/api.w.org\/{rel}","templated":true}]}}