{"id":1051178,"date":"2024-06-17T14:10:24","date_gmt":"2024-06-17T06:10:24","guid":{"rendered":"https:\/\/vimaterial.de\/product\/oxido-de-magnesio-3\/"},"modified":"2024-06-17T14:10:24","modified_gmt":"2024-06-17T06:10:24","slug":"oxido-de-magnesio-3","status":"publish","type":"product","link":"https:\/\/vimaterial.de\/es\/product\/oxido-de-magnesio-3\/","title":{"rendered":"\u00d3xido de magnesio"},"content":{"rendered":"<p><span style=\"color: #0000ff;\"><a style=\"color: #0000ff;\" href=\"https:\/\/vimaterial.de\/es\/search\/?type=element&#038;keyword=Mg%2CO\">\u00d3xido de magnesio<\/a><\/span> en polvo es un s\u00f3lido cristalino blanco e higrosc\u00f3pico que existe de forma natural en los minerales de periclasa. Es muy apreciado por su estabilidad t\u00e9rmica, aislamiento el\u00e9ctrico y alcalinidad, y se utiliza ampliamente en cer\u00e1mica, materiales refractarios, productos farmac\u00e9uticos y materias primas industriales.<\/p>\n<p>VIMATERIAL ofrece \u00f3xido de magnesio de gran pureza en formas nanom\u00e9tricas y microm\u00e9tricas, as\u00ed como en polvos esf\u00e9ricos e irregulares. Si lo desea, podemos personalizar el tama\u00f1o de las part\u00edculas. <span style=\"color: #0000ff;\"><a style=\"color: #0000ff;\" href=\"https:\/\/vimaterial.de\/es\/contacto\/\"><strong>P\u00f3ngase en contacto con nosotros<\/strong><\/a><\/span> para obtener m\u00e1s informaci\u00f3n.<\/p>\n<h2><span style=\"font-size: 14pt;\">Propiedades<\/span><\/h2>\n<p>F\u00f3rmula qu\u00edmica\uff1aMgO<\/p>\n<p>Masa molar\uff1a40,304 g\/mol<\/p>\n<p>Aspecto:Polvo blanco<\/p>\n<p>Olor:Inodoro<\/p>\n<p>Densidad:3,6 g\/cm3<\/p>\n<p>Punto de fusi\u00f3n:2.852 \u00b0C (5.166 \u00b0F; 3.125 K)<\/p>\n<p>Punto de ebullici\u00f3n:3.600 \u00b0C (6.510 \u00b0F; 3.870 K)<\/p>\n<p>Solubilidad:Soluble en \u00e1cido, amon\u00edaco insoluble en alcohol<\/p>\n<h2><span style=\"font-size: 14pt;\">Aplicaciones del polvo de \u00f3xido de magnesio<\/span><\/h2>\n<p>Quemado industrial ligero: se utiliza principalmente en la fabricaci\u00f3n de productos de magnesita.<\/p>\n<p>Grado de aceite lubricante avanzado: utilizado principalmente para detergente, inhibidor de vanadio y desulfurizador en el procesamiento de aceite lubricante avanzado, que puede mejorar en gran medida la densidad y la reolog\u00eda de la pel\u00edcula lubricante y reducir el contenido de cenizas.<\/p>\n<p>Grado alimentario: suplemento de magnesio utilizado como aditivo alimentario, estabilizador del color, regulador del valor del pH como productos sanitarios y alimentarios.<\/p>\n<p>Grado m\u00e9dico: el \u00f3xido de magnesio de grado m\u00e9dico se puede utilizar como anti\u00e1cido, adsorbente, desulfurizante, agente de eliminaci\u00f3n de plomo, ayuda de filtro complejo y regulador de PH en el campo de la biofarmac\u00e9utica.<\/p>\n<p>Nivel electromagn\u00e9tico avanzado: para materiales paramagn\u00e9ticos inal\u00e1mbricos de alta frecuencia, antena de varilla magn\u00e9tica, componentes de modulaci\u00f3n de frecuencia del n\u00facleo magn\u00e9tico.En lugar de ferrita.Se puede utilizar en materiales magn\u00e9ticos superconductores compuestos, y tambi\u00e9n en la industria magn\u00e9tica electr\u00f3nica.Como &#8220;material magn\u00e9tico blando&#8221;.Tambi\u00e9n es la materia prima ideal para esmaltes y cer\u00e1micas industriales.<\/p>\n<p>\u00d3xido de magnesio de alta pureza: ampliamente utilizado como material resistente al calor a alta temperatura.se utiliza como materia prima de crisol cer\u00e1mico permeable a la luz y sustrato en el campo de la cer\u00e1mica.<\/p>\n<h2><span style=\"font-size: 14pt;\">Embalaje y almacenamiento<\/span><\/h2>\n<p>El polvo de \u00f3xido de magnesio suele envasarse en materiales bien sellados, como bolsas de pl\u00e1stico de doble capa forradas con una bolsa tejida exterior o un bid\u00f3n de papel, para evitar la absorci\u00f3n de humedad y el deterioro debido a la absorci\u00f3n de di\u00f3xido de carbono del aire. Durante el transporte y la manipulaci\u00f3n, debe evitarse da\u00f1ar el embalaje para impedir la fuga de polvo. Pueden aplicarse tratamientos antihumedad y anticontaminaci\u00f3n seg\u00fan sea necesario para garantizar la pureza y el rendimiento del producto.<\/p>\n<p>Debe almacenarse en un almac\u00e9n seco y bien ventilado, lejos de fuentes de agua y ambientes h\u00famedos, y debe evitarse el contacto con sustancias \u00e1cidas para prevenir reacciones qu\u00edmicas. Debe almacenarse en un contenedor sellado para evitar la absorci\u00f3n de humedad y la formaci\u00f3n de grumos, o la absorci\u00f3n de di\u00f3xido de carbono para formar carbonato de magnesio, lo que afectar\u00eda a su calidad y rendimiento.<\/p>\n<h2><span style=\"font-size: 14pt;\">Preguntas frecuentes sobre el \u00f3xido de magnesio<\/span><\/h2>\n<p><strong>P1: \u00bfPara qu\u00e9 se utiliza el \u00f3xido de magnesio en polvo?<\/strong><\/p>\n<p>R: El polvo de \u00f3xido de magnesio tiene una amplia gama de aplicaciones. Se utiliza en la industria para fabricar productos de magnesita y como aditivo en aceites lubricantes, en alimentaci\u00f3n como suplemento de magnesio y regulador del pH, en farmacia como anti\u00e1cido y adsorbente, y en campos avanzados como materiales electr\u00f3nicos, componentes magn\u00e9ticos y cer\u00e1mica resistente a altas temperaturas.<\/p>\n<p><strong>P2: \u00bfEs seguro el \u00f3xido de magnesio para el ser humano?<\/strong><\/p>\n<p>R: En general, el \u00f3xido de magnesio es seguro para los seres humanos cuando se utiliza de forma adecuada y dentro de los l\u00edmites recomendados. Se utiliza habitualmente en alimentaci\u00f3n como suplemento de magnesio y regulador del pH, y en medicina como anti\u00e1cido y laxante. Sin embargo, un consumo excesivo puede provocar efectos secundarios como molestias digestivas o diarrea. Como ocurre con cualquier sustancia, debe utilizarse de acuerdo con las directrices, especialmente en aplicaciones m\u00e9dicas o diet\u00e9ticas.<\/p>\n<p><strong>P3: \u00bfSe puede personalizar el \u00f3xido de magnesio?<\/strong><\/p>\n<p>R: S\u00ed, se puede personalizar para satisfacer diferentes requisitos de aplicaci\u00f3n. Sus propiedades, como la pureza, el tama\u00f1o de las part\u00edculas, la densidad y el nivel de actividad, pueden ajustarse durante la producci\u00f3n. Adem\u00e1s, se puede personalizar en varios grados -como industrial, alimentario, m\u00e9dico o de alta pureza- para adaptarlo a usos espec\u00edficos en industrias como la cer\u00e1mica, la farmac\u00e9utica, la electr\u00f3nica y la qu\u00edmica.<\/p>\n","protected":false},"excerpt":{"rendered":"<p>\u00d3xido de magnesio en polvo es un s\u00f3lido cristalino blanco e higrosc\u00f3pico que existe de forma natural en los minerales de periclasa. Es muy apreciado por su estabilidad t\u00e9rmica, aislamiento el\u00e9ctrico y alcalinidad, y se utiliza ampliamente en cer\u00e1mica, materiales refractarios, productos farmac\u00e9uticos y materias primas industriales. VIMATERIAL ofrece \u00f3xido de magnesio de gran pureza [&hellip;]<\/p>\n","protected":false},"featured_media":999566,"comment_status":"open","ping_status":"closed","template":"","meta":{"_acf_changed":false},"product_brand":[],"product_cat":[186],"product_tag":[],"class_list":{"0":"post-1051178","1":"product","2":"type-product","3":"status-publish","4":"has-post-thumbnail","6":"product_cat-materiales-de-oxido-hidroxido","8":"first","9":"instock","10":"shipping-taxable","11":"purchasable","12":"product-type-variable"},"acf":[],"_links":{"self":[{"href":"https:\/\/vimaterial.de\/es\/wp-json\/wp\/v2\/product\/1051178","targetHints":{"allow":["GET"]}}],"collection":[{"href":"https:\/\/vimaterial.de\/es\/wp-json\/wp\/v2\/product"}],"about":[{"href":"https:\/\/vimaterial.de\/es\/wp-json\/wp\/v2\/types\/product"}],"replies":[{"embeddable":true,"href":"https:\/\/vimaterial.de\/es\/wp-json\/wp\/v2\/comments?post=1051178"}],"wp:featuredmedia":[{"embeddable":true,"href":"https:\/\/vimaterial.de\/es\/wp-json\/wp\/v2\/media\/999566"}],"wp:attachment":[{"href":"https:\/\/vimaterial.de\/es\/wp-json\/wp\/v2\/media?parent=1051178"}],"wp:term":[{"taxonomy":"product_brand","embeddable":true,"href":"https:\/\/vimaterial.de\/es\/wp-json\/wp\/v2\/product_brand?post=1051178"},{"taxonomy":"product_cat","embeddable":true,"href":"https:\/\/vimaterial.de\/es\/wp-json\/wp\/v2\/product_cat?post=1051178"},{"taxonomy":"product_tag","embeddable":true,"href":"https:\/\/vimaterial.de\/es\/wp-json\/wp\/v2\/product_tag?post=1051178"}],"curies":[{"name":"wp","href":"https:\/\/api.w.org\/{rel}","templated":true}]}}