{"id":1050976,"date":"2024-06-17T15:33:38","date_gmt":"2024-06-17T07:33:38","guid":{"rendered":"https:\/\/vimaterial.de\/product\/indio-metalico-5\/"},"modified":"2024-06-17T15:33:38","modified_gmt":"2024-06-17T07:33:38","slug":"indio-metalico-5","status":"publish","type":"product","link":"https:\/\/vimaterial.de\/es\/product\/indio-metalico-5\/","title":{"rendered":"Indio met\u00e1lico"},"content":{"rendered":"<p>Las pastillas de indio son un material vers\u00e1til con un punto de fusi\u00f3n bajo y una excelente conductividad. Son adecuadas para una amplia variedad de campos de alta tecnolog\u00eda, entre los que se incluyen la industria de los semiconductores, las aplicaciones \u00f3pticas y la fabricaci\u00f3n de dispositivos electr\u00f3nicos.<\/p>\n<p>VIMATERIAL se especializa en la producci\u00f3n de l\u00e1minas y hojas de indio, alambres de indio, tiras de indio, <span style=\"color: #0000ff;\"><a style=\"color: #0000ff;\" href=\"https:\/\/vimaterial.de\/es\/product\/indio-metalico\/\">blancos de indio<\/a><\/span><br \/>\n, <span style=\"color: #0000ff;\"><a style=\"color: #0000ff;\" href=\"https:\/\/vimaterial.de\/es\/product\/indio-metalico-3\/\">polvo de indio<\/a><\/span><br \/>\ny otros productos de indio. Ofrecemos servicios de procesamiento con materiales suministrados por el cliente y mantenemos un stock de productos disponible durante todo el a\u00f1o.<\/p>\n<h2><span style=\"font-size: 14pt;\">Propiedades de las bolas de indio<\/span><\/h2>\n<p>F\u00f3rmula molecular: In<\/p>\n<p>Masa molar: 114,8 g\/mol<\/p>\n<p>Aspecto: Blanco plateado<\/p>\n<p>Densidad: 7,31 g\/cm\u00b3 a 25 \u00b0C<\/p>\n<p>Punto de fusi\u00f3n: 156,6 \u00b0C<\/p>\n<p>Punto de ebullici\u00f3n: 2080 \u00b0C<\/p>\n<p>Coeficiente de expansi\u00f3n t\u00e9rmica (CTE): (25 \u00b0C) 32,1 <sup>\u03bc<\/sup><br \/>\nm\u00b7m<sup>\u207b<\/sup><br \/>\n\u00b9\u00b7K<sup>\u207b\u00b9<\/sup><br \/>\nConductividad t\u00e9rmica: 0,818 W\/cm\u00b7K a 298,2 K<\/p>\n<p>Resistividad: 8,37 \u03a9\u00b7m a 20 \u00b0C<\/p>\n<h2><span style=\"font-size: 14pt;\">Aplicaciones de las pastillas de indio<\/span><\/h2>\n<p>Sector de los semiconductores: La aplicaci\u00f3n del indio en el sector de los semiconductores se utiliza principalmente para fabricar materiales semiconductores de alto rendimiento, como la pel\u00edcula de \u00f3xido de indio y esta\u00f1o, que puede emplearse para fabricar transistores y condensadores de alto rendimiento. Adem\u00e1s, el indio tambi\u00e9n puede utilizarse para fabricar dispositivos optoelectr\u00f3nicos semiconductores, como los dispositivos optoelectr\u00f3nicos de arseniuro de indio y galio (InGaAs), que pueden emplearse para fabricar sistemas de comunicaciones de alta velocidad y de fibra \u00f3ptica.<\/p>\n<p>Campo de la electr\u00f3nica: El indio tambi\u00e9n se utiliza ampliamente en el campo de la electr\u00f3nica, y entre sus aplicaciones habituales se incluyen las pantallas LCD, las pantallas t\u00e1ctiles, las luces LED, etc. La aplicaci\u00f3n del indio en estos productos se utiliza principalmente como pel\u00edcula conductora transparente. Su excelente conductividad y transparencia hacen que el indio se utilice ampliamente en estos campos.<\/p>\n<p>Campo aeroespacial: El indio se utiliza principalmente en la fabricaci\u00f3n de materiales de aleaciones de alta temperatura, como las aleaciones de alta temperatura a base de indio. Este material puede soportar entornos de alta temperatura y alta presi\u00f3n, por lo que se utiliza ampliamente en motores a reacci\u00f3n, componentes aeroespaciales y otros campos.<\/p>\n<p>Campo m\u00e9dico: El indio se utiliza principalmente en la fabricaci\u00f3n de agentes de diagn\u00f3stico de medicina nuclear, como el indio-111. Este is\u00f3topo radiactivo puede utilizarse para diagnosticar enfermedades como el c\u00e1ncer y las enfermedades cardiovasculares, lo que constituye un medio importante para el diagn\u00f3stico m\u00e9dico.<\/p>\n<h2><span style=\"font-size: 14pt;\">Control de calidad<\/span><\/h2>\n<p>Nuestros productos se someten al sistema de gesti\u00f3n de calidad m\u00e1s estricto. Existen normas de inspecci\u00f3n rigurosas para los materiales entrantes, los procesos, las inspecciones finales y las inspecciones de f\u00e1brica. Se adoptar\u00e1n estrictas medidas de aislamiento para el procesamiento no conforme, a fin de evitar que los productos no conformes pasen al siguiente proceso. Se proporcionar\u00e1n muestras a los clientes de acuerdo con sus requisitos para una nueva inspecci\u00f3n.<\/p>\n<h2><span style=\"font-size: 14pt;\">Embalaje y almacenamiento<\/span><\/h2>\n<p>: Embalaje al vac\u00edo; la cantidad de embalaje se puede proporcionar seg\u00fan los requisitos del cliente y se puede embalar por separado.<\/p>\n<p>Los gr\u00e1nulos de indio deben sellarse y almacenarse en un entorno fresco y seco para evitar que reaccionen con la humedad y el ox\u00edgeno del aire.<\/p>\n<h2><span style=\"font-size: 14pt;\">Preguntas frecuentes<\/span><\/h2>\n<p><strong>P1: \u00bfPara qu\u00e9 se utilizan las pastillas de indio?<\/strong><br \/>\nR: Las pastillas de indio se utilizan en semiconductores para materiales de alto rendimiento y dispositivos optoelectr\u00f3nicos, en electr\u00f3nica para pantallas LCD, pantallas t\u00e1ctiles y LED, en el sector aeroespacial para aleaciones de alta temperatura y en medicina para diagn\u00f3sticos nucleares que utilizan indio-111.<\/p>\n<p><strong>P2: \u00bfEs t\u00f3xico el indio met\u00e1lico?<\/strong><br \/>\nR: El indio met\u00e1lico en s\u00ed mismo (en su estado met\u00e1lico puro) tiene una baja toxicidad aguda, pero sus compuestos son significativamente t\u00f3xicos, especialmente a trav\u00e9s de la inhalaci\u00f3n prolongada de polvo o humos, lo que puede causar da\u00f1os pulmonares graves e incluso c\u00e1ncer. El riesgo de exposici\u00f3n al indio met\u00e1lico en la vida cotidiana es relativamente bajo, pero la exposici\u00f3n laboral (como en la industria de fabricaci\u00f3n de productos electr\u00f3nicos) requiere medidas de protecci\u00f3n estrictas.<\/p>\n<p><strong>P3: \u00bfEs el indio un metal de transici\u00f3n?<\/strong><br \/>\nR: El indio (In) es un metal de transici\u00f3n tard\u00eda con propiedades superconductoras \u00fanicas, y su temperatura cr\u00edtica de superconductividad es de aproximadamente 3,4 K (-269,75 \u2103).<\/p>\n<p><strong>P4: \u00bfCu\u00e1l es el plazo de producci\u00f3n?<\/strong><br \/>\nR: En stock: env\u00edo inmediato<\/p>\n<p>Productos est\u00e1ndar: generalmente de 2 a 4 semanas<\/p>\n<p>Productos personalizados: se determina en funci\u00f3n de los detalles requeridos<\/p>\n<p>Se pueden discutir requisitos especiales<\/p>\n","protected":false},"excerpt":{"rendered":"<p>Las pastillas de indio son un material vers\u00e1til con un punto de fusi\u00f3n bajo y una excelente conductividad. Son adecuadas para una amplia variedad de campos de alta tecnolog\u00eda, entre los que se incluyen la industria de los semiconductores, las aplicaciones \u00f3pticas y la fabricaci\u00f3n de dispositivos electr\u00f3nicos. VIMATERIAL se especializa en la producci\u00f3n de [&hellip;]<\/p>\n","protected":false},"featured_media":1032162,"comment_status":"open","ping_status":"closed","template":"","meta":{"_acf_changed":false},"product_brand":[],"product_cat":[179],"product_tag":[300],"class_list":{"0":"post-1050976","1":"product","2":"type-product","3":"status-publish","4":"has-post-thumbnail","6":"product_cat-materiales-de-evaporacion","7":"product_tag-materiales-de-evaporacion","9":"first","10":"instock","11":"shipping-taxable","12":"purchasable","13":"product-type-variable"},"acf":[],"_links":{"self":[{"href":"https:\/\/vimaterial.de\/es\/wp-json\/wp\/v2\/product\/1050976","targetHints":{"allow":["GET"]}}],"collection":[{"href":"https:\/\/vimaterial.de\/es\/wp-json\/wp\/v2\/product"}],"about":[{"href":"https:\/\/vimaterial.de\/es\/wp-json\/wp\/v2\/types\/product"}],"replies":[{"embeddable":true,"href":"https:\/\/vimaterial.de\/es\/wp-json\/wp\/v2\/comments?post=1050976"}],"wp:featuredmedia":[{"embeddable":true,"href":"https:\/\/vimaterial.de\/es\/wp-json\/wp\/v2\/media\/1032162"}],"wp:attachment":[{"href":"https:\/\/vimaterial.de\/es\/wp-json\/wp\/v2\/media?parent=1050976"}],"wp:term":[{"taxonomy":"product_brand","embeddable":true,"href":"https:\/\/vimaterial.de\/es\/wp-json\/wp\/v2\/product_brand?post=1050976"},{"taxonomy":"product_cat","embeddable":true,"href":"https:\/\/vimaterial.de\/es\/wp-json\/wp\/v2\/product_cat?post=1050976"},{"taxonomy":"product_tag","embeddable":true,"href":"https:\/\/vimaterial.de\/es\/wp-json\/wp\/v2\/product_tag?post=1050976"}],"curies":[{"name":"wp","href":"https:\/\/api.w.org\/{rel}","templated":true}]}}