{"id":1050958,"date":"2024-06-17T15:33:39","date_gmt":"2024-06-17T07:33:39","guid":{"rendered":"https:\/\/vimaterial.de\/product\/indio-metalico-2\/"},"modified":"2024-06-17T15:33:39","modified_gmt":"2024-06-17T07:33:39","slug":"indio-metalico-2","status":"publish","type":"product","link":"https:\/\/vimaterial.de\/es\/product\/indio-metalico-2\/","title":{"rendered":"Indio met\u00e1lico"},"content":{"rendered":"<p>El alambre de indio es un material filamentoso compuesto por indio puro de alta pureza, con buena conductividad y estabilidad qu\u00edmica.<\/p>\n<p>VIMATERIAL tambi\u00e9n ofrece <span style=\"color: #0000ff;\"><a style=\"color: #0000ff;\" href=\"https:\/\/vimaterial.de\/es\/product\/indio-metalico\/\">blancos de indio<\/a><\/span><br \/>\nde alta pureza<span style=\"color: #0000ff;\">, <a style=\"color: #0000ff;\" href=\"https:\/\/vimaterial.de\/es\/product\/indio-metalico-4\/\">l\u00e1minas de indio<\/a>, <a style=\"color: #0000ff;\" href=\"https:\/\/vimaterial.de\/es\/product\/indio-metalico-3\/\">polvos de indio<\/a>,<\/span><br \/>\netc. Si lo necesita, p\u00f3ngase <span style=\"color: #0000ff;\"><a style=\"color: #0000ff;\" href=\"https:\/\/vimaterial.de\/es\/contacto\/\">en contacto con nosotros<\/a><\/span><br \/>\n.<\/p>\n<h2><span style=\"font-size: 14pt;\">Propiedades:<\/span><\/h2>\n<p>Aspecto: normalmente lineal y de color blanco plateado; la superficie presenta un brillo met\u00e1lico. Si se expone al aire, la superficie puede volverse gris debido a la oxidaci\u00f3n.<\/p>\n<p>Densidad: La densidad del indio es de aproximadamente 7,31 g\/cm\u00b3.<\/p>\n<p>Punto de fusi\u00f3n: aproximadamente 156,61 \u00b0C.<\/p>\n<p>Dureza: Textura blanda, dureza Mohs de aproximadamente 1,2.<\/p>\n<p>Conductividad el\u00e9ctrica: Posee una buena conductividad el\u00e9ctrica y tiene aplicaciones en los campos de la electr\u00f3nica, la electricidad y otras propiedades conductoras.<\/p>\n<h2><span style=\"font-size: 14pt;\">Aplicaciones del alambre de indio<\/span><\/h2>\n<p>Industria electr\u00f3nica: En la fabricaci\u00f3n de semiconductores, el alambre de indio se puede utilizar para el encapsulado y la conexi\u00f3n de chips. Debido a su buena conductividad y soldabilidad, permite establecer una conexi\u00f3n fiable entre el chip y el circuito externo.<\/p>\n<p>Campo de la soldadura: El alambre de indio es una excelente soldadura de baja temperatura, que tiene importantes aplicaciones en la soldadura de algunos materiales sensibles a la temperatura.<\/p>\n<p>Campo de la investigaci\u00f3n cient\u00edfica: En el laboratorio, el alambre de indio se puede utilizar para fabricar termopares y otros instrumentos de medici\u00f3n de temperatura. Debido al bajo punto de fusi\u00f3n del indio, presenta ciertas ventajas en la medici\u00f3n a bajas temperaturas.<\/p>\n<h2><span style=\"font-size: 14pt;\">Control de calidad<\/span><\/h2>\n<p>: Nuestros productos se someten al sistema de gesti\u00f3n de calidad m\u00e1s riguroso. Existen estrictas normas de inspecci\u00f3n para los materiales entrantes, los procesos, las inspecciones finales y las inspecciones de f\u00e1brica. Se adoptar\u00e1n estrictas medidas de aislamiento para el procesamiento no conforme, a fin de evitar que los productos no conformes pasen al siguiente proceso. Se proporcionar\u00e1n muestras a los clientes de acuerdo con sus requisitos para una nueva inspecci\u00f3n.<\/p>\n<h2><span style=\"font-size: 14pt;\">Embalaje y almacenamiento<\/span><\/h2>\n<p>: Embalaje al vac\u00edo; la cantidad de embalaje se puede proporcionar seg\u00fan los requisitos del cliente y se empaqueta por separado.<\/p>\n<p>El alambre de indio debe almacenarse en un almac\u00e9n seco, fresco y ventilado, lejos de la luz solar directa y de entornos con altas temperaturas, para evitar que el alambre de indio se deforme o se derrita por el calor.<\/p>\n<h2><span style=\"font-size: 14pt;\">Preguntas frecuentes<\/span><\/h2>\n<p><strong>P1: \u00bfPara qu\u00e9 se utiliza el alambre de indio?<\/strong><br \/>\nR: El alambre de indio se utiliza en la industria electr\u00f3nica para el encapsulado y las conexiones de chips, en soldadura como soldadura de baja temperatura para materiales sensibles al calor, y en investigaci\u00f3n cient\u00edfica para fabricar termopares y otros instrumentos de medici\u00f3n de baja temperatura.<\/p>\n<p><strong>P2: \u00bfEs el indio una soldadura?<\/strong><br \/>\nR: El indio en s\u00ed mismo no es una soldadura en el sentido tradicional, pero es un componente crucial en la fabricaci\u00f3n de muchas soldaduras (especialmente soldaduras de aleaciones a base de indio), ocupando un lugar insustituible en los campos de la electr\u00f3nica de alta gama, la soldadura a baja temperatura, al vac\u00edo y de sellado.<\/p>\n<p><strong>P3: \u00bfPuedo tocar el indio?<\/strong><br \/>\nR: El contacto diario (como el uso de tel\u00e9fonos m\u00f3viles y televisores) no provocar\u00e1 intoxicaci\u00f3n por indio. En las pantallas LCD, el indio est\u00e1 sellado entre dos capas de vidrio en forma de \u00f3xido de indio y esta\u00f1o (ITO), y no se descompone ni libera polvo por s\u00ed solo, por lo que es completamente seguro para el uso normal; sin embargo, las personas que trabajan en entornos de primera l\u00ednea (como las que participan en la fabricaci\u00f3n de pantallas LCD y paneles solares) deben evitar que el polvo fino de indio entre en sus pulmones. La inhalaci\u00f3n de polvo que contenga indio o su ingesti\u00f3n accidental puede causar problemas de salud.<\/p>\n<p><strong>P4: \u00bfSe puede fundir el indio?<\/strong><br \/>\nR: El indio met\u00e1lico es fundible, con un punto de fusi\u00f3n de aproximadamente 156,6 \u2103. El indio es un metal de color blanco plateado con un ligero tinte azulado, extremadamente blando, y se puede rayar con la u\u00f1a. Al ser un metal fusible, el indio pasa del estado s\u00f3lido al l\u00edquido cuando se calienta por encima de esta temperatura. Se utiliza principalmente en la fabricaci\u00f3n de aleaciones de bajo punto de fusi\u00f3n, semiconductores y materias primas para fuentes de luz el\u00e9ctrica.<\/p>\n","protected":false},"excerpt":{"rendered":"<p>El alambre de indio es un material filamentoso compuesto por indio puro de alta pureza, con buena conductividad y estabilidad qu\u00edmica. VIMATERIAL tambi\u00e9n ofrece blancos de indio de alta pureza, l\u00e1minas de indio, polvos de indio, etc. Si lo necesita, p\u00f3ngase en contacto con nosotros . Propiedades: Aspecto: normalmente lineal y de color blanco plateado; [&hellip;]<\/p>\n","protected":false},"featured_media":1032172,"comment_status":"open","ping_status":"closed","template":"","meta":{"_acf_changed":false},"product_brand":[],"product_cat":[188],"product_tag":[296],"class_list":{"0":"post-1050958","1":"product","2":"type-product","3":"status-publish","4":"has-post-thumbnail","6":"product_cat-perfil","7":"product_tag-alambre","9":"first","10":"instock","11":"shipping-taxable","12":"purchasable","13":"product-type-variable"},"acf":[],"_links":{"self":[{"href":"https:\/\/vimaterial.de\/es\/wp-json\/wp\/v2\/product\/1050958","targetHints":{"allow":["GET"]}}],"collection":[{"href":"https:\/\/vimaterial.de\/es\/wp-json\/wp\/v2\/product"}],"about":[{"href":"https:\/\/vimaterial.de\/es\/wp-json\/wp\/v2\/types\/product"}],"replies":[{"embeddable":true,"href":"https:\/\/vimaterial.de\/es\/wp-json\/wp\/v2\/comments?post=1050958"}],"wp:featuredmedia":[{"embeddable":true,"href":"https:\/\/vimaterial.de\/es\/wp-json\/wp\/v2\/media\/1032172"}],"wp:attachment":[{"href":"https:\/\/vimaterial.de\/es\/wp-json\/wp\/v2\/media?parent=1050958"}],"wp:term":[{"taxonomy":"product_brand","embeddable":true,"href":"https:\/\/vimaterial.de\/es\/wp-json\/wp\/v2\/product_brand?post=1050958"},{"taxonomy":"product_cat","embeddable":true,"href":"https:\/\/vimaterial.de\/es\/wp-json\/wp\/v2\/product_cat?post=1050958"},{"taxonomy":"product_tag","embeddable":true,"href":"https:\/\/vimaterial.de\/es\/wp-json\/wp\/v2\/product_tag?post=1050958"}],"curies":[{"name":"wp","href":"https:\/\/api.w.org\/{rel}","templated":true}]}}