{"id":1050932,"date":"2024-06-17T15:33:39","date_gmt":"2024-06-17T07:33:39","guid":{"rendered":"https:\/\/vimaterial.de\/product\/indio-metalico-4\/"},"modified":"2024-06-17T15:33:39","modified_gmt":"2024-06-17T07:33:39","slug":"indio-metalico-4","status":"publish","type":"product","link":"https:\/\/vimaterial.de\/es\/product\/indio-metalico-4\/","title":{"rendered":"Indio met\u00e1lico"},"content":{"rendered":"<p>La l\u00e1mina de indio es una l\u00e1mina de metal de indio de alta pureza con buena conductividad el\u00e9ctrica y t\u00e9rmica, y se utiliza habitualmente en las industrias electr\u00f3nica y de semiconductores.<\/p>\n<p>VIMATERIAL se especializa en la producci\u00f3n de l\u00e1minas de indio, <span style=\"color: #0000ff;\"><a style=\"color: #0000ff;\" href=\"https:\/\/vimaterial.de\/es\/product\/indio-metalico-2\/\">alambres de indio<\/a>, <a style=\"color: #0000ff;\" href=\"https:\/\/vimaterial.de\/es\/product\/indio-metalico-5\/\">perlas de indio<\/a><\/span><br \/>\n, tiras de indio, <span style=\"color: #0000ff;\"><a style=\"color: #0000ff;\" href=\"https:\/\/vimaterial.de\/es\/product\/indio-metalico\/\">blancos de indio<\/a>, <a style=\"color: #0000ff;\" href=\"https:\/\/vimaterial.de\/es\/product\/indio-metalico-3\/\">polvo de indio<\/a><\/span><br \/>\ny otros productos de indio. Ofrecemos servicios de procesamiento con materiales suministrados por el cliente y mantenemos un stock de productos disponible durante todo el a\u00f1o.<\/p>\n<h2><span style=\"font-size: 14pt;\">Propiedades<\/span><\/h2>\n<p>F\u00f3rmula molecular: In<\/p>\n<p>Masa molar: 114,8 g\/mol<\/p>\n<p>Aspecto: Escamas de color blanco plateado<\/p>\n<p>Densidad: 7,<sup>3<\/sup><br \/>\n1 g\/cm\u00b3 a 25 \u00b0C<\/p>\n<p>Punto de fusi\u00f3n: 156,6 \u00b0C<\/p>\n<p>Punto de ebullici\u00f3n: 2080 \u00b0C<\/p>\n<p>Coeficiente de expansi\u00f3n t\u00e9rmica (CTE): (25 \u00b0C) 32,1 \u03bcm\u00b7m\u207b\u00b9\u00b7K<sup>\u207b\u00b9<\/sup><br \/>\nConductividad t\u00e9rmica: 0,818 W\/cm\u00b7K a 298,2 K<\/p>\n<p>Resistividad: 8,37 \u03a9\u00b7m a 20 \u00b0C<\/p>\n<h2><span style=\"font-size: 14pt;\">Aplicaciones de la l\u00e1mina de indio<\/span><\/h2>\n<p>Materiales semiconductores: La l\u00e1mina met\u00e1lica de indio se puede utilizar para fabricar materiales semiconductores, como transistores, circuitos integrados, etc. Posee una buena conductividad el\u00e9ctrica y t\u00e9rmica, as\u00ed como altos puntos de fusi\u00f3n y ebullici\u00f3n, por lo que tiene un importante valor de aplicaci\u00f3n en la fabricaci\u00f3n de semiconductores.<\/p>\n<p>Materiales \u00f3pticos: La l\u00e1mina de indio se puede utilizar para fabricar materiales \u00f3pticos, como reflectores, lentes, etc. Posee buenas propiedades \u00f3pticas, como una alta reflectividad y una baja absorci\u00f3n, por lo que tambi\u00e9n se utiliza ampliamente en el campo \u00f3ptico.<\/p>\n<p>Materiales de protecci\u00f3n contra la radiaci\u00f3n: La l\u00e1mina de indio se puede utilizar para fabricar materiales de protecci\u00f3n contra la radiaci\u00f3n, como materiales de blindaje contra rayos X, materiales de blindaje contra la radiaci\u00f3n nuclear, etc. Presenta un buen rendimiento en materia de protecci\u00f3n contra la radiaci\u00f3n, puede bloquear eficazmente los rayos X y la radiaci\u00f3n nuclear, y proteger la salud humana.<\/p>\n<p>Catalizador: La l\u00e1mina de indio se puede utilizar para fabricar catalizadores, como soportes de catalizadores, ingredientes activos de catalizadores, etc. Tiene un buen rendimiento catal\u00edtico, puede acelerar las reacciones qu\u00edmicas y mejorar la eficiencia de la reacci\u00f3n.<\/p>\n<p>Otras aplicaciones: La l\u00e1mina de indio tambi\u00e9n se puede utilizar para fabricar otros componentes electr\u00f3nicos, como bater\u00edas, c\u00e9lulas solares, sensores y condensadores, as\u00ed como para la fabricaci\u00f3n de metales, aleaciones, recubrimientos, pl\u00e1sticos y otros materiales.<\/p>\n<h2><span style=\"font-size: 14pt;\">Control de calidad<\/span><\/h2>\n<p>Nuestros productos se someten al sistema de gesti\u00f3n de calidad m\u00e1s estricto. Existen normas de inspecci\u00f3n rigurosas para los materiales entrantes, los procesos, las inspecciones finales y las inspecciones de f\u00e1brica. Se adoptar\u00e1n estrictas medidas de aislamiento para el procesamiento no conforme, a fin de evitar que los productos no conformes pasen al siguiente proceso. Se proporcionar\u00e1n muestras a los clientes de acuerdo con sus requisitos para una nueva inspecci\u00f3n.<\/p>\n<h2><span style=\"font-size: 14pt;\">Embalaje y almacenamiento<\/span><\/h2>\n<p>: Embalaje al vac\u00edo; la cantidad de embalaje se puede proporcionar seg\u00fan los requisitos del cliente y se puede embalar por separado.<\/p>\n<p>La l\u00e1mina de indio debe sellarse y almacenarse en un entorno fresco y seco para evitar que reaccione con la humedad y el ox\u00edgeno del aire.<\/p>\n<h2><span style=\"font-size: 14pt;\">Preguntas frecuentes<\/span><\/h2>\n<p><strong>P1: \u00bfPara qu\u00e9 se utiliza la l\u00e1mina de indio?<\/strong><br \/>\nR: La l\u00e1mina de indio se utiliza en semiconductores para transistores y circuitos integrados, en \u00f3ptica para reflectores y lentes, en protecci\u00f3n contra la radiaci\u00f3n para blindaje contra rayos X y nuclear, como catalizador, y en otras aplicaciones como bater\u00edas, c\u00e9lulas solares, sensores y diversas aleaciones y recubrimientos.<\/p>\n<p><strong>P2: \u00bfEs el indio un buen conductor del calor?<\/strong><br \/>\nR: Como metal altamente conductor del calor, el indio presenta una conductividad t\u00e9rmica significativamente mayor que los materiales de interfaz t\u00e9rmica (TIM) tradicionales. Por lo general, los TIM tienen una conductividad t\u00e9rmica de aproximadamente 3,8 W\/m\u2219K, mientras que el indio alcanza una conductividad t\u00e9rmica de hasta 82 W\/m\u2219K. Esta caracter\u00edstica permite que la l\u00e1mina de indio transfiera el calor de forma m\u00e1s eficaz, reduciendo as\u00ed la temperatura de funcionamiento de los dispositivos semiconductores y mejorando la estabilidad y fiabilidad del sistema.<\/p>\n<p><strong>P3: \u00bfQu\u00e9 grosor tiene la l\u00e1mina de indio?<\/strong><br \/>\nR: El grosor de la l\u00e1mina de indio var\u00eda en funci\u00f3n de la aplicaci\u00f3n. Nuestra empresa ofrece l\u00e1minas de indio con grosores que van desde 0,05 mm hasta 2 mm, y se pueden suministrar grosores personalizados bajo pedido, con una pureza \u226599,99 %. Para especificaciones concretas, p\u00f3ngase en contacto con nosotros para solicitar un presupuesto.<\/p>\n<p><strong>P4: \u00bfEs maleable la l\u00e1mina de indio?<\/strong><br \/>\nR: La l\u00e1mina met\u00e1lica de indio posee una excelente ductilidad, lo que permite estirarla hasta formar capas extremadamente finas sin que se rompa. Conserva su ductilidad incluso a bajas temperaturas; el indio es blando y resistente, adecuado para la mayor\u00eda de los materiales de sellado a temperaturas de funcionamiento normales, pero se rompe a -150 \u00b0C.<\/p>\n","protected":false},"excerpt":{"rendered":"<p>La l\u00e1mina de indio es una l\u00e1mina de metal de indio de alta pureza con buena conductividad el\u00e9ctrica y t\u00e9rmica, y se utiliza habitualmente en las industrias electr\u00f3nica y de semiconductores. VIMATERIAL se especializa en la producci\u00f3n de l\u00e1minas de indio, alambres de indio, perlas de indio , tiras de indio, blancos de indio, polvo [&hellip;]<\/p>\n","protected":false},"featured_media":1032167,"comment_status":"open","ping_status":"closed","template":"","meta":{"_acf_changed":false},"product_brand":[],"product_cat":[188],"product_tag":[292],"class_list":{"0":"post-1050932","1":"product","2":"type-product","3":"status-publish","4":"has-post-thumbnail","6":"product_cat-perfil","7":"product_tag-folio","9":"first","10":"instock","11":"shipping-taxable","12":"purchasable","13":"product-type-variable"},"acf":[],"_links":{"self":[{"href":"https:\/\/vimaterial.de\/es\/wp-json\/wp\/v2\/product\/1050932","targetHints":{"allow":["GET"]}}],"collection":[{"href":"https:\/\/vimaterial.de\/es\/wp-json\/wp\/v2\/product"}],"about":[{"href":"https:\/\/vimaterial.de\/es\/wp-json\/wp\/v2\/types\/product"}],"replies":[{"embeddable":true,"href":"https:\/\/vimaterial.de\/es\/wp-json\/wp\/v2\/comments?post=1050932"}],"wp:featuredmedia":[{"embeddable":true,"href":"https:\/\/vimaterial.de\/es\/wp-json\/wp\/v2\/media\/1032167"}],"wp:attachment":[{"href":"https:\/\/vimaterial.de\/es\/wp-json\/wp\/v2\/media?parent=1050932"}],"wp:term":[{"taxonomy":"product_brand","embeddable":true,"href":"https:\/\/vimaterial.de\/es\/wp-json\/wp\/v2\/product_brand?post=1050932"},{"taxonomy":"product_cat","embeddable":true,"href":"https:\/\/vimaterial.de\/es\/wp-json\/wp\/v2\/product_cat?post=1050932"},{"taxonomy":"product_tag","embeddable":true,"href":"https:\/\/vimaterial.de\/es\/wp-json\/wp\/v2\/product_tag?post=1050932"}],"curies":[{"name":"wp","href":"https:\/\/api.w.org\/{rel}","templated":true}]}}