{"id":1050898,"date":"2024-06-17T15:33:40","date_gmt":"2024-06-17T07:33:40","guid":{"rendered":"https:\/\/vimaterial.de\/product\/indio-metalico\/"},"modified":"2024-06-17T15:33:40","modified_gmt":"2024-06-17T07:33:40","slug":"indio-metalico","status":"publish","type":"product","link":"https:\/\/vimaterial.de\/es\/product\/indio-metalico\/","title":{"rendered":"Indio met\u00e1lico"},"content":{"rendered":"<p>Los blancos de pulverizaci\u00f3n de indio est\u00e1n compuestos principalmente por <span style=\"color: #0000ff;\"><a style=\"color: #0000ff;\" href=\"https:\/\/vimaterial.de\/es\/search\/?type=name&#038;keyword=Indium+metal\">indio met\u00e1lico<\/a><\/span><br \/>\n, que presenta una pureza muy elevada y se utiliza habitualmente para fabricar componentes clave en diversos dispositivos electr\u00f3nicos.<\/p>\n<p>VIMATERIAL se especializa en la producci\u00f3n de l\u00e1minas y hojas de indio, alambres de indio, perlas de indio, tiras de indio, blancos de indio, polvo de indio y otros productos de indio. Ofrecemos servicios de procesamiento con materiales suministrados por el cliente y mantenemos un stock de productos disponible durante todo el a\u00f1o. <span style=\"color: #0000ff;\"><a style=\"color: #0000ff;\" href=\"https:\/\/vimaterial.de\/es\/contacto\/\">P\u00f3ngase en contacto con nosotros<\/a><\/span><br \/>\npara obtener m\u00e1s informaci\u00f3n.<\/p>\n<h2><span style=\"font-size: 14pt;\">Propiedades<\/span><\/h2>\n<p>F\u00f3rmula molecular: In<\/p>\n<p>Masa molar: 114,8 g\/mol<\/p>\n<p>Aspecto: Blanco plateado<\/p>\n<p>Densidad: 7,31 g\/cm<sup>\u00b3<\/sup><br \/>\na 25 \u00b0C<\/p>\n<p>Punto de fusi\u00f3n: 156,6 \u00b0C<\/p>\n<p>Punto de ebullici\u00f3n: 2080 \u00b0C<\/p>\n<p>Coeficiente de expansi\u00f3n t\u00e9rmica (CTE): (25 \u00b0C) 32,1 \u03bcm\u00b7m\u207b\u00b9\u00b7K<sup>\u207b\u00b9<\/sup><br \/>\nConductividad t\u00e9rmica: 0,818 W\/cm\u00b7K a 298,2 K<\/p>\n<p>Resistividad: 8,37 \u03a9\u00b7m a 20 \u00b0C<\/p>\n<h2><span style=\"font-size: 14pt;\">\u00bfCu\u00e1l es la aplicaci\u00f3n de los blancos de pulverizaci\u00f3n de indio?<\/span><\/h2>\n<p>Sector de la electr\u00f3nica y los semiconductores: El indio y sus compuestos, como el InGaAs, se utilizan para fabricar dispositivos electr\u00f3nicos semiconductores, con velocidades de transporte de electrones varias veces m\u00e1s r\u00e1pidas que las del silicio. Los blancos de pulverizaci\u00f3n de indio tambi\u00e9n se utilizan en la producci\u00f3n de dispositivos como los transistores de efecto de campo de \u00f3xido met\u00e1lico-semiconductor (MOSFET), los transistores de efecto de campo de metal-semiconductor (MESFET) y los transistores de alta movilidad de electrones (HEMT).<\/p>\n<p>Optoelectr\u00f3nica y pantallas LCD: El indio se utiliza para producir blancos de ITO para pantallas de cristal l\u00edquido (LCD) y pantallas planas, lo que constituye el principal \u00e1mbito de consumo mundial de indio. Los blancos de aleaci\u00f3n de indio y esta\u00f1o se utilizan en la pulverizaci\u00f3n reactiva de corriente continua para crear pel\u00edculas delgadas de ITO, que se emplean en recubrimientos conductores transparentes para dispositivos electr\u00f3nicos como pantallas planas y pantallas t\u00e1ctiles.<\/p>\n<p>Aleaciones de bajo punto de fusi\u00f3n y aleaciones para rodamientos: El bajo punto de fusi\u00f3n del indio lo convierte en un componente importante de las aleaciones de bajo punto de fusi\u00f3n, que se utilizan habitualmente en soldaduras a baja temperatura, sensores de temperatura y termistores. El blanco de pulverizaci\u00f3n de indio tambi\u00e9n se utiliza en la producci\u00f3n de aleaciones para rodamientos.<\/p>\n<p>Materiales magn\u00e9ticos y \u00f3pticos: El blanco de indio se utiliza en la producci\u00f3n de materiales magn\u00e9ticos, como los blancos de aleaci\u00f3n TbFeCo necesarios para los discos \u00f3pticos magn\u00e9ticos. Adem\u00e1s, el indio tiene aplicaciones en materiales \u00f3pticos, donde se utiliza para fabricar lentes \u00f3pticas y ventanas para sistemas \u00f3pticos infrarrojos y l\u00e1seres.<\/p>\n<h2><span style=\"font-size: 14pt;\">Control de calidad<\/span><\/h2>\n<p>Nuestros productos se someten al sistema de gesti\u00f3n de calidad m\u00e1s riguroso. Existen estrictas normas de inspecci\u00f3n para los materiales entrantes, los procesos, las inspecciones finales y las inspecciones de f\u00e1brica. Se adoptar\u00e1n estrictas medidas de aislamiento para el procesamiento no conforme, a fin de evitar que los productos no conformes pasen al siguiente proceso. Se proporcionar\u00e1n muestras a los clientes de acuerdo con sus requisitos para una nueva inspecci\u00f3n.<\/p>\n<h2><span style=\"font-size: 14pt;\">Embalaje y almacenamiento<\/span><\/h2>\n<p>: Embalaje al vac\u00edo; la cantidad de embalaje se puede proporcionar seg\u00fan los requisitos del cliente y se puede embalar por separado.<\/p>\n<p>Los blancos de pulverizaci\u00f3n de indio deben sellarse y almacenarse en un entorno fresco y seco para evitar que reaccionen con la humedad y el ox\u00edgeno del aire.<\/p>\n<h2><span style=\"font-size: 14pt;\">Preguntas frecuentes<\/span><\/h2>\n<p><strong>P1: \u00bfPara qu\u00e9 se utiliza el blanco de pulverizaci\u00f3n de indio?<\/strong><br \/>\nR: Los blancos de indio se utilizan en electr\u00f3nica y semiconductores (por ejemplo, MOSFET, HEMT), optoelectr\u00f3nica y pantallas LCD para pel\u00edculas delgadas de ITO, aleaciones de bajo punto de fusi\u00f3n y para rodamientos, as\u00ed como en materiales magn\u00e9ticos y \u00f3pticos, como discos magn\u00e9ticos y lentes infrarrojas.<\/p>\n<p><strong>P2: \u00bfQu\u00e9 es la uni\u00f3n de blancos de indio?<\/strong><br \/>\nR: La pulverizaci\u00f3n de indio se refiere al proceso de utilizar indio (In) o sus aleaciones como soldadura en la deposici\u00f3n f\u00edsica de vapor (PVD) y otros procesos para unir firmemente el blanco de pulverizaci\u00f3n a una placa de soporte (normalmente un metal como el cobre o el molibdeno). Esta tecnolog\u00eda se utiliza principalmente para mejorar la conductividad t\u00e9rmica, la estabilidad mec\u00e1nica y la vida \u00fatil del blanco de pulverizaci\u00f3n, y es especialmente adecuada para blancos de pulverizaci\u00f3n fr\u00e1giles, costosos o de alta potencia.<\/p>\n<p><strong>P3: \u00bfSe pueden personalizar los blancos de pulverizaci\u00f3n de indio?<\/strong><br \/>\nR: S\u00ed, los blancos de pulverizaci\u00f3n de indio se pueden personalizar completamente para satisfacer los requisitos espec\u00edficos de cada aplicaci\u00f3n. Ofrecemos soluciones a medida en cuanto a niveles de pureza, dimensiones y formas para adaptarse a diferentes procesos y equipos de deposici\u00f3n. Tanto si necesita discos est\u00e1ndar, blancos rectangulares o geometr\u00edas especiales, nuestro equipo puede fabricarlos seg\u00fan sus planos t\u00e9cnicos y especificaciones. Esto garantiza un rendimiento, una compatibilidad y una eficiencia \u00f3ptimos para su aplicaci\u00f3n concreta.<\/p>\n<p><strong>P4: \u00bfCu\u00e1l es el plazo de producci\u00f3n?<\/strong><br \/>\nR: En stock: env\u00edo inmediato<\/p>\n<p>Productos est\u00e1ndar: generalmente de 2 a 4 semanas<\/p>\n<p>Productos personalizados: se determina en funci\u00f3n de los detalles requeridos<\/p>\n<p>Se pueden discutir requisitos especiales<\/p>\n","protected":false},"excerpt":{"rendered":"<p>Los blancos de pulverizaci\u00f3n de indio est\u00e1n compuestos principalmente por indio met\u00e1lico , que presenta una pureza muy elevada y se utiliza habitualmente para fabricar componentes clave en diversos dispositivos electr\u00f3nicos. VIMATERIAL se especializa en la producci\u00f3n de l\u00e1minas y hojas de indio, alambres de indio, perlas de indio, tiras de indio, blancos de indio, [&hellip;]<\/p>\n","protected":false},"featured_media":1032182,"comment_status":"open","ping_status":"closed","template":"","meta":{"_acf_changed":false},"product_brand":[],"product_cat":[178],"product_tag":[273],"class_list":{"0":"post-1050898","1":"product","2":"type-product","3":"status-publish","4":"has-post-thumbnail","6":"product_cat-catodos-para-sputtering-planar","7":"product_tag-catodos-metalicos-para-sputtering","9":"first","10":"instock","11":"shipping-taxable","12":"purchasable","13":"product-type-variable"},"acf":[],"_links":{"self":[{"href":"https:\/\/vimaterial.de\/es\/wp-json\/wp\/v2\/product\/1050898","targetHints":{"allow":["GET"]}}],"collection":[{"href":"https:\/\/vimaterial.de\/es\/wp-json\/wp\/v2\/product"}],"about":[{"href":"https:\/\/vimaterial.de\/es\/wp-json\/wp\/v2\/types\/product"}],"replies":[{"embeddable":true,"href":"https:\/\/vimaterial.de\/es\/wp-json\/wp\/v2\/comments?post=1050898"}],"wp:featuredmedia":[{"embeddable":true,"href":"https:\/\/vimaterial.de\/es\/wp-json\/wp\/v2\/media\/1032182"}],"wp:attachment":[{"href":"https:\/\/vimaterial.de\/es\/wp-json\/wp\/v2\/media?parent=1050898"}],"wp:term":[{"taxonomy":"product_brand","embeddable":true,"href":"https:\/\/vimaterial.de\/es\/wp-json\/wp\/v2\/product_brand?post=1050898"},{"taxonomy":"product_cat","embeddable":true,"href":"https:\/\/vimaterial.de\/es\/wp-json\/wp\/v2\/product_cat?post=1050898"},{"taxonomy":"product_tag","embeddable":true,"href":"https:\/\/vimaterial.de\/es\/wp-json\/wp\/v2\/product_tag?post=1050898"}],"curies":[{"name":"wp","href":"https:\/\/api.w.org\/{rel}","templated":true}]}}