{"id":1050709,"date":"2024-06-17T14:29:40","date_gmt":"2024-06-17T06:29:40","guid":{"rendered":"https:\/\/vimaterial.de\/product\/vanadio-metalico-7\/"},"modified":"2024-06-17T14:29:40","modified_gmt":"2024-06-17T06:29:40","slug":"vanadio-metalico-7","status":"publish","type":"product","link":"https:\/\/vimaterial.de\/es\/product\/vanadio-metalico-7\/","title":{"rendered":"Vanadio met\u00e1lico"},"content":{"rendered":"<p>La l\u00e1mina <span style=\"color: #0000ff;\"><a style=\"color: #0000ff;\" href=\"https:\/\/vimaterial.de\/es\/search\/?type=element&#038;keyword=V\">met\u00e1lica de vanadio<\/a><\/span><br \/>\nes una fina l\u00e1mina de vanadio, de color gris plateado, con brillo met\u00e1lico, textura flexible, buena conductividad el\u00e9ctrica y alto punto de fusi\u00f3n, con posibles aplicaciones en electr\u00f3nica, qu\u00edmica y metalurgia.<\/p>\n<p>VIMATERIAL es una empresa puntera dedicada a la innovaci\u00f3n en materiales qu\u00edmicos, especializada en materiales de alto rendimiento dise\u00f1ados para aplicaciones de ingenier\u00eda avanzada. Nuestros productos son de alta pureza y calidad; ofrecemos envases en lotes peque\u00f1os, cantidades m\u00ednimas de pedido reducidas, stock suficiente y personalizaci\u00f3n. Si tiene alguna necesidad, p\u00f3ngase <span style=\"color: #0000ff;\"><a style=\"color: #0000ff;\" href=\"https:\/\/vimaterial.de\/es\/contacto\/\">en contacto con nosotros<\/a><\/span><br \/>\n.<\/p>\n<h2><span style=\"font-size: 14pt;\">Propiedades<\/span><\/h2>\n<p>F\u00f3rmula molecular: V<\/p>\n<p>Peso molecular: 50,94 g\/mol<\/p>\n<p>Aspecto: Escamas de color gris plateado con brillo met\u00e1lico.<\/p>\n<p>Densidad: 6,0 g\/cm\u00b3<\/p>\n<p>Punto de fusi\u00f3n: 1910 \u00b0C<\/p>\n<p>Punto de ebullici\u00f3n: 3407 \u00b0C<\/p>\n<p>Estructura cristalina: Estructura c\u00fabica centrada en el cuerpo<\/p>\n<h2><span style=\"font-size: 14pt;\">Aplicaciones de la l\u00e1mina de vanadio<\/span><\/h2>\n<p>Electr\u00f3nica: La l\u00e1mina de vanadio se puede utilizar en la fabricaci\u00f3n de componentes electr\u00f3nicos, como materiales para electrodos, gracias a su buena conductividad el\u00e9ctrica, que favorece la transmisi\u00f3n eficiente de electrones entre los componentes y mejora el rendimiento de los equipos electr\u00f3nicos.<\/p>\n<p>Industria qu\u00edmica: La l\u00e1mina de vanadio puede utilizarse como soporte de catalizadores en dispositivos de reacci\u00f3n qu\u00edmica. Su gran superficie permite cargarla eficazmente con catalizadores para participar en diversas reacciones qu\u00edmicas y mejorar la eficiencia de la reacci\u00f3n.<\/p>\n<p>Industria metal\u00fargica: Como aditivo de aleaciones, la l\u00e1mina de vanadio puede fundirse con otros metales durante el proceso metal\u00fargico para mejorar la resistencia y la tenacidad de la aleaci\u00f3n, lo que se utiliza para producir materiales met\u00e1licos especiales de alta calidad.<\/p>\n<p>Energ\u00eda: En algunas nuevas tecnolog\u00edas de bater\u00edas, la l\u00e1mina de vanadio se puede utilizar para fabricar electrodos para bater\u00edas, aprovechando sus propiedades electroqu\u00edmicas especiales para almacenar y liberar electricidad de forma eficaz.<\/p>\n<p>Aeroespacial: Gracias a su alto punto de fusi\u00f3n y buena resistencia, la l\u00e1mina de vanadio se puede utilizar como capa protectora para piezas aeroespaciales, protegiendo la estructura interna de las altas temperaturas y la corrosi\u00f3n.<\/p>\n<h2><span style=\"font-size: 14pt;\">Control de calidad<\/span><\/h2>\n<p>:<br \/>\n<span style=\"color: #0000ff;\"><a style=\"color: #0000ff;\" href=\"https:\/\/vimaterial.de\/es\/control-de-calidad\/\">Nuestros productos<\/a><\/span><br \/>\nest\u00e1n sujetos a un estricto sistema de gesti\u00f3n de la calidad. Desde la recepci\u00f3n de materiales, pasando por el procesamiento y la inspecci\u00f3n final, hasta la inspecci\u00f3n en f\u00e1brica, se aplican estrictas normas de control. Se adoptan medidas de aislamiento rigurosas para el procesamiento no conforme, con el fin de evitar que los productos no conformes pasen al siguiente proceso. Se proporcionan muestras para que el cliente realice una nueva inspecci\u00f3n de acuerdo con sus requisitos.<\/p>\n<h2><span style=\"font-size: 14pt;\">Embalaje y almacenamiento<\/span><\/h2>\n<p>: Se envuelve con placas de PVC y, a continuaci\u00f3n, se coloca en bolsas selladas al vac\u00edo o en bolsas llenas de gas inerte. La capa exterior se empaqueta en una caja de PP, que a su vez se coloca en una caja de cart\u00f3n resistente o en una caja de madera.<\/p>\n<p>La l\u00e1mina de vanadio met\u00e1lico debe almacenarse en un entorno seco, fresco y bien ventilado, evitando el contacto con agua, \u00e1cidos fuertes, \u00e1lcalis fuertes y oxidantes fuertes, y al mismo tiempo evitando da\u00f1os mec\u00e1nicos; es preferible utilizar contenedores sellados para su almacenamiento.<\/p>\n<h2><span style=\"font-size: 14pt;\">Preguntas frecuentes<\/span><\/h2>\n<p><strong>P1: \u00bfPara qu\u00e9 se utiliza la l\u00e1mina de vanadio?<\/strong><br \/>\nR: La l\u00e1mina de vanadio es una forma procesada com\u00fan del vanadio met\u00e1lico de alta pureza. Presenta caracter\u00edsticas tales como un alto punto de fusi\u00f3n, buena ductilidad, resistencia a la corrosi\u00f3n y una secci\u00f3n transversal de captura reducida para neutrones r\u00e1pidos. Por lo tanto, se utiliza ampliamente en campos de alta tecnolog\u00eda como el aeroespacial, la energ\u00eda at\u00f3mica (industria nuclear), la industria electr\u00f3nica y de semiconductores, y los materiales de blindaje y protecci\u00f3n.<\/p>\n<p><strong>P2: \u00bfEs el vanadio un metal de transici\u00f3n?<\/strong><br \/>\nR: S\u00ed, el vanadio es un metal de transici\u00f3n. Los metales de transici\u00f3n son una clase de elementos met\u00e1licos con orbitales d o f parcialmente llenos. Se encuentran entre los elementos del bloque s y del bloque p en la tabla peri\u00f3dica y poseen propiedades qu\u00edmicas y f\u00edsicas \u00fanicas. El vanadio (V) tiene n\u00famero at\u00f3mico 23, se encuentra en el grupo VB del periodo 4 y tiene una configuraci\u00f3n electr\u00f3nica de [Ar] 3d\u00b3 4s\u00b2, lo que muestra orbitales d parcialmente llenos, lo que cumple con la definici\u00f3n de metal de transici\u00f3n.<\/p>\n<p><strong>P3: \u00bfEs t\u00f3xico el vanadio?<\/strong><br \/>\nR: El vanadio es un elemento met\u00e1lico presente en la naturaleza. Una exposici\u00f3n moderada no supone ning\u00fan da\u00f1o significativo para el cuerpo humano, pero una ingesta excesiva puede suponer riesgos para la salud. El vanadio se encuentra ampliamente en el suelo, el agua y algunos alimentos en la naturaleza. La ingesta diaria en humanos suele ser baja, principalmente a trav\u00e9s de la dieta y la exposici\u00f3n laboral.<\/p>\n<p><strong>P4: \u00bfCu\u00e1l es el plazo de entrega de la l\u00e1mina de vanadio?<\/strong><br \/>\nR: En stock: env\u00edo inmediato<\/p>\n<p>Productos est\u00e1ndar: generalmente de 2 a 4 semanas<\/p>\n<p>Productos personalizados: se determina en funci\u00f3n de los detalles requeridos<\/p>\n<p>Se pueden discutir requisitos especiales.<\/p>\n","protected":false},"excerpt":{"rendered":"<p>La l\u00e1mina met\u00e1lica de vanadio es una fina l\u00e1mina de vanadio, de color gris plateado, con brillo met\u00e1lico, textura flexible, buena conductividad el\u00e9ctrica y alto punto de fusi\u00f3n, con posibles aplicaciones en electr\u00f3nica, qu\u00edmica y metalurgia. VIMATERIAL es una empresa puntera dedicada a la innovaci\u00f3n en materiales qu\u00edmicos, especializada en materiales de alto rendimiento dise\u00f1ados [&hellip;]<\/p>\n","protected":false},"featured_media":1000940,"comment_status":"open","ping_status":"closed","template":"","meta":{"_acf_changed":false},"product_brand":[],"product_cat":[188],"product_tag":[274],"class_list":{"0":"post-1050709","1":"product","2":"type-product","3":"status-publish","4":"has-post-thumbnail","6":"product_cat-perfil","7":"product_tag-vanadio-metalico","9":"first","10":"instock","11":"shipping-taxable","12":"product-type-variable"},"acf":[],"_links":{"self":[{"href":"https:\/\/vimaterial.de\/es\/wp-json\/wp\/v2\/product\/1050709","targetHints":{"allow":["GET"]}}],"collection":[{"href":"https:\/\/vimaterial.de\/es\/wp-json\/wp\/v2\/product"}],"about":[{"href":"https:\/\/vimaterial.de\/es\/wp-json\/wp\/v2\/types\/product"}],"replies":[{"embeddable":true,"href":"https:\/\/vimaterial.de\/es\/wp-json\/wp\/v2\/comments?post=1050709"}],"wp:featuredmedia":[{"embeddable":true,"href":"https:\/\/vimaterial.de\/es\/wp-json\/wp\/v2\/media\/1000940"}],"wp:attachment":[{"href":"https:\/\/vimaterial.de\/es\/wp-json\/wp\/v2\/media?parent=1050709"}],"wp:term":[{"taxonomy":"product_brand","embeddable":true,"href":"https:\/\/vimaterial.de\/es\/wp-json\/wp\/v2\/product_brand?post=1050709"},{"taxonomy":"product_cat","embeddable":true,"href":"https:\/\/vimaterial.de\/es\/wp-json\/wp\/v2\/product_cat?post=1050709"},{"taxonomy":"product_tag","embeddable":true,"href":"https:\/\/vimaterial.de\/es\/wp-json\/wp\/v2\/product_tag?post=1050709"}],"curies":[{"name":"wp","href":"https:\/\/api.w.org\/{rel}","templated":true}]}}