{"id":1050565,"date":"2024-06-17T14:29:43","date_gmt":"2024-06-17T06:29:43","guid":{"rendered":"https:\/\/vimaterial.de\/product\/vanadio-metalico\/"},"modified":"2024-06-17T14:29:43","modified_gmt":"2024-06-17T06:29:43","slug":"vanadio-metalico","status":"publish","type":"product","link":"https:\/\/vimaterial.de\/es\/product\/vanadio-metalico\/","title":{"rendered":"Vanadio met\u00e1lico"},"content":{"rendered":"<p>El blanco de pulverizaci\u00f3n <span style=\"color: #0000ff;\"><a style=\"color: #0000ff;\" href=\"https:\/\/vimaterial.de\/es\/product\/vanadio-metalico-7\/\">de vanadio<\/a><\/span><br \/>\nes un material compuesto principalmente por vanadio met\u00e1lico que se utiliza en el proceso de pulverizaci\u00f3n, mediante el cual los \u00e1tomos de vanadio se depositan sobre un sustrato por bombardeo i\u00f3nico para formar una pel\u00edcula delgada. Se emplea en la industria aeroespacial para la preparaci\u00f3n de recubrimientos de aleaciones resistentes a altas temperaturas, en la industria electr\u00f3nica para la fabricaci\u00f3n de materiales para electrodos y pel\u00edculas delgadas superconductoras, as\u00ed como en la industria energ\u00e9tica para la producci\u00f3n de pel\u00edculas delgadas funcionales destinadas a dispositivos de almacenamiento de energ\u00eda.<\/p>\n<p><span style=\"color: #0000ff;\"><a style=\"color: #0000ff;\" href=\"https:\/\/vimaterial.de\/es\/sobre-nosotros\/\">VIMATERIAL<\/a><\/span><br \/>\nofrece una amplia gama de blancos de pulverizaci\u00f3n de vanadio. Los blancos de pulverizaci\u00f3n de vanadio suministrados por nuestra empresa se caracterizan por su alta pureza, alta densidad y uniformidad de grano. Nuestra empresa puede proporcionar un servicio de uni\u00f3n de blancos; somos un proveedor profesional de materias primas qu\u00edmicas inorg\u00e1nicas. P\u00f3ngase <span style=\"color: #0000ff;\"><a style=\"color: #0000ff;\" href=\"https:\/\/vimaterial.de\/es\/contacto\/\">en contacto con nosotros<\/a><\/span><br \/>\npara cualquier necesidad que tenga.<\/p>\n<h2><span style=\"font-size: 14pt;\">Propiedades f\u00edsicas<\/span><\/h2>\n<p>F\u00f3rmula molecular: V<\/p>\n<p>Peso molecular: 50,94 g\/mol<\/p>\n<p>Aspecto: Gris plateado<\/p>\n<p>Densidad: 6,0 g\/cm\u00b3<\/p>\n<p>Punto de fusi\u00f3n: 1910 \u00b0C<\/p>\n<p>Punto de ebullici\u00f3n: 3380 \u00b0C<\/p>\n<p>Estructura cristalina: cristal c\u00fabico centrado en el cuerpo<\/p>\n<h2><span style=\"font-size: 14pt;\">Aplicaciones del blanco de pulverizaci\u00f3n de vanadio<\/span><\/h2>\n<p>Sector de los semiconductores: el blanco de pulverizaci\u00f3n de vanadio se utiliza en la fabricaci\u00f3n de chips semiconductores, donde puede formar capas conductoras, capas de barrera y puertas met\u00e1licas en la fabricaci\u00f3n de obleas, etc., para garantizar una conductividad y un aislamiento eficientes dentro del chip.<\/p>\n<p>Pantallas: En la industria de las pantallas planas, los blancos de pulverizaci\u00f3n de V se utilizan para preparar pel\u00edculas funcionales, como pel\u00edculas conductoras transparentes, que ayudan a mejorar la conductividad, la transmitancia de la luz y el efecto de visualizaci\u00f3n de los paneles de pantalla.<\/p>\n<p>Energ\u00eda: En las bater\u00edas de nueva generaci\u00f3n, como las de iones de litio, los blancos de pulverizaci\u00f3n de V pueden utilizarse para preparar pel\u00edculas finas de materiales de electrodos, lo que puede mejorar el rendimiento de carga y descarga y la vida \u00fatil de las bater\u00edas.<\/p>\n<p>Almacenamiento: Los blancos de pulverizaci\u00f3n cat\u00f3dica de V pueden utilizarse en la preparaci\u00f3n de pel\u00edculas finas para dispositivos de almacenamiento de informaci\u00f3n magn\u00e9tica, magneto\u00f3ptica y totalmente \u00f3ptica, lo que puede ayudar a mejorar la densidad y la estabilidad del almacenamiento.<\/p>\n<p>\u00d3ptica: Los blancos de pulverizaci\u00f3n cat\u00f3dica de V pueden utilizarse para preparar pel\u00edculas finas con funciones reflectantes, antirreflectantes y de filtrado de luz para lentes \u00f3pticas, ventanas inteligentes y otros productos, con el fin de satisfacer diferentes necesidades \u00f3pticas.<\/p>\n<h2><span style=\"font-size: 14pt;\">Control de calidad<\/span><\/h2>\n<p>:<br \/>\n<span style=\"color: #0000ff;\"><a style=\"color: #0000ff;\" href=\"https:\/\/vimaterial.de\/es\/control-de-calidad\/\">Cada lote<\/a><\/span><br \/>\nde productos sigue estrictos principios de control de calidad, garantizando que cada lote de materiales, desde la compra de materias primas, pasando por el procesamiento, hasta los productos terminados que salen del almac\u00e9n, cuente con instrumentos avanzados, normas de inspecci\u00f3n estrictas y registros de inspecci\u00f3n perfectos para asegurar que se pueda controlar la calidad del producto y su trazabilidad; adem\u00e1s, cada lote de productos va acompa\u00f1ado de informes MSDS, COA, TDS, PSD y XRD, entre otros. Tambi\u00e9n proporcionamos muestras de cada lote de productos. Cada lote de productos proporcionar\u00e1 muestras a los clientes y tambi\u00e9n les ayudar\u00e1 a solicitar a organismos de ensayo independientes que comprueben los productos.<\/p>\n<h2><span style=\"font-size: 14pt;\">Embalaje y almacenamiento<\/span><\/h2>\n<p>El blanco de pulverizaci\u00f3n de vanadio se embala en una caja con doble bolsa de vac\u00edo y una caja de cart\u00f3n exterior.<\/p>\n<p>El blanco de pulverizaci\u00f3n de vanadio debe almacenarse en un entorno seco, fresco y bien ventilado para evitar la humedad, la oxidaci\u00f3n y los da\u00f1os f\u00edsicos, y debe mantenerse alejado del fuego y de sustancias altamente corrosivas.<\/p>\n<h2><span style=\"font-size: 14pt;\">Preguntas frecuentes<\/span><\/h2>\n<p><strong>P1: \u00bfEs el vanadio un metal de transici\u00f3n?<\/strong><br \/>\nR: S\u00ed, el vanadio es un metal de transici\u00f3n. Los metales de transici\u00f3n son una clase de elementos met\u00e1licos con orbitales d o f parcialmente llenos. Se encuentran entre los elementos del bloque s y del bloque p en la tabla peri\u00f3dica y poseen propiedades qu\u00edmicas y f\u00edsicas \u00fanicas. El vanadio (V) tiene n\u00famero at\u00f3mico 23, se encuentra en el grupo VB del periodo 4 y tiene una configuraci\u00f3n electr\u00f3nica de [Ar] 3d\u00b3 4s\u00b2, lo que muestra orbitales d parcialmente llenos, lo que cumple con la definici\u00f3n de metal de transici\u00f3n.<\/p>\n<p><strong>P2: \u00bfPara qu\u00e9 se utiliza el vanadio?<\/strong><br \/>\nR: El vanadio es un elemento met\u00e1lico muy utilizado con importantes aplicaciones en la industria sider\u00fargica, la metalurgia, la industria qu\u00edmica, la industria aeroespacial, la defensa, la medicina, los pigmentos, el vidrio y las bater\u00edas de nuevas energ\u00edas. Se le conoce como la \u00abvitamina met\u00e1lica\u00bb, el \u00abpan qu\u00edmico\u00bb y el \u00abglutamato monos\u00f3dico de la industria moderna\u00bb.<\/p>\n<p><strong>P3: \u00bfEs t\u00f3xico el vanadio?<\/strong><br \/>\nR: El vanadio es un elemento met\u00e1lico presente en la naturaleza. Una exposici\u00f3n moderada no supone ning\u00fan da\u00f1o significativo para el cuerpo humano, pero una ingesta excesiva puede suponer riesgos para la salud. El vanadio se encuentra ampliamente en el suelo, el agua y algunos alimentos en la naturaleza. La ingesta diaria en humanos suele ser baja, principalmente a trav\u00e9s de la dieta y la exposici\u00f3n laboral.<\/p>\n<p><strong>P4: \u00bfD\u00f3nde se puede comprar vanadio met\u00e1lico?<\/strong><\/p>\n<p>R: VIMATERIAL ofrece blancos de pulverizaci\u00f3n de vanadio de alta pureza, part\u00edculas de vanadio y polvo de vanadio. La pureza y el tama\u00f1o se pueden personalizar. <span style=\"color: #0000ff;\"><a style=\"color: #0000ff;\" href=\"https:\/\/vimaterial.de\/es\/contacto\/\">P\u00f3ngase en contacto con nosotros<\/a><\/span><br \/>\npara obtener m\u00e1s informaci\u00f3n. Correo electr\u00f3nico: <span style=\"color: #0000ff;\"><a style=\"color: #0000ff;\" href=\"mailto:info@vimaterial.de\">info@vimaterial.de<\/a><\/span><br \/>\n. Tel.: <span style=\"color: #0000ff;\"><a style=\"color: #0000ff;\" href=\"tel:0049-1626484175\">0049-1626484175<\/a><\/span><\/p>\n","protected":false},"excerpt":{"rendered":"<p>El blanco de pulverizaci\u00f3n de vanadio es un material compuesto principalmente por vanadio met\u00e1lico que se utiliza en el proceso de pulverizaci\u00f3n, mediante el cual los \u00e1tomos de vanadio se depositan sobre un sustrato por bombardeo i\u00f3nico para formar una pel\u00edcula delgada. Se emplea en la industria aeroespacial para la preparaci\u00f3n de recubrimientos de aleaciones [&hellip;]<\/p>\n","protected":false},"featured_media":1000994,"comment_status":"open","ping_status":"closed","template":"","meta":{"_acf_changed":false},"product_brand":[],"product_cat":[178],"product_tag":[273,274],"class_list":{"0":"post-1050565","1":"product","2":"type-product","3":"status-publish","4":"has-post-thumbnail","6":"product_cat-catodos-para-sputtering-planar","7":"product_tag-catodos-metalicos-para-sputtering","8":"product_tag-vanadio-metalico","10":"first","11":"instock","12":"shipping-taxable","13":"purchasable","14":"product-type-variable"},"acf":[],"_links":{"self":[{"href":"https:\/\/vimaterial.de\/es\/wp-json\/wp\/v2\/product\/1050565","targetHints":{"allow":["GET"]}}],"collection":[{"href":"https:\/\/vimaterial.de\/es\/wp-json\/wp\/v2\/product"}],"about":[{"href":"https:\/\/vimaterial.de\/es\/wp-json\/wp\/v2\/types\/product"}],"replies":[{"embeddable":true,"href":"https:\/\/vimaterial.de\/es\/wp-json\/wp\/v2\/comments?post=1050565"}],"wp:featuredmedia":[{"embeddable":true,"href":"https:\/\/vimaterial.de\/es\/wp-json\/wp\/v2\/media\/1000994"}],"wp:attachment":[{"href":"https:\/\/vimaterial.de\/es\/wp-json\/wp\/v2\/media?parent=1050565"}],"wp:term":[{"taxonomy":"product_brand","embeddable":true,"href":"https:\/\/vimaterial.de\/es\/wp-json\/wp\/v2\/product_brand?post=1050565"},{"taxonomy":"product_cat","embeddable":true,"href":"https:\/\/vimaterial.de\/es\/wp-json\/wp\/v2\/product_cat?post=1050565"},{"taxonomy":"product_tag","embeddable":true,"href":"https:\/\/vimaterial.de\/es\/wp-json\/wp\/v2\/product_tag?post=1050565"}],"curies":[{"name":"wp","href":"https:\/\/api.w.org\/{rel}","templated":true}]}}