{"id":1050410,"date":"2024-06-17T15:47:24","date_gmt":"2024-06-17T07:47:24","guid":{"rendered":"https:\/\/vimaterial.de\/product\/oxido-de-hafnio-4\/"},"modified":"2024-06-17T15:47:24","modified_gmt":"2024-06-17T07:47:24","slug":"oxido-de-hafnio-4","status":"publish","type":"product","link":"https:\/\/vimaterial.de\/es\/product\/oxido-de-hafnio-4\/","title":{"rendered":"\u00d3xido de hafnio"},"content":{"rendered":"<p><span style=\"color: #0000ff;\"><a style=\"color: #0000ff;\" href=\"https:\/\/vimaterial.de\/es\/search\/?type=element&#038;keyword=HfO2\">\u00d3xido de hafnio<\/a><\/span> son sustancias granulares compuestas de hafnio y ox\u00edgeno, generalmente de color blanco o negro, con elevados puntos de fusi\u00f3n, altas constantes diel\u00e9ctricas, buena estabilidad qu\u00edmica y propiedades \u00f3pticas, que desempe\u00f1an un papel importante en los semiconductores, la \u00f3ptica, la cer\u00e1mica y muchos otros campos.<\/p>\n<p><span style=\"color: #0000ff;\"><a style=\"color: #0000ff;\" href=\"https:\/\/vimaterial.de\/es\/sobre-nosotros\/\">VIMATERIAL<\/a><\/span> ofrece part\u00edculas de \u00f3xido de hafnio de gran pureza, personalizables en diferentes tama\u00f1os para satisfacer sus necesidades. <span style=\"color: #0000ff;\"><a style=\"color: #0000ff;\" href=\"https:\/\/vimaterial.de\/es\/contacto\/\">P\u00f3ngase en contacto con nosotros<\/a><\/span> para m\u00e1s informaci\u00f3n.<\/p>\n<h2><span style=\"font-size: 14pt;\">Propiedades f\u00edsicas<\/span><\/h2>\n<p>Aspecto: polvo generalmente blanco.<\/p>\n<p>Densidad: Densidad relativamente alta, alrededor de 9,68 g\/cm\u00b3, en los materiales cer\u00e1micos de \u00f3xido pertenecen a la categor\u00eda de mayor densidad.<\/p>\n<p>Punto de fusi\u00f3n: punto de fusi\u00f3n de hasta 2182 \u2103, con una elevada estabilidad t\u00e9rmica, capaz de mantener la estabilidad en entornos de alta temperatura.<\/p>\n<p>Dureza: Su mayor dureza le confiere una buena resistencia a la abrasi\u00f3n y al rayado, por lo que puede utilizarse en aplicaciones como revestimientos resistentes al desgaste.<\/p>\n<p>Solubilidad: Insoluble en agua, \u00e1cido clorh\u00eddrico y \u00e1cido n\u00edtrico, pero soluble en \u00e1cido sulf\u00farico concentrado y \u00e1cido fluorh\u00eddrico.<\/p>\n<h2><span style=\"font-size: 14pt;\">Caracter\u00edsticas del \u00f3xido de hafnio<\/span><\/h2>\n<p>Estabilidad: Es relativamente estable a temperatura y presi\u00f3n ambiente, y no es f\u00e1cil que tenga reacciones qu\u00edmicas con otras sustancias, pero en condiciones especiales como alta temperatura, \u00e1cido fuerte o \u00e1lcali fuerte, pueden producirse ciertas reacciones qu\u00edmicas.<\/p>\n<p>Propiedades \u00f3pticas: buenas propiedades \u00f3pticas, alta transmitancia en un cierto rango de longitud de onda, rango de transmitancia de alrededor de 220 ~ 12000nm, \u00edndice de refracci\u00f3n en diferentes longitudes de onda, por ejemplo, en los 250nm cuando el \u00edndice de refracci\u00f3n de alrededor de 2,15, 500nm cuando alrededor de 2.<\/p>\n<p>Caracter\u00edsticas el\u00e9ctricas: Tiene alta constante diel\u00e9ctrica, lo que lo hace potencialmente valioso en el campo de los semiconductores, y se puede utilizar para la preparaci\u00f3n de pel\u00edculas con alta constante diel\u00e9ctrica, como en el diel\u00e9ctrico de puerta y otras aplicaciones.<\/p>\n<h2><span style=\"font-size: 14pt;\">Aplicaciones de los gr\u00e1nulos de \u00f3xido de hafnio<\/span><\/h2>\n<h3><span style=\"font-size: 12pt;\">Campo de los semiconductores<\/span><\/h3>\n<ul>\n<li>Diel\u00e9ctricos de puerta: Una constante diel\u00e9ctrica elevada mejora el rendimiento del transistor y el escalado en CMOS.<\/li>\n<li>Dispositivos de memoria: Las propiedades ferroel\u00e9ctricas permiten la memoria no vol\u00e1til (por ejemplo, FeRAM).<\/li>\n<li>Capa de bloqueo: Evita la difusi\u00f3n de impurezas, mejorando la fiabilidad del dispositivo.<\/li>\n<\/ul>\n<h3><span style=\"font-size: 12pt;\">Campo \u00f3ptico<\/span><\/h3>\n<ul>\n<li>Pel\u00edculas \u00f3pticas: alto \u00edndice de refracci\u00f3n y bajas p\u00e9rdidas, utilizadas en lentes, l\u00e1seres y c\u00e9lulas solares.<\/li>\n<li>Gu\u00edas de ondas \u00f3pticas: Proporcionan una transmisi\u00f3n de se\u00f1ales estable y de bajas p\u00e9rdidas en sistemas \u00f3pticos.<\/li>\n<\/ul>\n<h3><span style=\"font-size: 12pt;\">Campo de los catalizadores<\/span><\/h3>\n<ul>\n<li>Pilas de combustible y producci\u00f3n de hidr\u00f3geno: Puede actuar como catalizador estable, ayudando a reducir costes y mejorar la eficiencia.<\/li>\n<\/ul>\n<h3><span style=\"font-size: 12pt;\">Materiales de alta temperatura<\/span><\/h3>\n<ul>\n<li>Recubrimientos de alta temperatura: Ofrecen resistencia al calor, la oxidaci\u00f3n y el desgaste (por ejemplo, en el sector aeroespacial).<\/li>\n<li>Cer\u00e1mica: Se utiliza en componentes cer\u00e1micos fuertes y resistentes al calor.<\/li>\n<\/ul>\n<h3><span style=\"font-size: 12pt;\">Transductores ultras\u00f3nicos<\/span><\/h3>\n<ul>\n<li>Capa de adaptaci\u00f3n: Mejora la adaptaci\u00f3n ac\u00fastica y aumenta la eficacia de la se\u00f1al.<\/li>\n<\/ul>\n<h2><span style=\"font-size: 14pt;\">Embalaje y almacenamiento<\/span><\/h2>\n<h3><span style=\"font-size: 12pt;\">Envasado:<\/span><\/h3>\n<p>Los gr\u00e1nulos de \u00f3xido de hafnio se envasan normalmente en bolsas antiest\u00e1ticas selladas al vac\u00edo y, a continuaci\u00f3n, se colocan en contenedores acolchados duraderos para mayor seguridad. El envase indica claramente el nombre del material, la pureza, el tama\u00f1o de las part\u00edculas y el n\u00famero de lote para garantizar la trazabilidad y la calidad.<\/p>\n<h3><span style=\"font-size: 12pt;\">Almacenamiento:<\/span><\/h3>\n<p>Los gr\u00e1nulos de \u00f3xido de hafnio deben almacenarse en un entorno limpio, seco y bien ventilado, lejos de la humedad, el polvo y las sustancias corrosivas. Se recomienda mantener el material sellado en su envase original hasta su uso. Evite el contacto directo con las manos desnudas; utilice guantes o herramientas limpias para mantener la pureza. Unas condiciones de almacenamiento adecuadas ayudan a mantener la calidad y el rendimiento de los gr\u00e1nulos durante mucho tiempo.<\/p>\n<h2><span style=\"font-size: 14pt;\">Preguntas frecuentes<\/span><\/h2>\n<p>P1: \u00bfQu\u00e9 es el \u00f3xido de hafnio?<\/p>\n<p>R: El \u00f3xido de hafnio (HfO\u2082) es un compuesto inorg\u00e1nico formado por hafnio y ox\u00edgeno. Es un importante material funcional perteneciente a la familia de los \u00f3xidos de metales de transici\u00f3n. Posee un alto punto de fusi\u00f3n (aproximadamente 2810\u2103), una gran dureza (dureza Mohs 6,5-7,5) y una excelente estabilidad qu\u00edmica, siendo pr\u00e1cticamente insoluble en agua y en la mayor\u00eda de los \u00e1cidos (excepto el \u00e1cido fluorh\u00eddrico) a temperatura ambiente. Estas propiedades lo convierten en un material fundamental en materiales de alta temperatura, revestimientos \u00f3pticos y dispositivos electr\u00f3nicos.<\/p>\n<p>P2: \u00bfPara qu\u00e9 se utiliza el \u00f3xido de hafnio?<\/p>\n<p>R: El \u00f3xido de hafnio (HfO\u2082) es un importante compuesto inorg\u00e1nico. Debido a su elevada secci\u00f3n transversal de absorci\u00f3n de neutrones t\u00e9rmicos, es un material clave para las barras de control de los reactores nucleares y tambi\u00e9n tiene amplias aplicaciones en semiconductores, \u00f3ptica y tecnolog\u00edas avanzadas de memoria.<\/p>\n<p>Energ\u00eda nuclear e ingenier\u00eda de altas temperaturas: Barras de control de reactores nucleares y materiales de protecci\u00f3n, materiales refractarios y de revestimiento de alta temperatura, preparaci\u00f3n y precursores del hafnio met\u00e1lico.<\/p>\n<p>Semiconductores y microelectr\u00f3nica: Capas diel\u00e9ctricas de compuerta de transistores, aplicaciones de memoria, otros componentes electr\u00f3nicos.<\/p>\n<p>\u00d3ptica y materiales multifuncionales: Recubrimientos \u00f3pticos y materiales l\u00e1ser, cer\u00e1micas y catalizadores, materiales funcionales especiales.<\/p>\n<p>P3: \u00bfEs t\u00f3xico el \u00f3xido de hafnio?<\/p>\n<p>R: El \u00f3xido de hafnio es relativamente seguro en condiciones normales, pero su forma en polvo puede irritar el sistema respiratorio. Utilice una mascarilla protectora al manipularlo para evitar inhalar el polvo. En caso de contacto significativo, enjuagar la piel con agua; si entra en contacto con los ojos, buscar atenci\u00f3n m\u00e9dica inmediata. Almacenar en lugar seco, lejos de \u00e1cidos y \u00e1lcalis fuertes.<\/p>\n<p>P4: \u00bfSe pueden personalizar los gr\u00e1nulos de \u00f3xido de hafnio?<\/p>\n<p>R: S\u00ed, los gr\u00e1nulos de \u00f3xido de hafnio (HfO2) pueden personalizarse para satisfacer requisitos de aplicaci\u00f3n espec\u00edficos. Ofrecemos opciones flexibles de personalizaci\u00f3n, incluidos niveles de pureza, distribuci\u00f3n de tama\u00f1os y especificaciones de envasado. Tanto si necesita gr\u00e1nulos est\u00e1ndar como tama\u00f1os a medida para procesos concretos, podemos producir seg\u00fan sus requisitos t\u00e9cnicos o planos. Esto garantiza un rendimiento y una compatibilidad \u00f3ptimos para la aplicaci\u00f3n prevista.<\/p>\n","protected":false},"excerpt":{"rendered":"<p>\u00d3xido de hafnio son sustancias granulares compuestas de hafnio y ox\u00edgeno, generalmente de color blanco o negro, con elevados puntos de fusi\u00f3n, altas constantes diel\u00e9ctricas, buena estabilidad qu\u00edmica y propiedades \u00f3pticas, que desempe\u00f1an un papel importante en los semiconductores, la \u00f3ptica, la cer\u00e1mica y muchos otros campos. VIMATERIAL ofrece part\u00edculas de \u00f3xido de hafnio de [&hellip;]<\/p>\n","protected":false},"featured_media":1050426,"comment_status":"open","ping_status":"closed","template":"","meta":{"_acf_changed":false},"product_brand":[],"product_cat":[179],"product_tag":[],"class_list":{"0":"post-1050410","1":"product","2":"type-product","3":"status-publish","4":"has-post-thumbnail","6":"product_cat-materiales-de-evaporacion","8":"first","9":"instock","10":"shipping-taxable","11":"purchasable","12":"product-type-variable"},"acf":[],"_links":{"self":[{"href":"https:\/\/vimaterial.de\/es\/wp-json\/wp\/v2\/product\/1050410","targetHints":{"allow":["GET"]}}],"collection":[{"href":"https:\/\/vimaterial.de\/es\/wp-json\/wp\/v2\/product"}],"about":[{"href":"https:\/\/vimaterial.de\/es\/wp-json\/wp\/v2\/types\/product"}],"replies":[{"embeddable":true,"href":"https:\/\/vimaterial.de\/es\/wp-json\/wp\/v2\/comments?post=1050410"}],"wp:featuredmedia":[{"embeddable":true,"href":"https:\/\/vimaterial.de\/es\/wp-json\/wp\/v2\/media\/1050426"}],"wp:attachment":[{"href":"https:\/\/vimaterial.de\/es\/wp-json\/wp\/v2\/media?parent=1050410"}],"wp:term":[{"taxonomy":"product_brand","embeddable":true,"href":"https:\/\/vimaterial.de\/es\/wp-json\/wp\/v2\/product_brand?post=1050410"},{"taxonomy":"product_cat","embeddable":true,"href":"https:\/\/vimaterial.de\/es\/wp-json\/wp\/v2\/product_cat?post=1050410"},{"taxonomy":"product_tag","embeddable":true,"href":"https:\/\/vimaterial.de\/es\/wp-json\/wp\/v2\/product_tag?post=1050410"}],"curies":[{"name":"wp","href":"https:\/\/api.w.org\/{rel}","templated":true}]}}