{"id":1050277,"date":"2024-06-17T15:19:45","date_gmt":"2024-06-17T07:19:45","guid":{"rendered":"https:\/\/vimaterial.de\/product\/oxido-de-itrio\/"},"modified":"2024-06-17T15:19:45","modified_gmt":"2024-06-17T07:19:45","slug":"oxido-de-itrio","status":"publish","type":"product","link":"https:\/\/vimaterial.de\/es\/product\/oxido-de-itrio\/","title":{"rendered":"\u00d3xido de itrio"},"content":{"rendered":"<p><span style=\"color: #0000ff;\"><a style=\"color: #0000ff;\" href=\"https:\/\/vimaterial.de\/es\/search\/?type=name&#038;keyword=y2o3\">\u00d3xido de itrio<\/a><\/span> es un polvo blanco de \u00f3xido de tierras raras con f\u00f3rmula qu\u00edmica Y\u2082O\u2083, tiene las caracter\u00edsticas de alto punto de fusi\u00f3n, insoluble en agua y \u00e1lcali, soluble en \u00e1cido, etc., es ampliamente utilizado en el campo de la electr\u00f3nica, cer\u00e1mica, aleaciones y as\u00ed sucesivamente.<\/p>\n<p><span style=\"color: #0000ff;\"><a style=\"color: #0000ff;\" href=\"https:\/\/vimaterial.de\/es\/sobre-nosotros\/\">VIMATERIAL<\/a><\/span> ofrece polvo de \u00f3xido de itrio de gran pureza, que puede personalizarse con tama\u00f1os superiores y diferentes granulometr\u00edas para satisfacer sus necesidades. Tambi\u00e9n ofrecemos gr\u00e1nulos de \u00f3xido de itrio y c\u00e1todos de \u00f3xido de itrio. <span style=\"color: #0000ff;\"><a style=\"color: #0000ff;\" href=\"https:\/\/vimaterial.de\/es\/contacto\/\">P\u00f3ngase en contacto con nosotros<\/a><\/span> para obtener m\u00e1s informaci\u00f3n.<\/p>\n<h2><span style=\"font-size: 14pt;\">Propiedades<\/span><\/h2>\n<p>F\u00f3rmula qu\u00edmica: Y\u2082O\u2083<\/p>\n<p>Peso molecular: 225,81 g\/mol<\/p>\n<p>N\u00ba CAS: 1314-36-9<\/p>\n<p>Aspecto: Blanco<\/p>\n<p>Densidad: 5,01g\/cm\u00b3.<\/p>\n<p>Punto de fusi\u00f3n: 2410\u2103<\/p>\n<p>Solubilidad: insoluble en agua y \u00e1lcali, soluble en \u00e1cido.<\/p>\n<h2><span style=\"font-size: 14pt;\">Aplicaciones del polvo de \u00f3xido de itrio<\/span><\/h2>\n<p><strong>En el campo aeroespacial:<\/strong> El polvo de \u00f3xido de itrio se utiliza habitualmente para fabricar revestimientos y materiales estructurales resistentes a altas temperaturas. Su tama\u00f1o de part\u00edcula a nanoescala puede mejorar la densidad del revestimiento y bloquear eficazmente la corrosi\u00f3n de los gases a alta temperatura.<\/p>\n<p><strong>En la fundici\u00f3n de metales:<\/strong> Como aditivo, puede refinar la estructura del grano y mejorar la resistencia de las aleaciones.<\/p>\n<p><strong>En investigaci\u00f3n de laboratorio:<\/strong> El \u00f3xido de itrio de gran pureza es una materia prima importante para la preparaci\u00f3n de materiales fluorescentes y catalizadores, como para la s\u00edntesis de cristales l\u00e1ser de granate de itrio y aluminio (YAG).<\/p>\n<p>Adem\u00e1s, sus propiedades el\u00e9ctricas\/magn\u00e9ticas tambi\u00e9n lo convierten en un material candidato potencial para componentes electr\u00f3nicos y materiales magn\u00e9ticos.<\/p>\n<h2><span style=\"font-size: 14pt;\">Envasado y almacenamiento<\/span><\/h2>\n<p><strong>Envasado:<\/strong><\/p>\n<p>El polvo de \u00f3xido de itrio se suele envasar a prueba de humedad para evitar la absorci\u00f3n de humedad y la contaminaci\u00f3n. Suele envasarse al vac\u00edo en bolsas de pl\u00e1stico de doble capa o en bolsas de papel de aluminio con desecantes, y luego se coloca en contenedores exteriores resistentes, como cajas de cart\u00f3n o bidones de pl\u00e1stico, para garantizar la seguridad y la pureza del producto durante el transporte.<\/p>\n<p><strong>Almacenamiento:<\/strong><\/p>\n<p>Debe almacenarse en un ambiente seco, fresco y bien ventilado, lejos de la humedad, el calor y la luz solar directa. Mant\u00e9ngalo alejado de sustancias \u00e1cidas o corrosivas para evitar reacciones. El envase debe permanecer herm\u00e9ticamente cerrado para evitar la dispersi\u00f3n de polvo y la contaminaci\u00f3n, garantizando una calidad y un rendimiento estables.<\/p>\n<h2><span style=\"font-size: 14pt;\">Preguntas frecuentes<\/span><\/h2>\n<p><strong>P1: \u00bfPara qu\u00e9 se utiliza el polvo de \u00f3xido de itrio?<\/strong><\/p>\n<p>R: Se utiliza para fabricar materiales magn\u00e9ticos para microondas e importantes materiales aeroespaciales (monocristales; \u00f3xidos compuestos como el granate de hierro e itrio y el granate de aluminio e itrio), as\u00ed como aditivos para vidrio \u00f3ptico y materiales cer\u00e1micos, f\u00f3sforos de alto brillo para televisores de pantalla grande y revestimientos para otros tubos de imagen.<\/p>\n<p><strong>P2: \u00bfSe puede personalizar el polvo de \u00f3xido de itrio?<\/strong><\/p>\n<p>R: S\u00ed, ofrecemos servicios de personalizaci\u00f3n, tanto de la pureza como del tama\u00f1o de las part\u00edculas. Nuestro polvo de \u00f3xido de itrio est\u00e1 disponible en tama\u00f1os nano y microm\u00e9trico. Tambi\u00e9n ofrecemos polvo y gr\u00e1nulos de \u00f3xido de itrio en diversas formas para satisfacer sus necesidades.<\/p>\n<p><strong>P3: \u00bfEs t\u00f3xico el \u00f3xido de itrio?<\/strong><\/p>\n<p>R: Aunque el \u00f3xido de itrio en s\u00ed tiene una toxicidad baja, es necesario tomar precauciones de seguridad durante su manipulaci\u00f3n y uso.<\/p>\n<p>Por ejemplo, el Y2O3 en forma de polvo puede generar polvo, y la inhalaci\u00f3n prolongada de este polvo puede irritar el sistema respiratorio. Por lo tanto, cuando se manipula Y2O3, se recomiendan medidas de protecci\u00f3n adecuadas, como el uso de m\u00e1scaras antipolvo, guantes y gafas, para reducir la inhalaci\u00f3n de polvo y el contacto con la piel.<\/p>\n<p><strong>P4: \u00bfEs la energ\u00eda del \u00f3xido de itrio una cer\u00e1mica?<\/strong><\/p>\n<p>R: El \u00f3xido de itrio en s\u00ed no es una cer\u00e1mica, pero es una materia prima cer\u00e1mica importante. Puede utilizarse como aditivo en otros materiales cer\u00e1micos o como fase hu\u00e9sped en la producci\u00f3n de cer\u00e1micas especializadas de Y2O3.<\/p>\n<p>En la fabricaci\u00f3n de cer\u00e1mica: El Y2O3 se utiliza normalmente como aditivo o dopante. Por ejemplo, se utiliza para fabricar cer\u00e1micas de circonio estabilizado con itrio (YSZ) para mejorar su estabilidad t\u00e9rmica y su resistencia mec\u00e1nica.<\/p>\n<p>Como material cer\u00e1mico primario: El \u00f3xido de itrio puede utilizarse como fase cristalina principal para crear materiales cer\u00e1micos especializados, como la cer\u00e1mica de \u00f3xido de itrio transparente, un material funcional avanzado con estructura cristalina c\u00fabica.<\/p>\n","protected":false},"excerpt":{"rendered":"<p>\u00d3xido de itrio es un polvo blanco de \u00f3xido de tierras raras con f\u00f3rmula qu\u00edmica Y\u2082O\u2083, tiene las caracter\u00edsticas de alto punto de fusi\u00f3n, insoluble en agua y \u00e1lcali, soluble en \u00e1cido, etc., es ampliamente utilizado en el campo de la electr\u00f3nica, cer\u00e1mica, aleaciones y as\u00ed sucesivamente. VIMATERIAL ofrece polvo de \u00f3xido de itrio de [&hellip;]<\/p>\n","protected":false},"featured_media":1031342,"comment_status":"open","ping_status":"closed","template":"","meta":{"_acf_changed":false},"product_brand":[],"product_cat":[184],"product_tag":[],"class_list":{"0":"post-1050277","1":"product","2":"type-product","3":"status-publish","4":"has-post-thumbnail","6":"product_cat-materiales-de-tierras-raras","8":"first","9":"instock","10":"shipping-taxable","11":"purchasable","12":"product-type-variable"},"acf":[],"_links":{"self":[{"href":"https:\/\/vimaterial.de\/es\/wp-json\/wp\/v2\/product\/1050277","targetHints":{"allow":["GET"]}}],"collection":[{"href":"https:\/\/vimaterial.de\/es\/wp-json\/wp\/v2\/product"}],"about":[{"href":"https:\/\/vimaterial.de\/es\/wp-json\/wp\/v2\/types\/product"}],"replies":[{"embeddable":true,"href":"https:\/\/vimaterial.de\/es\/wp-json\/wp\/v2\/comments?post=1050277"}],"wp:featuredmedia":[{"embeddable":true,"href":"https:\/\/vimaterial.de\/es\/wp-json\/wp\/v2\/media\/1031342"}],"wp:attachment":[{"href":"https:\/\/vimaterial.de\/es\/wp-json\/wp\/v2\/media?parent=1050277"}],"wp:term":[{"taxonomy":"product_brand","embeddable":true,"href":"https:\/\/vimaterial.de\/es\/wp-json\/wp\/v2\/product_brand?post=1050277"},{"taxonomy":"product_cat","embeddable":true,"href":"https:\/\/vimaterial.de\/es\/wp-json\/wp\/v2\/product_cat?post=1050277"},{"taxonomy":"product_tag","embeddable":true,"href":"https:\/\/vimaterial.de\/es\/wp-json\/wp\/v2\/product_tag?post=1050277"}],"curies":[{"name":"wp","href":"https:\/\/api.w.org\/{rel}","templated":true}]}}