{"id":1050200,"date":"2024-06-17T15:19:45","date_gmt":"2024-06-17T07:19:45","guid":{"rendered":"https:\/\/vimaterial.de\/product\/oxido-de-itrio-3\/"},"modified":"2024-06-17T15:19:45","modified_gmt":"2024-06-17T07:19:45","slug":"oxido-de-itrio-3","status":"publish","type":"product","link":"https:\/\/vimaterial.de\/es\/product\/oxido-de-itrio-3\/","title":{"rendered":"\u00d3xido de itrio"},"content":{"rendered":"<p><span style=\"color: #0000ff;\"><a style=\"color: #0000ff;\" href=\"https:\/\/vimaterial.de\/es\/search\/?type=element&#038;keyword=y2o3\">\u00d3xido de itrio<\/a><\/span> los gr\u00e1nulos son compuestos inorg\u00e1nicos con la f\u00f3rmula qu\u00edmica Y\u2082O\u2083, gr\u00e1nulos blancos, punto de fusi\u00f3n 2410\u00b0C, insolubles en agua y solubles en \u00e1cido, y con una variedad de excelentes propiedades, que tienen importantes aplicaciones en \u00f3ptica, electr\u00f3nica, aleaciones y muchos otros campos.<\/p>\n<p><span style=\"color: #0000ff;\"><a style=\"color: #0000ff;\" href=\"https:\/\/vimaterial.de\/es\/sobre-nosotros\/\">VIMATERIAL<\/a><\/span> ofrece gr\u00e1nulos de \u00f3xido de itrio de gran pureza; los tama\u00f1os pueden adaptarse a sus necesidades. <span style=\"color: #0000ff;\"><a style=\"color: #0000ff;\" href=\"https:\/\/vimaterial.de\/es\/contacto\/\">P\u00f3ngase en contacto con nosotros<\/a><\/span> para m\u00e1s informaci\u00f3n.<\/p>\n<h2><span style=\"font-size: 14pt;\">Propiedades<\/span><\/h2>\n<p>F\u00f3rmula qu\u00edmica : Y\u2082O\u2083<\/p>\n<p>Peso molecular: 225,81 g\/mol<\/p>\n<p>N\u00ba CAS: 1314-36-9<\/p>\n<p>Aspecto: Blanco<\/p>\n<p>Punto de fusi\u00f3n: 2410\u00b0C<\/p>\n<p>Punto de ebullici\u00f3n: 4300\u2103<\/p>\n<p>Densidad: 5,0 g\/cm\u00b3<\/p>\n<p>Solubilidad: insoluble en agua, soluble en \u00e1cido.<\/p>\n<h2><span style=\"font-size: 14pt;\">Aplicaciones de los gr\u00e1nulos de \u00f3xido de itrio<\/span><\/h2>\n<p data-start=\"38\" data-end=\"273\"><strong data-start=\"38\" data-end=\"56\">Campo \u00f3ptico: <\/strong>Los gr\u00e1nulos de \u00f3xido de itrio se utilizan en revestimientos \u00f3pticos para crear pel\u00edculas de alto \u00edndice de refracci\u00f3n. Ayuda a mejorar la transmitancia y la reflectividad de los componentes \u00f3pticos, y se utiliza ampliamente en lentes, ventanas l\u00e1ser y pantallas.<\/p>\n<p data-start=\"275\" data-end=\"500\"><strong data-start=\"275\" data-end=\"296\">Campo electr\u00f3nico: <\/strong>Es un material importante para la cer\u00e1mica electr\u00f3nica, como la cer\u00e1mica <span style=\"color: #0000ff;\"><a style=\"color: #0000ff;\" href=\"https:\/\/vimaterial.de\/es\/search\/?type=name&#038;keyword=yag\">YAG<\/a><\/span>. Se utiliza en filtros de microondas, materiales l\u00e1ser y f\u00f3sforos, y desempe\u00f1a un papel clave en las tecnolog\u00edas de comunicaci\u00f3n y visualizaci\u00f3n.<\/p>\n<p data-start=\"502\" data-end=\"760\"><strong data-start=\"502\" data-end=\"518\">Campo de las aleaciones: <\/strong>Como aditivo de aleaci\u00f3n, el itrio mejora las propiedades de los materiales. Aumenta la resistencia a la oxidaci\u00f3n y la ductilidad del acero inoxidable, incrementa la conductividad de las aleaciones Al-Zr y mejora la conductividad el\u00e9ctrica y la resistencia de las aleaciones de cobre.<\/p>\n<p data-start=\"762\" data-end=\"997\"><strong data-start=\"762\" data-end=\"776\">Industria aeroespacial: <\/strong>Las part\u00edculas de \u00f3xido de itrio refuerzan las aleaciones de alto rendimiento (por ejemplo, MA956), mejorando la resistencia a altas temperaturas, la resistencia a la oxidaci\u00f3n y la resistencia a la corrosi\u00f3n. Esto las hace adecuadas para motores aeron\u00e1uticos y turbinas de gas.<\/p>\n<p data-start=\"999\" data-end=\"1218\" data-is-last-node=\"\" data-is-only-node=\"\"><strong data-start=\"999\" data-end=\"1015\">impresi\u00f3n 3D: <\/strong>El \u00f3xido de itrio puede utilizarse en la fabricaci\u00f3n aditiva. La adici\u00f3n de \u00f3xido de itrio a nanoescala a polvos met\u00e1licos ayuda a crear aleaciones con mayor resistencia al calor y a la oxidaci\u00f3n, especialmente para componentes aeroespaciales.<\/p>\n<h2 data-start=\"999\" data-end=\"1218\"><span style=\"font-size: 14pt;\">Envasado y almacenamiento<\/span><\/h2>\n<p data-start=\"0\" data-end=\"337\"><strong data-start=\"0\" data-end=\"14\">Envasado:<\/strong><br data-start=\"14\" data-end=\"17\" \/>Los gr\u00e1nulos de \u00f3xido de itrio suelen sellarse para evitar la humedad y la contaminaci\u00f3n. Suelen envasarse al vac\u00edo en bolsas de pl\u00e1stico antiest\u00e1ticas o en bolsas de papel de aluminio con desecantes, y luego se colocan en envases exteriores resistentes, como cajas de cart\u00f3n o contenedores de pl\u00e1stico, para garantizar su pureza e integridad durante el transporte y el almacenamiento.<\/p>\n<p data-start=\"339\" data-end=\"634\" data-is-last-node=\"\" data-is-only-node=\"\"><strong data-start=\"339\" data-end=\"351\">Almacenamiento:<\/strong><br data-start=\"351\" data-end=\"354\" \/>Deben almacenarse en un lugar seco, fresco y bien ventilado, lejos de la humedad y las altas temperaturas. Mant\u00e9ngalos alejados de sustancias \u00e1cidas o corrosivas para evitar reacciones qu\u00edmicas. Evite la presi\u00f3n intensa y los impactos fuertes para mantener su forma y un rendimiento estable.<\/p>\n<h2 data-start=\"339\" data-end=\"634\"><span style=\"font-size: 14pt;\">Preguntas frecuentes<\/span><\/h2>\n<p data-start=\"339\" data-end=\"634\" data-is-last-node=\"\" data-is-only-node=\"\"><strong>P1: \u00bfPara qu\u00e9 se utiliza el \u00f3xido de itrio?<\/strong><\/p>\n<p data-start=\"339\" data-end=\"634\" data-is-last-node=\"\" data-is-only-node=\"\">R: El \u00f3xido de itrio (Y2O3) posee estabilidad a altas temperaturas y es un importante material cer\u00e1mico muy utilizado en f\u00f3sforos rojos (para televisores en color y l\u00e1mparas fluorescentes), vidrio \u00f3ptico, sensores de ox\u00edgeno, cer\u00e1mica, materiales superconductores de alta temperatura y catalizadores.<\/p>\n<p data-start=\"339\" data-end=\"634\" data-is-last-node=\"\" data-is-only-node=\"\"><strong>P2: \u00bfEs t\u00f3xico el \u00f3xido de itrio?<\/strong><\/p>\n<p data-start=\"339\" data-end=\"634\" data-is-last-node=\"\" data-is-only-node=\"\">R: Aunque el Y2O3 en s\u00ed tiene una toxicidad baja, sigue siendo necesario tomar precauciones de seguridad durante su manipulaci\u00f3n y uso.<\/p>\n<p>Por ejemplo, el Y2O3 en forma de polvo puede generar polvo, y la inhalaci\u00f3n prolongada de este polvo puede irritar el sistema respiratorio. Por lo tanto, al manipular Y2O3, se recomiendan medidas de protecci\u00f3n adecuadas, como el uso de m\u00e1scaras antipolvo, guantes y gafas, para reducir la inhalaci\u00f3n de polvo y el contacto con la piel.<\/p>\n<p><strong>P3: \u00bfCu\u00e1l es el plazo de entrega de los gr\u00e1nulos de \u00f3xido de itrio?<\/strong><\/p>\n<p>R: En stock: Env\u00edo inmediato<\/p>\n<p>Productos est\u00e1ndar: Generalmente 2-4 Semanas<\/p>\n<p>Productos personalizados: Determinado en base a los detalles requeridos<\/p>\n<p>Los requisitos especiales pueden ser discutidos<\/p>\n<p><strong>P4: \u00bfSe pueden personalizar los gr\u00e1nulos de \u00f3xido de itrio?<\/strong><\/p>\n<p>R: S\u00ed, ofrecemos servicios de personalizaci\u00f3n, tanto en pureza como en tama\u00f1o. Tambi\u00e9n suministramos \u00f3xido de itrio en polvo, gr\u00e1nulos y blancos de diversas formas para satisfacer sus necesidades.<\/p>\n","protected":false},"excerpt":{"rendered":"<p>\u00d3xido de itrio los gr\u00e1nulos son compuestos inorg\u00e1nicos con la f\u00f3rmula qu\u00edmica Y\u2082O\u2083, gr\u00e1nulos blancos, punto de fusi\u00f3n 2410\u00b0C, insolubles en agua y solubles en \u00e1cido, y con una variedad de excelentes propiedades, que tienen importantes aplicaciones en \u00f3ptica, electr\u00f3nica, aleaciones y muchos otros campos. VIMATERIAL ofrece gr\u00e1nulos de \u00f3xido de itrio de gran pureza; [&hellip;]<\/p>\n","protected":false},"featured_media":1031337,"comment_status":"open","ping_status":"closed","template":"","meta":{"_acf_changed":false},"product_brand":[],"product_cat":[179],"product_tag":[],"class_list":{"0":"post-1050200","1":"product","2":"type-product","3":"status-publish","4":"has-post-thumbnail","6":"product_cat-materiales-de-evaporacion","8":"first","9":"instock","10":"shipping-taxable","11":"purchasable","12":"product-type-variable"},"acf":[],"_links":{"self":[{"href":"https:\/\/vimaterial.de\/es\/wp-json\/wp\/v2\/product\/1050200","targetHints":{"allow":["GET"]}}],"collection":[{"href":"https:\/\/vimaterial.de\/es\/wp-json\/wp\/v2\/product"}],"about":[{"href":"https:\/\/vimaterial.de\/es\/wp-json\/wp\/v2\/types\/product"}],"replies":[{"embeddable":true,"href":"https:\/\/vimaterial.de\/es\/wp-json\/wp\/v2\/comments?post=1050200"}],"wp:featuredmedia":[{"embeddable":true,"href":"https:\/\/vimaterial.de\/es\/wp-json\/wp\/v2\/media\/1031337"}],"wp:attachment":[{"href":"https:\/\/vimaterial.de\/es\/wp-json\/wp\/v2\/media?parent=1050200"}],"wp:term":[{"taxonomy":"product_brand","embeddable":true,"href":"https:\/\/vimaterial.de\/es\/wp-json\/wp\/v2\/product_brand?post=1050200"},{"taxonomy":"product_cat","embeddable":true,"href":"https:\/\/vimaterial.de\/es\/wp-json\/wp\/v2\/product_cat?post=1050200"},{"taxonomy":"product_tag","embeddable":true,"href":"https:\/\/vimaterial.de\/es\/wp-json\/wp\/v2\/product_tag?post=1050200"}],"curies":[{"name":"wp","href":"https:\/\/api.w.org\/{rel}","templated":true}]}}