{"id":1049756,"date":"2024-06-17T14:11:31","date_gmt":"2024-06-17T06:11:31","guid":{"rendered":"https:\/\/vimaterial.de\/product\/silicio-4\/"},"modified":"2024-06-17T14:11:31","modified_gmt":"2024-06-17T06:11:31","slug":"silicio-4","status":"publish","type":"product","link":"https:\/\/vimaterial.de\/es\/product\/silicio-4\/","title":{"rendered":"Silicio"},"content":{"rendered":"<p>Los gr\u00e1nulos <span style=\"color: #0000ff;\"><a style=\"color: #0000ff;\" href=\"https:\/\/vimaterial.de\/es\/search\/?type=element&#038;keyword=Si\">de silicio<\/a><\/span><br \/>\nson un s\u00f3lido cristalino duro y quebradizo con un brillo met\u00e1lico azul gris\u00e1ceo; es un metaloide tetravalente y semiconductor. El silicio cristalino es de color azul oscuro, quebradizo y t\u00edpicamente semiconductor.<\/p>\n<p>VIMATERIAL se especializa en la producci\u00f3n de gr\u00e1nulos de silicio de alta pureza y pureza ultra alta para est\u00e1ndares anal\u00edticos. <span style=\"color: #0000ff;\"><a style=\"color: #0000ff;\" href=\"https:\/\/vimaterial.de\/es\/contacto\/\">Cont\u00e1ctenos<\/a><\/span><br \/>\npara obtener m\u00e1s informaci\u00f3n.<\/p>\n<h2><span style=\"font-size: 14pt;\">Propiedades<\/span><\/h2>\n<p>F\u00f3rmula qu\u00edmica: Si.<\/p>\n<p>Apariencia: cristalino, reflectante con caras te\u00f1idas de azul.<\/p>\n<p>Punto de fusi\u00f3n: 1687 K (1414 \u00b0C, 2577 \u00b0F).<\/p>\n<p>Punto de ebullici\u00f3n: 3538 K (3265 \u00b0C, 5909 \u00b0F).<\/p>\n<p>Densidad (cerca de la temperatura ambiente): 2,3290 g\/cm3 en estado l\u00edquido (en el punto de fusi\u00f3n): 2,57 g\/cm3<\/p>\n<p>Calor de fusi\u00f3n: 50,21 kJ\/mol<\/p>\n<p>Calor de vaporizaci\u00f3n: 383 kJ\/mol<\/p>\n<p>Capacidad calor\u00edfica molar: 19,789 J\/(mol\u00b7K)<\/p>\n<h2><span style=\"font-size: 14pt;\">Aplicaciones de los gr\u00e1nulos de silicio<\/span><\/h2>\n<p>El silicio es un material semiconductor que se puede utilizar para fabricar dispositivos semiconductores, paneles solares, fibras \u00f3pticas y circuitos integrados.<\/p>\n<p>Tambi\u00e9n se puede utilizar en forma de aleaciones (como las aleaciones de ferrosilicio) para piezas automovil\u00edsticas y mec\u00e1nicas.<\/p>\n<p>Tambi\u00e9n se utiliza con materiales cer\u00e1micos en cermet.<\/p>\n<p>Tambi\u00e9n se utiliza en la fabricaci\u00f3n de vidrio, hormig\u00f3n, ladrillos, materiales refractarios, siloxano y silano.<\/p>\n<p>Con la uni\u00f3n del hierro, puede convertirse en acero sil\u00edceo, un tipo de pieza de acero resistente al desgaste que se utiliza habitualmente en todo tipo de herramientas.<\/p>\n<p>Adem\u00e1s, el silicio es uno de los principales componentes del acero inoxidable, que se utiliza para hacer que el acero inoxidable sea resistente al desgaste.<\/p>\n<h2><span style=\"font-size: 14pt;\">\u00bfPor qu\u00e9 elegirnos?<\/span><\/h2>\n<p>\u2022 Calidad fiable: un completo sistema de control de calidad garantiza un rendimiento estable y constante.<\/p>\n<p>\u2022 Servicio profesional: asistencia dedicada antes y despu\u00e9s de la venta para una cooperaci\u00f3n fluida.<\/p>\n<p>\u2022 Personalizaci\u00f3n disponible: la composici\u00f3n, el tama\u00f1o y las especificaciones se pueden adaptar a sus necesidades.<\/p>\n<p>\u2022 Entrega r\u00e1pida: producci\u00f3n eficiente y env\u00edo puntual garantizados.<\/p>\n<h2><span style=\"font-size: 14pt;\">Productos relacionados<\/span><\/h2>\n<p><span style=\"color: #0000ff;\"><a style=\"color: #0000ff;\" href=\"https:\/\/vimaterial.de\/es\/product\/silicio-3\/\">Polvo de silicio<\/a><\/span><\/p>\n<p><span style=\"color: #0000ff;\"><a style=\"color: #0000ff;\" href=\"https:\/\/vimaterial.de\/es\/product\/silicio\/\">Blanco de pulverizaci\u00f3n de silicio<\/a><\/span><\/p>\n<p><span style=\"color: #0000ff;\"><a style=\"color: #0000ff;\" href=\"https:\/\/vimaterial.de\/es\/product\/dioxido-de-silicio-3\/\">Polvo de s\u00edlice<\/a><\/span><\/p>\n<p><span style=\"color: #0000ff;\"><a style=\"color: #0000ff;\" href=\"https:\/\/vimaterial.de\/es\/product\/dioxido-de-silicio-4\/\">Blanco de pulverizaci\u00f3n de s\u00edlice<\/a><\/span><\/p>\n","protected":false},"excerpt":{"rendered":"<p>Los gr\u00e1nulos de silicio son un s\u00f3lido cristalino duro y quebradizo con un brillo met\u00e1lico azul gris\u00e1ceo; es un metaloide tetravalente y semiconductor. El silicio cristalino es de color azul oscuro, quebradizo y t\u00edpicamente semiconductor. VIMATERIAL se especializa en la producci\u00f3n de gr\u00e1nulos de silicio de alta pureza y pureza ultra alta para est\u00e1ndares anal\u00edticos. [&hellip;]<\/p>\n","protected":false},"featured_media":1049644,"comment_status":"open","ping_status":"closed","template":"","meta":{"_acf_changed":false},"product_brand":[],"product_cat":[179],"product_tag":[],"class_list":{"0":"post-1049756","1":"product","2":"type-product","3":"status-publish","4":"has-post-thumbnail","6":"product_cat-materiales-de-evaporacion","8":"first","9":"instock","10":"shipping-taxable","11":"purchasable","12":"product-type-variable"},"acf":[],"_links":{"self":[{"href":"https:\/\/vimaterial.de\/es\/wp-json\/wp\/v2\/product\/1049756","targetHints":{"allow":["GET"]}}],"collection":[{"href":"https:\/\/vimaterial.de\/es\/wp-json\/wp\/v2\/product"}],"about":[{"href":"https:\/\/vimaterial.de\/es\/wp-json\/wp\/v2\/types\/product"}],"replies":[{"embeddable":true,"href":"https:\/\/vimaterial.de\/es\/wp-json\/wp\/v2\/comments?post=1049756"}],"wp:featuredmedia":[{"embeddable":true,"href":"https:\/\/vimaterial.de\/es\/wp-json\/wp\/v2\/media\/1049644"}],"wp:attachment":[{"href":"https:\/\/vimaterial.de\/es\/wp-json\/wp\/v2\/media?parent=1049756"}],"wp:term":[{"taxonomy":"product_brand","embeddable":true,"href":"https:\/\/vimaterial.de\/es\/wp-json\/wp\/v2\/product_brand?post=1049756"},{"taxonomy":"product_cat","embeddable":true,"href":"https:\/\/vimaterial.de\/es\/wp-json\/wp\/v2\/product_cat?post=1049756"},{"taxonomy":"product_tag","embeddable":true,"href":"https:\/\/vimaterial.de\/es\/wp-json\/wp\/v2\/product_tag?post=1049756"}],"curies":[{"name":"wp","href":"https:\/\/api.w.org\/{rel}","templated":true}]}}