{"id":1049604,"date":"2024-06-17T14:11:30","date_gmt":"2024-06-17T06:11:30","guid":{"rendered":"https:\/\/vimaterial.de\/product\/silicio-3\/"},"modified":"2024-06-17T14:11:30","modified_gmt":"2024-06-17T06:11:30","slug":"silicio-3","status":"publish","type":"product","link":"https:\/\/vimaterial.de\/es\/product\/silicio-3\/","title":{"rendered":"Silicio"},"content":{"rendered":"<p>El polvo <span style=\"color: #0000ff;\"><a style=\"color: #0000ff;\" href=\"https:\/\/vimaterial.de\/es\/search\/?type=element&#038;keyword=Si\">de silicio<\/a><\/span><br \/>\nest\u00e1 compuesto principalmente por el elemento silicio, tiene un alto punto de fusi\u00f3n, una gran dureza y una buena estabilidad qu\u00edmica, y es un importante material inorg\u00e1nico no met\u00e1lico.<\/p>\n<p>El polvo de silicio es un material semiconductor optoelectr\u00f3nico de nueva generaci\u00f3n, con un semiconductor de energ\u00eda de banda ancha, y tambi\u00e9n es un material de fuente de luz de alta potencia.<\/p>\n<p>El nano silicio de VIMATERIAL tiene las caracter\u00edsticas de alta pureza, tama\u00f1o de part\u00edcula peque\u00f1o y distribuci\u00f3n uniforme. Tiene las caracter\u00edsticas de gran superficie, alta actividad superficial y baja densidad aparente. El producto no es t\u00f3xico y es inodoro. <span style=\"color: #0000ff;\"><a style=\"color: #0000ff;\" href=\"https:\/\/vimaterial.de\/es\/contacto\/\">P\u00f3ngase en contacto con nosotros<\/a><\/span><br \/>\npara obtener m\u00e1s informaci\u00f3n.<\/p>\n<h2><span style=\"font-size: 14pt;\">Propiedades<\/span><\/h2>\n<p>F\u00f3rmula: Si<\/p>\n<p>Apariencia: Polvo de color gris oscuro a negro.<\/p>\n<p>Caracter\u00edsticas: Alto punto de fusi\u00f3n, buena resistencia al calor, alta resistividad.<\/p>\n<p>Pureza: 99,9 %-99,999 %.<\/p>\n<p>Condiciones de almacenamiento: Sellado.<\/p>\n<h2><span style=\"font-size: 14pt;\">Aplicaciones del polvo de silicio<\/span><\/h2>\n<p>Materiales refractarios: El polvo de silicio met\u00e1lico se utiliza para fabricar ladrillos y hormigones refractarios con el fin de mejorar su resistencia a las altas temperaturas y al desgaste.<\/p>\n<p>Metalurgia de polvos: como aditivo, el polvo de silicio met\u00e1lico puede mejorar el rendimiento de las aleaciones y aumentar la resistencia y la dureza de los productos.<\/p>\n<p>Industria qu\u00edmica: en la s\u00edntesis de compuestos organosil\u00edcicos, el polvo de silicio met\u00e1lico es una materia prima clave y se utiliza ampliamente en la producci\u00f3n de caucho de silicona, aceite de silicona y otros productos.<\/p>\n<p>Industria electr\u00f3nica: el polvo de silicio met\u00e1lico de alta pureza es un material clave para los dispositivos semiconductores y las c\u00e9lulas solares.<\/p>\n<h3><span style=\"font-size: 12pt;\">Aplicaci\u00f3n del nanosilicio<\/span><\/h3>\n<ol>\n<li>Los hilos de nanosilicio fabricados con polvo de nanosilicio se utilizan en el material del electrodo negativo de las bater\u00edas recargables de litio, o se recubre la superficie del polvo de nanosilicio con grafito para utilizarlo como material del electrodo negativo de las bater\u00edas recargables de litio, lo que aumenta la capacidad y los tiempos de ciclo de carga y descarga de las bater\u00edas recargables de litio en m\u00e1s de 3 veces.<\/li>\n<li>El nanosilicio se utiliza en recubrimientos resistentes a altas temperaturas y materiales refractarios;<\/li>\n<li>el polvo de nanosilicio se puede aplicar a recubrimientos para formar nanopel\u00edculas de silicio, que se utilizan ampliamente en energ\u00eda solar;<\/li>\n<li>el nanosilicio y el diamante se mezclan a alta presi\u00f3n para formar materiales compuestos de carburo de silicio y diamante, que se utilizan como herramientas de corte.<\/li>\n<\/ol>\n<h2><span style=\"font-size: 14pt;\">Condiciones de almacenamiento<\/span><\/h2>\n<p>Este producto debe sellarse y almacenarse en un entorno seco y fresco. No debe exponerse al aire durante mucho tiempo. Debe evitarse su aglomeraci\u00f3n debido a la humedad, ya que esto afectar\u00e1 al rendimiento de la dispersi\u00f3n y al efecto de uso. Tambi\u00e9n debe evitarse la presi\u00f3n intensa y el contacto con oxidantes. Debe transportarse como mercanc\u00eda ordinaria.<\/p>\n<h2><span style=\"font-size: 14pt;\">\u00bfPor qu\u00e9 elegirnos?<\/span><\/h2>\n<p><strong>\u2022 Calidad fiable<\/strong><br \/>\n: el completo sistema de control de calidad garantiza un rendimiento estable y constante.<\/p>\n<p><strong>\u2022 Servicio profesional<\/strong><br \/>\n: asistencia dedicada antes y despu\u00e9s de la venta para una cooperaci\u00f3n fluida.<\/p>\n<p><strong>\u2022 Personalizaci\u00f3n disponible<\/strong><br \/>\n: la composici\u00f3n, el tama\u00f1o y las especificaciones se pueden adaptar a sus necesidades.<\/p>\n<p><strong>\u2022 Entrega r\u00e1pida<\/strong><br \/>\n: producci\u00f3n eficiente y env\u00edo puntual garantizados.<\/p>\n<h2><span style=\"font-size: 14pt;\">Productos relacionados:<\/span><\/h2>\n<p><span style=\"color: #0000ff;\"><a style=\"color: #0000ff;\" href=\"https:\/\/vimaterial.de\/es\/product\/silicio\/\">blanco de pulverizaci\u00f3n de silicio,<\/a><\/span><\/p>\n<p><span style=\"color: #0000ff;\"><a style=\"color: #0000ff;\" href=\"https:\/\/vimaterial.de\/es\/product\/silicio-4\/\">gr\u00e1nulos de silicio,<\/a><\/span><\/p>\n<p><span style=\"color: #0000ff;\"><a style=\"color: #0000ff;\" href=\"https:\/\/vimaterial.de\/es\/product\/dioxido-de-silicio-3\/\">polvo de s\u00edlice,<\/a><\/span><\/p>\n<p><span style=\"color: #0000ff;\"><a style=\"color: #0000ff;\" href=\"https:\/\/vimaterial.de\/es\/product\/dioxido-de-silicio-4\/\">blanco de pulverizaci\u00f3n de s\u00edlice<\/a><\/span><br \/>\n.<\/p>\n","protected":false},"excerpt":{"rendered":"<p>El polvo de silicio est\u00e1 compuesto principalmente por el elemento silicio, tiene un alto punto de fusi\u00f3n, una gran dureza y una buena estabilidad qu\u00edmica, y es un importante material inorg\u00e1nico no met\u00e1lico. El polvo de silicio es un material semiconductor optoelectr\u00f3nico de nueva generaci\u00f3n, con un semiconductor de energ\u00eda de banda ancha, y tambi\u00e9n [&hellip;]<\/p>\n","protected":false},"featured_media":999652,"comment_status":"open","ping_status":"closed","template":"","meta":{"_acf_changed":false},"product_brand":[],"product_cat":[193],"product_tag":[],"class_list":{"0":"post-1049604","1":"product","2":"type-product","3":"status-publish","4":"has-post-thumbnail","6":"product_cat-polvo-de-aleaciones-y-metales-puros","8":"first","9":"instock","10":"shipping-taxable","11":"purchasable","12":"product-type-variable"},"acf":[],"_links":{"self":[{"href":"https:\/\/vimaterial.de\/es\/wp-json\/wp\/v2\/product\/1049604","targetHints":{"allow":["GET"]}}],"collection":[{"href":"https:\/\/vimaterial.de\/es\/wp-json\/wp\/v2\/product"}],"about":[{"href":"https:\/\/vimaterial.de\/es\/wp-json\/wp\/v2\/types\/product"}],"replies":[{"embeddable":true,"href":"https:\/\/vimaterial.de\/es\/wp-json\/wp\/v2\/comments?post=1049604"}],"wp:featuredmedia":[{"embeddable":true,"href":"https:\/\/vimaterial.de\/es\/wp-json\/wp\/v2\/media\/999652"}],"wp:attachment":[{"href":"https:\/\/vimaterial.de\/es\/wp-json\/wp\/v2\/media?parent=1049604"}],"wp:term":[{"taxonomy":"product_brand","embeddable":true,"href":"https:\/\/vimaterial.de\/es\/wp-json\/wp\/v2\/product_brand?post=1049604"},{"taxonomy":"product_cat","embeddable":true,"href":"https:\/\/vimaterial.de\/es\/wp-json\/wp\/v2\/product_cat?post=1049604"},{"taxonomy":"product_tag","embeddable":true,"href":"https:\/\/vimaterial.de\/es\/wp-json\/wp\/v2\/product_tag?post=1049604"}],"curies":[{"name":"wp","href":"https:\/\/api.w.org\/{rel}","templated":true}]}}