{"id":1049570,"date":"2024-06-17T14:12:44","date_gmt":"2024-06-17T06:12:44","guid":{"rendered":"https:\/\/vimaterial.de\/product\/carburo-de-silicio-2\/"},"modified":"2024-06-17T14:12:44","modified_gmt":"2024-06-17T06:12:44","slug":"carburo-de-silicio-2","status":"publish","type":"product","link":"https:\/\/vimaterial.de\/es\/product\/carburo-de-silicio-2\/","title":{"rendered":"Carburo de silicio"},"content":{"rendered":"<p>El polvo <span style=\"color: #0000ff;\"><a style=\"color: #0000ff;\" href=\"https:\/\/vimaterial.de\/es\/search\/?type=element&#038;keyword=SIC\">de carburo de silicio<\/a><\/span><br \/>\nes un compuesto formado por elementos de carbono y silicio unidos por fuertes enlaces covalentes. Este material existe en la naturaleza en forma de moissanita, un mineral poco com\u00fan, pero se obtiene con mayor frecuencia mediante s\u00edntesis artificial. El carburo de silicio tiene una variedad de estructuras cristalinas, entre las que destacan el \u03b1-SiC (sistema hexagonal) y el \u03b2-SiC (sistema c\u00fabico).<\/p>\n<p>VIMATERIAL se especializa en la producci\u00f3n de polvo de carburo de silicio de alta pureza, polvo de nano carburo de silicio, gr\u00e1nulos de carburo de silicio y blancos de carburo de silicio. Si los necesita, p\u00f3ngase <span style=\"color: #0000ff;\"><a style=\"color: #0000ff;\" href=\"https:\/\/vimaterial.de\/es\/contacto\/\">en contacto con nosotros<\/a><\/span><br \/>\n.<\/p>\n<h2><span style=\"font-size: 14pt;\">Rendimiento<\/span><\/h2>\n<p>Estabilidad a altas temperaturas: el SiC tiene una excelente estabilidad a altas temperaturas y puede mantener la estabilidad estructural a temperaturas de hasta 2000 \u00b0C sin fundirse.<\/p>\n<p>Resistencia a la corrosi\u00f3n: el SiC tiene una buena resistencia a la corrosi\u00f3n frente a una gran variedad de medios qu\u00edmicos, incluidos \u00e1cidos, \u00e1lcalis, sales, etc.<\/p>\n<p>Alta dureza y resistencia al desgaste: el SiC tiene una dureza solo superada por el diamante y una alta resistencia al desgaste, lo que lo convierte en un material ideal para abrasivos y herramientas de corte.<\/p>\n<p>Alta conductividad t\u00e9rmica: la conductividad t\u00e9rmica del SiC es mucho mayor que la del silicio, superando incluso a la de algunos materiales met\u00e1licos, por lo que puede mantener un excelente rendimiento de disipaci\u00f3n del calor en entornos de alta temperatura.<\/p>\n<p>Estructura de banda ancha: la anchura de la banda prohibida del SiC es mayor que la del silicio y puede soportar voltajes y temperaturas m\u00e1s altos, lo que lo hace potencialmente \u00fatil en dispositivos electr\u00f3nicos de potencia y optoelectr\u00f3nicos.<\/p>\n<h2><span style=\"font-size: 14pt;\">Aplicaciones del polvo de carburo de silicio<\/span><\/h2>\n<p>Electr\u00f3nica de potencia: El polvo de carburo de silicio se utiliza ampliamente en componentes electr\u00f3nicos de potencia, como dispositivos de potencia e IGBT. Es compatible con aplicaciones de alto voltaje y alta corriente y se utiliza com\u00fanmente en equipos de ahorro de energ\u00eda, como aires acondicionados de frecuencia variable.<\/p>\n<p>Industria de semiconductores: Como material semiconductor avanzado, el polvo de carburo de silicio se utiliza en chips LED, paneles solares y otros dispositivos electr\u00f3nicos. Su resistencia a altas temperaturas y su alta movilidad de electrones lo hacen superior a los materiales tradicionales.<\/p>\n<p>Industria mec\u00e1nica: el polvo de carburo de silicio se utiliza para fabricar piezas mec\u00e1nicas de alta resistencia y resistentes al desgaste. Las cer\u00e1micas de SiC ofrecen una excelente dureza, conductividad t\u00e9rmica y durabilidad, lo que las hace adecuadas para las industrias sider\u00fargica y qu\u00edmica.<\/p>\n<p>Otras industrias: el polvo de carburo de silicio tambi\u00e9n se aplica en entornos petroqu\u00edmicos, nucleares, aeroespaciales y otros entornos exigentes debido a su capacidad para soportar altas temperaturas y altas presiones.<\/p>\n<h2><span style=\"font-size: 14pt;\">\u00bfPor qu\u00e9 elegirnos?<\/span><\/h2>\n<p>\u2022 Calidad fiable: un completo sistema de control de calidad garantiza un rendimiento estable y constante.<\/p>\n<p>\u2022 Servicio profesional: asistencia dedicada antes y despu\u00e9s de la venta para una cooperaci\u00f3n fluida.<\/p>\n<p>\u2022 Personalizaci\u00f3n disponible: la composici\u00f3n, el tama\u00f1o y las especificaciones se pueden adaptar a sus necesidades.<\/p>\n<p>\u2022 Entrega r\u00e1pida: producci\u00f3n eficiente y env\u00edo puntual garantizados.<\/p>\n<h2><span style=\"font-size: 14pt;\">Productos relacionados<\/span><\/h2>\n<p><span style=\"color: #0000ff;\"><a style=\"color: #0000ff;\" href=\"https:\/\/vimaterial.de\/es\/product\/silicio-3\/\">Polvo de silicio<\/a><\/span><\/p>\n<p><span style=\"color: #0000ff;\"><a style=\"color: #0000ff;\" href=\"https:\/\/vimaterial.de\/es\/product\/dioxido-de-silicio-3\/\">Polvo de di\u00f3xido de silicio<\/a><\/span><\/p>\n<p><span style=\"color: #0000ff;\"><a style=\"color: #0000ff;\" href=\"https:\/\/vimaterial.de\/es\/search\/?type=element&#038;keyword=SI3n4\">Polvo de nitruro de silicio<\/a><\/span><\/p>\n<p><span style=\"color: #0000ff;\"><a style=\"color: #0000ff;\" href=\"https:\/\/vimaterial.de\/es\/product\/carburo-de-silicio-3\/\">Blanco de pulverizaci\u00f3n de carburo de silicio<\/a><\/span><\/p>\n","protected":false},"excerpt":{"rendered":"<p>El polvo de carburo de silicio es un compuesto formado por elementos de carbono y silicio unidos por fuertes enlaces covalentes. Este material existe en la naturaleza en forma de moissanita, un mineral poco com\u00fan, pero se obtiene con mayor frecuencia mediante s\u00edntesis artificial. El carburo de silicio tiene una variedad de estructuras cristalinas, entre [&hellip;]<\/p>\n","protected":false},"featured_media":999799,"comment_status":"open","ping_status":"closed","template":"","meta":{"_acf_changed":false},"product_brand":[],"product_cat":[183],"product_tag":[],"class_list":{"0":"post-1049570","1":"product","2":"type-product","3":"status-publish","4":"has-post-thumbnail","6":"product_cat-c-n-b-si-materiales","8":"first","9":"instock","10":"shipping-taxable","11":"purchasable","12":"product-type-variable"},"acf":[],"_links":{"self":[{"href":"https:\/\/vimaterial.de\/es\/wp-json\/wp\/v2\/product\/1049570","targetHints":{"allow":["GET"]}}],"collection":[{"href":"https:\/\/vimaterial.de\/es\/wp-json\/wp\/v2\/product"}],"about":[{"href":"https:\/\/vimaterial.de\/es\/wp-json\/wp\/v2\/types\/product"}],"replies":[{"embeddable":true,"href":"https:\/\/vimaterial.de\/es\/wp-json\/wp\/v2\/comments?post=1049570"}],"wp:featuredmedia":[{"embeddable":true,"href":"https:\/\/vimaterial.de\/es\/wp-json\/wp\/v2\/media\/999799"}],"wp:attachment":[{"href":"https:\/\/vimaterial.de\/es\/wp-json\/wp\/v2\/media?parent=1049570"}],"wp:term":[{"taxonomy":"product_brand","embeddable":true,"href":"https:\/\/vimaterial.de\/es\/wp-json\/wp\/v2\/product_brand?post=1049570"},{"taxonomy":"product_cat","embeddable":true,"href":"https:\/\/vimaterial.de\/es\/wp-json\/wp\/v2\/product_cat?post=1049570"},{"taxonomy":"product_tag","embeddable":true,"href":"https:\/\/vimaterial.de\/es\/wp-json\/wp\/v2\/product_tag?post=1049570"}],"curies":[{"name":"wp","href":"https:\/\/api.w.org\/{rel}","templated":true}]}}