{"id":1049354,"date":"2024-06-17T15:33:43","date_gmt":"2024-06-17T07:33:43","guid":{"rendered":"https:\/\/vimaterial.de\/product\/oxido-de-indio-y-estano-ito-4\/"},"modified":"2024-06-17T15:33:43","modified_gmt":"2024-06-17T07:33:43","slug":"oxido-de-indio-y-estano-ito-4","status":"publish","type":"product","link":"https:\/\/vimaterial.de\/es\/product\/oxido-de-indio-y-estano-ito-4\/","title":{"rendered":"\u00d3xido de indio y esta\u00f1o (ITO)"},"content":{"rendered":"<p>Los gr\u00e1nulos <span style=\"color: #0000ff;\"><a style=\"color: #0000ff;\" href=\"https:\/\/vimaterial.de\/es\/search\/?type=name&#038;keyword=ito\">de \u00f3xido de indio y esta\u00f1o<\/a><\/span><br \/>\n(ITO) son un material funcional inorg\u00e1nico compuesto por \u00f3xido de indio (In\u2082O\u2083) y \u00f3xido de esta\u00f1o (SnO\u2082), que suelen presentar un color verde o negro. En comparaci\u00f3n con el polvo, los gr\u00e1nulos de ITO generan menos polvo, lo que los hace especialmente adecuados para blancos de pulverizaci\u00f3n, materiales de evaporaci\u00f3n y diversos procesos de recubrimiento. Se utilizan ampliamente en dispositivos optoelectr\u00f3nicos, electr\u00f3nicos y conductores transparentes.<\/p>\n<p>VIMATERIAL ofrece gr\u00e1nulos de ITO de alta pureza en tama\u00f1os y composiciones personalizados para satisfacer diversos requisitos de proceso. <span style=\"color: #0000ff;\"><a style=\"color: #0000ff;\" href=\"https:\/\/vimaterial.de\/es\/contacto\/\">P\u00f3ngase en contacto con nosotros<\/a><\/span><br \/>\npara obtener m\u00e1s informaci\u00f3n.<\/p>\n<h2><span style=\"font-size: 14pt;\">Propiedades<\/span><\/h2>\n<p>F\u00f3rmula qu\u00edmica: In\u2082O\u2083 : SnO\u2082 (normalmente 90:10 % en peso)<\/p>\n<p>Peso molecular: 277,64 g\/mol (basado en In\u2082O\u2083)<\/p>\n<p>N\u00famero CAS: 50926-11-9<\/p>\n<p>Apariencia: Gr\u00e1nulos verdes o negros<\/p>\n<p>Excelente conductividad: Proporciona baja resistividad y transporte eficiente de electrones para pel\u00edculas conductoras y electrodos.<\/p>\n<p>Alta transparencia \u00f3ptica: Garantiza una alta transmitancia de la luz visible, adecuada para dispositivos electr\u00f3nicos y pantallas transparentes.<\/p>\n<p>Bajo nivel de polvo y buena fluidez: Las part\u00edculas reducen la contaminaci\u00f3n por polvo, lo que mejora la manipulaci\u00f3n, la alimentaci\u00f3n y la eficiencia del procesamiento.<\/p>\n<p>Estabilidad qu\u00edmica: resistente a la oxidaci\u00f3n, la humedad y la mayor\u00eda de los reactivos qu\u00edmicos, lo que garantiza un rendimiento estable a largo plazo.<\/p>\n<p>Estabilidad t\u00e9rmica: mantiene la estabilidad estructural y el\u00e9ctrica durante el procesamiento a alta temperatura, como la sinterizaci\u00f3n o la pulverizaci\u00f3n.<\/p>\n<h2><span style=\"font-size: 14pt;\">Aplicaciones de los gr\u00e1nulos de ITO<\/span><\/h2>\n<p>Blancos de pulverizaci\u00f3n: materia prima para blancos de pulverizaci\u00f3n de ITO utilizados en la producci\u00f3n de electrodos para LCD, OLED y pantallas t\u00e1ctiles.<\/p>\n<p>Materiales de evaporaci\u00f3n al vac\u00edo: utilizados en procesos de deposici\u00f3n de pel\u00edculas delgadas para capas conductoras transparentes.<\/p>\n<p>Recubrimientos conductores transparentes: aplicados a pantallas, c\u00e9lulas solares, vidrio inteligente y electr\u00f3nica flexible.<\/p>\n<p>Materiales electr\u00f3nicos: adecuados para pel\u00edculas delgadas conductoras, sensores y componentes optoelectr\u00f3nicos.<\/p>\n<p>Recubrimientos antiest\u00e1ticos y de blindaje electromagn\u00e9tico: proporcionan una protecci\u00f3n fiable contra las descargas electrost\u00e1ticas y las interferencias electromagn\u00e9ticas.<\/p>\n<h2><span style=\"font-size: 14pt;\">Embalaje y almacenamiento<\/span><\/h2>\n<p>Los gr\u00e1nulos de ITO se envasan en recipientes sellados y a prueba de humedad, normalmente bolsas de pl\u00e1stico antiest\u00e1ticas de doble capa o bolsas de aluminio selladas al vac\u00edo, y luego se colocan en cajas de cart\u00f3n resistentes o bidones para evitar la humedad, la contaminaci\u00f3n y los da\u00f1os mec\u00e1nicos durante el transporte.<\/p>\n<p>Almacenar en un entorno fresco, seco y bien ventilado, evitando la humedad y la luz solar directa. Mantener los recipientes sellados y alejados de sustancias corrosivas para mantener la estabilidad y el rendimiento del producto.<\/p>\n","protected":false},"excerpt":{"rendered":"<p>Los gr\u00e1nulos de \u00f3xido de indio y esta\u00f1o (ITO) son un material funcional inorg\u00e1nico compuesto por \u00f3xido de indio (In\u2082O\u2083) y \u00f3xido de esta\u00f1o (SnO\u2082), que suelen presentar un color verde o negro. En comparaci\u00f3n con el polvo, los gr\u00e1nulos de ITO generan menos polvo, lo que los hace especialmente adecuados para blancos de pulverizaci\u00f3n, [&hellip;]<\/p>\n","protected":false},"featured_media":1032237,"comment_status":"open","ping_status":"closed","template":"","meta":{"_acf_changed":false},"product_brand":[],"product_cat":[179],"product_tag":[],"class_list":{"0":"post-1049354","1":"product","2":"type-product","3":"status-publish","4":"has-post-thumbnail","6":"product_cat-materiales-de-evaporacion","8":"first","9":"instock","10":"shipping-taxable","11":"purchasable","12":"product-type-variable"},"acf":[],"_links":{"self":[{"href":"https:\/\/vimaterial.de\/es\/wp-json\/wp\/v2\/product\/1049354","targetHints":{"allow":["GET"]}}],"collection":[{"href":"https:\/\/vimaterial.de\/es\/wp-json\/wp\/v2\/product"}],"about":[{"href":"https:\/\/vimaterial.de\/es\/wp-json\/wp\/v2\/types\/product"}],"replies":[{"embeddable":true,"href":"https:\/\/vimaterial.de\/es\/wp-json\/wp\/v2\/comments?post=1049354"}],"wp:featuredmedia":[{"embeddable":true,"href":"https:\/\/vimaterial.de\/es\/wp-json\/wp\/v2\/media\/1032237"}],"wp:attachment":[{"href":"https:\/\/vimaterial.de\/es\/wp-json\/wp\/v2\/media?parent=1049354"}],"wp:term":[{"taxonomy":"product_brand","embeddable":true,"href":"https:\/\/vimaterial.de\/es\/wp-json\/wp\/v2\/product_brand?post=1049354"},{"taxonomy":"product_cat","embeddable":true,"href":"https:\/\/vimaterial.de\/es\/wp-json\/wp\/v2\/product_cat?post=1049354"},{"taxonomy":"product_tag","embeddable":true,"href":"https:\/\/vimaterial.de\/es\/wp-json\/wp\/v2\/product_tag?post=1049354"}],"curies":[{"name":"wp","href":"https:\/\/api.w.org\/{rel}","templated":true}]}}