{"id":1049334,"date":"2024-06-17T15:33:44","date_gmt":"2024-06-17T07:33:44","guid":{"rendered":"https:\/\/vimaterial.de\/product\/oxido-de-indio-y-estano-ito\/"},"modified":"2024-06-17T15:33:44","modified_gmt":"2024-06-17T07:33:44","slug":"oxido-de-indio-y-estano-ito","status":"publish","type":"product","link":"https:\/\/vimaterial.de\/es\/product\/oxido-de-indio-y-estano-ito\/","title":{"rendered":"\u00d3xido de indio y esta\u00f1o (ITO)"},"content":{"rendered":"<p>El polvo <span style=\"color: #0000ff;\"><a style=\"color: #0000ff;\" href=\"https:\/\/vimaterial.de\/es\/search\/?type=name&#038;keyword=ito\">de \u00f3xido de indio y esta\u00f1o<\/a><\/span><br \/>\n(ITO) es un material funcional inorg\u00e1nico compuesto por \u00f3xido de indio (In\u2082O\u2083) y \u00f3xido de esta\u00f1o (SnO\u2082). Su color var\u00eda entre amarillo p\u00e1lido y verde amarillento, y es conocido por su excelente conductividad el\u00e9ctrica, alta transparencia \u00f3ptica, buena estabilidad qu\u00edmica y facilidad de procesamiento. El polvo de ITO se utiliza ampliamente en recubrimientos conductores transparentes, dispositivos optoelectr\u00f3nicos y componentes electr\u00f3nicos avanzados.<\/p>\n<p>VIMATERIAL ofrece polvo de ITO de alta pureza en tama\u00f1os de micras y nan\u00f3metros, con tama\u00f1os de part\u00edculas personalizados disponibles para satisfacer los requisitos de cada aplicaci\u00f3n. <span style=\"color: #0000ff;\"><a style=\"color: #0000ff;\" href=\"https:\/\/vimaterial.de\/es\/contacto\/\">P\u00f3ngase en contacto con nosotros<\/a><\/span><br \/>\npara obtener m\u00e1s informaci\u00f3n.<\/p>\n<h2><span style=\"font-size: 14pt;\">Propiedades<\/span><\/h2>\n<p>F\u00f3rmula qu\u00edmica: In\u2082O\u2083 : SnO\u2082 (normalmente 90:10 % en peso)<\/p>\n<p>Peso molecular: 277,64 g\/mol (basado en In\u2082O\u2083)<\/p>\n<p>N\u00famero CAS: 50926-11-9<\/p>\n<p>Apariencia: Polvo de color amarillo p\u00e1lido o verde amarillento<\/p>\n<p>Excelente conductividad el\u00e9ctrica: Proporciona baja resistividad y transporte eficiente de carga para recubrimientos conductivos y pel\u00edculas delgadas.<\/p>\n<p>Alta transparencia \u00f3ptica: Mantiene una alta transmitancia en el rango de luz visible, lo que lo hace ideal para dispositivos electr\u00f3nicos transparentes.<\/p>\n<p>Estabilidad qu\u00edmica: resistente a la oxidaci\u00f3n y la humedad, y capaz de soportar la mayor\u00eda de los entornos qu\u00edmicos, lo que garantiza la estabilidad del rendimiento a largo plazo.<\/p>\n<p>Buena dispersabilidad: el tama\u00f1o fino de las part\u00edculas permite una dispersi\u00f3n uniforme en tintas, pastas y sistemas de recubrimiento.<\/p>\n<p>Estabilidad t\u00e9rmica: mantiene un rendimiento estable incluso en condiciones de procesamiento a alta temperatura.<\/p>\n<h2><span style=\"font-size: 14pt;\">Aplicaciones del polvo de ITO<\/span><\/h2>\n<p>Recubrimiento conductor transparente: se utiliza en paneles t\u00e1ctiles, pantallas, pantallas LCD\/LED y ventanas inteligentes.<\/p>\n<p>C\u00e9lulas solares: se utiliza como electrodo transparente en dispositivos fotovoltaicos para mejorar la eficiencia de conversi\u00f3n de energ\u00eda.<\/p>\n<p>Materiales electr\u00f3nicos: se utiliza en tintas conductoras, pastas y dispositivos electr\u00f3nicos de pel\u00edcula fina.<\/p>\n<p>Recubrimiento antiest\u00e1tico: proporciona protecci\u00f3n contra descargas electrost\u00e1ticas para instrumentos de precisi\u00f3n y embalajes.<\/p>\n<p>Dispositivos optoelectr\u00f3nicos: adecuado para sensores, OLED y diversas pel\u00edculas finas funcionales avanzadas.<\/p>\n<h2><span style=\"font-size: 14pt;\">Embalaje y almacenamiento<\/span><\/h2>\n<p>El polvo de \u00f3xido de indio y esta\u00f1o se envasa en recipientes sellados y a prueba de humedad, normalmente bolsas de pl\u00e1stico antiest\u00e1ticas de doble capa o bolsas de papel de aluminio, selladas al vac\u00edo, y luego se coloca en cajas de cart\u00f3n o bidones resistentes para evitar la humedad, la contaminaci\u00f3n y los da\u00f1os mec\u00e1nicos durante el transporte.<\/p>\n<p>Almacenar en un entorno fresco, seco y bien ventilado, lejos de la humedad y la luz solar directa. Mantener el recipiente bien cerrado para mantener la estabilidad y el rendimiento del producto.<\/p>\n","protected":false},"excerpt":{"rendered":"<p>El polvo de \u00f3xido de indio y esta\u00f1o (ITO) es un material funcional inorg\u00e1nico compuesto por \u00f3xido de indio (In\u2082O\u2083) y \u00f3xido de esta\u00f1o (SnO\u2082). Su color var\u00eda entre amarillo p\u00e1lido y verde amarillento, y es conocido por su excelente conductividad el\u00e9ctrica, alta transparencia \u00f3ptica, buena estabilidad qu\u00edmica y facilidad de procesamiento. El polvo de [&hellip;]<\/p>\n","protected":false},"featured_media":1048523,"comment_status":"open","ping_status":"closed","template":"","meta":{"_acf_changed":false},"product_brand":[],"product_cat":[186],"product_tag":[],"class_list":{"0":"post-1049334","1":"product","2":"type-product","3":"status-publish","4":"has-post-thumbnail","6":"product_cat-materiales-de-oxido-hidroxido","8":"first","9":"instock","10":"shipping-taxable","11":"purchasable","12":"product-type-variable"},"acf":[],"_links":{"self":[{"href":"https:\/\/vimaterial.de\/es\/wp-json\/wp\/v2\/product\/1049334","targetHints":{"allow":["GET"]}}],"collection":[{"href":"https:\/\/vimaterial.de\/es\/wp-json\/wp\/v2\/product"}],"about":[{"href":"https:\/\/vimaterial.de\/es\/wp-json\/wp\/v2\/types\/product"}],"replies":[{"embeddable":true,"href":"https:\/\/vimaterial.de\/es\/wp-json\/wp\/v2\/comments?post=1049334"}],"wp:featuredmedia":[{"embeddable":true,"href":"https:\/\/vimaterial.de\/es\/wp-json\/wp\/v2\/media\/1048523"}],"wp:attachment":[{"href":"https:\/\/vimaterial.de\/es\/wp-json\/wp\/v2\/media?parent=1049334"}],"wp:term":[{"taxonomy":"product_brand","embeddable":true,"href":"https:\/\/vimaterial.de\/es\/wp-json\/wp\/v2\/product_brand?post=1049334"},{"taxonomy":"product_cat","embeddable":true,"href":"https:\/\/vimaterial.de\/es\/wp-json\/wp\/v2\/product_cat?post=1049334"},{"taxonomy":"product_tag","embeddable":true,"href":"https:\/\/vimaterial.de\/es\/wp-json\/wp\/v2\/product_tag?post=1049334"}],"curies":[{"name":"wp","href":"https:\/\/api.w.org\/{rel}","templated":true}]}}