{"id":1049231,"date":"2024-06-17T14:50:30","date_gmt":"2024-06-17T06:50:30","guid":{"rendered":"https:\/\/vimaterial.de\/product\/cloruro-de-niquel-hexahidratado\/"},"modified":"2024-06-17T14:50:30","modified_gmt":"2024-06-17T06:50:30","slug":"cloruro-de-niquel-hexahidratado","status":"publish","type":"product","link":"https:\/\/vimaterial.de\/es\/product\/cloruro-de-niquel-hexahidratado\/","title":{"rendered":"Cloruro de n\u00edquel hexahidratado"},"content":{"rendered":"<p><span style=\"color: #0000ff;\"><a style=\"color: #0000ff;\" href=\"https:\/\/vimaterial.de\/es\/search\/?type=element&#038;keyword=nicl2\">El cloruro de n\u00edquel hexahidratado<\/a><\/span><br \/>\n, representado qu\u00edmicamente como NiCl\u2082\u00b76H\u2082O, es la forma hidratada del cloruro de n\u00edquel. Es un s\u00f3lido cristalino verde muy soluble en agua y se utiliza habitualmente en diversas aplicaciones industriales y qu\u00edmicas.<\/p>\n<p>VIMATERIAL ofrece cloruro de n\u00edquel hexahidratado de alta pureza. <span style=\"color: #0000ff;\"><a style=\"color: #0000ff;\" href=\"https:\/\/vimaterial.de\/es\/contacto\/\">P\u00f3ngase en contacto con nosotros<\/a><\/span><br \/>\npara obtener m\u00e1s informaci\u00f3n.<\/p>\n<h2><span style=\"font-size: 14pt;\">Propiedades f\u00edsicas<\/span><\/h2>\n<p>F\u00f3rmula molecular: NiCl\u2082\u00b76H\u2082O<\/p>\n<p>Masa molar: 237,69 g\/mol<\/p>\n<p>Apariencia: Cristales verdes<\/p>\n<p>Solubilidad: Soluble en agua, etanol y algunos disolventes org\u00e1nicos<\/p>\n<h2><span style=\"font-size: 14pt;\">\u00bfPara qu\u00e9 se utiliza el cloruro de n\u00edquel hexahidratado?<\/span><\/h2>\n<p>Galvanoplastia: Se utiliza en el proceso de galvanoplastia con n\u00edquel.<\/p>\n<p>Catalizadores: El cloruro de n\u00edquel hexahidratado puede ser un precursor de catalizadores utilizados en qu\u00edmica org\u00e1nica.<\/p>\n<p>Tintura y estampado: Se utiliza en la industria textil para te\u00f1ir tejidos.<\/p>\n<p>Fuente de n\u00edquel: Sirve como fuente de ionenes de n\u00edquel en s\u00edntesis y reacciones qu\u00edmicas.<\/p>\n<h2><span style=\"font-size: 14pt;\">Consideraciones de seguridad<\/span><\/h2>\n<p>Toxicidad: El cloruro de n\u00edquel hexahidratado es t\u00f3xico si se ingiere o se inhala. La exposici\u00f3n prolongada puede provocar intoxicaci\u00f3n por n\u00edquel.<\/p>\n<p>Manipulaci\u00f3n: Se deben utilizar guantes y equipo de protecci\u00f3n cuando se trabaje con \u00e9l para evitar el contacto con la piel y la inhalaci\u00f3n.<\/p>\n<h2><span style=\"font-size: 14pt;\">\u00bfC\u00f3mo realizar un pedido a VIMATERIAL?<\/span><\/h2>\n<p>Solicite un presupuesto: P\u00f3ngase en contacto con nosotros para recibir un presupuesto con la cantidad y las especificaciones que necesita.<\/p>\n<p>Solicite una muestra: Ofrecemos la opci\u00f3n de solicitar una muestra para garantizar que se ajusta a sus necesidades espec\u00edficas.<\/p>\n<p>Entrega r\u00e1pida y segura: Proporcionamos un embalaje y una entrega r\u00e1pidos y seguros para garantizar que sus productos le lleguen en perfectas condiciones.<\/p>\n","protected":false},"excerpt":{"rendered":"<p>El cloruro de n\u00edquel hexahidratado , representado qu\u00edmicamente como NiCl\u2082\u00b76H\u2082O, es la forma hidratada del cloruro de n\u00edquel. Es un s\u00f3lido cristalino verde muy soluble en agua y se utiliza habitualmente en diversas aplicaciones industriales y qu\u00edmicas. VIMATERIAL ofrece cloruro de n\u00edquel hexahidratado de alta pureza. P\u00f3ngase en contacto con nosotros para obtener m\u00e1s informaci\u00f3n. [&hellip;]<\/p>\n","protected":false},"featured_media":1002496,"comment_status":"open","ping_status":"closed","template":"","meta":{"_acf_changed":false},"product_brand":[],"product_cat":[182],"product_tag":[],"class_list":{"0":"post-1049231","1":"product","2":"type-product","3":"status-publish","4":"has-post-thumbnail","6":"product_cat-materiales-halogenados","8":"first","9":"instock","10":"shipping-taxable","11":"purchasable","12":"product-type-variable"},"acf":[],"_links":{"self":[{"href":"https:\/\/vimaterial.de\/es\/wp-json\/wp\/v2\/product\/1049231","targetHints":{"allow":["GET"]}}],"collection":[{"href":"https:\/\/vimaterial.de\/es\/wp-json\/wp\/v2\/product"}],"about":[{"href":"https:\/\/vimaterial.de\/es\/wp-json\/wp\/v2\/types\/product"}],"replies":[{"embeddable":true,"href":"https:\/\/vimaterial.de\/es\/wp-json\/wp\/v2\/comments?post=1049231"}],"wp:featuredmedia":[{"embeddable":true,"href":"https:\/\/vimaterial.de\/es\/wp-json\/wp\/v2\/media\/1002496"}],"wp:attachment":[{"href":"https:\/\/vimaterial.de\/es\/wp-json\/wp\/v2\/media?parent=1049231"}],"wp:term":[{"taxonomy":"product_brand","embeddable":true,"href":"https:\/\/vimaterial.de\/es\/wp-json\/wp\/v2\/product_brand?post=1049231"},{"taxonomy":"product_cat","embeddable":true,"href":"https:\/\/vimaterial.de\/es\/wp-json\/wp\/v2\/product_cat?post=1049231"},{"taxonomy":"product_tag","embeddable":true,"href":"https:\/\/vimaterial.de\/es\/wp-json\/wp\/v2\/product_tag?post=1049231"}],"curies":[{"name":"wp","href":"https:\/\/api.w.org\/{rel}","templated":true}]}}