{"id":1049185,"date":"2024-06-17T15:22:54","date_gmt":"2024-06-17T07:22:54","guid":{"rendered":"https:\/\/vimaterial.de\/product\/oxido-de-circonio-4\/"},"modified":"2024-06-17T15:22:54","modified_gmt":"2024-06-17T07:22:54","slug":"oxido-de-circonio-4","status":"publish","type":"product","link":"https:\/\/vimaterial.de\/es\/product\/oxido-de-circonio-4\/","title":{"rendered":"\u00d3xido de circonio"},"content":{"rendered":"<p>Los gr\u00e1nulos <span style=\"color: #0000ff;\"><a style=\"color: #0000ff;\" href=\"https:\/\/vimaterial.de\/es\/search\/?type=element&#038;keyword=ZRO2\">de \u00f3xido de circonio<\/a><\/span><br \/>\nson un tipo de material inorg\u00e1nico con la f\u00f3rmula qu\u00edmica ZrO\u2082 y el aspecto de gr\u00e1nulos blancos o negros, que tiene las propiedades f\u00edsicas y qu\u00edmicas de alto punto de fusi\u00f3n, alta dureza, buena estabilidad qu\u00edmica, baja conductividad t\u00e9rmica, buena biocompatibilidad, etc. Tiene importantes aplicaciones en cer\u00e1mica, electr\u00f3nica, refractarios, recubrimientos, biomedicina y otros campos.<\/p>\n<p>VIMATERIAL ofrece gr\u00e1nulos de \u00f3xido de circonio de alta pureza, disponibles en varios tama\u00f1os bajo pedido. <span style=\"color: #0000ff;\"><a style=\"color: #0000ff;\" href=\"https:\/\/vimaterial.de\/es\/contacto\/\">P\u00f3ngase en contacto con nosotros<\/a><\/span><br \/>\npara obtener m\u00e1s informaci\u00f3n.<\/p>\n<h2><span style=\"font-size: 14pt;\">Caracter\u00edsticas<\/span><\/h2>\n<p>F\u00f3rmula qu\u00edmica: ZrO2<\/p>\n<p>Peso molecular: 123,22 g\/mol<\/p>\n<p>N.\u00ba CAS: 1314-23-4<\/p>\n<p>Apariencia: Gr\u00e1nulos blancos o negros<\/p>\n<p>Alto punto de fusi\u00f3n y dureza: Con un punto de fusi\u00f3n de aproximadamente 2700 \u00b0C y una alta dureza, la zirconia ofrece una excelente estabilidad a altas temperaturas y resistencia al desgaste.<\/p>\n<p>Estabilidad qu\u00edmica: Resistente a la mayor\u00eda de los \u00e1cidos, \u00e1lcalis y disolventes org\u00e1nicos, lo que la hace adecuada para entornos qu\u00edmicos agresivos.<\/p>\n<p>Baja conductividad t\u00e9rmica: proporciona un aislamiento t\u00e9rmico eficaz para aplicaciones a altas temperaturas.<\/p>\n<p>Buena biocompatibilidad: no es t\u00f3xico y es compatible con los tejidos, ideal para usos dentales y ortop\u00e9dicos.<\/p>\n<h2><span style=\"font-size: 14pt;\">Aplicaciones de los gr\u00e1nulos de \u00f3xido de circonio<\/span><\/h2>\n<p>Industria cer\u00e1mica: mejora la resistencia, la dureza y la resistencia al desgaste de la cer\u00e1mica, ampliamente utilizada en cuchillos, cojinetes y v\u00e1lvulas de cer\u00e1mica.<\/p>\n<p>Materiales electr\u00f3nicos: se aplica en cer\u00e1mica electr\u00f3nica, condensadores y termistores debido a su alta constante diel\u00e9ctrica y baja p\u00e9rdida.<\/p>\n<p>Materiales refractarios: mejora la resistencia a altas temperaturas y a la corrosi\u00f3n de los revestimientos de hornos y ladrillos refractarios.<\/p>\n<p>Recubrimientos: aumenta la dureza, la resistencia al desgaste, la resistencia a la corrosi\u00f3n y el aislamiento t\u00e9rmico de los recubrimientos de alto rendimiento.<\/p>\n<p>Campo biom\u00e9dico: se utiliza en restauraciones dentales e implantes ortop\u00e9dicos gracias a su excelente biocompatibilidad y propiedades mec\u00e1nicas.<\/p>\n<h2><span style=\"font-size: 14pt;\">Embalaje y almacenamiento<\/span><\/h2>\n<p>Los gr\u00e1nulos de circonio se envasan en envases sellados y a prueba de humedad, normalmente utilizando bolsas de pl\u00e1stico antiest\u00e1ticas de doble capa o bolsas de papel de aluminio selladas al vac\u00edo y colocadas en cajas de cart\u00f3n o bidones resistentes para evitar la humedad, la contaminaci\u00f3n y los da\u00f1os mec\u00e1nicos durante el transporte.<\/p>\n<p>Almacenar en un entorno fresco, seco y bien ventilado, evitando la humedad y la luz solar directa. Mantener alejado de sustancias corrosivas como \u00e1cidos y \u00e1lcalis, y mantener el envase sellado para garantizar la estabilidad del rendimiento del producto.<\/p>\n","protected":false},"excerpt":{"rendered":"<p>Los gr\u00e1nulos de \u00f3xido de circonio son un tipo de material inorg\u00e1nico con la f\u00f3rmula qu\u00edmica ZrO\u2082 y el aspecto de gr\u00e1nulos blancos o negros, que tiene las propiedades f\u00edsicas y qu\u00edmicas de alto punto de fusi\u00f3n, alta dureza, buena estabilidad qu\u00edmica, baja conductividad t\u00e9rmica, buena biocompatibilidad, etc. Tiene importantes aplicaciones en cer\u00e1mica, electr\u00f3nica, refractarios, [&hellip;]<\/p>\n","protected":false},"featured_media":1031541,"comment_status":"open","ping_status":"closed","template":"","meta":{"_acf_changed":false},"product_brand":[],"product_cat":[179],"product_tag":[],"class_list":{"0":"post-1049185","1":"product","2":"type-product","3":"status-publish","4":"has-post-thumbnail","6":"product_cat-materiales-de-evaporacion","8":"first","9":"instock","10":"shipping-taxable","11":"purchasable","12":"product-type-variable"},"acf":[],"_links":{"self":[{"href":"https:\/\/vimaterial.de\/es\/wp-json\/wp\/v2\/product\/1049185","targetHints":{"allow":["GET"]}}],"collection":[{"href":"https:\/\/vimaterial.de\/es\/wp-json\/wp\/v2\/product"}],"about":[{"href":"https:\/\/vimaterial.de\/es\/wp-json\/wp\/v2\/types\/product"}],"replies":[{"embeddable":true,"href":"https:\/\/vimaterial.de\/es\/wp-json\/wp\/v2\/comments?post=1049185"}],"wp:featuredmedia":[{"embeddable":true,"href":"https:\/\/vimaterial.de\/es\/wp-json\/wp\/v2\/media\/1031541"}],"wp:attachment":[{"href":"https:\/\/vimaterial.de\/es\/wp-json\/wp\/v2\/media?parent=1049185"}],"wp:term":[{"taxonomy":"product_brand","embeddable":true,"href":"https:\/\/vimaterial.de\/es\/wp-json\/wp\/v2\/product_brand?post=1049185"},{"taxonomy":"product_cat","embeddable":true,"href":"https:\/\/vimaterial.de\/es\/wp-json\/wp\/v2\/product_cat?post=1049185"},{"taxonomy":"product_tag","embeddable":true,"href":"https:\/\/vimaterial.de\/es\/wp-json\/wp\/v2\/product_tag?post=1049185"}],"curies":[{"name":"wp","href":"https:\/\/api.w.org\/{rel}","templated":true}]}}