{"id":1049160,"date":"2024-06-17T15:22:55","date_gmt":"2024-06-17T07:22:55","guid":{"rendered":"https:\/\/vimaterial.de\/product\/oxido-de-circonio-2\/"},"modified":"2024-06-17T15:22:55","modified_gmt":"2024-06-17T07:22:55","slug":"oxido-de-circonio-2","status":"publish","type":"product","link":"https:\/\/vimaterial.de\/es\/product\/oxido-de-circonio-2\/","title":{"rendered":"\u00d3xido de circonio"},"content":{"rendered":"<p>El blanco de pulverizaci\u00f3n <span style=\"color: #0000ff;\"><a style=\"color: #0000ff;\" href=\"https:\/\/vimaterial.de\/es\/search\/?type=element&#038;keyword=ZRO2\">de \u00f3xido de circonio<\/a><\/span><\/p>\n<p>es un tipo de blanco cer\u00e1mico con \u00f3xido de circonio como componente principal, que tiene las caracter\u00edsticas de alto punto de fusi\u00f3n, alta dureza y buena estabilidad qu\u00edmica, y se utiliza en la pulverizaci\u00f3n magnetr\u00f3nica y otras tecnolog\u00edas de recubrimiento para preparar materiales de pel\u00edcula delgada de alta calidad.<\/p>\n<p>VIMATERIAL ofrece blancos de circonio de alta pureza, con tama\u00f1os personalizados disponibles bajo pedido. <span style=\"color: #0000ff;\">P\u00f3ngase en contacto con nosotros<\/span><\/p>\n<p>para obtener m\u00e1s informaci\u00f3n.<br \/>\nCaracter\u00edsticas<br \/>\nF\u00f3rmula qu\u00edmica: ZrO2<\/p>\n<p>Punto de fusi\u00f3n: aprox. 2700 \u00b0C.<\/p>\n<p>Punto de ebullici\u00f3n: aprox. 4300 \u00b0C.<\/p>\n<p>Densidad: densidad te\u00f3rica <sup>5,68 g\/cm3.<\/sup><\/p>\n<p>Dureza: la dureza Mohs es de aproximadamente 7.<\/p>\n<p>Propiedades qu\u00edmicas: alta estabilidad qu\u00edmica, a temperatura ambiente no es f\u00e1cil que reaccione con el agua, los \u00e1cidos, los \u00e1lcalis y otras sustancias, pero a altas temperaturas, con \u00e1cidos y \u00e1lcalis fuertes y en otras condiciones espec\u00edficas, puede producirse una reacci\u00f3n qu\u00edmica.<\/p>\n<p>Propiedades el\u00e9ctricas: en t\u00e9rminos generales, el \u00f3xido de circonio tiene una resistividad relativamente alta, pero su conductividad el\u00e9ctrica puede mejorarse eficazmente mediante dopaje y otros medios para cumplir los requisitos de la pulverizaci\u00f3n cat\u00f3dica por magnetr\u00f3n y otros procesos de pulverizaci\u00f3n cat\u00f3dica accionados el\u00e9ctricamente.<\/p>\n<p>Propiedades \u00f3pticas: la pel\u00edcula de circonio tiene una buena transmitancia \u00f3ptica y un buen \u00edndice de refracci\u00f3n, y puede utilizarse para la preparaci\u00f3n de pel\u00edculas \u00f3pticas, pel\u00edculas de mejora de la permeabilidad, pel\u00edculas de interferencia, etc.<\/p>\n<p>Estructura de fase cristalina: el \u00f3xido de circonio tiene tres fases cristalinas, a saber, la fase monocl\u00ednica (por debajo de 1170 \u00b0C), la fase tetragonal (1170 \u00b0C-2370 \u00b0C) y la fase c\u00fabica (por encima de 2370 \u00b0C).<\/p>\n<h2><span style=\"font-size: 14pt;\">\u00bfPara qu\u00e9 se utilizan los blancos de pulverizaci\u00f3n de \u00f3xido de circonio?<\/span><\/h2>\n<p>Electr\u00f3nica: se utiliza en semiconductores, pantallas y dispositivos fotovoltaicos para pel\u00edculas diel\u00e9ctricas de alta constante diel\u00e9ctrica, capas conductoras transparentes y mejora de la eficiencia y la estabilidad.<\/p>\n<p>\u00d3ptica: se aplica en recubrimientos \u00f3pticos y l\u00e1ser para mejorar el control de la luz, la durabilidad y la estabilidad t\u00e9rmica.<\/p>\n<p>Energ\u00eda: se utiliza en electrolitos SOFC y bater\u00edas de iones de litio para mejorar la conductividad i\u00f3nica, el rendimiento y la vida \u00fatil.<\/p>\n<p>Medicina: Adecuado para restauraciones dentales y recubrimientos de dispositivos m\u00e9dicos debido a su excelente biocompatibilidad, dureza y propiedades antibacterianas.<\/p>\n<p>Industria: Empleado en recubrimientos resistentes al desgaste, barreras t\u00e9rmicas y recubrimientos decorativos para mejorar la durabilidad, la resistencia al calor y el rendimiento de la superficie.<\/p>\n<h2><span style=\"font-size: 14pt;\">\u00bfC\u00f3mo pedir blancos de pulverizaci\u00f3n de \u00f3xido de circonio a VIMATERIAL?<\/span><\/h2>\n<p>Solicite un presupuesto: P\u00f3ngase en contacto con nosotros para recibir un presupuesto con la cantidad y las especificaciones de \u00f3xido de circonio que necesita.<\/p>\n<p>Solicite una muestra: Ofrecemos la opci\u00f3n de solicitar una muestra para garantizar que se ajusta a sus necesidades espec\u00edficas.<\/p>\n<p>Entrega r\u00e1pida y segura: Proporcionamos un embalaje y una entrega r\u00e1pidos y seguros para garantizar que el \u00f3xido de circonio le llegue en perfectas condiciones.<\/p>\n<h2><span style=\"font-size: 14pt;\">Productos relacionados<\/span><\/h2>\n<table style=\"border-collapse: collapse; width: 100%;\">\n<tbody>\n<tr>\n<td style=\"width: 33.3333%;\"><strong><span style=\"color: #0000ff;\"><a style=\"color: #0000ff;\" href=\"https:\/\/vimaterial.de\/es\/search\/?type=element&#038;keyword=Zr\">Metal de circonio<\/a><\/span><\/strong><\/td>\n<td style=\"width: 33.3333%;\"><strong><span style=\"color: #0000ff;\"><a style=\"color: #0000ff;\" href=\"https:\/\/vimaterial.de\/es\/search\/?type=element&#038;keyword=ZrC\">Carburo de circonio<\/a><\/span><\/strong><\/td>\n<td style=\"width: 33.3333%;\"><strong><span style=\"color: #0000ff;\"><a style=\"color: #0000ff;\" href=\"https:\/\/vimaterial.de\/es\/search\/?type=element&#038;keyword=ZrN\">Nitruro de circonio<\/a><\/span><\/strong><\/td>\n<\/tr>\n<tr>\n<td style=\"width: 33.3333%;\"><span style=\"color: #0000ff;\"><strong><a style=\"color: #0000ff;\" href=\"https:\/\/vimaterial.de\/es\/product\/oxido-de-circonio\/\">Polvo de circonio<\/a><\/strong><\/span><\/td>\n<td style=\"width: 33.3333%;\"><strong><span style=\"color: #0000ff;\"><a style=\"color: #0000ff;\" href=\"https:\/\/vimaterial.de\/es\/product\/oxido-de-circonio-4\/\">Gr\u00e1nulos<\/a><\/span><\/strong><\/td>\n<td style=\"width: 33.3333%;\"><strong><span style=\"color: #0000ff;\"><a style=\"color: #0000ff;\" href=\"https:\/\/vimaterial.de\/es\/product\/oxido-de-circonio-3\/\">de circonio Pellets de circonio<\/a><\/span><\/strong><\/td>\n<\/tr>\n<\/tbody>\n<\/table>\n","protected":false},"excerpt":{"rendered":"<p>El blanco de pulverizaci\u00f3n de \u00f3xido de circonio es un tipo de blanco cer\u00e1mico con \u00f3xido de circonio como componente principal, que tiene las caracter\u00edsticas de alto punto de fusi\u00f3n, alta dureza y buena estabilidad qu\u00edmica, y se utiliza en la pulverizaci\u00f3n magnetr\u00f3nica y otras tecnolog\u00edas de recubrimiento para preparar materiales de pel\u00edcula delgada de [&hellip;]<\/p>\n","protected":false},"featured_media":1031556,"comment_status":"open","ping_status":"closed","template":"","meta":{"_acf_changed":false},"product_brand":[],"product_cat":[178],"product_tag":[],"class_list":{"0":"post-1049160","1":"product","2":"type-product","3":"status-publish","4":"has-post-thumbnail","6":"product_cat-catodos-para-sputtering-planar","8":"first","9":"instock","10":"shipping-taxable","11":"product-type-variable"},"acf":[],"_links":{"self":[{"href":"https:\/\/vimaterial.de\/es\/wp-json\/wp\/v2\/product\/1049160","targetHints":{"allow":["GET"]}}],"collection":[{"href":"https:\/\/vimaterial.de\/es\/wp-json\/wp\/v2\/product"}],"about":[{"href":"https:\/\/vimaterial.de\/es\/wp-json\/wp\/v2\/types\/product"}],"replies":[{"embeddable":true,"href":"https:\/\/vimaterial.de\/es\/wp-json\/wp\/v2\/comments?post=1049160"}],"wp:featuredmedia":[{"embeddable":true,"href":"https:\/\/vimaterial.de\/es\/wp-json\/wp\/v2\/media\/1031556"}],"wp:attachment":[{"href":"https:\/\/vimaterial.de\/es\/wp-json\/wp\/v2\/media?parent=1049160"}],"wp:term":[{"taxonomy":"product_brand","embeddable":true,"href":"https:\/\/vimaterial.de\/es\/wp-json\/wp\/v2\/product_brand?post=1049160"},{"taxonomy":"product_cat","embeddable":true,"href":"https:\/\/vimaterial.de\/es\/wp-json\/wp\/v2\/product_cat?post=1049160"},{"taxonomy":"product_tag","embeddable":true,"href":"https:\/\/vimaterial.de\/es\/wp-json\/wp\/v2\/product_tag?post=1049160"}],"curies":[{"name":"wp","href":"https:\/\/api.w.org\/{rel}","templated":true}]}}