{"id":1049111,"date":"2024-06-17T15:22:55","date_gmt":"2024-06-17T07:22:55","guid":{"rendered":"https:\/\/vimaterial.de\/product\/oxido-de-circonio-3\/"},"modified":"2024-06-17T15:22:55","modified_gmt":"2024-06-17T07:22:55","slug":"oxido-de-circonio-3","status":"publish","type":"product","link":"https:\/\/vimaterial.de\/es\/product\/oxido-de-circonio-3\/","title":{"rendered":"\u00d3xido de circonio"},"content":{"rendered":"<p>Los gr\u00e1nulos <span style=\"color: #0000ff;\"><a style=\"color: #0000ff;\" href=\"https:\/\/vimaterial.de\/es\/search\/?type=element&#038;keyword=ZRO2\">de \u00f3xido de circonio<\/a><\/span><br \/>\nson blancos o negros, con un alto punto de fusi\u00f3n, alta dureza y buena estabilidad qu\u00edmica. Se utilizan ampliamente en cer\u00e1mica, electr\u00f3nica, \u00f3ptica, materiales refractarios, biomedicina y otros campos.<\/p>\n<p>VIMATERIAL ofrece gr\u00e1nulos de circonio de alta pureza, personalizables en varios tama\u00f1os bajo pedido. <span style=\"color: #0000ff;\"><a style=\"color: #0000ff;\" href=\"https:\/\/vimaterial.de\/es\/contacto\/\">P\u00f3ngase en contacto con nosotros<\/a><\/span><br \/>\npara obtener m\u00e1s informaci\u00f3n.<\/p>\n<h2><span style=\"font-size: 14pt;\">Propiedades f\u00edsicas<\/span><\/h2>\n<p>F\u00f3rmula qu\u00edmica: ZrO\u2082<\/p>\n<p>Peso molecular: 123,22 g\/mol<\/p>\n<p>N.\u00ba CAS: 1314-23-4<\/p>\n<p>Apariencia: blanco o negro.<\/p>\n<p>Punto de fusi\u00f3n: aproximadamente 2715 \u2103.<\/p>\n<p>Punto de ebullici\u00f3n: 4300 \u2103.<\/p>\n<p>Densidad: aproximadamente 5,68 g\/cm\u00b3, la densidad cambia cuando se produce su transformaci\u00f3n cristalina, a 1000 \u2103 pasa de un sistema cristalino monocl\u00ednico a un sistema cristalino tetragonal, y la densidad pasa a ser de 6,10 g\/cm\u00b3.<\/p>\n<p>Solubilidad: insoluble en agua y alcohol, ligeramente soluble en \u00e1cido.<\/p>\n<p>Alta dureza y alta resistencia: dureza Mohs de aproximadamente 7, con alta resistencia mec\u00e1nica, excelente resistencia al desgaste.<\/p>\n<p>Alto punto de fusi\u00f3n y estabilidad qu\u00edmica: alto punto de fusi\u00f3n, buena estabilidad qu\u00edmica a altas temperaturas, puede resistir la erosi\u00f3n de una variedad de metales fundidos, silicatos, vidrio, etc.<\/p>\n<p>Buena conductividad el\u00e9ctrica y conductividad i\u00f3nica: tiene un cierto grado de conductividad el\u00e9ctrica a altas temperaturas y, en algunos casos, puede utilizarse como material para electrodos.<\/p>\n<p>Biocompatibilidad: buena biocompatibilidad, en el campo de la biomedicina puede utilizarse para fabricar huesos artificiales, dientes y otros materiales biocer\u00e1micos.<\/p>\n<h2><span style=\"font-size: 14pt;\">Aplicaciones de las pastillas de \u00f3xido de circonio<\/span><\/h2>\n<p>Industria cer\u00e1mica: se utiliza en la fabricaci\u00f3n de cer\u00e1micas especiales, cer\u00e1micas estructurales y cer\u00e1micas funcionales, como herramientas cer\u00e1micas, cojinetes cer\u00e1micos, sensores cer\u00e1micos, etc., y puede mejorar el rendimiento y la calidad de los productos cer\u00e1micos.<\/p>\n<p>Industria electr\u00f3nica: como materiales cer\u00e1micos electr\u00f3nicos, se utiliza en la fabricaci\u00f3n de condensadores, resistencias, componentes cer\u00e1micos piezoel\u00e9ctricos y otros componentes electr\u00f3nicos.<br \/>\nCampo \u00f3ptico: se utiliza en la fabricaci\u00f3n de lentes \u00f3pticas, fibras \u00f3pticas, ventanas \u00f3pticas, etc., aprovechando su alto \u00edndice de refracci\u00f3n, baja dispersi\u00f3n y otras caracter\u00edsticas, para mejorar el rendimiento de los componentes \u00f3pticos.<\/p>\n<p>Refractarios: se utiliza en la producci\u00f3n de diversos productos refractarios, como ladrillos de circonio, tubos de circonio, crisoles, etc., para mejorar los materiales refractarios de alta resistencia a la temperatura y a la erosi\u00f3n.<\/p>\n<p>Campo biom\u00e9dico: los gr\u00e1nulos de \u00f3xido de circonio pueden transformarse en biocer\u00e1micas para la reparaci\u00f3n y sustituci\u00f3n de huesos y dientes humanos, como articulaciones artificiales e implantes dentales.<\/p>\n<h2><span style=\"font-size: 14pt;\">Embalaje y almacenamiento<\/span><\/h2>\n<p>Los gr\u00e1nulos de circonio se envasan en embalajes sellados y a prueba de humedad, normalmente utilizando bolsas de pl\u00e1stico antiest\u00e1ticas de doble capa o bolsas de papel de aluminio selladas al vac\u00edo y colocadas en cajas de cart\u00f3n o bidones resistentes para evitar la humedad, la contaminaci\u00f3n y los da\u00f1os mec\u00e1nicos durante el transporte.<\/p>\n<p>Almacenar en un entorno fresco, seco y bien ventilado, evitando la humedad y la luz solar directa. Mantener alejado de sustancias corrosivas como \u00e1cidos y \u00e1lcalis, y mantener el envase sellado para garantizar la estabilidad del rendimiento del producto.<\/p>\n","protected":false},"excerpt":{"rendered":"<p>Los gr\u00e1nulos de \u00f3xido de circonio son blancos o negros, con un alto punto de fusi\u00f3n, alta dureza y buena estabilidad qu\u00edmica. Se utilizan ampliamente en cer\u00e1mica, electr\u00f3nica, \u00f3ptica, materiales refractarios, biomedicina y otros campos. VIMATERIAL ofrece gr\u00e1nulos de circonio de alta pureza, personalizables en varios tama\u00f1os bajo pedido. P\u00f3ngase en contacto con nosotros para [&hellip;]<\/p>\n","protected":false},"featured_media":1031546,"comment_status":"open","ping_status":"closed","template":"","meta":{"_acf_changed":false},"product_brand":[],"product_cat":[179],"product_tag":[],"class_list":{"0":"post-1049111","1":"product","2":"type-product","3":"status-publish","4":"has-post-thumbnail","6":"product_cat-materiales-de-evaporacion","8":"first","9":"instock","10":"shipping-taxable","11":"product-type-variable"},"acf":[],"_links":{"self":[{"href":"https:\/\/vimaterial.de\/es\/wp-json\/wp\/v2\/product\/1049111","targetHints":{"allow":["GET"]}}],"collection":[{"href":"https:\/\/vimaterial.de\/es\/wp-json\/wp\/v2\/product"}],"about":[{"href":"https:\/\/vimaterial.de\/es\/wp-json\/wp\/v2\/types\/product"}],"replies":[{"embeddable":true,"href":"https:\/\/vimaterial.de\/es\/wp-json\/wp\/v2\/comments?post=1049111"}],"wp:featuredmedia":[{"embeddable":true,"href":"https:\/\/vimaterial.de\/es\/wp-json\/wp\/v2\/media\/1031546"}],"wp:attachment":[{"href":"https:\/\/vimaterial.de\/es\/wp-json\/wp\/v2\/media?parent=1049111"}],"wp:term":[{"taxonomy":"product_brand","embeddable":true,"href":"https:\/\/vimaterial.de\/es\/wp-json\/wp\/v2\/product_brand?post=1049111"},{"taxonomy":"product_cat","embeddable":true,"href":"https:\/\/vimaterial.de\/es\/wp-json\/wp\/v2\/product_cat?post=1049111"},{"taxonomy":"product_tag","embeddable":true,"href":"https:\/\/vimaterial.de\/es\/wp-json\/wp\/v2\/product_tag?post=1049111"}],"curies":[{"name":"wp","href":"https:\/\/api.w.org\/{rel}","templated":true}]}}