{"id":1049048,"date":"2024-06-17T16:08:35","date_gmt":"2024-06-17T08:08:35","guid":{"rendered":"https:\/\/vimaterial.de\/product\/samario-metalico-2\/"},"modified":"2024-06-17T16:08:35","modified_gmt":"2024-06-17T08:08:35","slug":"samario-metalico-2","status":"publish","type":"product","link":"https:\/\/vimaterial.de\/es\/product\/samario-metalico-2\/","title":{"rendered":"Samario met\u00e1lico"},"content":{"rendered":"<p>Los blancos de pulverizaci\u00f3n de samario son blancos fabricados con metal de samario que se utilizan en procesos como la deposici\u00f3n f\u00edsica en fase vapor (PVD). Se pueden utilizar para depositar pel\u00edculas finas de samario sobre diversos sustratos o participar en procesos de s\u00edntesis de pel\u00edculas finas.<\/p>\n<p>VIMATERIAL ofrece blancos de pulverizaci\u00f3n <span style=\"color: #0000ff;\"><a style=\"color: #0000ff;\" href=\"https:\/\/vimaterial.de\/es\/search\/?type=element&#038;keyword=Sm\">de metal de samario<\/a><\/span><br \/>\nde alta pureza, personalizables en varios tama\u00f1os. <span style=\"color: #0000ff;\"><a style=\"color: #0000ff;\" href=\"https:\/\/vimaterial.de\/es\/contacto\/\">P\u00f3ngase en contacto con nosotros<\/a><\/span><br \/>\npara obtener m\u00e1s informaci\u00f3n.<\/p>\n<h2><span style=\"font-size: 14pt;\">Informaci\u00f3n b\u00e1sica<\/span><\/h2>\n<p>Aspecto: Gris plateado.<\/p>\n<p>Forma: placa plana redonda o rectangular.<\/p>\n<p>Densidad: 7,52 g\/cm\u00b3.<\/p>\n<p>Tama\u00f1o: depende de la aplicaci\u00f3n espec\u00edfica y de los par\u00e1metros del equipo de pulverizaci\u00f3n.<\/p>\n<h2><span style=\"font-size: 14pt;\">Aplicaciones de los blancos de pulverizaci\u00f3n de samario<\/span><\/h2>\n<p>Campo de los dispositivos electr\u00f3nicos: metal de samario. Se utiliza para fabricar pel\u00edculas magn\u00e9ticas en dispositivos de almacenamiento magn\u00e9tico (como discos duros). La propiedad magn\u00e9tica del samario puede mejorar la densidad de almacenamiento y el rendimiento de lectura\/escritura de los dispositivos de almacenamiento.<\/p>\n<p>Campo \u00f3ptico: desempe\u00f1a un papel en la preparaci\u00f3n de pel\u00edculas \u00f3pticas, por ejemplo, se puede utilizar como componente de filtros \u00f3pticos o recubrimientos reflectores. Las propiedades \u00f3pticas de la pel\u00edcula delgada de samario se pueden utilizar para ajustar las caracter\u00edsticas de reflexi\u00f3n, refracci\u00f3n y absorci\u00f3n de la luz, que se utilizan en tecnolog\u00eda l\u00e1ser, comunicaciones \u00f3pticas y otros campos.<\/p>\n<p>Campo de investigaci\u00f3n en ciencia de materiales: como herramienta para la investigaci\u00f3n de materiales, se utiliza para preparar diversas pel\u00edculas finas a base de samario en el laboratorio, con el fin de estudiar sus propiedades f\u00edsicas y qu\u00edmicas, como las propiedades magn\u00e9ticas, el\u00e9ctricas y de interfaz con otros materiales, etc., para proporcionar una base experimental para el desarrollo de nuevos materiales.<\/p>\n<h2><span style=\"font-size: 14pt;\">Embalaje y almacenamiento<\/span><\/h2>\n<p>Los materiales de samario se envasan en recipientes sellados al vac\u00edo o llenos de gas inerte para protegerlos de la oxidaci\u00f3n y la contaminaci\u00f3n, con una protecci\u00f3n exterior proporcionada por cajas de cart\u00f3n resistentes o cajas de madera para garantizar una manipulaci\u00f3n y un transporte seguros.<\/p>\n<p>Los materiales de samario deben almacenarse en recipientes sellados en un entorno fresco, seco y limpio, alejado del aire, la humedad y las sustancias corrosivas, preferiblemente en condiciones de vac\u00edo o gas inerte para mantener su estabilidad qu\u00edmica y el rendimiento del material.<\/p>\n","protected":false},"excerpt":{"rendered":"<p>Los blancos de pulverizaci\u00f3n de samario son blancos fabricados con metal de samario que se utilizan en procesos como la deposici\u00f3n f\u00edsica en fase vapor (PVD). Se pueden utilizar para depositar pel\u00edculas finas de samario sobre diversos sustratos o participar en procesos de s\u00edntesis de pel\u00edculas finas. VIMATERIAL ofrece blancos de pulverizaci\u00f3n de metal de [&hellip;]<\/p>\n","protected":false},"featured_media":1034174,"comment_status":"open","ping_status":"closed","template":"","meta":{"_acf_changed":false},"product_brand":[],"product_cat":[178],"product_tag":[],"class_list":{"0":"post-1049048","1":"product","2":"type-product","3":"status-publish","4":"has-post-thumbnail","6":"product_cat-catodos-para-sputtering-planar","8":"first","9":"instock","10":"shipping-taxable","11":"product-type-variable"},"acf":[],"_links":{"self":[{"href":"https:\/\/vimaterial.de\/es\/wp-json\/wp\/v2\/product\/1049048","targetHints":{"allow":["GET"]}}],"collection":[{"href":"https:\/\/vimaterial.de\/es\/wp-json\/wp\/v2\/product"}],"about":[{"href":"https:\/\/vimaterial.de\/es\/wp-json\/wp\/v2\/types\/product"}],"replies":[{"embeddable":true,"href":"https:\/\/vimaterial.de\/es\/wp-json\/wp\/v2\/comments?post=1049048"}],"wp:featuredmedia":[{"embeddable":true,"href":"https:\/\/vimaterial.de\/es\/wp-json\/wp\/v2\/media\/1034174"}],"wp:attachment":[{"href":"https:\/\/vimaterial.de\/es\/wp-json\/wp\/v2\/media?parent=1049048"}],"wp:term":[{"taxonomy":"product_brand","embeddable":true,"href":"https:\/\/vimaterial.de\/es\/wp-json\/wp\/v2\/product_brand?post=1049048"},{"taxonomy":"product_cat","embeddable":true,"href":"https:\/\/vimaterial.de\/es\/wp-json\/wp\/v2\/product_cat?post=1049048"},{"taxonomy":"product_tag","embeddable":true,"href":"https:\/\/vimaterial.de\/es\/wp-json\/wp\/v2\/product_tag?post=1049048"}],"curies":[{"name":"wp","href":"https:\/\/api.w.org\/{rel}","templated":true}]}}