{"id":1049014,"date":"2024-06-17T16:08:34","date_gmt":"2024-06-17T08:08:34","guid":{"rendered":"https:\/\/vimaterial.de\/product\/samario-metalico-3\/"},"modified":"2024-06-17T16:08:34","modified_gmt":"2024-06-17T08:08:34","slug":"samario-metalico-3","status":"publish","type":"product","link":"https:\/\/vimaterial.de\/es\/product\/samario-metalico-3\/","title":{"rendered":"Samario met\u00e1lico"},"content":{"rendered":"<p>La l\u00e1mina de samario es un material laminado fino fabricado con metal de samario, con aspecto met\u00e1lico y textura suave, que desempe\u00f1a un papel importante en materiales magn\u00e9ticos, dispositivos electr\u00f3nicos y catalizadores.<\/p>\n<p>VIMATERIAL ofrece l\u00e1minas <span style=\"color: #0000ff;\"><a style=\"color: #0000ff;\" href=\"https:\/\/vimaterial.de\/es\/search\/?type=element&#038;keyword=Sm\">de metal de samario<\/a><\/span><br \/>\nde alta pureza en varios tama\u00f1os. <span style=\"color: #0000ff;\"><a style=\"color: #0000ff;\" href=\"https:\/\/vimaterial.de\/es\/contacto\/\">P\u00f3ngase en contacto con nosotros<\/a><\/span><br \/>\npara obtener m\u00e1s informaci\u00f3n.<\/p>\n<h2><span style=\"font-size: 14pt;\">Caracter\u00edsticas<\/span><\/h2>\n<p>Aspecto: gris plateado.<\/p>\n<p>Densidad: 7,52 g\/cm\u00b3.<\/p>\n<p>Punto de fusi\u00f3n: 1072 \u2103.<\/p>\n<p>Dureza: duro y quebradizo, requiere ciertas t\u00e9cnicas y equipos para su procesamiento, pero es capaz de mantener una buena estabilidad de forma durante su uso.<\/p>\n<p>Variantes met\u00e1licas: hay 3 variantes met\u00e1licas, que se transforman a 734 \u2103 y 922 \u2103 respectivamente.<\/p>\n<p>Resistencia a la corrosi\u00f3n: es resistente a la corrosi\u00f3n hasta cierto punto y puede permanecer estable en algunos entornos qu\u00edmicos comunes.<\/p>\n<p>Reactividad: como metal de tierras raras, el samario tiene una alta actividad qu\u00edmica y puede reaccionar con ox\u00edgeno, hidr\u00f3geno, nitr\u00f3geno, hal\u00f3genos y otros mon\u00f3meros, as\u00ed como con algunos compuestos.<\/p>\n<p>Conductividad el\u00e9ctrica: tiene una buena conductividad el\u00e9ctrica, lo que le confiere cierto potencial de aplicaci\u00f3n en el campo de la electr\u00f3nica.<\/p>\n<p>Conductividad t\u00e9rmica: con una buena conductividad t\u00e9rmica, puede transferir eficazmente el calor, lo que puede aplicarse a situaciones que requieren disipaci\u00f3n o conducci\u00f3n de calor.<\/p>\n<p>Alta relaci\u00f3n resistencia-peso: tiene una alta relaci\u00f3n resistencia-peso, es decir, una alta resistencia en relaci\u00f3n con su peso, lo que le da una ventaja en escenarios de aplicaci\u00f3n que requieren peso del material.<\/p>\n<h2><span style=\"font-size: 14pt;\">Aplicaciones de la l\u00e1mina de samario<\/span><\/h2>\n<p>Electr\u00f3nica: se utiliza como material para electrodos o interconexiones en componentes electr\u00f3nicos y circuitos integrados para mejorar la conductividad, el rendimiento y la estabilidad.<\/p>\n<p>Aeroespacial: se aplica en piezas estructurales ligeras y resistentes a altas temperaturas y en recubrimientos protectores para mejorar la resistencia, la resistencia a la oxidaci\u00f3n y la durabilidad en entornos hostiles.<\/p>\n<p>Energ\u00eda: se utiliza en bater\u00edas avanzadas, pilas de combustible y supercondensadores como material para electrodos o almacenamiento de energ\u00eda para mejorar la eficiencia y el rendimiento.<\/p>\n<p>Materiales magn\u00e9ticos: se utiliza para producir imanes permanentes de alto rendimiento (por ejemplo, imanes de SmCo) y pel\u00edculas magn\u00e9ticas finas para motores, sensores y aplicaciones de almacenamiento de datos.<\/p>\n<p>Investigaci\u00f3n cient\u00edfica: sirve como material funcional para estudiar las propiedades de los materiales y para aplicaciones en la investigaci\u00f3n nuclear y f\u00edsica.<\/p>\n<h2><span style=\"font-size: 14pt;\">Embalaje y almacenamiento<\/span><\/h2>\n<p>La l\u00e1mina de samario se envasa en recipientes internos sellados al vac\u00edo o llenos de gas inerte para evitar la oxidaci\u00f3n, la humedad y la contaminaci\u00f3n durante el transporte, mientras que el embalaje exterior utiliza cajas de cart\u00f3n resistentes o cajas de madera para proporcionar amortiguaci\u00f3n y protecci\u00f3n mec\u00e1nica para una entrega segura.<\/p>\n<p>La l\u00e1mina de samario debe almacenarse en contenedores sellados en un entorno fresco, seco y limpio, alejado del aire, la humedad y las sustancias corrosivas, preferiblemente al vac\u00edo o en una atm\u00f3sfera inerte para mantener su estabilidad qu\u00edmica y el rendimiento del material.<\/p>\n","protected":false},"excerpt":{"rendered":"<p>La l\u00e1mina de samario es un material laminado fino fabricado con metal de samario, con aspecto met\u00e1lico y textura suave, que desempe\u00f1a un papel importante en materiales magn\u00e9ticos, dispositivos electr\u00f3nicos y catalizadores. VIMATERIAL ofrece l\u00e1minas de metal de samario de alta pureza en varios tama\u00f1os. P\u00f3ngase en contacto con nosotros para obtener m\u00e1s informaci\u00f3n. Caracter\u00edsticas [&hellip;]<\/p>\n","protected":false},"featured_media":1034164,"comment_status":"open","ping_status":"closed","template":"","meta":{"_acf_changed":false},"product_brand":[],"product_cat":[188],"product_tag":[],"class_list":{"0":"post-1049014","1":"product","2":"type-product","3":"status-publish","4":"has-post-thumbnail","6":"product_cat-perfil","8":"first","9":"instock","10":"shipping-taxable","11":"purchasable","12":"product-type-variable"},"acf":[],"_links":{"self":[{"href":"https:\/\/vimaterial.de\/es\/wp-json\/wp\/v2\/product\/1049014","targetHints":{"allow":["GET"]}}],"collection":[{"href":"https:\/\/vimaterial.de\/es\/wp-json\/wp\/v2\/product"}],"about":[{"href":"https:\/\/vimaterial.de\/es\/wp-json\/wp\/v2\/types\/product"}],"replies":[{"embeddable":true,"href":"https:\/\/vimaterial.de\/es\/wp-json\/wp\/v2\/comments?post=1049014"}],"wp:featuredmedia":[{"embeddable":true,"href":"https:\/\/vimaterial.de\/es\/wp-json\/wp\/v2\/media\/1034164"}],"wp:attachment":[{"href":"https:\/\/vimaterial.de\/es\/wp-json\/wp\/v2\/media?parent=1049014"}],"wp:term":[{"taxonomy":"product_brand","embeddable":true,"href":"https:\/\/vimaterial.de\/es\/wp-json\/wp\/v2\/product_brand?post=1049014"},{"taxonomy":"product_cat","embeddable":true,"href":"https:\/\/vimaterial.de\/es\/wp-json\/wp\/v2\/product_cat?post=1049014"},{"taxonomy":"product_tag","embeddable":true,"href":"https:\/\/vimaterial.de\/es\/wp-json\/wp\/v2\/product_tag?post=1049014"}],"curies":[{"name":"wp","href":"https:\/\/api.w.org\/{rel}","templated":true}]}}