{"id":1048981,"date":"2024-06-17T14:23:30","date_gmt":"2024-06-17T06:23:30","guid":{"rendered":"https:\/\/vimaterial.de\/product\/oxido-de-titanio-4\/"},"modified":"2024-06-17T14:23:30","modified_gmt":"2024-06-17T06:23:30","slug":"oxido-de-titanio-4","status":"publish","type":"product","link":"https:\/\/vimaterial.de\/es\/product\/oxido-de-titanio-4\/","title":{"rendered":"\u00d3xido de titanio"},"content":{"rendered":"<p>Los gr\u00e1nulos <span style=\"color: #0000ff;\"><a style=\"color: #0000ff;\" href=\"https:\/\/vimaterial.de\/es\/product\/oxido-de-titanio-3\/\">de \u00f3xido de titanio Ti3O5<\/a><\/span><br \/>\nson inorg\u00e1nicos, con una estructura cristalina rombo\u00e9drica, de color violeta oscuro y brillo met\u00e1lico, y se utilizan principalmente en electr\u00f3nica, \u00f3ptica y sensores.<\/p>\n<p>VIMATERIAL es una empresa de innovaci\u00f3n qu\u00edmica de vanguardia especializada en materiales de alto rendimiento para aplicaciones de ingenier\u00eda avanzada. Nuestros productos se caracterizan por su alta pureza, rendimiento estable, soporte para pedidos de lotes peque\u00f1os, inventario suficiente y plazos de entrega cortos. Tambi\u00e9n ofrecemos personalizaci\u00f3n y experimentaci\u00f3n, p\u00f3ngase <span style=\"color: #0000ff;\"><a style=\"color: #0000ff;\" href=\"https:\/\/vimaterial.de\/es\/contacto\/\">en contacto con nosotros<\/a><\/span><br \/>\nsi necesita algo.<\/p>\n<h2><span style=\"font-size: 14pt;\">Caracter\u00edsticas<\/span><\/h2>\n<p>F\u00f3rmula molecular: Ti3O5<\/p>\n<p>Peso molecular: 223,61 g\/mol<\/p>\n<p>Apariencia: violeta oscuro<\/p>\n<p>Densidad: 4,2 g\/cm\u00b3<\/p>\n<p>Punto de fusi\u00f3n: 1800 \u00b0C<\/p>\n<p>Estructura cristalina: sistema cristalino monocl\u00ednico com\u00fan<\/p>\n<h2><span style=\"font-size: 14pt;\">Aplicaciones<\/span><\/h2>\n<p>Fabricaci\u00f3n de componentes electr\u00f3nicos: los gr\u00e1nulos de \u00f3xido de titanio Ti3O5 se utilizan en la fabricaci\u00f3n de condensadores de alto rendimiento, lo que puede mejorar eficazmente el almacenamiento de energ\u00eda y la estabilidad del condensador.<\/p>\n<p>C\u00e9lulas solares: a\u00f1adidos a los electrodos de las c\u00e9lulas solares, los gr\u00e1nulos de Ti3O5 pueden mejorar la conductividad y la eficiencia de conversi\u00f3n fotovoltaica de las c\u00e9lulas.<\/p>\n<p>Sensores: como material sensible, los gr\u00e1nulos de \u00f3xido de titanio Ti3O5 hacen que los sensores de gas sean m\u00e1s sensibles y reactivos a los gases nocivos.<\/p>\n<p>Recubrimiento \u00f3ptico: utilizado para preparar pel\u00edculas que mejoran la transmitancia de las lentes \u00f3pticas, reduce eficazmente el reflejo y mejora la transmisi\u00f3n de luz de la lente.<\/p>\n<p>Materiales estructurales de alta temperatura: se utilizan en componentes de alta temperatura para garantizar la resistencia estructural del material en entornos extremos gracias a sus caracter\u00edsticas de alto punto de fusi\u00f3n.<\/p>\n<h2><span style=\"font-size: 14pt;\">Control de calidad<\/span><\/h2>\n<p><span style=\"color: #0000ff;\"><a style=\"color: #0000ff;\" href=\"https:\/\/vimaterial.de\/es\/control-de-calidad\/\">Nuestros productos<\/a><\/span><br \/>\nest\u00e1n sujetos a un estricto sistema de gesti\u00f3n de la calidad. Desde la recepci\u00f3n de los materiales, pasando por el procesamiento y la inspecci\u00f3n final, hasta la inspecci\u00f3n en f\u00e1brica, existen estrictas normas de inspecci\u00f3n. Se toman estrictas medidas de aislamiento para el procesamiento no cualificado, con el fin de evitar que los productos no cualificados pasen al siguiente proceso. De acuerdo con los requisitos del cliente, proporcionamos muestras para que el cliente vuelva a inspeccionarlas.<\/p>\n<h2><span style=\"font-size: 14pt;\">Embalaje y almacenamiento<\/span><\/h2>\n<p>Los gr\u00e1nulos de \u00f3xido de titanio Ti3O5 se envasan en bolsas de vac\u00edo de doble capa o botellas de vac\u00edo de doble capa, y se embalan en cajas de cart\u00f3n.<\/p>\n<p>Los gr\u00e1nulos de \u00f3xido de titanio Ti3O5 deben almacenarse en un entorno interior seco y bien ventilado, a una temperatura de entre 5 y 30 \u00b0C. Deben utilizarse envases sellados para aislar el aire y la humedad, y evitar la mezcla con \u00e1cidos, \u00e1lcalis y otras sustancias qu\u00edmicas para prevenir reacciones.<\/p>\n","protected":false},"excerpt":{"rendered":"<p>Los gr\u00e1nulos de \u00f3xido de titanio Ti3O5 son inorg\u00e1nicos, con una estructura cristalina rombo\u00e9drica, de color violeta oscuro y brillo met\u00e1lico, y se utilizan principalmente en electr\u00f3nica, \u00f3ptica y sensores. VIMATERIAL es una empresa de innovaci\u00f3n qu\u00edmica de vanguardia especializada en materiales de alto rendimiento para aplicaciones de ingenier\u00eda avanzada. Nuestros productos se caracterizan por [&hellip;]<\/p>\n","protected":false},"featured_media":1000493,"comment_status":"open","ping_status":"closed","template":"","meta":{"_acf_changed":false},"product_brand":[],"product_cat":[179],"product_tag":[],"class_list":{"0":"post-1048981","1":"product","2":"type-product","3":"status-publish","4":"has-post-thumbnail","6":"product_cat-materiales-de-evaporacion","8":"first","9":"instock","10":"shipping-taxable","11":"purchasable","12":"product-type-variable"},"acf":[],"_links":{"self":[{"href":"https:\/\/vimaterial.de\/es\/wp-json\/wp\/v2\/product\/1048981","targetHints":{"allow":["GET"]}}],"collection":[{"href":"https:\/\/vimaterial.de\/es\/wp-json\/wp\/v2\/product"}],"about":[{"href":"https:\/\/vimaterial.de\/es\/wp-json\/wp\/v2\/types\/product"}],"replies":[{"embeddable":true,"href":"https:\/\/vimaterial.de\/es\/wp-json\/wp\/v2\/comments?post=1048981"}],"wp:featuredmedia":[{"embeddable":true,"href":"https:\/\/vimaterial.de\/es\/wp-json\/wp\/v2\/media\/1000493"}],"wp:attachment":[{"href":"https:\/\/vimaterial.de\/es\/wp-json\/wp\/v2\/media?parent=1048981"}],"wp:term":[{"taxonomy":"product_brand","embeddable":true,"href":"https:\/\/vimaterial.de\/es\/wp-json\/wp\/v2\/product_brand?post=1048981"},{"taxonomy":"product_cat","embeddable":true,"href":"https:\/\/vimaterial.de\/es\/wp-json\/wp\/v2\/product_cat?post=1048981"},{"taxonomy":"product_tag","embeddable":true,"href":"https:\/\/vimaterial.de\/es\/wp-json\/wp\/v2\/product_tag?post=1048981"}],"curies":[{"name":"wp","href":"https:\/\/api.w.org\/{rel}","templated":true}]}}