{"id":1048919,"date":"2024-06-17T16:08:35","date_gmt":"2024-06-17T08:08:35","guid":{"rendered":"https:\/\/vimaterial.de\/product\/samario-metalico\/"},"modified":"2024-06-17T16:08:35","modified_gmt":"2024-06-17T08:08:35","slug":"samario-metalico","status":"publish","type":"product","link":"https:\/\/vimaterial.de\/es\/product\/samario-metalico\/","title":{"rendered":"Samario met\u00e1lico"},"content":{"rendered":"<p>El polvo <span style=\"color: #0000ff;\"><a style=\"color: #0000ff;\" href=\"https:\/\/vimaterial.de\/es\/search\/?type=element&#038;keyword=sm\">met\u00e1lico de samario<\/a><\/span><br \/>\nes una forma del elemento samario, que pertenece al grupo de los elementos de tierras raras. Tiene un n\u00famero at\u00f3mico de 62 y se encuentra en la serie de los lant\u00e1nidos de la tabla peri\u00f3dica.<\/p>\n<p>VIMATERIAL ofrece polvo de samario de alta pureza y puede personalizar diferentes tama\u00f1os de part\u00edculas para satisfacer sus necesidades. <span style=\"color: #0000ff;\"><a style=\"color: #0000ff;\" href=\"https:\/\/vimaterial.de\/es\/contacto\/\">P\u00f3ngase en contacto con nosotros<\/a><\/span><br \/>\npara obtener m\u00e1s informaci\u00f3n.<\/p>\n<h2><span style=\"font-size: 14pt;\">Informaci\u00f3n b\u00e1sica<\/span><\/h2>\n<p>Apariencia: polvo negro-gris\u00e1ceo.<\/p>\n<p>Densidad: 7,52 g\/cm\u00b3.<\/p>\n<p>Puntos de fusi\u00f3n: 1072 \u00b0C.<\/p>\n<p>Puntos de ebullici\u00f3n: 1794 \u00b0C.<\/p>\n<p>Propiedades magn\u00e9ticas: el samario es un material magn\u00e9tico, que es altamente magn\u00e9tico a bajas temperaturas.<\/p>\n<p>Propiedades el\u00e9ctricas: El polvo de samario tiene una buena conductividad el\u00e9ctrica, que es una propiedad inherente al metal samario.<\/p>\n<h2><span style=\"font-size: 14pt;\">Aplicaciones del polvo de samario<\/span><\/h2>\n<p>Materiales magn\u00e9ticos permanentes: El metal samario es el componente clave en la fabricaci\u00f3n de materiales magn\u00e9ticos permanentes de alto rendimiento, como SmCo\u2085 y Sm\u2082Co\u2081\u2087. Estos materiales magn\u00e9ticos permanentes se utilizan ampliamente en dispositivos electr\u00f3nicos como motores, generadores, altavoces, unidades de disco duro, etc. Pueden proporcionar campos magn\u00e9ticos eficientes y estables.<\/p>\n<p>Materiales luminiscentes: El samario se utiliza para preparar materiales luminiscentes, como f\u00f3sforos. Bajo la excitaci\u00f3n de rayos ultravioleta o haces de electrones, los f\u00f3sforos que contienen samario pueden emitir luz de longitudes de onda espec\u00edficas, que se utiliza en los campos de la iluminaci\u00f3n y la visualizaci\u00f3n.<\/p>\n<p>Energ\u00eda nuclear: En los reactores nucleares, el samario se puede utilizar como absorbedor de neutrones para controlar la velocidad de la reacci\u00f3n nuclear y garantizar el funcionamiento seguro del reactor.<\/p>\n<p>Campo de los catalizadores: El polvo met\u00e1lico de samario tambi\u00e9n se puede utilizar como catalizador o precursor de catalizadores para algunas reacciones qu\u00edmicas org\u00e1nicas, como la reacci\u00f3n de hidrogenaci\u00f3n, la reacci\u00f3n redox, etc., para promover la alta eficiencia de la reacci\u00f3n.<\/p>\n<h2><span style=\"font-size: 14pt;\">Envasado y almacenamiento<\/span><\/h2>\n<p>El polvo de samario (Sm), al ser muy reactivo y propenso a la oxidaci\u00f3n y la absorci\u00f3n de humedad, se envasa normalmente en recipientes sellados bajo gas inerte (como bolsas de aluminio llenas de arg\u00f3n o latas met\u00e1licas herm\u00e9ticamente cerradas) con materiales de amortiguaci\u00f3n para evitar da\u00f1os durante el transporte. El envase debe estar claramente etiquetado con el nombre del producto, la pureza, las especificaciones, el peso neto, el n\u00famero de lote y las instrucciones de manipulaci\u00f3n para una manipulaci\u00f3n y gesti\u00f3n seguras.<\/p>\n<p>El polvo de samario debe almacenarse en un entorno seco, fresco y bien ventilado, alejado de la luz solar directa, las altas temperaturas y la humedad. Debe mantenerse alejado de oxidantes, \u00e1cidos, bases y otras sustancias reactivas, con los envases herm\u00e9ticamente cerrados para evitar la oxidaci\u00f3n o la ignici\u00f3n espont\u00e1nea, garantizando as\u00ed la estabilidad de sus propiedades qu\u00edmicas y su actividad.<\/p>\n","protected":false},"excerpt":{"rendered":"<p>El polvo met\u00e1lico de samario es una forma del elemento samario, que pertenece al grupo de los elementos de tierras raras. Tiene un n\u00famero at\u00f3mico de 62 y se encuentra en la serie de los lant\u00e1nidos de la tabla peri\u00f3dica. VIMATERIAL ofrece polvo de samario de alta pureza y puede personalizar diferentes tama\u00f1os de part\u00edculas [&hellip;]<\/p>\n","protected":false},"featured_media":1034169,"comment_status":"open","ping_status":"closed","template":"","meta":{"_acf_changed":false},"product_brand":[],"product_cat":[164],"product_tag":[],"class_list":{"0":"post-1048919","1":"product","2":"type-product","3":"status-publish","4":"has-post-thumbnail","6":"product_cat-sin-categoria","8":"first","9":"instock","10":"shipping-taxable","11":"purchasable","12":"product-type-variable"},"acf":[],"_links":{"self":[{"href":"https:\/\/vimaterial.de\/es\/wp-json\/wp\/v2\/product\/1048919","targetHints":{"allow":["GET"]}}],"collection":[{"href":"https:\/\/vimaterial.de\/es\/wp-json\/wp\/v2\/product"}],"about":[{"href":"https:\/\/vimaterial.de\/es\/wp-json\/wp\/v2\/types\/product"}],"replies":[{"embeddable":true,"href":"https:\/\/vimaterial.de\/es\/wp-json\/wp\/v2\/comments?post=1048919"}],"wp:featuredmedia":[{"embeddable":true,"href":"https:\/\/vimaterial.de\/es\/wp-json\/wp\/v2\/media\/1034169"}],"wp:attachment":[{"href":"https:\/\/vimaterial.de\/es\/wp-json\/wp\/v2\/media?parent=1048919"}],"wp:term":[{"taxonomy":"product_brand","embeddable":true,"href":"https:\/\/vimaterial.de\/es\/wp-json\/wp\/v2\/product_brand?post=1048919"},{"taxonomy":"product_cat","embeddable":true,"href":"https:\/\/vimaterial.de\/es\/wp-json\/wp\/v2\/product_cat?post=1048919"},{"taxonomy":"product_tag","embeddable":true,"href":"https:\/\/vimaterial.de\/es\/wp-json\/wp\/v2\/product_tag?post=1048919"}],"curies":[{"name":"wp","href":"https:\/\/api.w.org\/{rel}","templated":true}]}}