{"id":1048895,"date":"2024-06-17T16:19:50","date_gmt":"2024-06-17T08:19:50","guid":{"rendered":"https:\/\/vimaterial.de\/product\/oxido-de-iterbio-3\/"},"modified":"2024-06-17T16:19:50","modified_gmt":"2024-06-17T08:19:50","slug":"oxido-de-iterbio-3","status":"publish","type":"product","link":"https:\/\/vimaterial.de\/es\/product\/oxido-de-iterbio-3\/","title":{"rendered":"\u00d3xido de iterbio"},"content":{"rendered":"<p><span style=\"color: #0000ff;\"><a style=\"color: #0000ff;\" href=\"https:\/\/vimaterial.de\/es\/product\/oxido-de-iterbio-2\/\">El \u00f3xido de iterbio<\/a><\/span><br \/>\nen polvo es un polvo fino de color blanco ligeramente amarillento con estructura cristalina c\u00fabica, que puede utilizarse como dopante o materia prima importante en los campos de la \u00f3ptica, la electr\u00f3nica, la cer\u00e1mica, etc.<\/p>\n<p>VIMATERIAL ofrece polvo de \u00f3xido de iterbio en diversas especificaciones y ofrece servicio de uni\u00f3n de objetivos. Aceptamos la personalizaci\u00f3n de productos, <span style=\"color: #0000ff;\"><a style=\"color: #0000ff;\" href=\"https:\/\/vimaterial.de\/es\/contacto\/\">p\u00f3ngase en contacto con nosotros.<\/a><\/span><\/p>\n<h2><span style=\"font-size: 14pt;\">Caracter\u00edsticas<\/span><\/h2>\n<p>F\u00f3rmula qu\u00edmica: Yb2O3<\/p>\n<p>Peso molecular: 394,08 g\/mol<\/p>\n<p>Apariencia: polvo blanco<\/p>\n<p>Densidad: aproximadamente 9,17 g\/cm\u00b3<\/p>\n<p>Punto de fusi\u00f3n: 2346 \u00b0C<\/p>\n<p>Punto de ebullici\u00f3n: 4070 \u00b0C<\/p>\n<p>Estructura cristalina: estructura cristalina c\u00fabica, el cristal est\u00e1 formado por iones Yb (iterbio) e iones O (ox\u00edgeno), los iones de ox\u00edgeno forman un apilamiento denso c\u00fabico centrado en las caras, los iones de iterbio se llenan en los huecos octa\u00e9dricos formados por los iones de ox\u00edgeno, y el conjunto muestra una configuraci\u00f3n cristalina altamente sim\u00e9trica y regular.<\/p>\n<h2><span style=\"font-size: 14pt;\">Aplicaciones<\/span><\/h2>\n<p>Campo \u00f3ptico: el polvo de \u00f3xido de iterbio se puede utilizar como dopante en la fabricaci\u00f3n de vidrio \u00f3ptico y fibras \u00f3pticas, lo que puede mejorar eficazmente el rendimiento de los dispositivos \u00f3pticos, como los utilizados en l\u00e1seres de fibra para lograr una salida l\u00e1ser de alta eficiencia.<\/p>\n<p>Electr\u00f3nica: La adici\u00f3n de polvo de \u00f3xido de iterbio a cer\u00e1micas electr\u00f3nicas y materiales semiconductores puede ayudar a mejorar las propiedades el\u00e9ctricas de los materiales, como en la fabricaci\u00f3n de condensadores cer\u00e1micos de alto rendimiento, mejorando su constante diel\u00e9ctrica y su estabilidad.<\/p>\n<p>Campo energ\u00e9tico: el polvo de \u00f3xido de iterbio se puede utilizar como catalizador o portador de catalizador en algunas reacciones relacionadas con la energ\u00eda. Por ejemplo, se puede a\u00f1adir a los materiales de los electrodos de algunas pilas de combustible, lo que puede mejorar la actividad catal\u00edtica y la estabilidad de los electrodos y promover la eficiencia de la conversi\u00f3n de energ\u00eda.<\/p>\n<h2><span style=\"font-size: 14pt;\">Control de calidad<\/span><\/h2>\n<p><span style=\"color: #0000ff;\"><a style=\"color: #0000ff;\" href=\"https:\/\/vimaterial.de\/es\/control-de-calidad\/\">Cada lote<\/a><\/span><br \/>\nde productos garantiza estrictamente la calidad, desde la selecci\u00f3n de los proveedores de materias primas, pasando por el uso de equipos de prueba avanzados para supervisar con precisi\u00f3n todo el proceso de producci\u00f3n, hasta el producto terminado, que se somete a numerosas rondas de muestreo riguroso y a la certificaci\u00f3n de terceros autorizados, hasta un sistema de control de calidad integral y de tolerancia cero para garantizar que cada lote de productos cumpla y supere los altos est\u00e1ndares de la industria, con el fin de proporcionar a nuestros clientes los productos de mejor calidad y m\u00e1s estables.<\/p>\n<h2><span style=\"font-size: 14pt;\">Embalaje y almacenamiento<\/span><\/h2>\n<p>El polvo de \u00f3xido de iterbio se envasa en bolsas o botellas al vac\u00edo dentro de cajas de cart\u00f3n para garantizar un transporte seguro.<\/p>\n<p>El polvo de \u00f3xido de iterbio debe almacenarse en un entorno seco y bien ventilado a una temperatura adecuada, y debe sellarse y conservarse en recipientes limpios, evitando el contacto con el aire, la humedad y sustancias corrosivas como \u00e1cidos y \u00e1lcalis, con el fin de evitar que se vea afectado por la humedad, la oxidaci\u00f3n u otras reacciones qu\u00edmicas que puedan afectar a su rendimiento.<\/p>\n","protected":false},"excerpt":{"rendered":"<p>El \u00f3xido de iterbio en polvo es un polvo fino de color blanco ligeramente amarillento con estructura cristalina c\u00fabica, que puede utilizarse como dopante o materia prima importante en los campos de la \u00f3ptica, la electr\u00f3nica, la cer\u00e1mica, etc. VIMATERIAL ofrece polvo de \u00f3xido de iterbio en diversas especificaciones y ofrece servicio de uni\u00f3n de [&hellip;]<\/p>\n","protected":false},"featured_media":1034619,"comment_status":"open","ping_status":"closed","template":"","meta":{"_acf_changed":false},"product_brand":[],"product_cat":[186,184],"product_tag":[],"class_list":{"0":"post-1048895","1":"product","2":"type-product","3":"status-publish","4":"has-post-thumbnail","6":"product_cat-materiales-de-oxido-hidroxido","7":"product_cat-materiales-de-tierras-raras","9":"first","10":"instock","11":"shipping-taxable","12":"purchasable","13":"product-type-variable"},"acf":[],"_links":{"self":[{"href":"https:\/\/vimaterial.de\/es\/wp-json\/wp\/v2\/product\/1048895","targetHints":{"allow":["GET"]}}],"collection":[{"href":"https:\/\/vimaterial.de\/es\/wp-json\/wp\/v2\/product"}],"about":[{"href":"https:\/\/vimaterial.de\/es\/wp-json\/wp\/v2\/types\/product"}],"replies":[{"embeddable":true,"href":"https:\/\/vimaterial.de\/es\/wp-json\/wp\/v2\/comments?post=1048895"}],"wp:featuredmedia":[{"embeddable":true,"href":"https:\/\/vimaterial.de\/es\/wp-json\/wp\/v2\/media\/1034619"}],"wp:attachment":[{"href":"https:\/\/vimaterial.de\/es\/wp-json\/wp\/v2\/media?parent=1048895"}],"wp:term":[{"taxonomy":"product_brand","embeddable":true,"href":"https:\/\/vimaterial.de\/es\/wp-json\/wp\/v2\/product_brand?post=1048895"},{"taxonomy":"product_cat","embeddable":true,"href":"https:\/\/vimaterial.de\/es\/wp-json\/wp\/v2\/product_cat?post=1048895"},{"taxonomy":"product_tag","embeddable":true,"href":"https:\/\/vimaterial.de\/es\/wp-json\/wp\/v2\/product_tag?post=1048895"}],"curies":[{"name":"wp","href":"https:\/\/api.w.org\/{rel}","templated":true}]}}