{"id":1048872,"date":"2024-06-17T16:05:16","date_gmt":"2024-06-17T08:05:16","guid":{"rendered":"https:\/\/vimaterial.de\/product\/oxido-de-praseodimio-3\/"},"modified":"2024-06-17T16:05:16","modified_gmt":"2024-06-17T08:05:16","slug":"oxido-de-praseodimio-3","status":"publish","type":"product","link":"https:\/\/vimaterial.de\/es\/product\/oxido-de-praseodimio-3\/","title":{"rendered":"\u00d3xido de praseodimio"},"content":{"rendered":"<p><span style=\"color: #0000ff;\"><a style=\"color: #0000ff;\" href=\"https:\/\/vimaterial.de\/es\/search\/?type=element&#038;keyword=Pr%2CO\">El \u00f3xido de praseodimio<\/a><\/span><br \/>\nen polvo es un \u00f3xido de tierras raras de aspecto negro, con una densidad de 6,5 g\/ml (25 \u00b0C), un punto de fusi\u00f3n de aproximadamente 2200 \u00b0C, insoluble en agua y qu\u00edmicamente activo, que se puede utilizar en las industrias del vidrio y metal\u00fargica, como aditivo para f\u00f3sforos, pigmentos cer\u00e1micos y materiales magn\u00e9ticos permanentes.<\/p>\n<p>VIMATERIAL ofrece polvo de \u00f3xido de praseodimio de alta pureza, con tama\u00f1os de part\u00edculas personalizados disponibles bajo pedido. <span style=\"color: #0000ff;\"><a style=\"color: #0000ff;\" href=\"https:\/\/vimaterial.de\/es\/contacto\/\">P\u00f3ngase en contacto con nosotros<\/a><\/span><br \/>\npara obtener m\u00e1s informaci\u00f3n.<\/p>\n<h2><span style=\"font-size: 14pt;\">Caracter\u00edsticas<\/span><\/h2>\n<p>Apariencia: normalmente polvo negro.<\/p>\n<p>Densidad:  Aproximadamente 6,5 g\/cm\u00b3, lo que le confiere cierta estabilidad y peso en el proceso de aplicaci\u00f3n.<\/p>\n<p>Punto de fusi\u00f3n: alrededor de 2200 \u2103, con buena resistencia a altas temperaturas, en entornos de alta temperatura puede mantener un estado f\u00edsico estable.<\/p>\n<p>Estructura cristalina: tiene una estructura c\u00fabica de fluorita, que determina la disposici\u00f3n de los \u00e1tomos en su interior y, por lo tanto, afecta a sus propiedades f\u00edsicas y qu\u00edmicas.<\/p>\n<p>Solubilidad: insoluble en agua, pero soluble en \u00e1cidos para producir las sales trivalentes correspondientes. Esto se debe a que su naturaleza qu\u00edmica es m\u00e1s activa, en condiciones \u00e1cidas es f\u00e1cil que se produzca una reacci\u00f3n qu\u00edmica.<\/p>\n<p>Estabilidad: es estable a temperatura y presi\u00f3n ambiente, y es el \u00f3xido de praseodimio m\u00e1s estable a temperatura y presi\u00f3n ambiente.<\/p>\n<p>Conductividad: tiene buena conductividad el\u00e9ctrica. Esta propiedad lo hace valioso para aplicaciones en campos como los materiales electr\u00f3nicos.<\/p>\n<h2><span style=\"font-size: 14pt;\">Aplicaciones del polvo de \u00f3xido de praseodimio<\/span><\/h2>\n<p>Cer\u00e1mica: en la cer\u00e1mica para la construcci\u00f3n y la cer\u00e1mica de uso diario, el \u00f3xido de praseodimio se puede mezclar con esmalte cer\u00e1mico para hacer esmalte de color, que puede presentar un tono amarillo claro, y el tono es puro y elegante; tambi\u00e9n se puede utilizar como pigmento bajo el esmalte por s\u00ed solo.<\/p>\n<p>Fabricaci\u00f3n de materiales magn\u00e9ticos permanentes: Se puede utilizar para fabricar imanes permanentes. El uso de praseodimio met\u00e1lico barato en lugar de neodimio met\u00e1lico puro para fabricar materiales magn\u00e9ticos permanentes puede mejorar el rendimiento antioxidante y las propiedades mec\u00e1nicas de los materiales magn\u00e9ticos permanentes, y se puede procesar en imanes de diversas formas, que se utilizan ampliamente en todo tipo de dispositivos electr\u00f3nicos y motores.<\/p>\n<p>Craqueo catal\u00edtico del petr\u00f3leo: se a\u00f1aden materiales enriquecidos con praseodimio-neodimio a tamices moleculares de zeolita tipo Y para preparar catalizadores de craqueo de petr\u00f3leo, lo que puede mejorar la actividad, la selectividad y la estabilidad de los catalizadores.<\/p>\n<p>Pulido abrasivo: debido a su alta dureza, se puede utilizar como abrasivo en el tratamiento de pulido de materiales, lo que puede mejorar el acabado superficial de los mismos.<\/p>\n<p>Campo de la fibra \u00f3ptica: En la fabricaci\u00f3n de fibras \u00f3pticas, el \u00f3xido de praseodimio se puede utilizar como dopante para mejorar el rendimiento de las fibras \u00f3pticas.<\/p>\n<p>Industria del vidrio: Se puede utilizar como colorante para el vidrio para producir vidrios de diversos colores.<\/p>\n<p>Aditivos para f\u00f3sforos: En la preparaci\u00f3n de f\u00f3sforos, el \u00f3xido de praseodimio se puede utilizar como aditivo para mejorar el rendimiento de la luminiscencia y la pureza del color de los f\u00f3sforos.<\/p>\n<p>Investigaci\u00f3n cient\u00edfica: debido a sus propiedades f\u00edsicas y qu\u00edmicas \u00fanicas, el \u00f3xido de praseodimio en polvo tambi\u00e9n se utiliza ampliamente en diversos experimentos e investigaciones en el campo de la investigaci\u00f3n cient\u00edfica.<\/p>\n<h2><span style=\"font-size: 14pt;\">Envasado y almacenamiento:<\/span><\/h2>\n<p>el \u00f3xido de praseodimio en polvo se envasa normalmente en bolsas compuestas de papel de aluminio selladas o en bidones de pl\u00e1stico a prueba de humedad con revestimientos antiest\u00e1ticos internos para evitar la absorci\u00f3n de humedad, la contaminaci\u00f3n y la fuga de polvo. El envase debe ser seguro y estar claramente etiquetado con el nombre del producto, la pureza, las especificaciones, el peso neto, el n\u00famero de lote y las instrucciones de manipulaci\u00f3n para un transporte y una gesti\u00f3n seguros.<\/p>\n<p>El \u00f3xido de praseodimio en polvo debe almacenarse en un entorno seco, fresco y bien ventilado, alejado de la luz solar directa, las altas temperaturas y la humedad. Debe mantenerse alejado de \u00e1cidos, bases y otras sustancias corrosivas o reactivas, y el embalaje debe permanecer herm\u00e9ticamente cerrado para evitar la absorci\u00f3n de humedad, la aglomeraci\u00f3n o la contaminaci\u00f3n, garantizando as\u00ed un rendimiento estable del producto.<\/p>\n","protected":false},"excerpt":{"rendered":"<p>El \u00f3xido de praseodimio en polvo es un \u00f3xido de tierras raras de aspecto negro, con una densidad de 6,5 g\/ml (25 \u00b0C), un punto de fusi\u00f3n de aproximadamente 2200 \u00b0C, insoluble en agua y qu\u00edmicamente activo, que se puede utilizar en las industrias del vidrio y metal\u00fargica, como aditivo para f\u00f3sforos, pigmentos cer\u00e1micos y [&hellip;]<\/p>\n","protected":false},"featured_media":1034074,"comment_status":"open","ping_status":"closed","template":"","meta":{"_acf_changed":false},"product_brand":[],"product_cat":[186,184],"product_tag":[],"class_list":{"0":"post-1048872","1":"product","2":"type-product","3":"status-publish","4":"has-post-thumbnail","6":"product_cat-materiales-de-oxido-hidroxido","7":"product_cat-materiales-de-tierras-raras","9":"first","10":"instock","11":"shipping-taxable","12":"purchasable","13":"product-type-variable"},"acf":[],"_links":{"self":[{"href":"https:\/\/vimaterial.de\/es\/wp-json\/wp\/v2\/product\/1048872","targetHints":{"allow":["GET"]}}],"collection":[{"href":"https:\/\/vimaterial.de\/es\/wp-json\/wp\/v2\/product"}],"about":[{"href":"https:\/\/vimaterial.de\/es\/wp-json\/wp\/v2\/types\/product"}],"replies":[{"embeddable":true,"href":"https:\/\/vimaterial.de\/es\/wp-json\/wp\/v2\/comments?post=1048872"}],"wp:featuredmedia":[{"embeddable":true,"href":"https:\/\/vimaterial.de\/es\/wp-json\/wp\/v2\/media\/1034074"}],"wp:attachment":[{"href":"https:\/\/vimaterial.de\/es\/wp-json\/wp\/v2\/media?parent=1048872"}],"wp:term":[{"taxonomy":"product_brand","embeddable":true,"href":"https:\/\/vimaterial.de\/es\/wp-json\/wp\/v2\/product_brand?post=1048872"},{"taxonomy":"product_cat","embeddable":true,"href":"https:\/\/vimaterial.de\/es\/wp-json\/wp\/v2\/product_cat?post=1048872"},{"taxonomy":"product_tag","embeddable":true,"href":"https:\/\/vimaterial.de\/es\/wp-json\/wp\/v2\/product_tag?post=1048872"}],"curies":[{"name":"wp","href":"https:\/\/api.w.org\/{rel}","templated":true}]}}