{"id":1048849,"date":"2024-06-17T14:24:35","date_gmt":"2024-06-17T06:24:35","guid":{"rendered":"https:\/\/vimaterial.de\/product\/carburo-de-titanio-2\/"},"modified":"2024-06-17T14:24:35","modified_gmt":"2024-06-17T06:24:35","slug":"carburo-de-titanio-2","status":"publish","type":"product","link":"https:\/\/vimaterial.de\/es\/product\/carburo-de-titanio-2\/","title":{"rendered":"Carburo de titanio"},"content":{"rendered":"<p>Los gr\u00e1nulos de carburo de titanio son s\u00f3lidos de titanio y carbono, normalmente de color negro o gris oscuro, con una gran dureza, un alto punto de fusi\u00f3n, una buena estabilidad qu\u00edmica y conductividad el\u00e9ctrica. El tama\u00f1o de las part\u00edculas puede variar en funci\u00f3n del proceso de preparaci\u00f3n, lo que las convierte en una materia prima de alta calidad para una amplia gama de aplicaciones, como la fabricaci\u00f3n de carburos cementados, recubrimientos para herramientas, materiales resistentes al desgaste y dispositivos electr\u00f3nicos.<\/p>\n<p>VIMATERIAL es una empresa innovadora en materiales qu\u00edmicos de vanguardia especializada en materiales de alto rendimiento dise\u00f1ados para aplicaciones de ingenier\u00eda avanzadas. Nuestros productos son de alta pureza y calidad, admitimos envases de lotes peque\u00f1os, cantidades m\u00ednimas de pedido reducidas, disponemos de existencias suficientes, admitimos la personalizaci\u00f3n y podemos proporcionar un servicio de vinculaci\u00f3n de objetivos. Si tiene alguna necesidad, p\u00f3ngase <span style=\"color: #0000ff;\"><a style=\"color: #0000ff;\" href=\"https:\/\/vimaterial.de\/es\/contacto\/\">en contacto con nosotros<\/a><\/span><br \/>\n.<\/p>\n<h2><span style=\"font-size: 14pt;\">Caracter\u00edsticas<\/span><\/h2>\n<p>F\u00f3rmula molecular: TiC<\/p>\n<p>Peso molecular: aproximadamente 59,88 g\/mol<\/p>\n<p>Apariencia: generalmente negro o gris-negro<\/p>\n<p>Densidad: aproximadamente 4,93 g\/cm\u00b3.<\/p>\n<p>Punto de fusi\u00f3n: hasta aproximadamente 3140 \u00b0C<\/p>\n<p>Estructura cristalina: es una estructura cristalina c\u00fabica centrada en las caras (FCC), en la que los \u00e1tomos de titanio se encuentran en el v\u00e9rtice de la red y en posiciones centradas en las caras, y los \u00e1tomos de carbono llenan los intersticios octa\u00e9dricos formados por los \u00e1tomos de titanio, una estructura que contribuye a su alta dureza y buena estabilidad.<\/p>\n<h2><span style=\"font-size: 14pt;\">Aplicaci\u00f3n<\/span><\/h2>\n<p>de carburo cementado: En el carburo cementado, se a\u00f1aden part\u00edculas de carburo de titanio como ingrediente clave para aumentar la dureza y la resistencia al desgaste de la aleaci\u00f3n, que se utiliza en la fabricaci\u00f3n de productos de carburo cementado de alto rendimiento, como herramientas de miner\u00eda y herramientas para trabajar metales.<\/p>\n<p>Recubrimiento de herramientas: En el campo del recubrimiento de herramientas, las part\u00edculas de carburo de titanio pueden aplicarse a la superficie de la herramienta mediante un proceso espec\u00edfico para formar un recubrimiento de alta dureza y resistente al desgaste, lo que prolonga considerablemente la vida \u00fatil de la herramienta y mejora su rendimiento de corte.<\/p>\n<p>Electr\u00f3nica: En electr\u00f3nica, las part\u00edculas de carburo de titanio se utilizan para electrodos y cableado conductor en componentes electr\u00f3nicos para mejorar el rendimiento y la estabilidad de los dispositivos electr\u00f3nicos debido a su buena conductividad y estabilidad qu\u00edmica.<\/p>\n<p>Materiales resistentes al desgaste: En el campo de los materiales resistentes al desgaste, las part\u00edculas de carburo de titanio pueden a\u00f1adirse a diversos materiales matriciales o utilizarse para crear recubrimientos resistentes al desgaste, lo que mejora eficazmente las propiedades de resistencia al desgaste de los materiales, que se utilizan en la protecci\u00f3n contra el desgaste de piezas mec\u00e1nicas y componentes de automoci\u00f3n.<\/p>\n<p>Materiales para altas temperaturas: En el campo de los materiales para altas temperaturas, las part\u00edculas de carburo de titanio pueden utilizarse para fabricar componentes estructurales resistentes a altas temperaturas, como revestimientos para hornos de alta temperatura y piezas resistentes al calor para motores aeroespaciales, debido a su alto punto de fusi\u00f3n, desempe\u00f1ando un papel importante en entornos de alta temperatura.<\/p>\n<h2><span style=\"font-size: 14pt;\">Control de calidad<\/span><\/h2>\n<p><span style=\"color: #0000ff;\"><a style=\"color: #0000ff;\" href=\"https:\/\/vimaterial.de\/es\/control-de-calidad\/\">Nuestros productos<\/a><\/span><br \/>\nest\u00e1n sujetos a un estricto sistema de gesti\u00f3n de la calidad. Desde la recepci\u00f3n de los materiales, pasando por el procesamiento y la inspecci\u00f3n final, hasta la inspecci\u00f3n en f\u00e1brica, existen estrictas normas de inspecci\u00f3n. Se toman estrictas medidas de aislamiento para el procesamiento no cualificado, con el fin de evitar que los productos no cualificados pasen al siguiente proceso. Se proporcionan muestras para que el cliente las vuelva a inspeccionar seg\u00fan sus requisitos.<\/p>\n<h2><span style=\"font-size: 14pt;\">Embalaje y almacenamiento<\/span><\/h2>\n<p>Los gr\u00e1nulos de carburo de titanio se envasan en bolsas o botellas de doble vac\u00edo y se embalan en cajas de cart\u00f3n.<\/p>\n<p>Los gr\u00e1nulos de carburo de titanio deben almacenarse en un entorno seco, fresco y bien ventilado, evitando la humedad, el contacto con sustancias corrosivas como \u00e1cidos y \u00e1lcalis, evitando colisiones y fricciones violentas, y manteni\u00e9ndolos alejados de entornos con altas temperaturas y campos magn\u00e9ticos fuertes, para garantizar que se mantengan sus excelentes propiedades, como alta dureza, alto punto de fusi\u00f3n, buena conductividad el\u00e9ctrica y estabilidad qu\u00edmica, etc.<\/p>\n","protected":false},"excerpt":{"rendered":"<p>Los gr\u00e1nulos de carburo de titanio son s\u00f3lidos de titanio y carbono, normalmente de color negro o gris oscuro, con una gran dureza, un alto punto de fusi\u00f3n, una buena estabilidad qu\u00edmica y conductividad el\u00e9ctrica. El tama\u00f1o de las part\u00edculas puede variar en funci\u00f3n del proceso de preparaci\u00f3n, lo que las convierte en una materia [&hellip;]<\/p>\n","protected":false},"featured_media":1048778,"comment_status":"open","ping_status":"closed","template":"","meta":{"_acf_changed":false},"product_brand":[],"product_cat":[179],"product_tag":[],"class_list":{"0":"post-1048849","1":"product","2":"type-product","3":"status-publish","4":"has-post-thumbnail","6":"product_cat-materiales-de-evaporacion","8":"first","9":"instock","10":"shipping-taxable","11":"product-type-variable"},"acf":[],"_links":{"self":[{"href":"https:\/\/vimaterial.de\/es\/wp-json\/wp\/v2\/product\/1048849","targetHints":{"allow":["GET"]}}],"collection":[{"href":"https:\/\/vimaterial.de\/es\/wp-json\/wp\/v2\/product"}],"about":[{"href":"https:\/\/vimaterial.de\/es\/wp-json\/wp\/v2\/types\/product"}],"replies":[{"embeddable":true,"href":"https:\/\/vimaterial.de\/es\/wp-json\/wp\/v2\/comments?post=1048849"}],"wp:featuredmedia":[{"embeddable":true,"href":"https:\/\/vimaterial.de\/es\/wp-json\/wp\/v2\/media\/1048778"}],"wp:attachment":[{"href":"https:\/\/vimaterial.de\/es\/wp-json\/wp\/v2\/media?parent=1048849"}],"wp:term":[{"taxonomy":"product_brand","embeddable":true,"href":"https:\/\/vimaterial.de\/es\/wp-json\/wp\/v2\/product_brand?post=1048849"},{"taxonomy":"product_cat","embeddable":true,"href":"https:\/\/vimaterial.de\/es\/wp-json\/wp\/v2\/product_cat?post=1048849"},{"taxonomy":"product_tag","embeddable":true,"href":"https:\/\/vimaterial.de\/es\/wp-json\/wp\/v2\/product_tag?post=1048849"}],"curies":[{"name":"wp","href":"https:\/\/api.w.org\/{rel}","templated":true}]}}