{"id":1048811,"date":"2024-06-17T14:24:38","date_gmt":"2024-06-17T06:24:38","guid":{"rendered":"https:\/\/vimaterial.de\/product\/carburo-de-titanio\/"},"modified":"2024-06-17T14:24:38","modified_gmt":"2024-06-17T06:24:38","slug":"carburo-de-titanio","status":"publish","type":"product","link":"https:\/\/vimaterial.de\/es\/product\/carburo-de-titanio\/","title":{"rendered":"Carburo de titanio"},"content":{"rendered":"<p>El blanco de pulverizaci\u00f3n <span style=\"color: #0000ff;\"><a style=\"color: #0000ff;\" href=\"https:\/\/vimaterial.de\/es\/product\/carbonitruro-de-titanio-2\/\">de carburo de titanio<\/a><\/span><br \/>\nes un tipo de material objetivo con carburo de titanio (TiC) como componente principal, que tiene una alta dureza, un alto punto de fusi\u00f3n, buena conductividad el\u00e9ctrica y estabilidad qu\u00edmica, y puede depositar una pel\u00edcula delgada de carburo de titanio con excelentes propiedades de abrasi\u00f3n, corrosi\u00f3n y el\u00e9ctricas sobre el material sustrato en el proceso de pulverizaci\u00f3n, y es un material importante en muchos campos, como la fabricaci\u00f3n de recubrimientos para herramientas de corte, componentes electr\u00f3nicos y capas protectoras resistentes a la abrasi\u00f3n.<\/p>\n<p>VIMATERIAL es una empresa innovadora de materiales qu\u00edmicos de vanguardia especializada en materiales de alto rendimiento dise\u00f1ados para aplicaciones de ingenier\u00eda avanzadas. Nuestros productos son de alta pureza y calidad, ofrecemos envases de lotes peque\u00f1os, cantidades m\u00ednimas de pedido reducidas, inventario suficiente, personalizaci\u00f3n y servicio de uni\u00f3n de blancos. Si tiene alguna necesidad, p\u00f3ngase <span style=\"color: #0000ff;\"><a style=\"color: #0000ff;\" href=\"https:\/\/vimaterial.de\/es\/contacto\/\">en contacto con nosotros<\/a><\/span><br \/>\n.<\/p>\n<h2><span style=\"font-size: 14pt;\">Caracter\u00edsticas<\/span><\/h2>\n<p>F\u00f3rmula molecular: TiC<\/p>\n<p>Peso molecular: 59,88 g\/mol<\/p>\n<p>Apariencia: los blancos de pulverizaci\u00f3n de carburo de titanio suelen ser s\u00f3lidos de color negro o gris-negro con un brillo met\u00e1lico y una textura dura.<\/p>\n<p>Densidad: aproximadamente 4,93 g\/cm\u00b3.<\/p>\n<p>Punto de fusi\u00f3n: alrededor de 3140 \u00b0C, lo que lo hace estable a altas temperaturas.<\/p>\n<p>Estructura cristalina: tiene una estructura cristalina c\u00fabica centrada en las caras (FCC), en la que los \u00e1tomos de titanio se encuentran en las posiciones de los nodos de la red y los \u00e1tomos de carbono ocupan las posiciones intersticiales de la red, una estructura que le confiere una gran dureza y una buena estabilidad.<\/p>\n<h2><span style=\"font-size: 14pt;\">Aplicaci\u00f3n<\/span><\/h2>\n<p>Recubrimiento de herramientas: el recubrimiento de herramientas con TiC puede aumentar significativamente la dureza y la resistencia al desgaste, prolongar eficazmente la vida \u00fatil de las herramientas y reducir los costes de mecanizado.<\/p>\n<p>Tratamiento de la superficie de los moldes: Las pel\u00edculas de TiC se depositan en la superficie de los moldes para mejorar su resistencia al desgaste y sus propiedades de desmoldeo, lo que reduce el desgaste de los moldes y mejora la productividad.<\/p>\n<p>Fabricaci\u00f3n de componentes electr\u00f3nicos: Los blancos de pulverizaci\u00f3n de carburo de titanio se utilizan para depositar pel\u00edculas conductoras y resistentes al desgaste en la fabricaci\u00f3n de componentes electr\u00f3nicos, con el fin de garantizar un rendimiento estable y fiable de los mismos.<\/p>\n<p>Protecci\u00f3n de piezas mec\u00e1nicas: el recubrimiento de TiC en la superficie de las piezas mec\u00e1nicas puede resistir la fricci\u00f3n y la corrosi\u00f3n, mejorar la durabilidad de las piezas en condiciones de trabajo adversas y garantizar el funcionamiento estable de los equipos.<\/p>\n<h2><span style=\"font-size: 14pt;\">Control de calidad<\/span><\/h2>\n<p><span style=\"color: #0000ff;\"><a style=\"color: #0000ff;\" href=\"https:\/\/vimaterial.de\/es\/control-de-calidad\/\">Nuestros productos<\/a><\/span><br \/>\nest\u00e1n sujetos a un estricto sistema de gesti\u00f3n de la calidad. Desde la recepci\u00f3n de los materiales, pasando por el procesamiento y la inspecci\u00f3n final, hasta la inspecci\u00f3n en f\u00e1brica, se aplican estrictas normas de inspecci\u00f3n. Se toman medidas de aislamiento estrictas para los procesos no cualificados, con el fin de evitar que los productos no cualificados pasen al siguiente proceso. Se proporcionan muestras para que el cliente las vuelva a inspeccionar seg\u00fan sus requisitos.<\/p>\n<h2><span style=\"font-size: 14pt;\">Embalaje y almacenamiento<\/span><\/h2>\n<p>Los blancos de pulverizaci\u00f3n de carburo de titanio se envasan en bolsas de vac\u00edo de doble capa y, a continuaci\u00f3n, se embalan en cajas de cart\u00f3n.<\/p>\n<p>Los blancos de pulverizaci\u00f3n de carburo de titanio deben almacenarse en un entorno seco, fresco y bien ventilado, evitando la humedad, evitando el contacto con sustancias corrosivas como \u00e1cidos o \u00e1lcalis, evitando da\u00f1os f\u00edsicos como colisiones y fricciones y, al mismo tiempo, manteni\u00e9ndolos alejados de entornos con altas temperaturas y campos magn\u00e9ticos fuertes.<\/p>\n","protected":false},"excerpt":{"rendered":"<p>El blanco de pulverizaci\u00f3n de carburo de titanio es un tipo de material objetivo con carburo de titanio (TiC) como componente principal, que tiene una alta dureza, un alto punto de fusi\u00f3n, buena conductividad el\u00e9ctrica y estabilidad qu\u00edmica, y puede depositar una pel\u00edcula delgada de carburo de titanio con excelentes propiedades de abrasi\u00f3n, corrosi\u00f3n y [&hellip;]<\/p>\n","protected":false},"featured_media":1041339,"comment_status":"open","ping_status":"closed","template":"","meta":{"_acf_changed":false},"product_brand":[],"product_cat":[178],"product_tag":[],"class_list":{"0":"post-1048811","1":"product","2":"type-product","3":"status-publish","4":"has-post-thumbnail","6":"product_cat-catodos-para-sputtering-planar","8":"first","9":"instock","10":"shipping-taxable","11":"product-type-variable"},"acf":[],"_links":{"self":[{"href":"https:\/\/vimaterial.de\/es\/wp-json\/wp\/v2\/product\/1048811","targetHints":{"allow":["GET"]}}],"collection":[{"href":"https:\/\/vimaterial.de\/es\/wp-json\/wp\/v2\/product"}],"about":[{"href":"https:\/\/vimaterial.de\/es\/wp-json\/wp\/v2\/types\/product"}],"replies":[{"embeddable":true,"href":"https:\/\/vimaterial.de\/es\/wp-json\/wp\/v2\/comments?post=1048811"}],"wp:featuredmedia":[{"embeddable":true,"href":"https:\/\/vimaterial.de\/es\/wp-json\/wp\/v2\/media\/1041339"}],"wp:attachment":[{"href":"https:\/\/vimaterial.de\/es\/wp-json\/wp\/v2\/media?parent=1048811"}],"wp:term":[{"taxonomy":"product_brand","embeddable":true,"href":"https:\/\/vimaterial.de\/es\/wp-json\/wp\/v2\/product_brand?post=1048811"},{"taxonomy":"product_cat","embeddable":true,"href":"https:\/\/vimaterial.de\/es\/wp-json\/wp\/v2\/product_cat?post=1048811"},{"taxonomy":"product_tag","embeddable":true,"href":"https:\/\/vimaterial.de\/es\/wp-json\/wp\/v2\/product_tag?post=1048811"}],"curies":[{"name":"wp","href":"https:\/\/api.w.org\/{rel}","templated":true}]}}