{"id":1048766,"date":"2024-06-17T16:19:54","date_gmt":"2024-06-17T08:19:54","guid":{"rendered":"https:\/\/vimaterial.de\/product\/oxido-de-lutecio\/"},"modified":"2024-06-17T16:19:54","modified_gmt":"2024-06-17T08:19:54","slug":"oxido-de-lutecio","status":"publish","type":"product","link":"https:\/\/vimaterial.de\/es\/product\/oxido-de-lutecio\/","title":{"rendered":"\u00d3xido de lutecio"},"content":{"rendered":"<p><span style=\"color: #0000ff;\"><a style=\"color: #0000ff;\" href=\"https:\/\/vimaterial.de\/es\/control-de-calidad\/\">El \u00f3xido de lutecio<\/a><\/span><br \/>\nen polvo es un \u00f3xido blanco, insoluble en agua, soluble en \u00e1cidos inorg\u00e1nicos, de lutecio, un elemento de tierras raras con un alto punto de fusi\u00f3n, que se utiliza principalmente como elemento aditivo en el granate de lutecio-itrio-hierro y lutecio-aluminio, como material activo en f\u00f3sforos y en semiconductores y vidrios especiales.<\/p>\n<p>VIMATERIAL ofrece polvo de Lu2O3 en diversas especificaciones y ofrece servicio de uni\u00f3n de objetivos. Aceptamos la personalizaci\u00f3n de productos, <a href=\"https:\/\/vimaterial.de\/es\/contacto\/\"><span style=\"color: #0000ff;\">p\u00f3ngase en contacto con nosotros.<\/span><\/a><\/p>\n<h2><span style=\"font-size: 14pt;\">Propiedades<\/span><\/h2>\n<p>F\u00f3rmula molecular: Lu\u2082O\u2083<\/p>\n<p>Peso molecular: 397,9322<\/p>\n<p>Apariencia: polvo blanco<\/p>\n<p>Densidad: 9,42 g\/cm\u00b3<\/p>\n<p>Punto de fusi\u00f3n: aproximadamente 2487 \u2103<\/p>\n<p>Punto de ebullici\u00f3n: aproximadamente 3980 \u2103<\/p>\n<p>Estructura cristalina: sistema cristalino c\u00fabico<\/p>\n<p>Solubilidad: insoluble en agua, pero soluble en \u00e1cidos inorg\u00e1nicos (excepto \u00e1cido fluorh\u00eddrico y \u00e1cido fosf\u00f3rico), producir\u00e1 la sal correspondiente.<\/p>\n<h2><span style=\"font-size: 14pt;\">Aplicaciones del polvo de \u00f3xido de lutecio<\/span><\/h2>\n<p>Materiales cer\u00e1micos: el polvo de \u00f3xido de lutecio se puede a\u00f1adir a los materiales cer\u00e1micos para mejorar sus propiedades, como el aumento de la dureza, la resistencia y la resistencia al calor, lo que hace que los productos cer\u00e1micos sean m\u00e1s robustos y duraderos, y se puede utilizar para fabricar piezas cer\u00e1micas resistentes a altas temperaturas, cer\u00e1micas electr\u00f3nicas, etc.<\/p>\n<p>Materiales magn\u00e9ticos permanentes: utilizado en la preparaci\u00f3n de materiales magn\u00e9ticos permanentes de NdFeB, el polvo de \u00f3xido de lutecio puede mejorar el rendimiento de los materiales magn\u00e9ticos permanentes y aumentar sus par\u00e1metros magn\u00e9ticos, como el producto de energ\u00eda magn\u00e9tica y la coercitividad.<\/p>\n<p>An\u00e1lisis por activaci\u00f3n neutr\u00f3nica: el polvo de \u00f3xido de lutecio se puede utilizar como fuente de neutrones para participar en el an\u00e1lisis por activaci\u00f3n neutr\u00f3nica, que se utiliza para estudiar la microestructura y la composici\u00f3n qu\u00edmica de los materiales, etc.<\/p>\n<p>Productos farmac\u00e9uticos: en los radiof\u00e1rmacos, el polvo de \u00f3xido de lutecio se utiliza para diagnosticar y tratar enfermedades utilizando los rayos emitidos por el polvo.<\/p>\n<h2><span style=\"font-size: 14pt;\">Control de calidad<\/span><\/h2>\n<p><span style=\"color: #0000ff;\"><a style=\"color: #0000ff;\" href=\"https:\/\/vimaterial.de\/es\/control-de-calidad\/\">Cada lote<\/a><\/span><br \/>\nde productos garantiza estrictamente la calidad, desde la selecci\u00f3n de los proveedores de materias primas, pasando por el uso de equipos de prueba avanzados para supervisar con precisi\u00f3n todo el proceso de producci\u00f3n, hasta el producto terminado, que se somete a numerosas rondas de muestreo riguroso y certificaci\u00f3n autorizada por terceros, hasta un sistema de control de calidad integral y de tolerancia cero para garantizar que cada lote de productos cumpla y supere los altos est\u00e1ndares de la industria, con el fin de proporcionar a nuestros clientes los productos de mejor calidad y m\u00e1s estables.<\/p>\n<h2><span style=\"font-size: 14pt;\">Embalaje y almacenamiento<\/span><\/h2>\n<p>El polvo de \u00f3xido de lutecio se envasa en bolsas al vac\u00edo o botellas al vac\u00edo en cajas de cart\u00f3n para garantizar un transporte seguro.<\/p>\n<p>El polvo de \u00f3xido de lutecio debe almacenarse en un entorno seco, fresco y ventilado, en envases sellados, para evitar que absorba impurezas como la humedad y el di\u00f3xido de carbono del aire y afecte a su pureza y rendimiento, y al mismo tiempo evitar el contacto con \u00e1cidos, \u00e1lcalis y otras sustancias qu\u00edmicas.<\/p>\n","protected":false},"excerpt":{"rendered":"<p>El \u00f3xido de lutecio en polvo es un \u00f3xido blanco, insoluble en agua, soluble en \u00e1cidos inorg\u00e1nicos, de lutecio, un elemento de tierras raras con un alto punto de fusi\u00f3n, que se utiliza principalmente como elemento aditivo en el granate de lutecio-itrio-hierro y lutecio-aluminio, como material activo en f\u00f3sforos y en semiconductores y vidrios especiales. [&hellip;]<\/p>\n","protected":false},"featured_media":1034704,"comment_status":"open","ping_status":"closed","template":"","meta":{"_acf_changed":false},"product_brand":[],"product_cat":[186,184],"product_tag":[],"class_list":{"0":"post-1048766","1":"product","2":"type-product","3":"status-publish","4":"has-post-thumbnail","6":"product_cat-materiales-de-oxido-hidroxido","7":"product_cat-materiales-de-tierras-raras","9":"first","10":"instock","11":"shipping-taxable","12":"purchasable","13":"product-type-variable"},"acf":[],"_links":{"self":[{"href":"https:\/\/vimaterial.de\/es\/wp-json\/wp\/v2\/product\/1048766","targetHints":{"allow":["GET"]}}],"collection":[{"href":"https:\/\/vimaterial.de\/es\/wp-json\/wp\/v2\/product"}],"about":[{"href":"https:\/\/vimaterial.de\/es\/wp-json\/wp\/v2\/types\/product"}],"replies":[{"embeddable":true,"href":"https:\/\/vimaterial.de\/es\/wp-json\/wp\/v2\/comments?post=1048766"}],"wp:featuredmedia":[{"embeddable":true,"href":"https:\/\/vimaterial.de\/es\/wp-json\/wp\/v2\/media\/1034704"}],"wp:attachment":[{"href":"https:\/\/vimaterial.de\/es\/wp-json\/wp\/v2\/media?parent=1048766"}],"wp:term":[{"taxonomy":"product_brand","embeddable":true,"href":"https:\/\/vimaterial.de\/es\/wp-json\/wp\/v2\/product_brand?post=1048766"},{"taxonomy":"product_cat","embeddable":true,"href":"https:\/\/vimaterial.de\/es\/wp-json\/wp\/v2\/product_cat?post=1048766"},{"taxonomy":"product_tag","embeddable":true,"href":"https:\/\/vimaterial.de\/es\/wp-json\/wp\/v2\/product_tag?post=1048766"}],"curies":[{"name":"wp","href":"https:\/\/api.w.org\/{rel}","templated":true}]}}