{"id":1048701,"date":"2024-06-17T16:05:14","date_gmt":"2024-06-17T08:05:14","guid":{"rendered":"https:\/\/vimaterial.de\/product\/oxido-de-cerio\/"},"modified":"2024-06-17T16:05:14","modified_gmt":"2024-06-17T08:05:14","slug":"oxido-de-cerio","status":"publish","type":"product","link":"https:\/\/vimaterial.de\/es\/product\/oxido-de-cerio\/","title":{"rendered":"\u00d3xido de cerio"},"content":{"rendered":"<p>Los blancos de pulverizaci\u00f3n <span style=\"color: #0000ff;\"><a style=\"color: #0000ff;\" href=\"https:\/\/vimaterial.de\/es\/search\/?type=element&#038;keyword=ceo2\">de \u00f3xido de cerio<\/a><\/span><br \/>\nson blancos de \u00f3xido de tierras raras de color amarillo p\u00e1lido, fabricados meticulosamente mediante el prensado y sinterizado de polvo de \u00f3xido de cerio de alta pureza. Tienen amplias aplicaciones en la industria de los semiconductores, la fabricaci\u00f3n de pel\u00edculas delgadas \u00f3pticas y otros campos.<\/p>\n<p>VIMATERIAL ofrece blancos de \u00f3xido de cerio de alta pureza, personalizables en diferentes tama\u00f1os para satisfacer sus necesidades. <span style=\"color: #0000ff;\"><a style=\"color: #0000ff;\" href=\"https:\/\/vimaterial.de\/es\/contacto\/\">P\u00f3ngase en contacto con nosotros<\/a><\/span><br \/>\npara obtener m\u00e1s informaci\u00f3n.<\/p>\n<h2><span style=\"font-size: 14pt;\">Informaci\u00f3n f\u00edsica<\/span><\/h2>\n<p>F\u00f3rmula qu\u00edmica: CeO2.<\/p>\n<p>Peso molecular: 172,11 g\/mol.<\/p>\n<p>Apariencia: amarillenta.<\/p>\n<p>Densidad: aproximadamente 7,132 g\/cm\u00b3.<\/p>\n<p>Punto de fusi\u00f3n: 2600 \u00b0C.<\/p>\n<p>Propiedades el\u00e9ctricas: el \u00f3xido de cerio es un material semiconductor.<\/p>\n<p>Propiedades \u00f3pticas: tiene una buena transmitancia \u00f3ptica, especialmente en la regi\u00f3n infrarroja.<\/p>\n<h2><span style=\"font-size: 14pt;\">Aplicaciones de los blancos de pulverizaci\u00f3n de \u00f3xido de cerio<\/span><\/h2>\n<p>Electr\u00f3nica: en la fabricaci\u00f3n de semiconductores, se utiliza para preparar pel\u00edculas aislantes con una alta constante diel\u00e9ctrica (alta &#8211; k). La alta constante diel\u00e9ctrica de las pel\u00edculas de \u00f3xido de cerio puede reducir eficazmente el tama\u00f1o de la capacitancia en los circuitos integrados y mejorar la integraci\u00f3n y el rendimiento de los dispositivos.<\/p>\n<p>Campo \u00f3ptico: como material importante para pel\u00edculas \u00f3pticas, se utiliza en la fabricaci\u00f3n de dispositivos \u00f3pticos infrarrojos, como ventanas de detectores infrarrojos y filtros infrarrojos.<\/p>\n<p>Campo energ\u00e9tico: en las pilas de combustible de \u00f3xido s\u00f3lido (SOFC), el \u00f3xido de cerio desempe\u00f1a un papel importante como componente de materiales electrol\u00edticos o materiales de electrodos.<\/p>\n<p>En el campo del tratamiento de gases de escape de autom\u00f3viles: el \u00f3xido de cerio tiene una buena capacidad de almacenamiento de ox\u00edgeno y se utiliza como aditivo catal\u00edtico o portador en el sistema de purificaci\u00f3n catal\u00edtica de gases de escape de autom\u00f3viles.<\/p>\n<h2><span style=\"font-size: 14pt;\">Embalaje y almacenamiento<\/span><\/h2>\n<p>Los blancos de \u00f3xido de cerio se suelen envasar en bolsas selladas al vac\u00edo o en bolsas de pl\u00e1stico antiest\u00e1ticas, con acolchado adicional, como espuma o esponja, para evitar colisiones y ara\u00f1azos durante el transporte. El embalaje exterior debe indicar el nombre del producto, las especificaciones, el n\u00famero de lote y las instrucciones de manipulaci\u00f3n para su correcto transporte e inspecci\u00f3n.<\/p>\n<p>Los objetivos de \u00f3xido de cerio deben almacenarse en un almac\u00e9n seco, ventilado y fresco, evitando la luz solar directa, las altas temperaturas y las condiciones de humedad. Deben mantenerse alejados de productos qu\u00edmicos corrosivos, como \u00e1cidos y bases, y el embalaje debe permanecer intacto para evitar que el polvo o los contaminantes afecten a la superficie del objetivo, garantizando un rendimiento estable.<\/p>\n","protected":false},"excerpt":{"rendered":"<p>Los blancos de pulverizaci\u00f3n de \u00f3xido de cerio son blancos de \u00f3xido de tierras raras de color amarillo p\u00e1lido, fabricados meticulosamente mediante el prensado y sinterizado de polvo de \u00f3xido de cerio de alta pureza. Tienen amplias aplicaciones en la industria de los semiconductores, la fabricaci\u00f3n de pel\u00edculas delgadas \u00f3pticas y otros campos. VIMATERIAL ofrece [&hellip;]<\/p>\n","protected":false},"featured_media":1034029,"comment_status":"open","ping_status":"closed","template":"","meta":{"_acf_changed":false},"product_brand":[],"product_cat":[178],"product_tag":[],"class_list":{"0":"post-1048701","1":"product","2":"type-product","3":"status-publish","4":"has-post-thumbnail","6":"product_cat-catodos-para-sputtering-planar","8":"first","9":"instock","10":"shipping-taxable","11":"product-type-variable"},"acf":[],"_links":{"self":[{"href":"https:\/\/vimaterial.de\/es\/wp-json\/wp\/v2\/product\/1048701","targetHints":{"allow":["GET"]}}],"collection":[{"href":"https:\/\/vimaterial.de\/es\/wp-json\/wp\/v2\/product"}],"about":[{"href":"https:\/\/vimaterial.de\/es\/wp-json\/wp\/v2\/types\/product"}],"replies":[{"embeddable":true,"href":"https:\/\/vimaterial.de\/es\/wp-json\/wp\/v2\/comments?post=1048701"}],"wp:featuredmedia":[{"embeddable":true,"href":"https:\/\/vimaterial.de\/es\/wp-json\/wp\/v2\/media\/1034029"}],"wp:attachment":[{"href":"https:\/\/vimaterial.de\/es\/wp-json\/wp\/v2\/media?parent=1048701"}],"wp:term":[{"taxonomy":"product_brand","embeddable":true,"href":"https:\/\/vimaterial.de\/es\/wp-json\/wp\/v2\/product_brand?post=1048701"},{"taxonomy":"product_cat","embeddable":true,"href":"https:\/\/vimaterial.de\/es\/wp-json\/wp\/v2\/product_cat?post=1048701"},{"taxonomy":"product_tag","embeddable":true,"href":"https:\/\/vimaterial.de\/es\/wp-json\/wp\/v2\/product_tag?post=1048701"}],"curies":[{"name":"wp","href":"https:\/\/api.w.org\/{rel}","templated":true}]}}