{"id":1048636,"date":"2024-06-17T15:44:01","date_gmt":"2024-06-17T07:44:01","guid":{"rendered":"https:\/\/vimaterial.de\/product\/telurio-metalico-3\/"},"modified":"2024-06-17T15:44:01","modified_gmt":"2024-06-17T07:44:01","slug":"telurio-metalico-3","status":"publish","type":"product","link":"https:\/\/vimaterial.de\/es\/product\/telurio-metalico-3\/","title":{"rendered":"Telurio met\u00e1lico"},"content":{"rendered":"<p>Los gr\u00e1nulos met\u00e1licos de telurio est\u00e1n compuestos por el elemento telurio, que tiene un brillo met\u00e1lico y es qu\u00edmicamente activo, y desempe\u00f1an un papel importante en muchos campos como los semiconductores, los materiales termoel\u00e9ctricos y los productos qu\u00edmicos.<\/p>\n<p>VIMATERIAL ofrece telurio met\u00e1lico <span style=\"color: #0000ff;\"><a style=\"color: #0000ff;\" href=\"https:\/\/vimaterial.de\/es\/search\/?type=element&#038;keyword=Te\">telurio met\u00e1lico<\/a><\/span> con una pureza de hasta 6N. Se pueden personalizar diferentes tama\u00f1os para satisfacer sus necesidades. <span style=\"color: #0000ff;\"><a style=\"color: #0000ff;\" href=\"https:\/\/vimaterial.de\/es\/contacto\/\">P\u00f3ngase en contacto con nosotros<\/a><\/span> para obtener m\u00e1s informaci\u00f3n.<\/p>\n<h2><span style=\"font-size: 14pt;\">Caracter\u00edsticas<\/span><\/h2>\n<p>Apariencia: Gris<\/p>\n<p>Forma: Generalmente en forma granular, las especificaciones comunes son 0,5-2 mm, 1-5 mm y as\u00ed sucesivamente.<\/p>\n<p>Dureza: El telurio met\u00e1lico es un material quebradizo con una dureza relativamente baja.<\/p>\n<p>Densidad: A 20\u00b0C, la densidad es de aproximadamente 6,24 <sup>g\/cm3<\/sup>.<\/p>\n<p>Punto de fusi\u00f3n: 450 \u2103.<\/p>\n<p>Punto de ebullici\u00f3n: Aproximadamente 988\u2103.<\/p>\n<p>Estructura cristalina: Existen dos is\u00f3meros, cristalino y amorfo.<\/p>\n<p>Reactividad: El telurio met\u00e1lico es relativamente estable qu\u00edmicamente y no reacciona con el agua a temperatura ambiente, pero reacciona con el ox\u00edgeno en condiciones de calentamiento para formar \u00f3xido de telurio.<\/p>\n<p>Acidez y alcalinidad: insoluble en \u00e1lcalis, pero soluble en \u00e1cidos fuertes como el \u00e1cido sulf\u00farico concentrado, el \u00e1cido n\u00edtrico y el agua regia.<\/p>\n<p>Conductividad: el telurio es un material semiconductor con una conductividad entre conductores y aislantes, una propiedad que hace que el telurio sea valioso en electr\u00f3nica, optoelectr\u00f3nica y otras aplicaciones.<\/p>\n<h2><span style=\"font-size: 14pt;\">Aplicaciones de los gr\u00e1nulos de telurio<\/span><\/h2>\n<p>Aleaciones: Mejora la maquinabilidad del cobre y el acero inoxidable, y aumenta la resistencia, dureza y resistencia a la corrosi\u00f3n del plomo para aplicaciones como piezas de precisi\u00f3n y bater\u00edas de plomo-\u00e1cido.<\/p>\n<p>Semiconductores y electr\u00f3nica: Se utiliza para producir materiales semiconductores II-VI como CdTe para c\u00e9lulas solares y detectores de infrarrojos, y sirve como blanco de pulverizaci\u00f3n cat\u00f3dica o evaporaci\u00f3n para la deposici\u00f3n de pel\u00edculas finas en microelectr\u00f3nica.<\/p>\n<p>\u00c1mbito qu\u00edmico: Act\u00faa como aditivo vulcanizante del caucho para mejorar la resistencia al calor y al desgaste, y funciona como componente catalizador en el craqueo del petr\u00f3leo para aumentar la eficiencia de la producci\u00f3n de combustible.<\/p>\n<p>Otras aplicaciones: Se utiliza como agente colorante en vidrio y cer\u00e1mica, como material para consumibles de an\u00e1lisis de carbono y en equipos de detecci\u00f3n de radiaciones nucleares.<\/p>\n<h2><span style=\"font-size: 14pt;\">Envasado y almacenamiento<\/span><\/h2>\n<p>Los gr\u00e1nulos de telurio se envasan en bolsas de pl\u00e1stico de doble capa selladas al vac\u00edo o en bolsas de papel de aluminio a prueba de humedad y, a continuaci\u00f3n, se colocan en cajas o bidones robustos y resistentes a los golpes para evitar la absorci\u00f3n de humedad, la oxidaci\u00f3n y los da\u00f1os mec\u00e1nicos durante el transporte, garantizando la pureza del producto y la integridad de las part\u00edculas.<\/p>\n<p>Almacenar en un ambiente fresco, seco y bien ventilado, lejos de la humedad, fuentes de calor y sustancias corrosivas, y mantener herm\u00e9ticamente cerrado para evitar la exposici\u00f3n prolongada al aire, manteniendo la estabilidad qu\u00edmica y el rendimiento.<\/p>\n","protected":false},"excerpt":{"rendered":"<p>Los gr\u00e1nulos met\u00e1licos de telurio est\u00e1n compuestos por el elemento telurio, que tiene un brillo met\u00e1lico y es qu\u00edmicamente activo, y desempe\u00f1an un papel importante en muchos campos como los semiconductores, los materiales termoel\u00e9ctricos y los productos qu\u00edmicos. VIMATERIAL ofrece telurio met\u00e1lico telurio met\u00e1lico con una pureza de hasta 6N. Se pueden personalizar diferentes tama\u00f1os [&hellip;]<\/p>\n","protected":false},"featured_media":1032667,"comment_status":"open","ping_status":"closed","template":"","meta":{"_acf_changed":false},"product_brand":[],"product_cat":[179],"product_tag":[],"class_list":{"0":"post-1048636","1":"product","2":"type-product","3":"status-publish","4":"has-post-thumbnail","6":"product_cat-materiales-de-evaporacion","8":"first","9":"instock","10":"shipping-taxable","11":"purchasable","12":"product-type-variable"},"acf":[],"_links":{"self":[{"href":"https:\/\/vimaterial.de\/es\/wp-json\/wp\/v2\/product\/1048636","targetHints":{"allow":["GET"]}}],"collection":[{"href":"https:\/\/vimaterial.de\/es\/wp-json\/wp\/v2\/product"}],"about":[{"href":"https:\/\/vimaterial.de\/es\/wp-json\/wp\/v2\/types\/product"}],"replies":[{"embeddable":true,"href":"https:\/\/vimaterial.de\/es\/wp-json\/wp\/v2\/comments?post=1048636"}],"wp:featuredmedia":[{"embeddable":true,"href":"https:\/\/vimaterial.de\/es\/wp-json\/wp\/v2\/media\/1032667"}],"wp:attachment":[{"href":"https:\/\/vimaterial.de\/es\/wp-json\/wp\/v2\/media?parent=1048636"}],"wp:term":[{"taxonomy":"product_brand","embeddable":true,"href":"https:\/\/vimaterial.de\/es\/wp-json\/wp\/v2\/product_brand?post=1048636"},{"taxonomy":"product_cat","embeddable":true,"href":"https:\/\/vimaterial.de\/es\/wp-json\/wp\/v2\/product_cat?post=1048636"},{"taxonomy":"product_tag","embeddable":true,"href":"https:\/\/vimaterial.de\/es\/wp-json\/wp\/v2\/product_tag?post=1048636"}],"curies":[{"name":"wp","href":"https:\/\/api.w.org\/{rel}","templated":true}]}}