{"id":1048510,"date":"2024-06-17T14:28:17","date_gmt":"2024-06-17T06:28:17","guid":{"rendered":"https:\/\/vimaterial.de\/product\/suboxido-de-titanio-3\/"},"modified":"2024-06-17T14:28:17","modified_gmt":"2024-06-17T06:28:17","slug":"suboxido-de-titanio-3","status":"publish","type":"product","link":"https:\/\/vimaterial.de\/es\/product\/suboxido-de-titanio-3\/","title":{"rendered":"Sub\u00f3xido de titanio"},"content":{"rendered":"<p><span style=\"color: #0000ff;\"><a style=\"color: #0000ff;\" href=\"https:\/\/vimaterial.de\/es\/search\/?type=element&#038;keyword=Ti%2CO\">Sub\u00f3xido de titanio<\/a><\/span> son compuestos que contienen titanio y ox\u00edgeno con menor contenido de ox\u00edgeno que el di\u00f3xido de titanio, en una amplia gama de colores, con buena conductividad el\u00e9ctrica y estabilidad qu\u00edmica, y con aplicaciones potenciales en electr\u00f3nica, cat\u00e1lisis y otros campos.<\/p>\n<p>VIMATERIAL es una empresa puntera en innovaci\u00f3n de materiales qu\u00edmicos especializada en materiales de alto rendimiento dise\u00f1ados para aplicaciones de ingenier\u00eda avanzada. Nuestros productos son de alta pureza y calidad, apoyamos el envasado de peque\u00f1os lotes, MOQ peque\u00f1o producto, inventario suficiente, y apoyar la personalizaci\u00f3n, si usted tiene alguna necesidad, por favor<span style=\"color: #0000ff;\"><a style=\"color: #0000ff;\" href=\"https:\/\/vimaterial.de\/es\/contacto\/\"> p\u00f3ngase en contacto con nosotros.<\/a><\/span><\/p>\n<h2><span style=\"font-size: 14pt;\">Aplicaci\u00f3n de los gr\u00e1nulos de sub\u00f3xido de titanio<\/span><\/h2>\n<p>Sector de las bater\u00edas: Los gr\u00e1nulos de sub\u00f3xido de titanio se utilizan ampliamente en materiales de electrodos de bater\u00edas, que pueden mejorar la conductividad y el rendimiento de carga\/descarga de las bater\u00edas, como en las bater\u00edas de iones de litio como aditivo, lo que ayuda a mejorar la vida \u00fatil de las bater\u00edas y la capacidad de carga\/descarga r\u00e1pida.<\/p>\n<p>Materiales electr\u00f3nicos: En los materiales electr\u00f3nicos, los gr\u00e1nulos de sub\u00f3xido de titanio se utilizan para fabricar la capa conductora de los componentes electr\u00f3nicos. Con su buena conductividad el\u00e9ctrica y estabilidad qu\u00edmica, puede transmitir eficazmente se\u00f1ales electr\u00f3nicas y puede utilizarse para producir chips electr\u00f3nicos y placas de circuitos de alto rendimiento.<\/p>\n<p>Materiales \u00f3pticos: En las aplicaciones de materiales \u00f3pticos, los gr\u00e1nulos de sub\u00f3xido de titanio pueden utilizarse para modificar las propiedades \u00f3pticas de los materiales ajustando su composici\u00f3n y estructura, y se emplean para fabricar lentes o filtros \u00f3pticos especiales que absorben o reflejan la luz en longitudes de onda espec\u00edficas.<\/p>\n<p>Cer\u00e1mica: En cer\u00e1mica, los gr\u00e1nulos de sub\u00f3xido de titanio mejoran las propiedades mec\u00e1nicas y el\u00e9ctricas de la cer\u00e1mica, haci\u00e9ndola m\u00e1s duradera y conductora de la electricidad para la producci\u00f3n de condensadores cer\u00e1micos de alto rendimiento.<\/p>\n<h2><span style=\"font-size: 14pt;\">Control de calidad<\/span><\/h2>\n<p><span style=\"color: #0000ff;\"><a style=\"color: #0000ff;\" href=\"https:\/\/vimaterial.de\/es\/control-de-calidad\/\">Nuestros productos<\/a><\/span> est\u00e1n sujetos a un estricto sistema de gesti\u00f3n de calidad. Desde la entrada de materiales, el procesamiento y la inspecci\u00f3n final hasta la inspecci\u00f3n en f\u00e1brica, existen estrictas normas de inspecci\u00f3n. Se adoptan estrictas medidas de aislamiento para el procesamiento no cualificado con el fin de evitar que los productos no cualificados pasen al siguiente proceso. Se facilitan muestras para que el cliente las vuelva a inspeccionar seg\u00fan sus requisitos.<\/p>\n<h2><span style=\"font-size: 14pt;\">Embalaje y almacenamiento<\/span><\/h2>\n<p>Los gr\u00e1nulos de sub\u00f3xido de titanio se envasan en bolsas de doble capa o botellas y se embalan en cajas de cart\u00f3n.<\/p>\n<p>Los gr\u00e1nulos de sub\u00f3xido de titanio deben almacenarse en un entorno seco, fresco y bien ventilado, sellados y alejados del fuego, el agua, los \u00e1cidos y \u00e1lcalis fuertes y los agentes oxidantes fuertes, para evitar la humedad, la oxidaci\u00f3n o la reacci\u00f3n qu\u00edmica y el cambio de propiedades.<\/p>\n","protected":false},"excerpt":{"rendered":"<p>Sub\u00f3xido de titanio son compuestos que contienen titanio y ox\u00edgeno con menor contenido de ox\u00edgeno que el di\u00f3xido de titanio, en una amplia gama de colores, con buena conductividad el\u00e9ctrica y estabilidad qu\u00edmica, y con aplicaciones potenciales en electr\u00f3nica, cat\u00e1lisis y otros campos. VIMATERIAL es una empresa puntera en innovaci\u00f3n de materiales qu\u00edmicos especializada en [&hellip;]<\/p>\n","protected":false},"featured_media":1000848,"comment_status":"open","ping_status":"closed","template":"","meta":{"_acf_changed":false},"product_brand":[],"product_cat":[179],"product_tag":[],"class_list":{"0":"post-1048510","1":"product","2":"type-product","3":"status-publish","4":"has-post-thumbnail","6":"product_cat-materiales-de-evaporacion","8":"first","9":"instock","10":"shipping-taxable","11":"product-type-variable"},"acf":[],"_links":{"self":[{"href":"https:\/\/vimaterial.de\/es\/wp-json\/wp\/v2\/product\/1048510","targetHints":{"allow":["GET"]}}],"collection":[{"href":"https:\/\/vimaterial.de\/es\/wp-json\/wp\/v2\/product"}],"about":[{"href":"https:\/\/vimaterial.de\/es\/wp-json\/wp\/v2\/types\/product"}],"replies":[{"embeddable":true,"href":"https:\/\/vimaterial.de\/es\/wp-json\/wp\/v2\/comments?post=1048510"}],"wp:featuredmedia":[{"embeddable":true,"href":"https:\/\/vimaterial.de\/es\/wp-json\/wp\/v2\/media\/1000848"}],"wp:attachment":[{"href":"https:\/\/vimaterial.de\/es\/wp-json\/wp\/v2\/media?parent=1048510"}],"wp:term":[{"taxonomy":"product_brand","embeddable":true,"href":"https:\/\/vimaterial.de\/es\/wp-json\/wp\/v2\/product_brand?post=1048510"},{"taxonomy":"product_cat","embeddable":true,"href":"https:\/\/vimaterial.de\/es\/wp-json\/wp\/v2\/product_cat?post=1048510"},{"taxonomy":"product_tag","embeddable":true,"href":"https:\/\/vimaterial.de\/es\/wp-json\/wp\/v2\/product_tag?post=1048510"}],"curies":[{"name":"wp","href":"https:\/\/api.w.org\/{rel}","templated":true}]}}