{"id":1048475,"date":"2024-06-17T14:22:50","date_gmt":"2024-06-17T06:22:50","guid":{"rendered":"https:\/\/vimaterial.de\/product\/oxido-de-titanio-9\/"},"modified":"2024-06-17T14:22:50","modified_gmt":"2024-06-17T06:22:50","slug":"oxido-de-titanio-9","status":"publish","type":"product","link":"https:\/\/vimaterial.de\/es\/product\/oxido-de-titanio-9\/","title":{"rendered":"\u00d3xido de titanio"},"content":{"rendered":"<p><span style=\"color: #0000ff;\"><a style=\"color: #0000ff;\" href=\"https:\/\/vimaterial.de\/es\/search\/?type=element&#038;keyword=Ti%2CO\">\u00f3xido de titanio<\/a><\/span> (tri\u00f3xido de titanio) es un compuesto inorg\u00e1nico de f\u00f3rmula qu\u00edmica Ti2O3, material semiconductor de color p\u00farpura.<\/p>\n<p>VIMATERIAL se ha ganado la confianza de un amplio abanico de clientes gracias a su excepcional calidad, su completa gama de productos y su atento servicio. Nuestros productos se exportan a todo el mundo y gozan de una excelente reputaci\u00f3n. Comprometidos con la integridad y la calidad ante todo, damos una calurosa bienvenida a los clientes para que <span style=\"color: #0000ff;\"><a style=\"color: #0000ff;\" href=\"https:\/\/vimaterial.de\/es\/contacto\/\">consultar<\/a><\/span> y colaborar con nosotros.<\/p>\n<h2><span style=\"font-size: 14pt;\">Propiedades<\/span><\/h2>\n<p>F\u00f3rmula qu\u00edmica: Ti2O3<\/p>\n<p>Peso molecular: 143,73 g\/mol<\/p>\n<p>Aspecto: s\u00f3lido negro p\u00farpura<\/p>\n<p>Punto de fusi\u00f3n: 2130 \u2103<\/p>\n<p>Densidad: 4.49 g\/cm\u00b3<\/p>\n<p>Solubilidad en agua: insoluble<\/p>\n<h2><span style=\"font-size: 14pt;\">Aplicaciones del \u00f3xido de titanio<\/span><\/h2>\n<p>Dispositivos optoelectr\u00f3nicos: El \u00f3xido de titanio es un material semiconductor con buenas propiedades \u00f3pticas y electr\u00f3nicas. Puede utilizarse para fabricar c\u00e9lulas solares, pantallas de visualizaci\u00f3n, fotodiodos y otros dispositivos. Adem\u00e1s, el tri\u00f3xido de titanio tambi\u00e9n tiene excelentes propiedades fotocatal\u00edticas, que pueden convertir la energ\u00eda luminosa en energ\u00eda qu\u00edmica para degradar la materia org\u00e1nica y purificar las masas de agua.<\/p>\n<p>\u00e1mbito medioambiental: En el campo medioambiental, el tri\u00f3xido de titanio se utiliza ampliamente en la purificaci\u00f3n del aire, el tratamiento del agua y los materiales autolimpiantes. Sus propiedades fotocatal\u00edticas permiten al tri\u00f3xido de titanio purificar el aire y las masas de agua mediante reacciones fotocatal\u00edticas.<\/p>\n<p>Fabricaci\u00f3n de piedras preciosas artificiales: El \u00f3xido de titanio tambi\u00e9n se utiliza en la fabricaci\u00f3n de piedras preciosas artificiales. Puede utilizarse para fabricar pel\u00edculas densas y coloreadas, y es adecuado para recubrir pel\u00edculas compuestas, pel\u00edculas coloreadas, pel\u00edculas antirreflectantes y pel\u00edculas ultravioletas.<\/p>\n<h2><span style=\"color: #0000ff;\"><a style=\"color: #0000ff;\" href=\"https:\/\/vimaterial.de\/es\/control-de-calidad\/\"><span style=\"font-size: 14pt;\">Control de calidad<\/span><\/a><\/span><\/h2>\n<p>Nuestros productos aplican el sistema de gesti\u00f3n de calidad m\u00e1s estricto. Existen estrictas normas de inspecci\u00f3n para los materiales entrantes, los procesos, las inspecciones finales y las inspecciones de f\u00e1brica. Se adoptar\u00e1n estrictas medidas de aislamiento para los procesos no cualificados con el fin de evitar que los productos no cualificados pasen al siguiente proceso. Se suministrar\u00e1n muestras a los clientes de acuerdo con los requisitos de \u00e9stos para su reinspecci\u00f3n.<\/p>\n<h2><span style=\"font-size: 14pt;\">Embalaje y almacenamiento<\/span><\/h2>\n<p>Normalmente se envasa internamente al vac\u00edo y externamente en cart\u00f3n, tambi\u00e9n se puede envasar seg\u00fan las necesidades del cliente.<\/p>\n<p>Almacenar en un lugar fresco y seco, y asegurarse de que el taller dispone de buena ventilaci\u00f3n o dispositivos de extracci\u00f3n.<\/p>\n","protected":false},"excerpt":{"rendered":"<p>\u00f3xido de titanio (tri\u00f3xido de titanio) es un compuesto inorg\u00e1nico de f\u00f3rmula qu\u00edmica Ti2O3, material semiconductor de color p\u00farpura. VIMATERIAL se ha ganado la confianza de un amplio abanico de clientes gracias a su excepcional calidad, su completa gama de productos y su atento servicio. Nuestros productos se exportan a todo el mundo y gozan [&hellip;]<\/p>\n","protected":false},"featured_media":1000442,"comment_status":"open","ping_status":"closed","template":"","meta":{"_acf_changed":false},"product_brand":[],"product_cat":[179],"product_tag":[],"class_list":{"0":"post-1048475","1":"product","2":"type-product","3":"status-publish","4":"has-post-thumbnail","6":"product_cat-materiales-de-evaporacion","8":"first","9":"instock","10":"shipping-taxable","11":"purchasable","12":"product-type-variable"},"acf":[],"_links":{"self":[{"href":"https:\/\/vimaterial.de\/es\/wp-json\/wp\/v2\/product\/1048475","targetHints":{"allow":["GET"]}}],"collection":[{"href":"https:\/\/vimaterial.de\/es\/wp-json\/wp\/v2\/product"}],"about":[{"href":"https:\/\/vimaterial.de\/es\/wp-json\/wp\/v2\/types\/product"}],"replies":[{"embeddable":true,"href":"https:\/\/vimaterial.de\/es\/wp-json\/wp\/v2\/comments?post=1048475"}],"wp:featuredmedia":[{"embeddable":true,"href":"https:\/\/vimaterial.de\/es\/wp-json\/wp\/v2\/media\/1000442"}],"wp:attachment":[{"href":"https:\/\/vimaterial.de\/es\/wp-json\/wp\/v2\/media?parent=1048475"}],"wp:term":[{"taxonomy":"product_brand","embeddable":true,"href":"https:\/\/vimaterial.de\/es\/wp-json\/wp\/v2\/product_brand?post=1048475"},{"taxonomy":"product_cat","embeddable":true,"href":"https:\/\/vimaterial.de\/es\/wp-json\/wp\/v2\/product_cat?post=1048475"},{"taxonomy":"product_tag","embeddable":true,"href":"https:\/\/vimaterial.de\/es\/wp-json\/wp\/v2\/product_tag?post=1048475"}],"curies":[{"name":"wp","href":"https:\/\/api.w.org\/{rel}","templated":true}]}}