{"id":1048430,"date":"2024-06-17T14:26:56","date_gmt":"2024-06-17T06:26:56","guid":{"rendered":"https:\/\/vimaterial.de\/product\/monoxido-de-titanio-4\/"},"modified":"2024-06-17T14:26:56","modified_gmt":"2024-06-17T06:26:56","slug":"monoxido-de-titanio-4","status":"publish","type":"product","link":"https:\/\/vimaterial.de\/es\/product\/monoxido-de-titanio-4\/","title":{"rendered":"Mon\u00f3xido de titanio"},"content":{"rendered":"<p><span style=\"color: #0000ff;\"><a style=\"color: #0000ff;\" href=\"https:\/\/vimaterial.de\/es\/product\/monoxido-de-titanio-3\/\">Mon\u00f3xido de titanio<\/a><\/span> son part\u00edculas compuestas principalmente de titanio y ox\u00edgeno, de color negro o gris oscuro, con gran estabilidad qu\u00edmica, cierta conductividad el\u00e9ctrica y aplicaciones potenciales en electr\u00f3nica, cer\u00e1mica, cat\u00e1lisis y otros campos.<\/p>\n<p>VIMATERIAL es una empresa puntera en innovaci\u00f3n de materiales qu\u00edmicos especializada en materiales de alto rendimiento dise\u00f1ados para aplicaciones de ingenier\u00eda avanzada. Nuestros productos son de alta pureza y calidad, apoyamos el envasado de peque\u00f1os lotes, MOQ peque\u00f1o producto, inventario suficiente, y apoyar la personalizaci\u00f3n, si usted tiene alguna necesidad, por favor<span style=\"color: #0000ff;\"><a style=\"color: #0000ff;\" href=\"https:\/\/vimaterial.de\/es\/contacto\/\"> p\u00f3ngase en contacto con nosotros<\/a><\/span>.<\/p>\n<h2><span style=\"font-size: 14pt;\">Propiedades<\/span><\/h2>\n<p>F\u00f3rmula molecular: TiO<\/p>\n<p>Peso molecular: 63,87 g\/mol<\/p>\n<p>Aspecto: amarillo terroso<\/p>\n<p>Densidad: alrededor de 4,95 g\/cm\u00b3.<\/p>\n<p>Punto de fusi\u00f3n: ~ 1700\u00b0C<\/p>\n<p>Punto de ebullici\u00f3n: &gt; 3000\u00b0C<\/p>\n<p>Estructura cristalina: sistema cristalino c\u00fabico<\/p>\n<h2><span style=\"font-size: 14pt;\">Aplicaci\u00f3n<\/span><\/h2>\n<p>Fabricaci\u00f3n de componentes electr\u00f3nicos: Los gr\u00e1nulos de mon\u00f3xido de titanio se utilizan en la fabricaci\u00f3n de resistencias para garantizar un funcionamiento estable de los dispositivos electr\u00f3nicos regulando con precisi\u00f3n la corriente en los circuitos gracias a sus propiedades de resistencia estable.<\/p>\n<p>Recubrimientos: La adici\u00f3n de gr\u00e1nulos de mon\u00f3xido de titanio a los revestimientos de superficies met\u00e1licas mejora la resistencia al desgaste y a la corrosi\u00f3n de los revestimientos y prolonga la vida \u00fatil de las piezas met\u00e1licas en entornos dif\u00edciles.<\/p>\n<p>C\u00e9lulas solares: Como materiales de electrodos para c\u00e9lulas solares, las part\u00edculas de mon\u00f3xido de titanio aumentan la eficiencia de conversi\u00f3n fotovoltaica de las c\u00e9lulas y contribuyen al uso eficiente de la energ\u00eda solar.<\/p>\n<p>Cer\u00e1micas: La adici\u00f3n de gr\u00e1nulos de mon\u00f3xido de titanio a la cer\u00e1mica mejora las propiedades mec\u00e1nicas y el\u00e9ctricas para la fabricaci\u00f3n de cer\u00e1mica electr\u00f3nica de alta gama.<\/p>\n<p>Portadores de catalizadores: Debido a su estructura qu\u00edmica \u00fanica, las part\u00edculas de mon\u00f3xido de titanio act\u00faan como portadores de catalizadores, proporcionando sitios activos catal\u00edticos altamente eficientes para acelerar las reacciones qu\u00edmicas.<\/p>\n<h2><span style=\"font-size: 14pt;\">Control de calidad<\/span><\/h2>\n<p><span style=\"color: #0000ff;\"><a style=\"color: #0000ff;\" href=\"https:\/\/vimaterial.de\/es\/control-de-calidad\/\">Nuestros productos<\/a><\/span> est\u00e1n sujetos a un estricto sistema de gesti\u00f3n de calidad. Desde la entrada de materiales, el procesamiento y la inspecci\u00f3n final hasta la inspecci\u00f3n en f\u00e1brica, existen estrictas normas de inspecci\u00f3n. Se adoptan estrictas medidas de aislamiento para el procesamiento no cualificado con el fin de evitar que los productos no cualificados pasen al siguiente proceso. Se suministran muestras para que el cliente las vuelva a inspeccionar seg\u00fan sus requisitos.<\/p>\n<h2><span style=\"font-size: 14pt;\">Embalaje y almacenamiento<\/span><\/h2>\n<p>Los gr\u00e1nulos de mon\u00f3xido de titanio se envasan en bolsas o botellas de doble capa y se embalan en cajas de cart\u00f3n.<\/p>\n<p>Los gr\u00e1nulos de mon\u00f3xido de titanio deben almacenarse en un ambiente seco, fresco y bien ventilado, en recipientes herm\u00e9ticos, evitando el contacto con el agua, \u00e1cidos fuertes, bases fuertes y agentes oxidantes fuertes, para evitar que los gr\u00e1nulos se oxiden, delicuescencia u otras reacciones qu\u00edmicas que puedan afectar a sus propiedades.<\/p>\n","protected":false},"excerpt":{"rendered":"<p>Mon\u00f3xido de titanio son part\u00edculas compuestas principalmente de titanio y ox\u00edgeno, de color negro o gris oscuro, con gran estabilidad qu\u00edmica, cierta conductividad el\u00e9ctrica y aplicaciones potenciales en electr\u00f3nica, cer\u00e1mica, cat\u00e1lisis y otros campos. VIMATERIAL es una empresa puntera en innovaci\u00f3n de materiales qu\u00edmicos especializada en materiales de alto rendimiento dise\u00f1ados para aplicaciones de ingenier\u00eda [&hellip;]<\/p>\n","protected":false},"featured_media":1000779,"comment_status":"open","ping_status":"closed","template":"","meta":{"_acf_changed":false},"product_brand":[],"product_cat":[179],"product_tag":[],"class_list":{"0":"post-1048430","1":"product","2":"type-product","3":"status-publish","4":"has-post-thumbnail","6":"product_cat-materiales-de-evaporacion","8":"first","9":"instock","10":"shipping-taxable","11":"purchasable","12":"product-type-variable"},"acf":[],"_links":{"self":[{"href":"https:\/\/vimaterial.de\/es\/wp-json\/wp\/v2\/product\/1048430","targetHints":{"allow":["GET"]}}],"collection":[{"href":"https:\/\/vimaterial.de\/es\/wp-json\/wp\/v2\/product"}],"about":[{"href":"https:\/\/vimaterial.de\/es\/wp-json\/wp\/v2\/types\/product"}],"replies":[{"embeddable":true,"href":"https:\/\/vimaterial.de\/es\/wp-json\/wp\/v2\/comments?post=1048430"}],"wp:featuredmedia":[{"embeddable":true,"href":"https:\/\/vimaterial.de\/es\/wp-json\/wp\/v2\/media\/1000779"}],"wp:attachment":[{"href":"https:\/\/vimaterial.de\/es\/wp-json\/wp\/v2\/media?parent=1048430"}],"wp:term":[{"taxonomy":"product_brand","embeddable":true,"href":"https:\/\/vimaterial.de\/es\/wp-json\/wp\/v2\/product_brand?post=1048430"},{"taxonomy":"product_cat","embeddable":true,"href":"https:\/\/vimaterial.de\/es\/wp-json\/wp\/v2\/product_cat?post=1048430"},{"taxonomy":"product_tag","embeddable":true,"href":"https:\/\/vimaterial.de\/es\/wp-json\/wp\/v2\/product_tag?post=1048430"}],"curies":[{"name":"wp","href":"https:\/\/api.w.org\/{rel}","templated":true}]}}