{"id":1048400,"date":"2024-06-17T16:05:18","date_gmt":"2024-06-17T08:05:18","guid":{"rendered":"https:\/\/vimaterial.de\/product\/oxido-de-neodimio-2\/"},"modified":"2024-06-17T16:05:18","modified_gmt":"2024-06-17T08:05:18","slug":"oxido-de-neodimio-2","status":"publish","type":"product","link":"https:\/\/vimaterial.de\/es\/product\/oxido-de-neodimio-2\/","title":{"rendered":"\u00d3xido de neodimio"},"content":{"rendered":"<p><span style=\"color: #0000ff;\"><a style=\"color: #0000ff;\" href=\"https:\/\/vimaterial.de\/es\/search\/?type=element&#038;keyword=Nd2O3\">\u00d3xido de neodimio<\/a><\/span> es un polvo de \u00f3xido met\u00e1lico de tierras raras, de color azul claro (se vuelve azul oscuro en contacto con el agua), insoluble en agua pero soluble en \u00e1cidos inorg\u00e1nicos. Se utiliza principalmente en materiales de imanes permanentes, vidrio \u00f3ptico y colorantes cer\u00e1micos.<\/p>\n<p>VIMATERIAL ofrece polvo de \u00f3xido de neodimio de gran pureza, adaptable a sus necesidades. <span style=\"color: #0000ff;\"><a style=\"color: #0000ff;\" href=\"https:\/\/vimaterial.de\/es\/contacto\/\">P\u00f3ngase en contacto con nosotros<\/a><\/span> para un presupuesto.<\/p>\n<h2><span style=\"font-size: 14pt;\">Caracter\u00edsticas<\/span><\/h2>\n<p>Peso molecular: 336,48 g\/mol<\/p>\n<p>Color: Azul claro.<\/p>\n<p>Densidad: 7,24g\/cm\u00b3, es m\u00e1s denso, lo que le confiere peso y estabilidad en aplicaciones, como en cer\u00e1mica, aleaciones y otros materiales para aumentar la densidad y el peso del material.<\/p>\n<p>Punto de fusi\u00f3n: 2233\u00b0C (4051\u00b0F) o unos 1900\u00b0C (los datos de las distintas publicaciones var\u00edan ligeramente). El elevado punto de fusi\u00f3n garantiza que mantenga propiedades f\u00edsicas estables a altas temperaturas y puede utilizarse en procesos y aplicaciones relacionados con las altas temperaturas.<\/p>\n<p>Punto de ebullici\u00f3n: 3760\u00b0C (6800\u00b0F).<\/p>\n<p>Solubilidad: muy poco soluble en agua, la solubilidad es de 0,00019g\/100ml de agua a 20\u2103, la solubilidad es de 0,003g\/100ml de agua a 75\u2103, pero f\u00e1cilmente soluble en \u00e1cidos inorg\u00e1nicos.<\/p>\n<p>Higroscopicidad y absorci\u00f3n de di\u00f3xido de carbono: Absorbe f\u00e1cilmente la humedad y el di\u00f3xido de carbono del aire, por lo que debe prestarse atenci\u00f3n a la protecci\u00f3n contra la humedad y al sellado durante el almacenamiento y el uso.<\/p>\n<p>Propiedades magn\u00e9ticas: El Nd2O3 tiene ciertas propiedades magn\u00e9ticas, es una de las materias primas importantes para la fabricaci\u00f3n de materiales magn\u00e9ticos permanentes, y puede utilizarse para fabricar imanes permanentes NdFeB fuertemente magn\u00e9ticos.<\/p>\n<p>Propiedades \u00f3pticas: Tiene importantes aplicaciones en el campo de la \u00f3ptica, donde posee propiedades de absorci\u00f3n y emisi\u00f3n para la luz de longitudes de onda espec\u00edficas.<\/p>\n<h2><span style=\"font-size: 14pt;\">Aplicaciones del \u00f3xido de neodimio<\/span><\/h2>\n<p>Materiales para imanes permanentes: El \u00f3xido de neodimio es una materia prima clave para los imanes permanentes NdFeB, ampliamente utilizados en motores el\u00e9ctricos, turbinas e\u00f3licas, electr\u00f3nica, aeroespacial y unidades de disco duro.<\/p>\n<p>\u00c1mbito \u00f3ptico: Se utiliza en materiales l\u00e1ser como el Nd:YAG para corte, soldadura, marcado y aplicaciones m\u00e9dicas, y como agente colorante del vidrio para vidrios \u00f3pticos coloreados, filtrantes y protectores con propiedades \u00f3pticas especiales.<\/p>\n<p>\u00c1mbito cer\u00e1mico: Como dopante cer\u00e1mico, el \u00f3xido de neodimio mejora el rendimiento y el aspecto de la cer\u00e1mica, especialmente en esmaltes de alta temperatura.<\/p>\n<p>Sector electr\u00f3nico: El \u00f3xido de neodimio se utiliza como dopante en condensadores cer\u00e1micos para mejorar el rendimiento el\u00e9ctrico.<\/p>\n<p>Materiales de aleaci\u00f3n: La adici\u00f3n de \u00f3xido de neodimio a aleaciones de magnesio o aluminio mejora el rendimiento a altas temperaturas, la resistencia a la corrosi\u00f3n y la hermeticidad para aplicaciones aeroespaciales.<\/p>\n<p>Campo catal\u00edtico: El \u00f3xido de neodimio puede utilizarse como catalizador o portador de catalizador en reacciones qu\u00edmicas como la polimerizaci\u00f3n.<\/p>\n<h2><span style=\"font-size: 14pt;\">Embalaje y almacenamiento<\/span><\/h2>\n<p>El polvo de \u00f3xido de neodimio se envasa en envases profesionales a prueba de humedad y contaminaci\u00f3n. La capa interior es una bolsa sellada a prueba de humedad o un envase al vac\u00edo, y la capa exterior es una caja o tambor de cart\u00f3n reforzado. Esto evita eficazmente la humedad, la oxidaci\u00f3n y la contaminaci\u00f3n por impurezas durante el transporte y el almacenamiento, garantizando una calidad estable del polvo.<\/p>\n<p>El producto debe almacenarse en un lugar fresco, seco y bien ventilado, evitando la luz solar directa y la humedad elevada, y alejado de sustancias corrosivas como \u00e1cidos y \u00e1lcalis. El almacenamiento en su envase original sellado mantendr\u00e1 la estabilidad qu\u00edmica y el rendimiento del polvo de \u00f3xido de neodimio durante mucho tiempo.<\/p>\n","protected":false},"excerpt":{"rendered":"<p>\u00d3xido de neodimio es un polvo de \u00f3xido met\u00e1lico de tierras raras, de color azul claro (se vuelve azul oscuro en contacto con el agua), insoluble en agua pero soluble en \u00e1cidos inorg\u00e1nicos. Se utiliza principalmente en materiales de imanes permanentes, vidrio \u00f3ptico y colorantes cer\u00e1micos. VIMATERIAL ofrece polvo de \u00f3xido de neodimio de gran [&hellip;]<\/p>\n","protected":false},"featured_media":1034124,"comment_status":"open","ping_status":"closed","template":"","meta":{"_acf_changed":false},"product_brand":[],"product_cat":[186,184],"product_tag":[],"class_list":{"0":"post-1048400","1":"product","2":"type-product","3":"status-publish","4":"has-post-thumbnail","6":"product_cat-materiales-de-oxido-hidroxido","7":"product_cat-materiales-de-tierras-raras","9":"first","10":"instock","11":"shipping-taxable","12":"product-type-variable"},"acf":[],"_links":{"self":[{"href":"https:\/\/vimaterial.de\/es\/wp-json\/wp\/v2\/product\/1048400","targetHints":{"allow":["GET"]}}],"collection":[{"href":"https:\/\/vimaterial.de\/es\/wp-json\/wp\/v2\/product"}],"about":[{"href":"https:\/\/vimaterial.de\/es\/wp-json\/wp\/v2\/types\/product"}],"replies":[{"embeddable":true,"href":"https:\/\/vimaterial.de\/es\/wp-json\/wp\/v2\/comments?post=1048400"}],"wp:featuredmedia":[{"embeddable":true,"href":"https:\/\/vimaterial.de\/es\/wp-json\/wp\/v2\/media\/1034124"}],"wp:attachment":[{"href":"https:\/\/vimaterial.de\/es\/wp-json\/wp\/v2\/media?parent=1048400"}],"wp:term":[{"taxonomy":"product_brand","embeddable":true,"href":"https:\/\/vimaterial.de\/es\/wp-json\/wp\/v2\/product_brand?post=1048400"},{"taxonomy":"product_cat","embeddable":true,"href":"https:\/\/vimaterial.de\/es\/wp-json\/wp\/v2\/product_cat?post=1048400"},{"taxonomy":"product_tag","embeddable":true,"href":"https:\/\/vimaterial.de\/es\/wp-json\/wp\/v2\/product_tag?post=1048400"}],"curies":[{"name":"wp","href":"https:\/\/api.w.org\/{rel}","templated":true}]}}