{"id":1048376,"date":"2024-06-17T14:42:44","date_gmt":"2024-06-17T06:42:44","guid":{"rendered":"https:\/\/vimaterial.de\/product\/nitruro-de-hierro\/"},"modified":"2024-06-17T14:42:44","modified_gmt":"2024-06-17T06:42:44","slug":"nitruro-de-hierro","status":"publish","type":"product","link":"https:\/\/vimaterial.de\/es\/product\/nitruro-de-hierro\/","title":{"rendered":"Nitruro de hierro"},"content":{"rendered":"<p><span style=\"color: #0000ff;\"><a style=\"color: #0000ff;\" href=\"https:\/\/vimaterial.de\/es\/product\/sulfuro-de-hierro-5\/\">Nitruro de hierro en polvo<\/a><\/span> es un polvo compuesto de hierro y nitr\u00f3geno, mayoritariamente de color negro o gris, con gran dureza y propiedades magn\u00e9ticas, que tiene importantes aplicaciones en materiales magn\u00e9ticos, revestimientos resistentes al desgaste, dispositivos electr\u00f3nicos y otros campos.<\/p>\n<p>VIAMTERIAL suministra polvo de nitruro de hierro . Nuestros polvos se caracterizan por su alta pureza, granulometr\u00eda homog\u00e9nea, buena fluidez, propiedades qu\u00edmicas estables, etc. Tambi\u00e9n ofrecemos envasado y pedidos de lotes peque\u00f1os. Contamos con un equipo t\u00e9cnico profesional de investigaci\u00f3n y desarrollo, aceptamos la personalizaci\u00f3n y experimentaci\u00f3n de productos, por favor <span style=\"color: #0000ff;\"><a style=\"color: #0000ff;\" href=\"https:\/\/vimaterial.de\/es\/contacto\/\">p\u00f3ngase en contacto con nosotros.<\/a><\/span><\/p>\n<h2><span style=\"font-size: 14pt;\">Propiedades f\u00edsicas<\/span><\/h2>\n<p>F\u00f3rmula molecular: FexN (x=2-4)<\/p>\n<p>Aspecto: negro o negro-gris<\/p>\n<h2><span style=\"font-size: 14pt;\">Aplicaciones del polvo de nitruro de hierro<\/span><\/h2>\n<p>Materiales magn\u00e9ticos: Los polvos de nitruro de hierro se utilizan en la preparaci\u00f3n de imanes permanentes de alto rendimiento para proporcionar fuertes propiedades magn\u00e9ticas a motores el\u00e9ctricos, generadores, etc. con el fin de mejorar la eficiencia de conversi\u00f3n de energ\u00eda y la densidad de potencia de los equipos.<\/p>\n<p>Metalurgia: Los polvos de nitruro de hierro se aplican a la superficie de las herramientas de corte de metal para mejorar su resistencia al desgaste y su dureza, lo que les permite cortar el metal con eficacia, prolongando la vida \u00fatil de las herramientas y reduciendo los costes de mecanizado.<\/p>\n<p>Electr\u00f3nica: Debido a sus propiedades electromagn\u00e9ticas \u00fanicas, los polvos de nitruro de hierro se utilizan en la fabricaci\u00f3n de componentes inductivos de alta frecuencia para circuitos miniaturizados y de alto rendimiento en dispositivos electr\u00f3nicos, como sensores inductivos en las placas base de los smartphones.<\/p>\n<h2><span style=\"font-size: 14pt;\">Control de calidad<\/span><\/h2>\n<p><span style=\"color: #0000ff;\"><a style=\"color: #0000ff;\" href=\"https:\/\/vimaterial.de\/es\/control-de-calidad\/\">El control de calidad<\/a><\/span> de cada lote de productos se lleva a cabo a lo largo de todo el proceso de adquisici\u00f3n de materias primas, producci\u00f3n y procesamiento, pruebas e inspecci\u00f3n y envasado, siguiendo estrictamente los est\u00e1ndares internacionales y las normas de la industria. Contamos con avanzados equipos de pruebas, un equipo profesional de control de calidad y un estricto sistema de control de calidad para garantizar la calidad de los productos.<\/p>\n<h2><span style=\"font-size: 14pt;\">Embalaje y almacenamiento<\/span><\/h2>\n<p>Los polvos de nitruro de hierro se envasan en bolsas de doble vac\u00edo o botellas de doble vac\u00edo y se embalan en cajas de cart\u00f3n.<\/p>\n<p>Debe almacenarse en un ambiente seco, fresco y bien ventilado, sellado, evitando el contacto con agua, \u00e1cidos, \u00e1lcalis y agentes oxidantes fuertes, y protegido de la humedad y la oxidaci\u00f3n, y debe colocarse de acuerdo con la normativa pertinente para el almacenamiento de productos qu\u00edmicos.<\/p>\n","protected":false},"excerpt":{"rendered":"<p>Nitruro de hierro en polvo es un polvo compuesto de hierro y nitr\u00f3geno, mayoritariamente de color negro o gris, con gran dureza y propiedades magn\u00e9ticas, que tiene importantes aplicaciones en materiales magn\u00e9ticos, revestimientos resistentes al desgaste, dispositivos electr\u00f3nicos y otros campos. VIAMTERIAL suministra polvo de nitruro de hierro . Nuestros polvos se caracterizan por su [&hellip;]<\/p>\n","protected":false},"featured_media":1001932,"comment_status":"open","ping_status":"closed","template":"","meta":{"_acf_changed":false},"product_brand":[],"product_cat":[183],"product_tag":[],"class_list":{"0":"post-1048376","1":"product","2":"type-product","3":"status-publish","4":"has-post-thumbnail","6":"product_cat-c-n-b-si-materiales","8":"first","9":"instock","10":"shipping-taxable","11":"product-type-variable"},"acf":[],"_links":{"self":[{"href":"https:\/\/vimaterial.de\/es\/wp-json\/wp\/v2\/product\/1048376","targetHints":{"allow":["GET"]}}],"collection":[{"href":"https:\/\/vimaterial.de\/es\/wp-json\/wp\/v2\/product"}],"about":[{"href":"https:\/\/vimaterial.de\/es\/wp-json\/wp\/v2\/types\/product"}],"replies":[{"embeddable":true,"href":"https:\/\/vimaterial.de\/es\/wp-json\/wp\/v2\/comments?post=1048376"}],"wp:featuredmedia":[{"embeddable":true,"href":"https:\/\/vimaterial.de\/es\/wp-json\/wp\/v2\/media\/1001932"}],"wp:attachment":[{"href":"https:\/\/vimaterial.de\/es\/wp-json\/wp\/v2\/media?parent=1048376"}],"wp:term":[{"taxonomy":"product_brand","embeddable":true,"href":"https:\/\/vimaterial.de\/es\/wp-json\/wp\/v2\/product_brand?post=1048376"},{"taxonomy":"product_cat","embeddable":true,"href":"https:\/\/vimaterial.de\/es\/wp-json\/wp\/v2\/product_cat?post=1048376"},{"taxonomy":"product_tag","embeddable":true,"href":"https:\/\/vimaterial.de\/es\/wp-json\/wp\/v2\/product_tag?post=1048376"}],"curies":[{"name":"wp","href":"https:\/\/api.w.org\/{rel}","templated":true}]}}