{"id":1048362,"date":"2024-06-17T16:05:18","date_gmt":"2024-06-17T08:05:18","guid":{"rendered":"https:\/\/vimaterial.de\/product\/oxido-de-neodimio\/"},"modified":"2024-06-17T16:05:18","modified_gmt":"2024-06-17T08:05:18","slug":"oxido-de-neodimio","status":"publish","type":"product","link":"https:\/\/vimaterial.de\/es\/product\/oxido-de-neodimio\/","title":{"rendered":"\u00d3xido de neodimio"},"content":{"rendered":"<p><span style=\"color: #0000ff;\"><a style=\"color: #0000ff;\" href=\"https:\/\/vimaterial.de\/es\/search\/?type=element&#038;keyword=Nd2O3\">\u00d3xido de Neodimio<\/a><\/span> es un tipo de \u00f3xido de neodimio como componente principal, utilizado en la deposici\u00f3n f\u00edsica de vapor y otros procesos, con un buen rendimiento de pulverizaci\u00f3n cat\u00f3dica, capaz de formar pel\u00edculas delgadas de \u00f3xido de neodimio depositadas sobre el material de sustrato, y luego ampliamente utilizado en \u00f3ptica, electr\u00f3nica, materiales magn\u00e9ticos y muchos otros campos de materiales clave.<\/p>\n<p>VIMATERIAL ofrece c\u00e1todos para sputtering de \u00f3xido de neodimio de alta pureza, y puede personalizar diferentes tama\u00f1os para satisfacer sus necesidades. <span style=\"color: #0000ff;\"><a style=\"color: #0000ff;\" href=\"https:\/\/vimaterial.de\/es\/contacto\/\">P\u00f3ngase en contacto con nosotros<\/a><\/span> para solicitar un presupuesto.<\/p>\n<h2><span style=\"font-size: 14pt;\">Caracter\u00edsticas<\/span><\/h2>\n<p>Alta pureza: Los c\u00e1todos para sputtering de Nd2O3 de alta pureza minimizan la interferencia de impurezas y garantizan una composici\u00f3n qu\u00edmica estable y un rendimiento fiable de la pel\u00edcula, especialmente para pel\u00edculas finas \u00f3pticas.<\/p>\n<p>Buena estabilidad qu\u00edmica: El \u00f3xido de neodimio muestra una buena estabilidad qu\u00edmica durante el almacenamiento y el sputtering, resistiendo las reacciones con el aire y la humedad para mantener la calidad del c\u00e1todo.<\/p>\n<p>Alta densidad: Los c\u00e1todos de alta densidad reducen las salpicaduras de part\u00edculas, mejoran la uniformidad y densidad de la pel\u00edcula y reducen el riesgo de adsorci\u00f3n de gases e incorporaci\u00f3n de impurezas.<\/p>\n<p>Dureza adecuada: La dureza moderada evita la formaci\u00f3n de grietas o deformaciones durante el sputtering, al tiempo que permite un f\u00e1cil mecanizado en diversas formas y tama\u00f1os.<\/p>\n<p>Buena conductividad t\u00e9rmica: La buena conductividad t\u00e9rmica permite una disipaci\u00f3n eficaz del calor durante el sputtering, evitando el sobrecalentamiento local y prolongando la vida \u00fatil del blanco.<\/p>\n<p>Granulometr\u00eda uniforme: Una distribuci\u00f3n uniforme del tama\u00f1o de grano garantiza una emisi\u00f3n consistente de \u00e1tomos, lo que se traduce en un espesor uniforme de la pel\u00edcula y un rendimiento estable.<\/p>\n<p>Baja tasa de defectos: Los bajos defectos internos, como poros o grietas, reducen las descargas an\u00f3malas y los da\u00f1os en el blanco, garantizando un sputtering estable y pel\u00edculas de alta calidad.<\/p>\n<h2><span style=\"font-size: 14pt;\">Aplicaciones de los c\u00e1todos para sputtering de \u00f3xido de neodimio<\/span><\/h2>\n<p>Materiales para l\u00e1ser: Se utiliza como dopante en cristales l\u00e1ser como el Nd:YAG, de amplia aplicaci\u00f3n en corte por l\u00e1ser, soldadura, marcado, tratamiento m\u00e9dico y alcance por l\u00e1ser; las pel\u00edculas de Nd:YAG tambi\u00e9n pueden prepararse mediante sputtering.<\/p>\n<p>Vidrio \u00f3ptico: Se utiliza para producir vidrio \u00f3ptico y de color con propiedades especiales, mejorando el \u00edndice de refracci\u00f3n y el rendimiento del color en lentes, microscopios y telescopios.<\/p>\n<p>Filtros: Las pel\u00edculas finas de \u00f3xido de neodimio preparadas por pulverizaci\u00f3n cat\u00f3dica se utilizan en filtros \u00f3pticos para la selecci\u00f3n de longitudes de onda y el filtrado de se\u00f1ales en sistemas \u00f3pticos de comunicaci\u00f3n y detecci\u00f3n.<\/p>\n<p>Materiales semiconductores: Como dopante semiconductor, el \u00f3xido de neodimio ajusta las propiedades el\u00e9ctricas y se utiliza para depositar pel\u00edculas finas funcionales en circuitos integrados y dispositivos semiconductores.<\/p>\n<p>Materiales de almacenamiento magn\u00e9tico: Las pel\u00edculas de \u00f3xido de neodimio se utilizan en medios de almacenamiento magneto-\u00f3pticos, que ofrecen una alta densidad de almacenamiento y un r\u00e1pido rendimiento de lectura\/escritura.<\/p>\n<p>Cer\u00e1mica electr\u00f3nica: se aplica en cer\u00e1micas electr\u00f3nicas como condensadores y materiales piezoel\u00e9ctricos para mejorar el rendimiento el\u00e9ctrico y mec\u00e1nico.<\/p>\n<p>C\u00e9lulas solares: Las pel\u00edculas de \u00f3xido de neodimio se utilizan en c\u00e9lulas solares como electrodos o capas de modificaci\u00f3n para mejorar la conductividad, la estabilidad y la eficiencia de conversi\u00f3n fotoel\u00e9ctrica.<\/p>\n<p>Pilas de combustible: Se utiliza en catalizadores o electrodos de pilas de combustible para potenciar la actividad catal\u00edtica, mejorar la eficiencia y reducir el coste global.<\/p>\n<h2><span style=\"font-size: 14pt;\">Embalaje y almacenamiento<\/span><\/h2>\n<p>Los c\u00e1todos para sputtering de \u00f3xido de neodimio se envasan utilizando m\u00e9todos profesionales limpios, a prueba de humedad y contaminaci\u00f3n. Normalmente se trata de un embalaje interior sellado al vac\u00edo o relleno de gas inerte, con una capa exterior de espuma amortiguadora y cart\u00f3n reforzado o cajas de madera. De este modo se evita eficazmente la oxidaci\u00f3n, los da\u00f1os por humedad o los da\u00f1os mec\u00e1nicos durante el transporte y la manipulaci\u00f3n, garantizando la calidad de la superficie y la precisi\u00f3n dimensional del blanco.<\/p>\n<p>El producto debe almacenarse en un ambiente fresco, seco y bien ventilado, evitando la luz solar directa, las condiciones de alta temperatura y humedad, y alejado de sustancias corrosivas como \u00e1cidos y \u00e1lcalis. El almacenamiento en su embalaje original sellado mantendr\u00e1 la estabilidad qu\u00edmica y el rendimiento del sputtering durante un largo per\u00edodo.<\/p>\n","protected":false},"excerpt":{"rendered":"<p>\u00d3xido de Neodimio es un tipo de \u00f3xido de neodimio como componente principal, utilizado en la deposici\u00f3n f\u00edsica de vapor y otros procesos, con un buen rendimiento de pulverizaci\u00f3n cat\u00f3dica, capaz de formar pel\u00edculas delgadas de \u00f3xido de neodimio depositadas sobre el material de sustrato, y luego ampliamente utilizado en \u00f3ptica, electr\u00f3nica, materiales magn\u00e9ticos y [&hellip;]<\/p>\n","protected":false},"featured_media":1034129,"comment_status":"open","ping_status":"closed","template":"","meta":{"_acf_changed":false},"product_brand":[],"product_cat":[178],"product_tag":[],"class_list":{"0":"post-1048362","1":"product","2":"type-product","3":"status-publish","4":"has-post-thumbnail","6":"product_cat-catodos-para-sputtering-planar","8":"first","9":"instock","10":"shipping-taxable","11":"product-type-variable"},"acf":[],"_links":{"self":[{"href":"https:\/\/vimaterial.de\/es\/wp-json\/wp\/v2\/product\/1048362","targetHints":{"allow":["GET"]}}],"collection":[{"href":"https:\/\/vimaterial.de\/es\/wp-json\/wp\/v2\/product"}],"about":[{"href":"https:\/\/vimaterial.de\/es\/wp-json\/wp\/v2\/types\/product"}],"replies":[{"embeddable":true,"href":"https:\/\/vimaterial.de\/es\/wp-json\/wp\/v2\/comments?post=1048362"}],"wp:featuredmedia":[{"embeddable":true,"href":"https:\/\/vimaterial.de\/es\/wp-json\/wp\/v2\/media\/1034129"}],"wp:attachment":[{"href":"https:\/\/vimaterial.de\/es\/wp-json\/wp\/v2\/media?parent=1048362"}],"wp:term":[{"taxonomy":"product_brand","embeddable":true,"href":"https:\/\/vimaterial.de\/es\/wp-json\/wp\/v2\/product_brand?post=1048362"},{"taxonomy":"product_cat","embeddable":true,"href":"https:\/\/vimaterial.de\/es\/wp-json\/wp\/v2\/product_cat?post=1048362"},{"taxonomy":"product_tag","embeddable":true,"href":"https:\/\/vimaterial.de\/es\/wp-json\/wp\/v2\/product_tag?post=1048362"}],"curies":[{"name":"wp","href":"https:\/\/api.w.org\/{rel}","templated":true}]}}