{"id":1048328,"date":"2024-06-17T16:05:18","date_gmt":"2024-06-17T08:05:18","guid":{"rendered":"https:\/\/vimaterial.de\/product\/oxido-de-neodimio-3\/"},"modified":"2024-06-17T16:05:18","modified_gmt":"2024-06-17T08:05:18","slug":"oxido-de-neodimio-3","status":"publish","type":"product","link":"https:\/\/vimaterial.de\/es\/product\/oxido-de-neodimio-3\/","title":{"rendered":"\u00d3xido de neodimio"},"content":{"rendered":"<p><span style=\"color: #0000ff;\"><a style=\"color: #0000ff;\" href=\"https:\/\/vimaterial.de\/es\/search\/?type=element&#038;keyword=Nd2O3\">\u00d3xido de neodimio<\/a><\/span> es un importante \u00f3xido de tierras raras que se presenta como un s\u00f3lido de color p\u00farpura p\u00e1lido. Debido a sus excelentes propiedades, han demostrado un valor de aplicaci\u00f3n excepcional en m\u00faltiples campos.<\/p>\n<p>VIMATERIAL suministra gr\u00e1nulos, polvos y c\u00e1todos para sputtering de \u00f3xido de neodimio de gran pureza. Por favor, <span style=\"color: #0000ff;\"><a style=\"color: #0000ff;\" href=\"https:\/\/vimaterial.de\/es\/contacto\/\">p\u00f3ngase en contacto<\/a><\/span> si lo necesita.<\/p>\n<h2><span style=\"font-size: 14pt;\">Propiedades f\u00edsicas<\/span><\/h2>\n<p>Aspecto: Morado claro<\/p>\n<p>Densidad: 7,24 g\/cm\u00b3<\/p>\n<p>Solubilidad: muy poco soluble en agua, f\u00e1cilmente soluble en \u00e1cido inorg\u00e1nico.<\/p>\n<p>Punto de fusi\u00f3n: 1900\u2103 ~ 2270\u2103<\/p>\n<p>Estabilidad: Estable a temperatura y presi\u00f3n ambiente.<\/p>\n<p>Higroscopicidad y absorci\u00f3n de di\u00f3xido de carbono: Absorbe f\u00e1cilmente la humedad y el di\u00f3xido de carbono del aire.<\/p>\n<h2><span style=\"font-size: 14pt;\">Aplicaciones del \u00f3xido de neodimio en gr\u00e1nulos<\/span><\/h2>\n<p>Materiales magn\u00e9ticos permanentes: El \u00f3xido de neodimio es una materia prima clave para los imanes permanentes NdFeB, que se caracterizan por su alta energ\u00eda magn\u00e9tica y coercitividad y se utilizan ampliamente en motores el\u00e9ctricos, turbinas e\u00f3licas, dispositivos aeroespaciales y electr\u00f3nicos.<\/p>\n<p>Materiales de aleaci\u00f3n: La adici\u00f3n de 1,5%-2,5% de \u00f3xido de nano neodimio a aleaciones de magnesio o aluminio mejora el rendimiento a altas temperaturas, la hermeticidad y la resistencia a la corrosi\u00f3n, lo que las hace adecuadas para aplicaciones aeroespaciales y de automoci\u00f3n.<\/p>\n<p>Materiales l\u00e1ser: El \u00f3xido de neodimio se utiliza para producir cristales l\u00e1ser dopados con neodimio, como Nd:YAG, que se aplican ampliamente en corte por l\u00e1ser, soldadura, marcado y tratamientos m\u00e9dicos.<\/p>\n<p>Colorante del vidrio: Cuando se a\u00f1ade al vidrio, el \u00f3xido de neodimio proporciona tonalidades de rojo brillante a p\u00farpura y se utiliza habitualmente en la fabricaci\u00f3n de vidrio \u00f3ptico y decorativo.<\/p>\n<p>Cer\u00e1mica: Como dopante cer\u00e1mico, el \u00f3xido de neodimio mejora el rendimiento de la cer\u00e1mica e imparte un color p\u00farpura rojizo, especialmente en esmaltes de alta temperatura.<\/p>\n<p>Campo electr\u00f3nico: El \u00f3xido de neodimio se utiliza como dopante en condensadores cer\u00e1micos para mejorar su rendimiento el\u00e9ctrico.<\/p>\n<p>Otros campos: Se utiliza como aditivo en el caucho para mejorar la resistencia al desgaste y al envejecimiento, y como catalizador en reacciones qu\u00edmicas debido a su buena actividad catal\u00edtica.<\/p>\n<h2><span style=\"font-size: 14pt;\">Control de calidad<\/span><\/h2>\n<p>Nuestros gr\u00e1nulos de \u00f3xido de neodimio se producen y controlan estrictamente de acuerdo con un exhaustivo <span style=\"color: #0000ff;\"><a style=\"color: #0000ff;\" href=\"https:\/\/vimaterial.de\/es\/control-de-calidad\/\">sistema de gesti\u00f3n de calidad<\/a><\/span>. Desde la selecci\u00f3n de la materia prima y el control del proceso hasta la inspecci\u00f3n del producto acabado, se aplican m\u00faltiples controles de calidad a lo largo de todo el proceso. Mediante rigurosas pruebas de indicadores clave como la pureza, la distribuci\u00f3n de tama\u00f1os, el contenido de impurezas y las propiedades f\u00edsicas, garantizamos que los lotes de productos sean estables y el rendimiento constante, cumpliendo los requisitos de calidad de los materiales magn\u00e9ticos, l\u00e1seres, electr\u00f3nica y aplicaciones de materiales de gama alta.<\/p>\n<h2><span style=\"font-size: 14pt;\">Envasado y almacenamiento<\/span><\/h2>\n<p>Los gr\u00e1nulos de Nd2O3 se envasan con m\u00e9todos profesionales a prueba de humedad y contaminaci\u00f3n. La capa interior es una bolsa sellada a prueba de humedad o un envase al vac\u00edo, y la capa exterior es una caja o tambor de cart\u00f3n reforzado. Esto evita eficazmente la humedad, los da\u00f1os o la contaminaci\u00f3n durante el transporte y la manipulaci\u00f3n, garantizando una calidad estable del producto.<\/p>\n<p>El producto debe almacenarse en un lugar fresco, seco y bien ventilado, evitando la luz solar directa y el contacto con sustancias corrosivas como \u00e1cidos y \u00e1lcalis. El almacenamiento en su embalaje original sellado mantendr\u00e1 las propiedades f\u00edsicas y la estabilidad qu\u00edmica de los gr\u00e1nulos de \u00f3xido de neodimio durante un largo per\u00edodo.<\/p>\n","protected":false},"excerpt":{"rendered":"<p>\u00d3xido de neodimio es un importante \u00f3xido de tierras raras que se presenta como un s\u00f3lido de color p\u00farpura p\u00e1lido. Debido a sus excelentes propiedades, han demostrado un valor de aplicaci\u00f3n excepcional en m\u00faltiples campos. VIMATERIAL suministra gr\u00e1nulos, polvos y c\u00e1todos para sputtering de \u00f3xido de neodimio de gran pureza. Por favor, p\u00f3ngase en contacto [&hellip;]<\/p>\n","protected":false},"featured_media":1048310,"comment_status":"open","ping_status":"closed","template":"","meta":{"_acf_changed":false},"product_brand":[],"product_cat":[179],"product_tag":[],"class_list":{"0":"post-1048328","1":"product","2":"type-product","3":"status-publish","4":"has-post-thumbnail","6":"product_cat-materiales-de-evaporacion","8":"first","9":"instock","10":"shipping-taxable","11":"product-type-variable"},"acf":[],"_links":{"self":[{"href":"https:\/\/vimaterial.de\/es\/wp-json\/wp\/v2\/product\/1048328","targetHints":{"allow":["GET"]}}],"collection":[{"href":"https:\/\/vimaterial.de\/es\/wp-json\/wp\/v2\/product"}],"about":[{"href":"https:\/\/vimaterial.de\/es\/wp-json\/wp\/v2\/types\/product"}],"replies":[{"embeddable":true,"href":"https:\/\/vimaterial.de\/es\/wp-json\/wp\/v2\/comments?post=1048328"}],"wp:featuredmedia":[{"embeddable":true,"href":"https:\/\/vimaterial.de\/es\/wp-json\/wp\/v2\/media\/1048310"}],"wp:attachment":[{"href":"https:\/\/vimaterial.de\/es\/wp-json\/wp\/v2\/media?parent=1048328"}],"wp:term":[{"taxonomy":"product_brand","embeddable":true,"href":"https:\/\/vimaterial.de\/es\/wp-json\/wp\/v2\/product_brand?post=1048328"},{"taxonomy":"product_cat","embeddable":true,"href":"https:\/\/vimaterial.de\/es\/wp-json\/wp\/v2\/product_cat?post=1048328"},{"taxonomy":"product_tag","embeddable":true,"href":"https:\/\/vimaterial.de\/es\/wp-json\/wp\/v2\/product_tag?post=1048328"}],"curies":[{"name":"wp","href":"https:\/\/api.w.org\/{rel}","templated":true}]}}