{"id":1048288,"date":"2024-06-17T16:12:05","date_gmt":"2024-06-17T08:12:05","guid":{"rendered":"https:\/\/vimaterial.de\/product\/oxido-de-terbio-3\/"},"modified":"2024-06-17T16:12:05","modified_gmt":"2024-06-17T08:12:05","slug":"oxido-de-terbio-3","status":"publish","type":"product","link":"https:\/\/vimaterial.de\/es\/product\/oxido-de-terbio-3\/","title":{"rendered":"\u00d3xido de terbio"},"content":{"rendered":"<p><span style=\"color: #0000ff;\"><a style=\"color: #0000ff;\" href=\"https:\/\/vimaterial.de\/es\/search\/?type=element&#038;keyword=tb4o7\">\u00d3xido de terbio<\/a><\/span> es un \u00f3xido formado por la combinaci\u00f3n del elemento de tierras raras terbio y ox\u00edgeno. Este polvo marr\u00f3n oscuro aparentemente ordinario es en realidad la &#8220;gema verde&#8221; de la familia de las tierras raras, utilizada en la producci\u00f3n de terbio met\u00e1lico, vidrio magneto-\u00f3ptico, f\u00f3sforos, materiales de almacenamiento magneto-\u00f3ptico y aditivos qu\u00edmicos.<\/p>\n<p>VIMATERIAL ofrece polvo de \u00f3xido de terbio de gran pureza, que puede adaptarse a sus necesidades. <span style=\"color: #0000ff;\"><a style=\"color: #0000ff;\" href=\"https:\/\/vimaterial.de\/es\/contacto\/\">P\u00f3ngase en contacto con nosotros<\/a><\/span> para un presupuesto.<\/p>\n<h3>Propiedades F\u00edsicas<\/h3>\n<p>F\u00f3rmula qu\u00edmica: Tb4O7<\/p>\n<p>Masa molecular: 747,69 g\/mol<\/p>\n<p>Aspecto: Marr\u00f3n oscuro<\/p>\n<p>Densidad: alrededor de 7,3 g\/cm\u00b3<\/p>\n<p>Punto de fusi\u00f3n: 2337\u2103-2410\u2103<\/p>\n<p>Solubilidad: insoluble en agua, pero soluble en \u00e1cido concentrado caliente y \u00e1cido inorg\u00e1nico.<\/p>\n<h3>Aplicaciones del polvo de \u00f3xido de terbio<\/h3>\n<p><strong>Material fluorescente:<\/strong> El \u00f3xido de terbio puede utilizarse como activador de f\u00f3sforo verde para tubos de imagen de TV en color, l\u00e1mparas fluorescentes, etc., que pueden emitir luz verde en estado excitado.<\/p>\n<p><strong>Materiales magneto-\u00f3pticos:<\/strong> El \u00f3xido de terbio se utiliza en la fabricaci\u00f3n de materiales de almacenamiento magneto-\u00f3pticos, como los discos magneto-\u00f3pticos, que pueden utilizarse como elementos de almacenamiento inform\u00e1tico y cuya capacidad de almacenamiento se ha mejorado considerablemente en comparaci\u00f3n con los elementos de almacenamiento ordinarios.<\/p>\n<p><strong>Dispositivos de estado s\u00f3lido:<\/strong> El terbio se utiliza como dopante en dispositivos de estado s\u00f3lido, como los l\u00e1seres de estado s\u00f3lido, para mejorar el rendimiento de los dispositivos.<\/p>\n<h2><span style=\"font-size: 14pt;\">Control de calidad<\/span><\/h2>\n<p>Nuestro polvo de \u00f3xido de terbio se produce y comprueba siguiendo estrictamente un exhaustivo <span style=\"color: #0000ff;\"><a style=\"color: #0000ff;\" href=\"https:\/\/vimaterial.de\/es\/control-de-calidad\/\">sistema de gesti\u00f3n de calidad<\/a><\/span>. Desde la selecci\u00f3n de la materia prima hasta la entrega del producto acabado, se aplican m\u00faltiples procesos de control de calidad a lo largo de todo el proceso. Mediante rigurosas pruebas de indicadores clave como la distribuci\u00f3n del tama\u00f1o de las part\u00edculas, la pureza, la composici\u00f3n qu\u00edmica y el contenido de impurezas, garantizamos la estabilidad de los lotes, la consistencia del rendimiento y la alta fiabilidad de nuestros productos, cumpliendo los elevados est\u00e1ndares exigidos por los diferentes campos de aplicaci\u00f3n.<\/p>\n<h2><span style=\"font-size: 14pt;\">Envasado y almacenamiento<\/span><\/h2>\n<p><strong>Envasado:<\/strong> Normalmente se envasa en envases sellados a prueba de humedad (como bolsas de vac\u00edo o contenedores sellados forrados con bolsas de pl\u00e1stico).<\/p>\n<p><strong>Almacenamiento:<\/strong> Almacenar en un ambiente fresco, seco y bien ventilado, evitando la humedad, la contaminaci\u00f3n y el contacto con sustancias \u00e1cidas o corrosivas.<\/p>\n","protected":false},"excerpt":{"rendered":"<p>\u00d3xido de terbio es un \u00f3xido formado por la combinaci\u00f3n del elemento de tierras raras terbio y ox\u00edgeno. Este polvo marr\u00f3n oscuro aparentemente ordinario es en realidad la &#8220;gema verde&#8221; de la familia de las tierras raras, utilizada en la producci\u00f3n de terbio met\u00e1lico, vidrio magneto-\u00f3ptico, f\u00f3sforos, materiales de almacenamiento magneto-\u00f3ptico y aditivos qu\u00edmicos. VIMATERIAL [&hellip;]<\/p>\n","protected":false},"featured_media":1047436,"comment_status":"open","ping_status":"closed","template":"","meta":{"_acf_changed":false},"product_brand":[],"product_cat":[186,184],"product_tag":[],"class_list":{"0":"post-1048288","1":"product","2":"type-product","3":"status-publish","4":"has-post-thumbnail","6":"product_cat-materiales-de-oxido-hidroxido","7":"product_cat-materiales-de-tierras-raras","9":"first","10":"instock","11":"shipping-taxable","12":"purchasable","13":"product-type-variable"},"acf":[],"_links":{"self":[{"href":"https:\/\/vimaterial.de\/es\/wp-json\/wp\/v2\/product\/1048288","targetHints":{"allow":["GET"]}}],"collection":[{"href":"https:\/\/vimaterial.de\/es\/wp-json\/wp\/v2\/product"}],"about":[{"href":"https:\/\/vimaterial.de\/es\/wp-json\/wp\/v2\/types\/product"}],"replies":[{"embeddable":true,"href":"https:\/\/vimaterial.de\/es\/wp-json\/wp\/v2\/comments?post=1048288"}],"wp:featuredmedia":[{"embeddable":true,"href":"https:\/\/vimaterial.de\/es\/wp-json\/wp\/v2\/media\/1047436"}],"wp:attachment":[{"href":"https:\/\/vimaterial.de\/es\/wp-json\/wp\/v2\/media?parent=1048288"}],"wp:term":[{"taxonomy":"product_brand","embeddable":true,"href":"https:\/\/vimaterial.de\/es\/wp-json\/wp\/v2\/product_brand?post=1048288"},{"taxonomy":"product_cat","embeddable":true,"href":"https:\/\/vimaterial.de\/es\/wp-json\/wp\/v2\/product_cat?post=1048288"},{"taxonomy":"product_tag","embeddable":true,"href":"https:\/\/vimaterial.de\/es\/wp-json\/wp\/v2\/product_tag?post=1048288"}],"curies":[{"name":"wp","href":"https:\/\/api.w.org\/{rel}","templated":true}]}}