{"id":1048256,"date":"2024-06-17T13:49:34","date_gmt":"2024-06-17T05:49:34","guid":{"rendered":"https:\/\/vimaterial.de\/product\/oxido-de-aluminio\/"},"modified":"2024-06-17T13:49:34","modified_gmt":"2024-06-17T05:49:34","slug":"oxido-de-aluminio","status":"publish","type":"product","link":"https:\/\/vimaterial.de\/es\/product\/oxido-de-aluminio\/","title":{"rendered":"\u00d3xido de aluminio"},"content":{"rendered":"<p><span style=\"color: #0000ff;\"><a style=\"color: #0000ff;\" href=\"https:\/\/vimaterial.de\/es\/search\/?type=name&#038;keyword=Aluminum+oxide\">El \u00f3xido de aluminio<\/a><\/span> suele ser de gran pureza (99,5% o m\u00e1s), sobre todo en aplicaciones como la electr\u00f3nica y la \u00f3ptica, donde las impurezas podr\u00edan afectar al rendimiento o la durabilidad. Los polvos de alta pureza son fundamentales para lograr resultados uniformes en procesos que requieren una contaminaci\u00f3n m\u00ednima.<\/p>\n<p>VIMATERIAL ofrece polvos de uso general de tama\u00f1o nanom\u00e9trico y microm\u00e9trico y polvos esf\u00e9ricos, con varios tama\u00f1os de part\u00edcula disponibles para su personalizaci\u00f3n. <span style=\"color: #0000ff;\"><a style=\"color: #0000ff;\" href=\"https:\/\/vimaterial.de\/es\/contacto\/\">P\u00f3ngase en contacto con nosotros<\/a><\/span> para solicitar un presupuesto.<\/p>\n<h2><span style=\"font-size: 14pt;\">Caracter\u00edsticas<\/span><\/h2>\n<p><strong>Alto punto de fusi\u00f3n:<\/strong> Con un punto de fusi\u00f3n de aproximadamente 2072\u00b0C (3762\u00b0F), el polvo de \u00f3xido de aluminio es altamente resistente al calor, lo que lo hace adecuado para su uso en aplicaciones de alta temperatura.<\/p>\n<p><strong>Conductividad t\u00e9rmica:<\/strong> El polvo de Al\u2082O\u2083 tiene una conductividad t\u00e9rmica moderada, lo que resulta beneficioso en aplicaciones en las que se necesita disipar el calor, como los revestimientos de barrera t\u00e9rmica y la electr\u00f3nica.<\/p>\n<p><strong>Inercia qu\u00edmica:<\/strong> El polvo de \u00f3xido de aluminio es qu\u00edmicamente inerte, lo que significa que no reacciona f\u00e1cilmente con otras sustancias. Esto lo hace ideal para aplicaciones en las que el polvo debe soportar la exposici\u00f3n a productos qu\u00edmicos agresivos o resistir la corrosi\u00f3n con el paso del tiempo.<\/p>\n<p><strong>Gran dureza:<\/strong> El polvo de Al\u2082O\u2083 ocupa un lugar destacado en la escala de dureza de Mohs (alrededor de 9), lo que lo hace adecuado para su uso en aplicaciones abrasivas como esmerilado, pulido y lapeado.<\/p>\n<p><strong>Resistencia al desgaste:<\/strong> La dureza del polvo tambi\u00e9n le confiere durabilidad, lo que le permite soportar entornos abrasivos y de gran desgaste.<\/p>\n<h2><span style=\"font-size: 14pt;\">Aplicaciones del polvo de \u00f3xido de aluminio<\/span><\/h2>\n<p><strong>Cer\u00e1mica y refractarios:<\/strong> El polvo de al\u00famina es un ingrediente clave en cer\u00e1micas y materiales refractarios avanzados, ya que proporciona fuerza, resistencia al desgaste y estabilidad a altas temperaturas.<\/p>\n<p><strong>Pulido y lapeado:<\/strong> Utilizado como compuesto de pulido y lapeado, el polvo de \u00f3xido de aluminio proporciona un abrasivo fino para el pulido de precisi\u00f3n en las industrias electr\u00f3nica, \u00f3ptica y metal\u00fargica.<\/p>\n<p><strong>Barrera t\u00e9rmica y revestimientos protectores:<\/strong> El polvo de \u00f3xido de aluminio se utiliza en revestimientos de barrera t\u00e9rmica para proteger los componentes del calor, com\u00fanmente aplicados en maquinaria aeroespacial, de automoci\u00f3n e industrial.<\/p>\n<p><strong>Catalizadores y soportes de catalizadores:<\/strong> Debido a su gran superficie y estabilidad, el polvo de \u00f3xido de aluminio se utiliza como soporte de catalizadores en la industria qu\u00edmica, proporcionando una base estable para los catalizadores en las reacciones.<\/p>\n<p><strong>Sustratos y aislantes electr\u00f3nicos:<\/strong> El polvo de al\u00famina se utiliza en electr\u00f3nica como material de sustrato para circuitos y capas aislantes debido a sus excelentes propiedades de aislamiento el\u00e9ctrico.<\/p>\n<h2><span style=\"font-size: 14pt;\">Control de calidad<\/span><\/h2>\n<p>Nuestro polvo de al\u00famina se produce y comprueba siguiendo estrictamente un exhaustivo <span style=\"color: #0000ff;\"><a style=\"color: #0000ff;\" href=\"https:\/\/vimaterial.de\/es\/control-de-calidad\/\">sistema de gesti\u00f3n de calidad<\/a><\/span>. Desde la selecci\u00f3n de la materia prima hasta la entrega del producto acabado, se aplican m\u00faltiples procesos de control de calidad a lo largo de todo el proceso. Mediante rigurosas pruebas de indicadores clave como la distribuci\u00f3n del tama\u00f1o de las part\u00edculas, la pureza, la composici\u00f3n qu\u00edmica y el contenido de impurezas, garantizamos la estabilidad de los lotes, la consistencia del rendimiento y la alta fiabilidad de nuestros productos, cumpliendo los elevados est\u00e1ndares exigidos por los diferentes campos de aplicaci\u00f3n.<\/p>\n<h2><span style=\"font-size: 14pt;\">Envasado y almacenamiento<\/span><\/h2>\n<p>El polvo de al\u00famina se envasa utilizando m\u00e9todos profesionales a prueba de humedad y contaminaci\u00f3n. La capa interior es un embalaje sellado, antiest\u00e1tico o a prueba de humedad, y la capa exterior es una caja de cart\u00f3n resistente o un bid\u00f3n. Esto garantiza que el producto no se vea afectado por el entorno externo durante el transporte y la manipulaci\u00f3n, y mantiene la estabilidad f\u00edsica y qu\u00edmica del polvo.<\/p>\n<p>El producto debe almacenarse en un lugar fresco, seco y bien ventilado, evitando la humedad, la luz solar directa y el contacto con sustancias corrosivas como \u00e1cidos y \u00e1lcalis. El almacenamiento en su envase original sellado mantendr\u00e1 la estabilidad a largo plazo de la calidad y el rendimiento del polvo de al\u00famina.<\/p>\n","protected":false},"excerpt":{"rendered":"<p>El \u00f3xido de aluminio suele ser de gran pureza (99,5% o m\u00e1s), sobre todo en aplicaciones como la electr\u00f3nica y la \u00f3ptica, donde las impurezas podr\u00edan afectar al rendimiento o la durabilidad. Los polvos de alta pureza son fundamentales para lograr resultados uniformes en procesos que requieren una contaminaci\u00f3n m\u00ednima. VIMATERIAL ofrece polvos de uso [&hellip;]<\/p>\n","protected":false},"featured_media":1048229,"comment_status":"open","ping_status":"closed","template":"","meta":{"_acf_changed":false},"product_brand":[],"product_cat":[186],"product_tag":[],"class_list":{"0":"post-1048256","1":"product","2":"type-product","3":"status-publish","4":"has-post-thumbnail","6":"product_cat-materiales-de-oxido-hidroxido","8":"first","9":"instock","10":"shipping-taxable","11":"purchasable","12":"product-type-variable"},"acf":[],"_links":{"self":[{"href":"https:\/\/vimaterial.de\/es\/wp-json\/wp\/v2\/product\/1048256","targetHints":{"allow":["GET"]}}],"collection":[{"href":"https:\/\/vimaterial.de\/es\/wp-json\/wp\/v2\/product"}],"about":[{"href":"https:\/\/vimaterial.de\/es\/wp-json\/wp\/v2\/types\/product"}],"replies":[{"embeddable":true,"href":"https:\/\/vimaterial.de\/es\/wp-json\/wp\/v2\/comments?post=1048256"}],"wp:featuredmedia":[{"embeddable":true,"href":"https:\/\/vimaterial.de\/es\/wp-json\/wp\/v2\/media\/1048229"}],"wp:attachment":[{"href":"https:\/\/vimaterial.de\/es\/wp-json\/wp\/v2\/media?parent=1048256"}],"wp:term":[{"taxonomy":"product_brand","embeddable":true,"href":"https:\/\/vimaterial.de\/es\/wp-json\/wp\/v2\/product_brand?post=1048256"},{"taxonomy":"product_cat","embeddable":true,"href":"https:\/\/vimaterial.de\/es\/wp-json\/wp\/v2\/product_cat?post=1048256"},{"taxonomy":"product_tag","embeddable":true,"href":"https:\/\/vimaterial.de\/es\/wp-json\/wp\/v2\/product_tag?post=1048256"}],"curies":[{"name":"wp","href":"https:\/\/api.w.org\/{rel}","templated":true}]}}