{"id":1048093,"date":"2024-06-17T13:49:31","date_gmt":"2024-06-17T05:49:31","guid":{"rendered":"https:\/\/vimaterial.de\/product\/oxido-de-aluminio-3\/"},"modified":"2024-06-17T13:49:31","modified_gmt":"2024-06-17T05:49:31","slug":"oxido-de-aluminio-3","status":"publish","type":"product","link":"https:\/\/vimaterial.de\/es\/product\/oxido-de-aluminio-3\/","title":{"rendered":"\u00d3xido de aluminio"},"content":{"rendered":"<p><span style=\"color: #0000ff;\"><a style=\"color: #0000ff;\" href=\"https:\/\/vimaterial.de\/es\/search\/?type=element&#038;keyword=al2o3\">\u00d3xido de aluminio<\/a><\/span> son materiales inorg\u00e1nicos de gran pureza y dureza con una excelente resistencia a las altas temperaturas, el desgaste y la corrosi\u00f3n qu\u00edmica. Mantienen una estructura estable incluso en condiciones de calor extremo y se utilizan ampliamente en electr\u00f3nica, gesti\u00f3n t\u00e9rmica y aplicaciones industriales.<\/p>\n<p><span style=\"color: #0000ff;\"><a style=\"color: #0000ff;\" href=\"https:\/\/vimaterial.de\/es\/sobre-nosotros\/\">VIMATERIAL<\/a><\/span> ofrece tanto gr\u00e1nulos de al\u00famina sinterizada como gr\u00e1nulos de al\u00famina monocristalina para satisfacer diferentes requisitos operativos. Los gr\u00e1nulos sinterizados ofrecen una buena resistencia mec\u00e1nica y rentabilidad, por lo que son adecuados para soportes de catalizadores, adsorbentes y rellenos industriales. Los gr\u00e1nulos cristalinos presentan mayor pureza, densidad y resistencia a la corrosi\u00f3n, por lo que son ideales para aplicaciones electr\u00f3nicas de gama alta, \u00f3pticas y de precisi\u00f3n a alta temperatura.<\/p>\n<p>Tambi\u00e9n ofrecemos servicios de personalizaci\u00f3n, incluyendo pureza y tama\u00f1o. Si tiene requisitos especiales, no dude en <span style=\"color: #0000ff;\"><a style=\"color: #0000ff;\" href=\"https:\/\/vimaterial.de\/es\/contacto\/\">ponerse en contacto con nosotros<\/a><\/span>.<\/p>\n<h3>Caracter\u00edsticas<\/h3>\n<p>Alto punto de fusi\u00f3n: Con un punto de fusi\u00f3n en torno a 2072\u00b0C (3762\u00b0F), los gr\u00e1nulos de al\u00famina pueden soportar temperaturas extremas, lo que los hace adecuados para aplicaciones de alta temperatura como revestimientos refractarios y mobiliario de hornos.<\/p>\n<p>Conductividad t\u00e9rmica: El Al\u2082O\u2083 tiene una conductividad t\u00e9rmica moderada, lo que ayuda a disipar el calor en aplicaciones como la cer\u00e1mica y la fundici\u00f3n de metales.<\/p>\n<p>Dureza extrema: El \u00f3xido de aluminio, que se sit\u00faa en torno al 9 en la escala de dureza de Mohs, es extremadamente duro, lo que hace que los gr\u00e1nulos sean ideales para aplicaciones abrasivas, como el chorro de arena, el pulido y el esmerilado.<\/p>\n<p>Resistencia al desgaste: La dureza y durabilidad de los gr\u00e1nulos de \u00f3xido de aluminio los hacen duraderos en aplicaciones abrasivas, donde pueden romper materiales repetidamente sin un desgaste significativo.<\/p>\n<p>Inercia qu\u00edmica: El \u00f3xido de aluminio es muy resistente a las reacciones qu\u00edmicas, por lo que es adecuado para su uso en entornos con exposici\u00f3n a \u00e1cidos, \u00e1lcalis y otros productos qu\u00edmicos agresivos. Esta inercia es especialmente importante en aplicaciones como materiales refractarios y catalizadores.<\/p>\n<h3>Aplicaciones de los gr\u00e1nulos de \u00f3xido de aluminio<\/h3>\n<p><strong>Granallado abrasivo:<\/strong> Los gr\u00e1nulos de \u00f3xido de aluminio se utilizan ampliamente como medio de chorreado para la limpieza, el acabado y la preparaci\u00f3n de superficies debido a su dureza y capacidad para eliminar eficazmente el material sin contaminar las superficies.<\/p>\n<p><strong>Cer\u00e1mica y refractarios<\/strong>: Utilizados en la producci\u00f3n de cer\u00e1mica avanzada y productos refractarios, los gr\u00e1nulos de \u00f3xido de aluminio proporcionan fuerza, resistencia al desgaste y estabilidad t\u00e9rmica.<\/p>\n<p><strong>Pulido y esmerilado:<\/strong> Se utiliza en compuestos de pulido, muelas abrasivas y papel de lija por sus propiedades abrasivas.<\/p>\n<p><strong>Catalizadores y soportes de catalizadores:<\/strong> Debido a su alta superficie y estabilidad, los gr\u00e1nulos de \u00f3xido de aluminio pueden servir como material base en catalizadores para reacciones qu\u00edmicas industriales.<\/p>\n<p><strong>Disipaci\u00f3n del calor:<\/strong> En los productos refractarios moldeables, los gr\u00e1nulos ayudan a la gesti\u00f3n t\u00e9rmica en entornos de alta temperatura, como hornos y estufas.<\/p>\n<h2><span style=\"font-size: 14pt;\">Envasado y almacenamiento<\/span><\/h2>\n<p>Los gr\u00e1nulos de al\u00famina suelen envasarse en bolsas a prueba de humedad o contenedores sellados para evitar la humedad y la contaminaci\u00f3n, con un etiquetado claro.<\/p>\n<p>Almac\u00e9nese en un lugar seco, limpio y bien ventilado, alejado de la humedad y los productos qu\u00edmicos, y compruebe el envase con regularidad.<\/p>\n","protected":false},"excerpt":{"rendered":"<p>\u00d3xido de aluminio son materiales inorg\u00e1nicos de gran pureza y dureza con una excelente resistencia a las altas temperaturas, el desgaste y la corrosi\u00f3n qu\u00edmica. Mantienen una estructura estable incluso en condiciones de calor extremo y se utilizan ampliamente en electr\u00f3nica, gesti\u00f3n t\u00e9rmica y aplicaciones industriales. VIMATERIAL ofrece tanto gr\u00e1nulos de al\u00famina sinterizada como gr\u00e1nulos [&hellip;]<\/p>\n","protected":false},"featured_media":1043951,"comment_status":"open","ping_status":"closed","template":"","meta":{"_acf_changed":false},"product_brand":[],"product_cat":[179],"product_tag":[],"class_list":{"0":"post-1048093","1":"product","2":"type-product","3":"status-publish","4":"has-post-thumbnail","6":"product_cat-materiales-de-evaporacion","8":"first","9":"instock","10":"shipping-taxable","11":"product-type-variable"},"acf":[],"_links":{"self":[{"href":"https:\/\/vimaterial.de\/es\/wp-json\/wp\/v2\/product\/1048093","targetHints":{"allow":["GET"]}}],"collection":[{"href":"https:\/\/vimaterial.de\/es\/wp-json\/wp\/v2\/product"}],"about":[{"href":"https:\/\/vimaterial.de\/es\/wp-json\/wp\/v2\/types\/product"}],"replies":[{"embeddable":true,"href":"https:\/\/vimaterial.de\/es\/wp-json\/wp\/v2\/comments?post=1048093"}],"wp:featuredmedia":[{"embeddable":true,"href":"https:\/\/vimaterial.de\/es\/wp-json\/wp\/v2\/media\/1043951"}],"wp:attachment":[{"href":"https:\/\/vimaterial.de\/es\/wp-json\/wp\/v2\/media?parent=1048093"}],"wp:term":[{"taxonomy":"product_brand","embeddable":true,"href":"https:\/\/vimaterial.de\/es\/wp-json\/wp\/v2\/product_brand?post=1048093"},{"taxonomy":"product_cat","embeddable":true,"href":"https:\/\/vimaterial.de\/es\/wp-json\/wp\/v2\/product_cat?post=1048093"},{"taxonomy":"product_tag","embeddable":true,"href":"https:\/\/vimaterial.de\/es\/wp-json\/wp\/v2\/product_tag?post=1048093"}],"curies":[{"name":"wp","href":"https:\/\/api.w.org\/{rel}","templated":true}]}}