{"id":1048018,"date":"2024-06-17T14:52:35","date_gmt":"2024-06-17T06:52:35","guid":{"rendered":"https:\/\/vimaterial.de\/product\/oxido-de-niquel-2\/"},"modified":"2024-06-17T14:52:35","modified_gmt":"2024-06-17T06:52:35","slug":"oxido-de-niquel-2","status":"publish","type":"product","link":"https:\/\/vimaterial.de\/es\/product\/oxido-de-niquel-2\/","title":{"rendered":"\u00d3xido de n\u00edquel"},"content":{"rendered":"<p><span style=\"color: #0000ff;\"><a style=\"color: #0000ff;\" href=\"https:\/\/vimaterial.de\/en\/product\/nickel-oxide-4\/\">\u00d3xido de n\u00edquel<\/a><\/span> el c\u00e1todo para sputtering es un material utilizado en la tecnolog\u00eda de deposici\u00f3n f\u00edsica en fase de vapor (PVD), que consiste principalmente en \u00f3xido de n\u00edquel. En el proceso de pulverizaci\u00f3n cat\u00f3dica, los \u00e1tomos de \u00f3xido de n\u00edquel se depositan en la superficie del sustrato mediante bombardeo i\u00f3nico, lo que se utiliza para la preparaci\u00f3n de pel\u00edculas finas con propiedades el\u00e9ctricas, \u00f3pticas, magn\u00e9ticas, etc., utilizadas en los campos de los materiales de electrodos de bater\u00edas y los revestimientos \u00f3pticos.<\/p>\n<p>VIMATERIAL ofrece una amplia gama de c\u00e1todos de \u00f3xido de n\u00edquel para sputtering . Nuestros c\u00e1todos se caracterizan por su alta pureza, uniformidad dentro del c\u00e1todo, bajo nivel de impurezas y alta planitud de la superficie. Nuestra empresa puede proporcionar a los clientes servicios de uni\u00f3n de c\u00e1todos, pero tambi\u00e9n apoyar la personalizaci\u00f3n de productos y experimentos, contamos con el equipo t\u00e9cnico m\u00e1s profesional de investigaci\u00f3n y desarrollo, <span style=\"color: #0000ff;\"><a style=\"color: #0000ff;\" href=\"https:\/\/vimaterial.de\/es\/contacto\/\">p\u00f3ngase en contacto con nosotros<\/a><\/span>.<\/p>\n<h2><span style=\"font-size: 14pt;\">Propiedades f\u00edsicas<\/span><\/h2>\n<p>F\u00f3rmula molecular: NiO<\/p>\n<p>Peso molecular: 74,69 g\/mol<\/p>\n<p>Aspecto: Blanco generalmente verde<\/p>\n<p>Densidad: alrededor de 6,67 g\/cm\u00b3.<\/p>\n<p>Punto de fusi\u00f3n: alrededor de 1955\u00b0C<\/p>\n<p>Estructura cristalina: Sistema cristalino c\u00fabico, iones de n\u00edquel e iones de ox\u00edgeno en la estructura cristalina del c\u00fabico m\u00e1s estrechamente apilados, los iones de n\u00edquel ocupan los huecos octa\u00e9dricos.<\/p>\n<h2><span style=\"font-size: 14pt;\">Aplicaciones<\/span><\/h2>\n<p>Dispositivos electr\u00f3nicos: utilizado en la fabricaci\u00f3n de semiconductores, puede utilizarse como capa aislante, materiales diel\u00e9ctricos de puerta, etc., para mejorar el rendimiento y la estabilidad de los circuitos integrados.<\/p>\n<p>Optoelectr\u00f3nica: Los c\u00e1todos para sputtering de \u00f3xido de n\u00edquel pueden utilizarse en la preparaci\u00f3n de fotodetectores de alto rendimiento y como materiales de gu\u00eda de ondas \u00f3pticas para contribuir al desarrollo de las comunicaciones \u00f3pticas y otros campos.<\/p>\n<p>Campo de la energ\u00eda: se utiliza como material inorg\u00e1nico de la capa transportadora de huecos en la c\u00e9lula solar de calcogenuro, y tambi\u00e9n puede emplearse para la modificaci\u00f3n del material del electrodo de la bater\u00eda de iones de litio para mejorar el rendimiento de la bater\u00eda.<\/p>\n<p>Sensores: Sensores de gas para detectar gases nocivos y sensores qu\u00edmicos para responder a sustancias qu\u00edmicas espec\u00edficas.<\/p>\n<p>Campo de la visualizaci\u00f3n: El NiO puede utilizarse para preparar dispositivos electrocr\u00f3micos, como ventanas inteligentes, papel electr\u00f3nico, etc., pero tambi\u00e9n como diodo org\u00e1nico emisor de luz en los materiales de la capa de transporte de electrones o la capa de inyecci\u00f3n de huecos.<\/p>\n<h2><span style=\"font-size: 14pt;\">Control de calidad<\/span><\/h2>\n<p><span style=\"color: #0000ff;\"><a style=\"color: #0000ff;\" href=\"https:\/\/vimaterial.de\/es\/control-de-calidad\/\">Cada lote<\/a><\/span> de productos en el proceso de producci\u00f3n para aplicar un estricto sistema de gesti\u00f3n de calidad, tenemos estrictas normas de inspecci\u00f3n de materiales entrantes, los productos no conformes tienen un tratamiento perfecto y medidas de aislamiento. Utilizamos instrumentos de prueba de alta precisi\u00f3n para garantizar la calidad de los productos que salen de la f\u00e1brica, tambi\u00e9n podemos proporcionar muestras de acuerdo a los requerimientos del cliente de las organizaciones de inspecci\u00f3n de terceros, y en \u00faltima instancia hacer que nuestros productos para satisfacer las necesidades del cliente.<\/p>\n<h2><span style=\"font-size: 14pt;\">Embalaje y almacenamiento<\/span><\/h2>\n<p>Los c\u00e1todos para sputtering de \u00f3xido de n\u00edquel se embalan en bolsas dobles al vac\u00edo.<\/p>\n<p>Los c\u00e1todos para sputtering de \u00f3xido de n\u00edquel deben almacenarse en un entorno seco y bien ventilado, con temperatura y humedad relativamente estables, evitando la humedad, la oxidaci\u00f3n y el contacto con sustancias corrosivas, as\u00ed como previniendo da\u00f1os f\u00edsicos en el c\u00e1todo, y deben colocarse de la manera prescrita para garantizar que su rendimiento no se vea afectado.<\/p>\n","protected":false},"excerpt":{"rendered":"<p>\u00d3xido de n\u00edquel el c\u00e1todo para sputtering es un material utilizado en la tecnolog\u00eda de deposici\u00f3n f\u00edsica en fase de vapor (PVD), que consiste principalmente en \u00f3xido de n\u00edquel. En el proceso de pulverizaci\u00f3n cat\u00f3dica, los \u00e1tomos de \u00f3xido de n\u00edquel se depositan en la superficie del sustrato mediante bombardeo i\u00f3nico, lo que se utiliza [&hellip;]<\/p>\n","protected":false},"featured_media":1045844,"comment_status":"open","ping_status":"closed","template":"","meta":{"_acf_changed":false},"product_brand":[],"product_cat":[178],"product_tag":[],"class_list":{"0":"post-1048018","1":"product","2":"type-product","3":"status-publish","4":"has-post-thumbnail","6":"product_cat-catodos-para-sputtering-planar","8":"first","9":"instock","10":"shipping-taxable","11":"purchasable","12":"product-type-variable"},"acf":[],"_links":{"self":[{"href":"https:\/\/vimaterial.de\/es\/wp-json\/wp\/v2\/product\/1048018","targetHints":{"allow":["GET"]}}],"collection":[{"href":"https:\/\/vimaterial.de\/es\/wp-json\/wp\/v2\/product"}],"about":[{"href":"https:\/\/vimaterial.de\/es\/wp-json\/wp\/v2\/types\/product"}],"replies":[{"embeddable":true,"href":"https:\/\/vimaterial.de\/es\/wp-json\/wp\/v2\/comments?post=1048018"}],"wp:featuredmedia":[{"embeddable":true,"href":"https:\/\/vimaterial.de\/es\/wp-json\/wp\/v2\/media\/1045844"}],"wp:attachment":[{"href":"https:\/\/vimaterial.de\/es\/wp-json\/wp\/v2\/media?parent=1048018"}],"wp:term":[{"taxonomy":"product_brand","embeddable":true,"href":"https:\/\/vimaterial.de\/es\/wp-json\/wp\/v2\/product_brand?post=1048018"},{"taxonomy":"product_cat","embeddable":true,"href":"https:\/\/vimaterial.de\/es\/wp-json\/wp\/v2\/product_cat?post=1048018"},{"taxonomy":"product_tag","embeddable":true,"href":"https:\/\/vimaterial.de\/es\/wp-json\/wp\/v2\/product_tag?post=1048018"}],"curies":[{"name":"wp","href":"https:\/\/api.w.org\/{rel}","templated":true}]}}