{"id":1047960,"date":"2024-06-17T15:26:12","date_gmt":"2024-06-17T07:26:12","guid":{"rendered":"https:\/\/vimaterial.de\/product\/carburo-de-niobio\/"},"modified":"2024-06-17T15:26:12","modified_gmt":"2024-06-17T07:26:12","slug":"carburo-de-niobio","status":"publish","type":"product","link":"https:\/\/vimaterial.de\/es\/product\/carburo-de-niobio\/","title":{"rendered":"Carburo de niobio"},"content":{"rendered":"<p><span style=\"color: #0000ff;\"><a style=\"color: #0000ff;\" href=\"https:\/\/vimaterial.de\/es\/search\/?type=name&#038;keyword=Niobium+carbide\">Carburo de Niobio<\/a><\/span> El polvo es un tipo de polvo cer\u00e1mico con f\u00f3rmula qu\u00edmica NbC, de color negro o gris oscuro, estructura c\u00fabica centrada en la cara, alta dureza, alto punto de fusi\u00f3n, qu\u00edmicamente estable y buena conductividad t\u00e9rmica, que se prepara mediante diversos m\u00e9todos y se utiliza ampliamente en herramientas de corte, herramientas abrasivas, dispositivos electr\u00f3nicos y otros campos.<\/p>\n<p>VIMATERIAL ofrece polvo de carburo de niobio de alta calidad con gran pureza y tama\u00f1o de part\u00edcula personalizable. <span style=\"color: #0000ff;\"><a style=\"color: #0000ff;\" href=\"https:\/\/vimaterial.de\/es\/contacto\/\">Contacte con nosotros<\/a><\/span> para m\u00e1s informaci\u00f3n.<\/p>\n<h2><span style=\"font-size: 14pt;\">Caracter\u00edsticas<\/span><\/h2>\n<p>Aspecto: Negro o gris oscuro<\/p>\n<p>Estructura cristalina: c\u00fabica centrada en la cara<\/p>\n<p>Densidad: 7,82 g\/cm\u00b3.<\/p>\n<p>Punto de fusi\u00f3n:~3500 \u2103<\/p>\n<p>Estabilidad: qu\u00edmicamente estable a temperatura ambiente, no es f\u00e1cil que reaccione con el agua, el \u00e1cido, el \u00e1lcali y otras sustancias comunes.<\/p>\n<p>Alta dureza: muy alta, s\u00f3lo superada por el diamante y el nitruro de boro c\u00fabico.<\/p>\n<h2><span style=\"font-size: 14pt;\">Aplicaciones del polvo de carburo de niobio<\/span><\/h2>\n<p>Herramientas de corte: Se a\u00f1ade a los carburos cementados para mejorar la dureza, la resistencia al desgaste y la vida \u00fatil de la herramienta, especialmente para el mecanizado de materiales duros.<\/p>\n<p>Abrasivos: Utilizados en muelas y bandas abrasivas para aumentar la eficacia y precisi\u00f3n del rectificado.<\/p>\n<p>Dispositivos electr\u00f3nicos: Utilizados en electrodos, barreras de difusi\u00f3n y materiales de disipaci\u00f3n del calor para mejorar el rendimiento y la fiabilidad.<\/p>\n<p>Materiales cer\u00e1micos: A\u00f1adidos a cer\u00e1micas para mejorar la solidez, la resistencia al desgaste y la conductividad el\u00e9ctrica de piezas cer\u00e1micas de alto rendimiento.<\/p>\n<p>Recubrimientos: Aplicados a superficies met\u00e1licas para mejorar la resistencia al desgaste, la corrosi\u00f3n y la oxidaci\u00f3n, prolongando la vida \u00fatil de los componentes.<\/p>\n<h2><span style=\"font-size: 14pt;\">Condiciones de envasado y almacenamiento<\/span><\/h2>\n<p>El polvo de carburo de niobio suele envasarse en recipientes herm\u00e9ticos a prueba de humedad. Se suele sellar en bolsas de pl\u00e1stico al vac\u00edo o rellenas de nitr\u00f3geno y luego se coloca en bidones de pl\u00e1stico o metal para mayor protecci\u00f3n. Este tipo de envase evita la humedad, la oxidaci\u00f3n y la contaminaci\u00f3n, ayudando a mantener la pureza y la estabilidad del polvo durante el transporte y el almacenamiento.<\/p>\n<p>El polvo de carburo de niobio debe almacenarse en un lugar fresco, seco y bien ventilado, alejado de la luz solar directa, el calor y la humedad. Debe mantenerse alejado de \u00e1cidos, \u00e1lcalis y agentes oxidantes fuertes para evitar reacciones qu\u00edmicas. Una vez abierto, el envase debe volver a cerrarse herm\u00e9ticamente para evitar la absorci\u00f3n de humedad y la degradaci\u00f3n del rendimiento.<\/p>\n","protected":false},"excerpt":{"rendered":"<p>Carburo de Niobio El polvo es un tipo de polvo cer\u00e1mico con f\u00f3rmula qu\u00edmica NbC, de color negro o gris oscuro, estructura c\u00fabica centrada en la cara, alta dureza, alto punto de fusi\u00f3n, qu\u00edmicamente estable y buena conductividad t\u00e9rmica, que se prepara mediante diversos m\u00e9todos y se utiliza ampliamente en herramientas de corte, herramientas abrasivas, [&hellip;]<\/p>\n","protected":false},"featured_media":1031683,"comment_status":"open","ping_status":"closed","template":"","meta":{"_acf_changed":false},"product_brand":[],"product_cat":[183],"product_tag":[],"class_list":{"0":"post-1047960","1":"product","2":"type-product","3":"status-publish","4":"has-post-thumbnail","6":"product_cat-c-n-b-si-materiales","8":"first","9":"instock","10":"shipping-taxable","11":"purchasable","12":"product-type-variable"},"acf":[],"_links":{"self":[{"href":"https:\/\/vimaterial.de\/es\/wp-json\/wp\/v2\/product\/1047960","targetHints":{"allow":["GET"]}}],"collection":[{"href":"https:\/\/vimaterial.de\/es\/wp-json\/wp\/v2\/product"}],"about":[{"href":"https:\/\/vimaterial.de\/es\/wp-json\/wp\/v2\/types\/product"}],"replies":[{"embeddable":true,"href":"https:\/\/vimaterial.de\/es\/wp-json\/wp\/v2\/comments?post=1047960"}],"wp:featuredmedia":[{"embeddable":true,"href":"https:\/\/vimaterial.de\/es\/wp-json\/wp\/v2\/media\/1031683"}],"wp:attachment":[{"href":"https:\/\/vimaterial.de\/es\/wp-json\/wp\/v2\/media?parent=1047960"}],"wp:term":[{"taxonomy":"product_brand","embeddable":true,"href":"https:\/\/vimaterial.de\/es\/wp-json\/wp\/v2\/product_brand?post=1047960"},{"taxonomy":"product_cat","embeddable":true,"href":"https:\/\/vimaterial.de\/es\/wp-json\/wp\/v2\/product_cat?post=1047960"},{"taxonomy":"product_tag","embeddable":true,"href":"https:\/\/vimaterial.de\/es\/wp-json\/wp\/v2\/product_tag?post=1047960"}],"curies":[{"name":"wp","href":"https:\/\/api.w.org\/{rel}","templated":true}]}}