{"id":1047871,"date":"2024-06-27T19:49:46","date_gmt":"2024-06-27T11:49:46","guid":{"rendered":"https:\/\/vimaterial.de\/product\/molibdeno-metalico-7\/"},"modified":"2024-06-27T19:49:46","modified_gmt":"2024-06-27T11:49:46","slug":"molibdeno-metalico-7","status":"publish","type":"product","link":"https:\/\/vimaterial.de\/es\/product\/molibdeno-metalico-7\/","title":{"rendered":"Molibdeno met\u00e1lico"},"content":{"rendered":"<p><span style=\"color: #0000ff;\"><a style=\"color: #0000ff;\" href=\"https:\/\/vimaterial.de\/en\/product\/molybdenum-metal\/\">Molibdeno<\/a><\/span> son c\u00e1todos tubulares para sputtering cuyo componente principal es el molibdeno. Debido a sus excelentes propiedades f\u00edsicas y qu\u00edmicas, el molibdeno desempe\u00f1a un papel importante en diversas \u00e1reas de fabricaci\u00f3n industrial, como la aeroespacial, la electr\u00f3nica y la metalurgia.<\/p>\n<p>Ofrecemos servicios personalizados y damos una calurosa bienvenida a los institutos de investigaci\u00f3n para que colaboren con nosotros en la realizaci\u00f3n de experimentos. Los productos de VIMATERIAL se caracterizan por un embalaje peque\u00f1o, cantidades m\u00ednimas de pedido (MOQ) reducidas y amplias existencias. Tambi\u00e9n ofrecemos un perfecto servicio postventa y un equipo t\u00e9cnico profesional. Para m\u00e1s informaci\u00f3n <span style=\"color: #0000ff;\"><a style=\"color: #0000ff;\" href=\"https:\/\/vimaterial.de\/es\/contacto\/\">p\u00f3ngase en contacto con nosotros<\/a><\/span>.<\/p>\n<h2><span style=\"font-size: 14pt;\">Caracter\u00edsticas<\/span><\/h2>\n<p>F\u00f3rmula molecular: Molibdeno<\/p>\n<p>Peso molecular: 95,96<\/p>\n<p>Aspecto: Brillo met\u00e1lico blanco gris\u00e1ceo<\/p>\n<p>Densidad: 10,22 g\/cm3<\/p>\n<p>Punto de fusi\u00f3n: 2617\u00b0C<\/p>\n<p>Punto de ebullici\u00f3n: 4612\u00b0C<\/p>\n<p>Estructura cristalina Estructura cristalina c\u00fabica centrada en el cuerpo (BCC). Esta estructura confiere al molibdeno una gran resistencia a la temperatura, buenas propiedades mec\u00e1nicas y una excelente conductividad el\u00e9ctrica, lo que lo hace adecuado para aplicaciones a altas temperaturas y sometidas a grandes esfuerzos.<\/p>\n<h2><span style=\"font-size: 14pt;\">Aplicaciones<\/span><\/h2>\n<p>Fabricaci\u00f3n de componentes aeroespaciales: En la fabricaci\u00f3n de componentes aeroespaciales, se utilizan pel\u00edculas finas de molibdeno pulverizadas a partir de c\u00e1todos rotativos de Mo para fabricar piezas resistentes a altas temperaturas. Estos componentes pueden soportar temperaturas extremas durante el vuelo de aviones y el lanzamiento de cohetes, garantizando la seguridad y el rendimiento de los veh\u00edculos aeroespaciales.<\/p>\n<p>Fabricaci\u00f3n de dispositivos semiconductores: En la fabricaci\u00f3n de semiconductores, los revestimientos de blancos rotativos de Mo se utilizan para crear electrodos y capas de interconexi\u00f3n. La alta conductividad y estabilidad del molibdeno ayudan a mejorar el rendimiento y la fiabilidad de los dispositivos semiconductores, especialmente en aplicaciones de alta potencia y alta frecuencia.<\/p>\n<p>Producci\u00f3n de aleaciones de acero: Los c\u00e1todos tubulares de molibdeno son un importante elemento de aleaci\u00f3n en la industria de las aleaciones de acero. Mediante el proceso de pulverizaci\u00f3n cat\u00f3dica con c\u00e1todos rotativos de Mo, el molibdeno puede a\u00f1adirse uniformemente a la superficie del acero para aumentar su resistencia, dureza y resistencia a la corrosi\u00f3n.<\/p>\n<p>Fabricaci\u00f3n de l\u00e1minas posteriores para pantallas planas: Los c\u00e1todos rotativos de molibdeno se utilizan para preparar capas conductoras en la fabricaci\u00f3n de l\u00e1minas posteriores de pantallas planas. Las pel\u00edculas de molibdeno de alta calidad obtenidas a partir de c\u00e1todos rotativos de molibdeno ayudan a aumentar la movilidad de los electrones y a reducir la resistencia el\u00e9ctrica, mejorando as\u00ed el rendimiento general de la pantalla.<\/p>\n<h2><span style=\"font-size: 14pt;\">Control de calidad<\/span><\/h2>\n<p><span style=\"color: #0000ff;\"><a style=\"color: #0000ff;\" href=\"https:\/\/vimaterial.de\/es\/control-de-calidad\/\">Nuestros productos<\/a> <\/span>siguen un estricto y exhaustivo sistema de garant\u00eda de calidad. Controlamos estrictamente los indicadores clave de los objetivos, como la homogeneidad de la composici\u00f3n, la densidad, la dureza y la rugosidad de la superficie. En cuanto se detecta cualquier desviaci\u00f3n o no conformidad, iniciamos un proceso 8D de resoluci\u00f3n de problemas. Llevamos a cabo an\u00e1lisis exhaustivos de las causas y adoptamos medidas correctivas y preventivas eficaces. Al mismo tiempo, mantenemos registros detallados de todo el proceso de producci\u00f3n para lograr una trazabilidad completa de cada lote, lo que garantiza que usted tenga plena confianza en la calidad de sus productos.<\/p>\n<h2><span style=\"font-size: 14pt;\">Embalaje y almacenamiento<\/span><\/h2>\n<p>Los c\u00e1todos de tubo de molibdeno se embalan profesionalmente protegidos al vac\u00edo en cajas de madera personalizadas de alta resistencia rellenas de espuma de alta densidad y otros materiales de amortiguaci\u00f3n para garantizar la protecci\u00f3n frente a da\u00f1os por colisi\u00f3n y aplastamiento durante el transporte.<\/p>\n<p>Los c\u00e1todos de tubo de molibdeno deben almacenarse en un entorno seco y ventilado, lejos de la humedad y de agentes oxidantes fuertes para evitar que la oxidaci\u00f3n y otras reacciones qu\u00edmicas afecten a su rendimiento.<\/p>\n","protected":false},"excerpt":{"rendered":"<p><span style=\"color: #0000ff;\"><a style=\"color: #0000ff;\" href=\"https:\/\/vimaterial.de\/en\/product\/molybdenum-metal\/\">Molibdeno<\/a><\/span> son c\u00e1todos tubulares para sputtering cuyo componente principal es el molibdeno. Debido a sus excelentes propiedades f\u00edsicas y qu\u00edmicas, el molibdeno desempe\u00f1a un papel importante en diversas \u00e1reas de fabricaci\u00f3n industrial, como la aeroespacial, la electr\u00f3nica y la metalurgia.<\/p>\n","protected":false},"featured_media":1034878,"comment_status":"open","ping_status":"closed","template":"","meta":{"_acf_changed":false},"product_brand":[],"product_cat":[190],"product_tag":[],"class_list":{"0":"post-1047871","1":"product","2":"type-product","3":"status-publish","4":"has-post-thumbnail","6":"product_cat-capsulas-para-sputtering-rotativo","8":"first","9":"instock","10":"shipping-taxable","11":"product-type-variable"},"acf":[],"_links":{"self":[{"href":"https:\/\/vimaterial.de\/es\/wp-json\/wp\/v2\/product\/1047871","targetHints":{"allow":["GET"]}}],"collection":[{"href":"https:\/\/vimaterial.de\/es\/wp-json\/wp\/v2\/product"}],"about":[{"href":"https:\/\/vimaterial.de\/es\/wp-json\/wp\/v2\/types\/product"}],"replies":[{"embeddable":true,"href":"https:\/\/vimaterial.de\/es\/wp-json\/wp\/v2\/comments?post=1047871"}],"wp:featuredmedia":[{"embeddable":true,"href":"https:\/\/vimaterial.de\/es\/wp-json\/wp\/v2\/media\/1034878"}],"wp:attachment":[{"href":"https:\/\/vimaterial.de\/es\/wp-json\/wp\/v2\/media?parent=1047871"}],"wp:term":[{"taxonomy":"product_brand","embeddable":true,"href":"https:\/\/vimaterial.de\/es\/wp-json\/wp\/v2\/product_brand?post=1047871"},{"taxonomy":"product_cat","embeddable":true,"href":"https:\/\/vimaterial.de\/es\/wp-json\/wp\/v2\/product_cat?post=1047871"},{"taxonomy":"product_tag","embeddable":true,"href":"https:\/\/vimaterial.de\/es\/wp-json\/wp\/v2\/product_tag?post=1047871"}],"curies":[{"name":"wp","href":"https:\/\/api.w.org\/{rel}","templated":true}]}}