{"id":1047842,"date":"2024-06-17T15:26:16","date_gmt":"2024-06-17T07:26:16","guid":{"rendered":"https:\/\/vimaterial.de\/product\/molibdeno-metalico-2\/"},"modified":"2024-06-17T15:26:16","modified_gmt":"2024-06-17T07:26:16","slug":"molibdeno-metalico-2","status":"publish","type":"product","link":"https:\/\/vimaterial.de\/es\/product\/molibdeno-metalico-2\/","title":{"rendered":"Molibdeno met\u00e1lico"},"content":{"rendered":"<p>Los c\u00e1todos de molibdeno para sputtering son materiales industriales fabricados a partir de molibdeno met\u00e1lico de gran pureza. Poseen altos puntos de fusi\u00f3n, bajos coeficientes de dilataci\u00f3n, excelente conductividad el\u00e9ctrica y t\u00e9rmica y resistencia a la corrosi\u00f3n a temperatura ambiente, por lo que se utilizan ampliamente en chips semiconductores, paneles de visualizaci\u00f3n y c\u00e9lulas solares.<\/p>\n<p>VIMATERIAL ofrece <span style=\"color: #0000ff;\"><a style=\"color: #0000ff;\" href=\"https:\/\/vimaterial.de\/es\/search\/?type=element&#038;keyword=Mo\">molibdeno met\u00e1lico<\/a><\/span> de alta pureza. Disponemos de tama\u00f1os personalizados bajo pedido. <span style=\"color: #0000ff;\"><a style=\"color: #0000ff;\" href=\"https:\/\/vimaterial.de\/es\/contacto\/\">P\u00f3ngase en contacto con nosotros<\/a><\/span> para m\u00e1s informaci\u00f3n.<\/p>\n<h2><span style=\"font-size: 14pt;\">Propiedades f\u00edsicas<\/span><\/h2>\n<p>F\u00f3rmula qu\u00edmica: Mo<\/p>\n<p>Peso at\u00f3mico: 95,94 g\/mol<\/p>\n<p>Densidad: alrededor de 10,28 g\/cm\u00b3<\/p>\n<p>Punto de fusi\u00f3n: 2623\u00b0C<\/p>\n<p>Conductividad t\u00e9rmica: aprox. 138 W\/(m\u30fbK)<\/p>\n<p>Conductividad el\u00e9ctrica: aprox. 1,87\u00d710\u2076 S\/m<\/p>\n<h2><span style=\"font-size: 14pt;\">Caracter\u00edsticas <\/span><span style=\"font-size: 14pt;\">del c\u00e1todo para sputtering de molibdeno<\/span><\/h2>\n<p>Alta densidad: Sus caracter\u00edsticas de alta densidad ayudan a controlar mejor la emisi\u00f3n y deposici\u00f3n de part\u00edculas pulverizadas durante el proceso de pulverizaci\u00f3n cat\u00f3dica, lo que resulta en una mejor uniformidad del espesor de la pel\u00edcula y una estructura m\u00e1s densa, mejorando as\u00ed el rendimiento de la pel\u00edcula.<\/p>\n<p>Buena conductividad el\u00e9ctrica y t\u00e9rmica: El molibdeno met\u00e1lico tiene una buena conductividad el\u00e9ctrica y t\u00e9rmica, que puede transferir eficazmente la corriente y el calor durante el proceso de sputtering para garantizar la estabilidad del proceso de sputtering, y al mismo tiempo ayudar a mejorar la calidad de crecimiento de la pel\u00edcula y la fuerza de uni\u00f3n con el sustrato.<\/p>\n<p>Excelente resistencia a la corrosi\u00f3n: tiene una buena resistencia a la corrosi\u00f3n a la mayor\u00eda de los productos qu\u00edmicos, y puede permanecer estable en diferentes entornos de trabajo, no es f\u00e1cil de ser corro\u00eddo u oxidado, lo que prolonga la vida \u00fatil del blanco de sputtering, y tambi\u00e9n asegura la estabilidad qu\u00edmica de la pel\u00edcula preparada.<\/p>\n<h2><span style=\"font-size: 14pt;\">Aplicaciones de los c\u00e1todos de molibdeno para sputtering<\/span><\/h2>\n<p>Industria electr\u00f3nica: Los c\u00e1todos de molibdeno para sputtering se utilizan para depositar pel\u00edculas en circuitos integrados, como capas de barrera y metalizaci\u00f3n, y en pantallas planas para TFT y electrodos posteriores, mejorando el rendimiento y la fiabilidad del dispositivo.<\/p>\n<p>Campo \u00f3ptico: Utilizados para depositar pel\u00edculas \u00f3pticas como espejos y filtros, los c\u00e1todos de molibdeno proporcionan una alta reflectividad, baja absorci\u00f3n y un excelente rendimiento \u00f3ptico en infrarrojos.<\/p>\n<p>Industria decorativa: Mediante la pulverizaci\u00f3n cat\u00f3dica, los c\u00e1todos de molibdeno producen revestimientos met\u00e1licos resistentes al desgaste para joyer\u00eda, relojes e interiores de autom\u00f3viles, mejorando la est\u00e9tica y la durabilidad.<\/p>\n<p>Sector energ\u00e9tico: En c\u00e9lulas solares y bater\u00edas de pel\u00edcula fina, los c\u00e1todos de molibdeno se utilizan para depositar electrodos traseros o electrodos de pel\u00edcula fina, mejorando la conductividad, la eficiencia y el rendimiento de carga-descarga.<\/p>\n<h2><span style=\"font-size: 14pt;\">Embalaje y almacenamiento<\/span><\/h2>\n<p>Los c\u00e1todos de molibdeno para sputtering suelen embalarse en materiales protectores, antihumedad y antioxidantes, a menudo con espuma o acolchado para evitar ara\u00f1azos y da\u00f1os durante el transporte.<\/p>\n<p>Deben almacenarse en un entorno limpio, seco y ventilado, lejos de la humedad, los productos qu\u00edmicos corrosivos y las altas temperaturas, para mantener la calidad y el rendimiento de la superficie.<\/p>\n","protected":false},"excerpt":{"rendered":"<p>Los c\u00e1todos de molibdeno para sputtering son materiales industriales fabricados a partir de molibdeno met\u00e1lico de gran pureza. Poseen altos puntos de fusi\u00f3n, bajos coeficientes de dilataci\u00f3n, excelente conductividad el\u00e9ctrica y t\u00e9rmica y resistencia a la corrosi\u00f3n a temperatura ambiente, por lo que se utilizan ampliamente en chips semiconductores, paneles de visualizaci\u00f3n y c\u00e9lulas solares. [&hellip;]<\/p>\n","protected":false},"featured_media":1031782,"comment_status":"open","ping_status":"closed","template":"","meta":{"_acf_changed":false},"product_brand":[],"product_cat":[178],"product_tag":[],"class_list":{"0":"post-1047842","1":"product","2":"type-product","3":"status-publish","4":"has-post-thumbnail","6":"product_cat-catodos-para-sputtering-planar","8":"first","9":"instock","10":"shipping-taxable","11":"purchasable","12":"product-type-variable"},"acf":[],"_links":{"self":[{"href":"https:\/\/vimaterial.de\/es\/wp-json\/wp\/v2\/product\/1047842","targetHints":{"allow":["GET"]}}],"collection":[{"href":"https:\/\/vimaterial.de\/es\/wp-json\/wp\/v2\/product"}],"about":[{"href":"https:\/\/vimaterial.de\/es\/wp-json\/wp\/v2\/types\/product"}],"replies":[{"embeddable":true,"href":"https:\/\/vimaterial.de\/es\/wp-json\/wp\/v2\/comments?post=1047842"}],"wp:featuredmedia":[{"embeddable":true,"href":"https:\/\/vimaterial.de\/es\/wp-json\/wp\/v2\/media\/1031782"}],"wp:attachment":[{"href":"https:\/\/vimaterial.de\/es\/wp-json\/wp\/v2\/media?parent=1047842"}],"wp:term":[{"taxonomy":"product_brand","embeddable":true,"href":"https:\/\/vimaterial.de\/es\/wp-json\/wp\/v2\/product_brand?post=1047842"},{"taxonomy":"product_cat","embeddable":true,"href":"https:\/\/vimaterial.de\/es\/wp-json\/wp\/v2\/product_cat?post=1047842"},{"taxonomy":"product_tag","embeddable":true,"href":"https:\/\/vimaterial.de\/es\/wp-json\/wp\/v2\/product_tag?post=1047842"}],"curies":[{"name":"wp","href":"https:\/\/api.w.org\/{rel}","templated":true}]}}