{"id":1047795,"date":"2024-06-17T15:26:15","date_gmt":"2024-06-17T07:26:15","guid":{"rendered":"https:\/\/vimaterial.de\/product\/molibdeno-metalico-5\/"},"modified":"2024-06-17T15:26:15","modified_gmt":"2024-06-17T07:26:15","slug":"molibdeno-metalico-5","status":"publish","type":"product","link":"https:\/\/vimaterial.de\/es\/product\/molibdeno-metalico-5\/","title":{"rendered":"Molibdeno met\u00e1lico"},"content":{"rendered":"<p><span style=\"color: #0000ff;\"><a style=\"color: #0000ff;\" href=\"https:\/\/vimaterial.de\/es\/search\/?type=element&#038;keyword=Mo\">Molibdeno met\u00e1lico<\/a><\/span> los gr\u00e1nulos de molibdeno met\u00e1lico son gr\u00e1nulos de molibdeno de gran pureza, alta densidad, resistencia a altas temperaturas, excelentes propiedades mec\u00e1nicas y conductividad t\u00e9rmica, preparados por pulvimetalurgia o granulaci\u00f3n, que se utilizan ampliamente en los sectores sider\u00fargico, electr\u00f3nico, qu\u00edmico, de fabricaci\u00f3n de hornos de alta temperatura y de investigaci\u00f3n y experimentaci\u00f3n cient\u00edficas.<\/p>\n<p>VIMATERIAL ofrece pellets de molibdeno de alta calidad y gran pureza; los tama\u00f1os pueden adaptarse a sus necesidades. <span style=\"color: #0000ff;\"><a style=\"color: #0000ff;\" href=\"https:\/\/vimaterial.de\/es\/contacto\/\">P\u00f3ngase en contacto con nosotros<\/a><\/span> para m\u00e1s informaci\u00f3n.<\/p>\n<h2><span style=\"font-size: 14pt;\">Caracter\u00edsticas<\/span><\/h2>\n<p>Alta densidad: El molibdeno tiene una alta densidad de unos 10,28 g\/cm\u00b3, y su alta densidad se sigue conservando despu\u00e9s de ser convertido en gr\u00e1nulos, lo que permite que los gr\u00e1nulos de molibdeno met\u00e1lico proporcionen un buen peso y textura en algunas aplicaciones espec\u00edficas, y tambi\u00e9n contribuye a su estabilidad durante el procesamiento o el uso.<\/p>\n<p>Buena resistencia a altas temperaturas: el punto de fusi\u00f3n del molibdeno es tan alto como 2623 \u2103, los gr\u00e1nulos de metal de molibdeno todav\u00eda pueden mantener una buena estabilidad f\u00edsica y qu\u00edmica a altas temperaturas, y no es f\u00e1cil de fundir, deformaci\u00f3n o reacci\u00f3n qu\u00edmica, puede ser ampliamente utilizado en entornos operativos de alta temperatura.<\/p>\n<p>Excelentes propiedades mec\u00e1nicas: alta resistencia y dureza, capaz de soportar grandes fuerzas y presiones externas, excelente rendimiento en mecanizado, fabricaci\u00f3n de piezas resistentes al desgaste, etc., puede mejorar eficazmente la vida \u00fatil y la fiabilidad de los componentes relacionados.<\/p>\n<p>Buena conductividad el\u00e9ctrica y t\u00e9rmica: los gr\u00e1nulos met\u00e1licos de molibdeno tienen una buena conductividad el\u00e9ctrica y t\u00e9rmica, en el campo el\u00e9ctrico, electr\u00f3nico y otros requisitos de conductividad el\u00e9ctrica y t\u00e9rmica, pueden cumplir bien los requisitos de aplicaci\u00f3n pertinentes, para garantizar el funcionamiento normal del equipo o sistema.<\/p>\n<h2><span style=\"font-size: 14pt;\">Aplicaciones de los gr\u00e1nulos de molibdeno<\/span><\/h2>\n<p>Industria sider\u00fargica: Los gr\u00e1nulos de molibdeno se a\u00f1aden al acero para mejorar la resistencia, la dureza, la resistencia al desgaste y la resistencia a la corrosi\u00f3n, y se utilizan ampliamente en aceros aleados de alta resistencia y aceros inoxidables para la construcci\u00f3n, la maquinaria y la industria del autom\u00f3vil.<\/p>\n<p>Industria electr\u00f3nica: Se utiliza en componentes electr\u00f3nicos como tubos, transistores y circuitos integrados para electrodos y filamentos. Su buena conductividad, resistencia a altas temperaturas y estabilidad garantizan un rendimiento fiable en condiciones extremas.<\/p>\n<p>Industria qu\u00edmica: Sirve como material resistente a la corrosi\u00f3n para reactores, intercambiadores de calor y tuber\u00edas, resistiendo \u00e1cidos, \u00e1lcalis y sales, prolongando la vida \u00fatil de los equipos y reduciendo los costes de mantenimiento.<\/p>\n<p>Fabricaci\u00f3n de hornos de alta temperatura: Se utilizan como elementos calefactores y piezas de soporte en hornos de vac\u00edo, resistencia e inducci\u00f3n, soportando altas temperaturas y proporcionando un calor estable para un procesamiento eficaz y uniforme.<\/p>\n<p>Investigaci\u00f3n cient\u00edfica: Utilizados en experimentos a alta temperatura y presi\u00f3n para estudiar las propiedades de los materiales, proporcionando datos para el desarrollo de nuevos materiales.<\/p>\n<h2><span style=\"font-size: 14pt;\">Embalaje y almacenamiento<\/span><\/h2>\n<p>Suele envasarse en bolsas o bidones sellados resistentes a la humedad y la oxidaci\u00f3n, a menudo con materiales amortiguadores para evitar da\u00f1os durante el transporte.<\/p>\n<p>Deben almacenarse en un entorno seco, fresco y ventilado, lejos de la humedad, los productos qu\u00edmicos corrosivos y las altas temperaturas, para mantener la estabilidad y la calidad.<\/p>\n","protected":false},"excerpt":{"rendered":"<p>Los gr\u00e1nulos de molibdeno met\u00e1lico son gr\u00e1nulos de molibdeno de gran pureza, alta densidad, resistentes a altas temperaturas, mec\u00e1nicamente excelentes y t\u00e9rmicamente conductores, preparados por pulvimetalurgia o m\u00e9todo de granulaci\u00f3n, que se utilizan ampliamente en los campos de la siderurgia, la electr\u00f3nica, la industria qu\u00edmica, la fabricaci\u00f3n de hornos de alta temperatura y la investigaci\u00f3n y experimentaci\u00f3n cient\u00edficas.<\/p>\n","protected":false},"featured_media":1031767,"comment_status":"open","ping_status":"closed","template":"","meta":{"_acf_changed":false},"product_brand":[],"product_cat":[179],"product_tag":[],"class_list":{"0":"post-1047795","1":"product","2":"type-product","3":"status-publish","4":"has-post-thumbnail","6":"product_cat-materiales-de-evaporacion","8":"first","9":"instock","10":"shipping-taxable","11":"purchasable","12":"product-type-variable"},"acf":[],"_links":{"self":[{"href":"https:\/\/vimaterial.de\/es\/wp-json\/wp\/v2\/product\/1047795","targetHints":{"allow":["GET"]}}],"collection":[{"href":"https:\/\/vimaterial.de\/es\/wp-json\/wp\/v2\/product"}],"about":[{"href":"https:\/\/vimaterial.de\/es\/wp-json\/wp\/v2\/types\/product"}],"replies":[{"embeddable":true,"href":"https:\/\/vimaterial.de\/es\/wp-json\/wp\/v2\/comments?post=1047795"}],"wp:featuredmedia":[{"embeddable":true,"href":"https:\/\/vimaterial.de\/es\/wp-json\/wp\/v2\/media\/1031767"}],"wp:attachment":[{"href":"https:\/\/vimaterial.de\/es\/wp-json\/wp\/v2\/media?parent=1047795"}],"wp:term":[{"taxonomy":"product_brand","embeddable":true,"href":"https:\/\/vimaterial.de\/es\/wp-json\/wp\/v2\/product_brand?post=1047795"},{"taxonomy":"product_cat","embeddable":true,"href":"https:\/\/vimaterial.de\/es\/wp-json\/wp\/v2\/product_cat?post=1047795"},{"taxonomy":"product_tag","embeddable":true,"href":"https:\/\/vimaterial.de\/es\/wp-json\/wp\/v2\/product_tag?post=1047795"}],"curies":[{"name":"wp","href":"https:\/\/api.w.org\/{rel}","templated":true}]}}