{"id":1047774,"date":"2024-06-17T15:26:14","date_gmt":"2024-06-17T07:26:14","guid":{"rendered":"https:\/\/vimaterial.de\/product\/molibdeno-metalico-6\/"},"modified":"2024-06-17T15:26:14","modified_gmt":"2024-06-17T07:26:14","slug":"molibdeno-metalico-6","status":"publish","type":"product","link":"https:\/\/vimaterial.de\/es\/product\/molibdeno-metalico-6\/","title":{"rendered":"Molibdeno met\u00e1lico"},"content":{"rendered":"<p>El alambre de molibdeno es un tipo de alambre met\u00e1lico con alto punto de fusi\u00f3n, alta resistencia y dureza, buena conductividad el\u00e9ctrica, bajo coeficiente de expansi\u00f3n t\u00e9rmica y excelente resistencia a la corrosi\u00f3n, etc. Se prepara mediante el m\u00e9todo de trefilado o el m\u00e9todo combinado de laminado y trefilado, y se utiliza ampliamente en los campos de la electr\u00f3nica, la iluminaci\u00f3n, la fabricaci\u00f3n de hornos de alta temperatura, el mecanizado, los equipos qu\u00edmicos, etc.<\/p>\n<p>VIMATERIAL ofrece <span style=\"color: #0000ff;\"><a style=\"color: #0000ff;\" href=\"https:\/\/vimaterial.de\/es\/search\/?type=element&#038;keyword=Mo\">molibdeno met\u00e1lico<\/a><\/span> de molibdeno met\u00e1lico de alta calidad y pureza; los tama\u00f1os pueden personalizarse. <span style=\"color: #0000ff;\"><a style=\"color: #0000ff;\" href=\"https:\/\/vimaterial.de\/es\/contacto\/\">P\u00f3ngase en contacto con nosotros<\/a><\/span> para m\u00e1s informaci\u00f3n.<\/p>\n<h2><span style=\"font-size: 14pt;\">Propiedades f\u00edsicas<\/span><\/h2>\n<p>Densidad: aprox. 10,2 g\/cm\u00b3.<\/p>\n<p>Punto de fusi\u00f3n: 2620\u00b110\u00b0C<\/p>\n<p>Punto de ebullici\u00f3n: 4639\u2103<\/p>\n<p>Coeficiente de dilataci\u00f3n t\u00e9rmica: aprox. 5,8 x 10-\u2076\/\u00b0C<\/p>\n<p>Conductividad t\u00e9rmica: aprox. 138 W\/(m\u30fbK)<\/p>\n<p>Conductividad el\u00e9ctrica: aprox. 1,87\u00d710\u2076 S\/m<\/p>\n<p>M\u00f3dulo de elasticidad: Normalmente 330 GPa, o 47900 ksi.<\/p>\n<h2><span style=\"font-size: 14pt;\">Aplicaciones del alambre de molibdeno<\/span><\/h2>\n<p>Industria electr\u00f3nica: Como el filamento y la puerta del tubo de electrones, puede trabajar de forma estable a alta temperatura para garantizar la emisi\u00f3n normal y la funci\u00f3n de amplificaci\u00f3n del tubo de electrones. Adem\u00e1s, el alambre de molibdeno tambi\u00e9n se puede utilizar en la fabricaci\u00f3n de dispositivos semiconductores en los electrodos, conductores, etc, para proporcionar protecci\u00f3n para el rendimiento de los componentes electr\u00f3nicos.<\/p>\n<p>Campo de la iluminaci\u00f3n: Puede utilizarse para fabricar filamentos para l\u00e1mparas incandescentes, l\u00e1mparas hal\u00f3genas de tungsteno, etc. Gracias a su alto punto de fusi\u00f3n y sus buenas propiedades luminiscentes, puede seguir emitiendo luz a altas temperaturas y proporcionar efectos de iluminaci\u00f3n estables.<\/p>\n<p>Fabricaci\u00f3n de hornos de alta temperatura: En los hornos de alta temperatura, el alambre de molibdeno puede utilizarse como elemento calefactor, convirtiendo la energ\u00eda el\u00e9ctrica en energ\u00eda t\u00e9rmica y proporcionando un entorno de alta temperatura en el interior del horno. Su resistencia a las altas temperaturas puede garantizar que el elemento calefactor no se da\u00f1e durante un trabajo prolongado a altas temperaturas, y mejorar la vida \u00fatil y la fiabilidad del horno de alta temperatura.<\/p>\n<p>Procesamiento mec\u00e1nico: Puede utilizarse para fabricar algunas piezas mec\u00e1nicas especiales, como muelles, elementos de fijaci\u00f3n, etc. Utilizando su alta resistencia y buena elasticidad, puede satisfacer los requisitos de rendimiento de las piezas mec\u00e1nicas en diferentes condiciones de trabajo.<\/p>\n<p>Equipo qu\u00edmico: en la producci\u00f3n qu\u00edmica, el alambre de molibdeno puede utilizarse como material resistente a la corrosi\u00f3n, utilizado en la fabricaci\u00f3n de intercambiadores de calor, reactores y otros componentes internos del equipo, para resistir la corrosi\u00f3n del medio qu\u00edmico, para garantizar el funcionamiento normal del equipo.<\/p>\n<h2><span style=\"font-size: 14pt;\">Embalaje y almacenamiento<\/span><\/h2>\n<p>El alambre de molibdeno suele enrollarse y embalarse en bobinas o cajas protectoras para evitar deformaciones y da\u00f1os superficiales.<\/p>\n<p>Debe conservarse en un lugar seco, fresco y ventilado, alejado de la humedad y de sustancias corrosivas.<\/p>\n","protected":false},"excerpt":{"rendered":"<p>El alambre de molibdeno es un tipo de alambre met\u00e1lico con alto punto de fusi\u00f3n, alta resistencia y dureza, buena conductividad el\u00e9ctrica, bajo coeficiente de expansi\u00f3n t\u00e9rmica y excelente resistencia a la corrosi\u00f3n, etc. Se prepara mediante el m\u00e9todo de trefilado o el m\u00e9todo combinado de laminado y trefilado, y se utiliza ampliamente en los [&hellip;]<\/p>\n","protected":false},"featured_media":1031762,"comment_status":"open","ping_status":"closed","template":"","meta":{"_acf_changed":false},"product_brand":[],"product_cat":[188],"product_tag":[],"class_list":{"0":"post-1047774","1":"product","2":"type-product","3":"status-publish","4":"has-post-thumbnail","6":"product_cat-perfil","8":"first","9":"instock","10":"shipping-taxable","11":"product-type-variable"},"acf":[],"_links":{"self":[{"href":"https:\/\/vimaterial.de\/es\/wp-json\/wp\/v2\/product\/1047774","targetHints":{"allow":["GET"]}}],"collection":[{"href":"https:\/\/vimaterial.de\/es\/wp-json\/wp\/v2\/product"}],"about":[{"href":"https:\/\/vimaterial.de\/es\/wp-json\/wp\/v2\/types\/product"}],"replies":[{"embeddable":true,"href":"https:\/\/vimaterial.de\/es\/wp-json\/wp\/v2\/comments?post=1047774"}],"wp:featuredmedia":[{"embeddable":true,"href":"https:\/\/vimaterial.de\/es\/wp-json\/wp\/v2\/media\/1031762"}],"wp:attachment":[{"href":"https:\/\/vimaterial.de\/es\/wp-json\/wp\/v2\/media?parent=1047774"}],"wp:term":[{"taxonomy":"product_brand","embeddable":true,"href":"https:\/\/vimaterial.de\/es\/wp-json\/wp\/v2\/product_brand?post=1047774"},{"taxonomy":"product_cat","embeddable":true,"href":"https:\/\/vimaterial.de\/es\/wp-json\/wp\/v2\/product_cat?post=1047774"},{"taxonomy":"product_tag","embeddable":true,"href":"https:\/\/vimaterial.de\/es\/wp-json\/wp\/v2\/product_tag?post=1047774"}],"curies":[{"name":"wp","href":"https:\/\/api.w.org\/{rel}","templated":true}]}}